{"id":9956,"date":"2018-01-02T12:38:37","date_gmt":"2018-01-02T10:38:37","guid":{"rendered":"http:\/\/roulementcasting.com\/?post_type=product&#038;p=9956"},"modified":"2026-04-15T20:49:56","modified_gmt":"2026-04-15T18:49:56","slug":"f-zero-extra-long-cast","status":"publish","type":"product","link":"https:\/\/roulementcasting.com\/en\/product\/f-zero-extra-long-cast\/","title":{"rendered":"ZPI F-0 Extra Long Cast Oil"},"content":{"rendered":"<p><img fetchpriority=\"high\" decoding=\"async\" class=\"aligncenter size-full wp-image-9954\" src=\"http:\/\/roulementcasting.com\/wp-content\/uploads\/f-zero_extra-long_cast.jpg\" alt=\"f-zero_extra-long_cast\" width=\"685\" height=\"400\" srcset=\"https:\/\/roulementcasting.com\/wp-content\/uploads\/f-zero_extra-long_cast.jpg 685w, https:\/\/roulementcasting.com\/wp-content\/uploads\/f-zero_extra-long_cast-300x175.jpg 300w, https:\/\/roulementcasting.com\/wp-content\/uploads\/f-zero_extra-long_cast-442x258.jpg 442w\" sizes=\"(max-width: 685px) 100vw, 685px\" \/><\/p>\n<p class=\"p1\"><span class=\"s1\">Le <\/span><b>ZPI F-0 PRO Oil Extra Long Cast<\/b><span class=\"s1\"> is a high-performance oil <\/span><b>specially formulated to maximise the casting distance of casting reels<\/b><span class=\"s1\">.<\/span><\/p>\n<p class=\"p2\">This version <span class=\"s2\"><b>Extra-Long Cast<\/b><\/span> is designed to make the most of your reel\u2019s line-carrying capacity, offering a <span class=\"s2\"><b>superior long-throw performance compared to standard F-0 oils<\/b><\/span><\/p>\n<p class=\"p1\"><b>Formulation optimised for throwing distance<\/b><b><\/b><\/p>\n<p class=\"p2\">The viscosity has been carefully adjusted by revising the ratio of base oil to additives in order to achieve a <span class=\"s1\"><b>ideal long-distance throwing performance<\/b><\/span>, whilst maintaining excellent durability. The amount of <span class=\"s1\"><b>nano-diamond clusters<\/b><\/span> has been increased compared to previous versions, further improving the ability to achieve long throw ranges.<span class=\"Apple-converted-space\">\u00a0 <\/span><\/p>\n<p class=\"p1\"><b>Lubrication and reduced friction<\/b><b><\/b><\/p>\n<p class=\"p2\">The addition of nano-diamonds promotes exceptional lubrication between the reel\u2019s moving parts, reducing friction whilst maintaining smooth rotation. This can help improve line release and casting consistency over long distances.<span class=\"Apple-converted-space\">\u00a0 <\/span><\/p>\n<p class=\"p1\"><b>Increased durability<\/b><b><\/b><\/p>\n<p class=\"p2\">Designed to withstand heavy-duty use in ball bearings, this oil combines <span class=\"s1\"><b>throwing performance and wear resistance<\/b><\/span>, making it suitable for repeated use without any significant loss of effectiveness.<span class=\"Apple-converted-space\">\u00a0 <\/span><\/p>\n<p>&nbsp;<\/p>","protected":false},"excerpt":{"rendered":"<p>Le ZPI F-0 PRO Oil Extra Long Cast est une huile de haute performance sp\u00e9cialement formul\u00e9e pour optimiser la distance de lancer des moulinets casting. Cette version Extra Long Cast est con\u00e7ue pour exploiter au maximum les capacit\u00e9s de portance de votre moulinet, offrant une performance de long lancer sup\u00e9rieure \u00e0 celle des huiles F-0 [&hellip;]<\/p>\n","protected":false},"featured_media":29172,"comment_status":"open","ping_status":"closed","template":"","meta":{"_acf_changed":false},"product_brand":[1832],"product_cat":[1871,1840],"product_tag":[],"class_list":{"0":"post-9956","1":"product","2":"type-product","3":"status-publish","4":"has-post-thumbnail","6":"product_brand-zip","7":"product_cat-faible-viscosite","8":"product_cat-huiles","9":"product_shipping_class-lettre-suivie-format-boite","11":"first","12":"instock","13":"sale","14":"taxable","15":"shipping-taxable","16":"purchasable","17":"product-type-simple"},"bundle_layout":"","bundled_by":[],"bundled_items":[],"acf":[],"_links":{"self":[{"href":"https:\/\/roulementcasting.com\/en\/wp-json\/wp\/v2\/product\/9956","targetHints":{"allow":["GET"]}}],"collection":[{"href":"https:\/\/roulementcasting.com\/en\/wp-json\/wp\/v2\/product"}],"about":[{"href":"https:\/\/roulementcasting.com\/en\/wp-json\/wp\/v2\/types\/product"}],"replies":[{"embeddable":true,"href":"https:\/\/roulementcasting.com\/en\/wp-json\/wp\/v2\/comments?post=9956"}],"version-history":[{"count":4,"href":"https:\/\/roulementcasting.com\/en\/wp-json\/wp\/v2\/product\/9956\/revisions"}],"predecessor-version":[{"id":29173,"href":"https:\/\/roulementcasting.com\/en\/wp-json\/wp\/v2\/product\/9956\/revisions\/29173"}],"wp:featuredmedia":[{"embeddable":true,"href":"https:\/\/roulementcasting.com\/en\/wp-json\/wp\/v2\/media\/29172"}],"wp:attachment":[{"href":"https:\/\/roulementcasting.com\/en\/wp-json\/wp\/v2\/media?parent=9956"}],"wp:term":[{"taxonomy":"product_brand","embeddable":true,"href":"https:\/\/roulementcasting.com\/en\/wp-json\/wp\/v2\/product_brand?post=9956"},{"taxonomy":"product_cat","embeddable":true,"href":"https:\/\/roulementcasting.com\/en\/wp-json\/wp\/v2\/product_cat?post=9956"},{"taxonomy":"product_tag","embeddable":true,"href":"https:\/\/roulementcasting.com\/en\/wp-json\/wp\/v2\/product_tag?post=9956"}],"curies":[{"name":"wp","href":"https:\/\/api.w.org\/{rel}","templated":true}]}}