{"id":8897,"date":"2015-12-09T12:59:45","date_gmt":"2015-12-09T10:59:45","guid":{"rendered":"http:\/\/roulementcasting.com\/?post_type=product&#038;p=8897"},"modified":"2025-12-08T19:00:34","modified_gmt":"2025-12-08T17:00:34","slug":"toise-1m45","status":"publish","type":"product","link":"https:\/\/roulementcasting.com\/en\/product\/toise-1m45\/","title":{"rendered":"Toise 1m45"},"content":{"rendered":"<p>Avec sa longueur de 1m45, son marquage tous les 0,5cm et sa but\u00e9e en Aluminium de 15cm de haut, cette toise vous permettra de mesurer les plus gros brochets avec pr\u00e9cision.<br \/>\nLa mati\u00e8re imputrescible n&rsquo;accroche pas le mucus et permet d&rsquo;\u00eatre lav\u00e9e facilement.<br \/>\nUn bouton pression\u00a0permet de la plier pour un rangement facile.<br \/>\nLe rev\u00eatement\u00a0utilis\u00e9 permet de ne pas refl\u00e9ter la lumi\u00e8re du flash lors de photo pour une lecture facilit\u00e9.<\/p>\n<p>Longueur : 145cm<br \/>\nLargeur : 25cm<\/p>\n<p>Made in Japan<br \/>\n<img fetchpriority=\"high\" decoding=\"async\" class=\"aligncenter size-full wp-image-8898\" src=\"http:\/\/roulementcasting.com\/wp-content\/uploads\/Toise_145_2.jpg\" alt=\"Toise_145_2\" width=\"773\" height=\"300\" srcset=\"https:\/\/roulementcasting.com\/wp-content\/uploads\/Toise_145_2.jpg 773w, https:\/\/roulementcasting.com\/wp-content\/uploads\/Toise_145_2-18x7.jpg 18w, https:\/\/roulementcasting.com\/wp-content\/uploads\/Toise_145_2-300x116.jpg 300w, https:\/\/roulementcasting.com\/wp-content\/uploads\/Toise_145_2-768x298.jpg 768w, https:\/\/roulementcasting.com\/wp-content\/uploads\/Toise_145_2-442x172.jpg 442w\" sizes=\"(max-width: 773px) 100vw, 773px\" \/><br \/>\n<img decoding=\"async\" class=\"aligncenter size-full wp-image-8904\" src=\"http:\/\/roulementcasting.com\/wp-content\/uploads\/Toise_broc1M06.jpg\" alt=\"Toise_broc1M06\" width=\"700\" height=\"193\" srcset=\"https:\/\/roulementcasting.com\/wp-content\/uploads\/Toise_broc1M06.jpg 700w, https:\/\/roulementcasting.com\/wp-content\/uploads\/Toise_broc1M06-18x5.jpg 18w, https:\/\/roulementcasting.com\/wp-content\/uploads\/Toise_broc1M06-300x83.jpg 300w, https:\/\/roulementcasting.com\/wp-content\/uploads\/Toise_broc1M06-442x122.jpg 442w\" sizes=\"(max-width: 700px) 100vw, 700px\" \/><\/p>","protected":false},"excerpt":{"rendered":"<p>Avec sa longueur de 1m45, son marquage tous les 0,5cm et sa but\u00e9e en Aluminium de 15cm de haut, cette toise vous permettra de mesurer les plus gros brochets avec pr\u00e9cision. La mati\u00e8re imputrescible n&rsquo;accroche pas le mucus et permet d&rsquo;\u00eatre lav\u00e9e facilement. Un bouton pression\u00a0permet de la plier pour un rangement facile. Le rev\u00eatement\u00a0utilis\u00e9 [&hellip;]<\/p>\n","protected":false},"featured_media":8901,"comment_status":"open","ping_status":"closed","template":"","meta":{"_acf_changed":false},"product_brand":[],"product_cat":[1865],"product_tag":[],"class_list":{"0":"post-8897","1":"product","2":"type-product","3":"status-publish","4":"has-post-thumbnail","6":"product_cat-non-classe","7":"product_shipping_class-colissimo","9":"first","10":"outofstock","11":"taxable","12":"shipping-taxable","13":"purchasable","14":"product-type-simple"},"bundle_layout":"","bundled_by":[],"bundled_items":[],"acf":[],"_links":{"self":[{"href":"https:\/\/roulementcasting.com\/en\/wp-json\/wp\/v2\/product\/8897","targetHints":{"allow":["GET"]}}],"collection":[{"href":"https:\/\/roulementcasting.com\/en\/wp-json\/wp\/v2\/product"}],"about":[{"href":"https:\/\/roulementcasting.com\/en\/wp-json\/wp\/v2\/types\/product"}],"replies":[{"embeddable":true,"href":"https:\/\/roulementcasting.com\/en\/wp-json\/wp\/v2\/comments?post=8897"}],"version-history":[{"count":0,"href":"https:\/\/roulementcasting.com\/en\/wp-json\/wp\/v2\/product\/8897\/revisions"}],"wp:featuredmedia":[{"embeddable":true,"href":"https:\/\/roulementcasting.com\/en\/wp-json\/wp\/v2\/media\/8901"}],"wp:attachment":[{"href":"https:\/\/roulementcasting.com\/en\/wp-json\/wp\/v2\/media?parent=8897"}],"wp:term":[{"taxonomy":"product_brand","embeddable":true,"href":"https:\/\/roulementcasting.com\/en\/wp-json\/wp\/v2\/product_brand?post=8897"},{"taxonomy":"product_cat","embeddable":true,"href":"https:\/\/roulementcasting.com\/en\/wp-json\/wp\/v2\/product_cat?post=8897"},{"taxonomy":"product_tag","embeddable":true,"href":"https:\/\/roulementcasting.com\/en\/wp-json\/wp\/v2\/product_tag?post=8897"}],"curies":[{"name":"wp","href":"https:\/\/api.w.org\/{rel}","templated":true}]}}