{"id":5058,"date":"2015-05-19T16:10:28","date_gmt":"2015-05-19T14:10:28","guid":{"rendered":"http:\/\/roulementcasting.com\/?post_type=product&#038;p=5058"},"modified":"2025-12-08T19:00:35","modified_gmt":"2025-12-08T17:00:35","slug":"casting-tube-rig","status":"publish","type":"product","link":"https:\/\/roulementcasting.com\/en\/product\/casting-tube-rig\/","title":{"rendered":"Casting Tube Rig"},"content":{"rendered":"<p>The Casting Tube Rig allows you to fish slowly in shallow waters. When fish aren\u2019t chasing lures that are retrieved quickly, Casting Tube Rigs are the perfect alternative. The key to the success of the Casting Tube Rig lies in the horizontal descent of the tubes. Unlike a conventional jig head rig, which dives nose-first, the Casting Rig is balanced so that the weight is distributed along the tube, causing it to descend slowly and horizontally.<\/p>\n<p><img fetchpriority=\"high\" decoding=\"async\" class=\"alignleft size-full wp-image-5059\" src=\"http:\/\/roulementcasting.com\/wp-content\/uploads\/TCR7.jpg\" alt=\"TCR7\" width=\"700\" height=\"525\" srcset=\"https:\/\/roulementcasting.com\/wp-content\/uploads\/TCR7.jpg 700w, https:\/\/roulementcasting.com\/wp-content\/uploads\/TCR7-300x225.jpg 300w, https:\/\/roulementcasting.com\/wp-content\/uploads\/TCR7-442x332.jpg 442w, https:\/\/roulementcasting.com\/wp-content\/uploads\/TCR7-80x60.jpg 80w, https:\/\/roulementcasting.com\/wp-content\/uploads\/TCR7-120x90.jpg 120w, https:\/\/roulementcasting.com\/wp-content\/uploads\/TCR7-600x450.jpg 600w\" sizes=\"(max-width: 700px) 100vw, 700px\" \/><\/p>\n<p><img decoding=\"async\" class=\"alignleft size-full wp-image-5060\" src=\"http:\/\/roulementcasting.com\/wp-content\/uploads\/TCR13.jpg\" alt=\"TCR13\" width=\"700\" height=\"525\" srcset=\"https:\/\/roulementcasting.com\/wp-content\/uploads\/TCR13.jpg 700w, https:\/\/roulementcasting.com\/wp-content\/uploads\/TCR13-300x225.jpg 300w, https:\/\/roulementcasting.com\/wp-content\/uploads\/TCR13-442x332.jpg 442w, https:\/\/roulementcasting.com\/wp-content\/uploads\/TCR13-80x60.jpg 80w, https:\/\/roulementcasting.com\/wp-content\/uploads\/TCR13-120x90.jpg 120w, https:\/\/roulementcasting.com\/wp-content\/uploads\/TCR13-600x450.jpg 600w\" sizes=\"(max-width: 700px) 100vw, 700px\" \/><\/p>","protected":false},"excerpt":{"rendered":"<p>Le Casting Tube Rig permet de p\u00eacher lentement et dans les zones peu profondes. Quand les poissons ne chassent pas les leurres ramener rapidement, les Casting Ring sont l&rsquo;alternative parfaite. La cl\u00e9 du succ\u00e8s des Casting Tube Rig r\u00e9side dans la descente horizontale des tubes. Contrairement \u00e0 un montage t\u00eate plomb\u00e9e classique qui plonge le [&hellip;]<\/p>\n","protected":false},"featured_media":5060,"comment_status":"open","ping_status":"closed","template":"","meta":{"_acf_changed":false},"product_brand":[],"product_cat":[1865],"product_tag":[],"class_list":{"0":"post-5058","1":"product","2":"type-product","3":"status-publish","4":"has-post-thumbnail","6":"product_cat-non-classe","7":"product_shipping_class-colissimo","9":"first","10":"instock","11":"taxable","12":"shipping-taxable","13":"purchasable","14":"product-type-variable"},"bundle_layout":"","bundled_by":[],"bundled_items":[],"acf":[],"_links":{"self":[{"href":"https:\/\/roulementcasting.com\/en\/wp-json\/wp\/v2\/product\/5058","targetHints":{"allow":["GET"]}}],"collection":[{"href":"https:\/\/roulementcasting.com\/en\/wp-json\/wp\/v2\/product"}],"about":[{"href":"https:\/\/roulementcasting.com\/en\/wp-json\/wp\/v2\/types\/product"}],"replies":[{"embeddable":true,"href":"https:\/\/roulementcasting.com\/en\/wp-json\/wp\/v2\/comments?post=5058"}],"version-history":[{"count":0,"href":"https:\/\/roulementcasting.com\/en\/wp-json\/wp\/v2\/product\/5058\/revisions"}],"wp:featuredmedia":[{"embeddable":true,"href":"https:\/\/roulementcasting.com\/en\/wp-json\/wp\/v2\/media\/5060"}],"wp:attachment":[{"href":"https:\/\/roulementcasting.com\/en\/wp-json\/wp\/v2\/media?parent=5058"}],"wp:term":[{"taxonomy":"product_brand","embeddable":true,"href":"https:\/\/roulementcasting.com\/en\/wp-json\/wp\/v2\/product_brand?post=5058"},{"taxonomy":"product_cat","embeddable":true,"href":"https:\/\/roulementcasting.com\/en\/wp-json\/wp\/v2\/product_cat?post=5058"},{"taxonomy":"product_tag","embeddable":true,"href":"https:\/\/roulementcasting.com\/en\/wp-json\/wp\/v2\/product_tag?post=5058"}],"curies":[{"name":"wp","href":"https:\/\/api.w.org\/{rel}","templated":true}]}}