{"id":4880,"date":"2015-05-07T22:15:56","date_gmt":"2015-05-07T20:15:56","guid":{"rendered":"http:\/\/roulementcasting.com\/?post_type=product&#038;p=4880"},"modified":"2025-12-08T19:00:37","modified_gmt":"2025-12-08T17:00:37","slug":"gator-tube-7","status":"publish","type":"product","link":"https:\/\/roulementcasting.com\/en\/product\/gator-tube-7\/","title":{"rendered":"Gator Tube 9\u2033 (2 per pack)"},"content":{"rendered":"<div>Les Gator Tube sont con\u00e7us pour les Brochet et grosse truite de lac. Ils peuvent \u00eatre mont\u00e9s avec les Casting Rigs pour une utilisation en eau peu profonde ou sur t\u00eate plomb\u00e9es pour des peches en eau profonde et jigging.<\/div>\n<div>Fabriqu\u00e9s de fa\u00e7on artisanale \u00e0 Roslin en Ontario au Canada les Gator tube sont moul\u00e9s \u00e0 la main, paint \u00e0 l\u2019a\u00e9rographe puis recouvert d\u2019une couche translucide pour prot\u00e9ger la peinture et les yeux 3D surdimensionn\u00e9s.<\/div>\n<div>Pack of 2 tubes<\/div>\n<div><\/div>\n<div>#Walleye<\/div>\n<div><a href=\"http:\/\/roulementcasting.com\/en\/product_variation\/product-4880-variation\/gator_tube_7_walleye-2\/\" rel=\"attachment wp-att-4909\"><img fetchpriority=\"high\" decoding=\"async\" class=\"alignleft size-full wp-image-4909\" src=\"http:\/\/roulementcasting.com\/wp-content\/uploads\/Gator_Tube_7_Walleye.jpg\" alt=\"Gator_Tube_7_Walleye\" width=\"1000\" height=\"805\" srcset=\"https:\/\/roulementcasting.com\/wp-content\/uploads\/Gator_Tube_7_Walleye.jpg 1000w, https:\/\/roulementcasting.com\/wp-content\/uploads\/Gator_Tube_7_Walleye-300x242.jpg 300w, https:\/\/roulementcasting.com\/wp-content\/uploads\/Gator_Tube_7_Walleye-768x618.jpg 768w, https:\/\/roulementcasting.com\/wp-content\/uploads\/Gator_Tube_7_Walleye-442x356.jpg 442w, https:\/\/roulementcasting.com\/wp-content\/uploads\/Gator_Tube_7_Walleye-600x483.jpg 600w\" sizes=\"(max-width: 1000px) 100vw, 1000px\" \/><\/a><\/div>\n<div><\/div>\n<div>#Sexy Shad<a href=\"http:\/\/roulementcasting.com\/en\/product_variation\/product-4880-variation\/gator_tube_7_sexyshad\/\" rel=\"attachment wp-att-4907\"><img decoding=\"async\" class=\"alignleft size-full wp-image-4907\" src=\"http:\/\/roulementcasting.com\/wp-content\/uploads\/Gator_Tube_7_SexyShad.jpeg\" alt=\"Gator_Tube_7_SexyShad\" width=\"1000\" height=\"805\" srcset=\"https:\/\/roulementcasting.com\/wp-content\/uploads\/Gator_Tube_7_SexyShad.jpeg 1000w, https:\/\/roulementcasting.com\/wp-content\/uploads\/Gator_Tube_7_SexyShad-300x242.jpeg 300w, https:\/\/roulementcasting.com\/wp-content\/uploads\/Gator_Tube_7_SexyShad-768x618.jpeg 768w, https:\/\/roulementcasting.com\/wp-content\/uploads\/Gator_Tube_7_SexyShad-442x356.jpeg 442w, https:\/\/roulementcasting.com\/wp-content\/uploads\/Gator_Tube_7_SexyShad-600x483.jpeg 600w\" sizes=\"(max-width: 1000px) 100vw, 1000px\" \/><\/a><\/div>\n<div>#Pearl White<a href=\"http:\/\/roulementcasting.com\/en\/product_variation\/product-4880-variation\/gator_tube_7_pearlwhite\/\" rel=\"attachment wp-att-4906\"><img decoding=\"async\" class=\"alignleft size-full wp-image-4906\" src=\"http:\/\/roulementcasting.com\/wp-content\/uploads\/Gator_Tube_7_PearlWhite.jpeg\" alt=\"Gator_Tube_7_PearlWhite\" width=\"1000\" height=\"805\" srcset=\"https:\/\/roulementcasting.com\/wp-content\/uploads\/Gator_Tube_7_PearlWhite.jpeg 1000w, https:\/\/roulementcasting.com\/wp-content\/uploads\/Gator_Tube_7_PearlWhite-300x242.jpeg 300w, https:\/\/roulementcasting.com\/wp-content\/uploads\/Gator_Tube_7_PearlWhite-768x618.jpeg 768w, https:\/\/roulementcasting.com\/wp-content\/uploads\/Gator_Tube_7_PearlWhite-442x356.jpeg 442w, https:\/\/roulementcasting.com\/wp-content\/uploads\/Gator_Tube_7_PearlWhite-600x483.jpeg 600w\" sizes=\"(max-width: 1000px) 100vw, 1000px\" \/><\/a><\/div>\n<div>#Natural Perch<a href=\"http:\/\/roulementcasting.com\/en\/product_variation\/product-4880-variation\/gator_tube_7_naturalperch\/\" rel=\"attachment wp-att-4905\"><img loading=\"lazy\" decoding=\"async\" class=\"alignleft size-full wp-image-4905\" src=\"http:\/\/roulementcasting.com\/wp-content\/uploads\/Gator_Tube_7_NaturalPerch.jpeg\" alt=\"Gator_Tube_7_NaturalPerch\" width=\"1000\" height=\"880\" srcset=\"https:\/\/roulementcasting.com\/wp-content\/uploads\/Gator_Tube_7_NaturalPerch.jpeg 1000w, https:\/\/roulementcasting.com\/wp-content\/uploads\/Gator_Tube_7_NaturalPerch-300x264.jpeg 300w, https:\/\/roulementcasting.com\/wp-content\/uploads\/Gator_Tube_7_NaturalPerch-768x676.jpeg 768w, https:\/\/roulementcasting.com\/wp-content\/uploads\/Gator_Tube_7_NaturalPerch-442x389.jpeg 442w, https:\/\/roulementcasting.com\/wp-content\/uploads\/Gator_Tube_7_NaturalPerch-600x528.jpeg 600w\" sizes=\"(max-width: 1000px) 100vw, 1000px\" \/><\/a><\/div>\n<div>#Fire Tiger<a href=\"http:\/\/roulementcasting.com\/en\/product_variation\/product-4880-variation\/gator_tube_7_firetiger\/\" rel=\"attachment wp-att-4904\"><img loading=\"lazy\" decoding=\"async\" class=\"alignleft size-full wp-image-4904\" src=\"http:\/\/roulementcasting.com\/wp-content\/uploads\/Gator_Tube_7_FireTiger.jpeg\" alt=\"Gator_Tube_7_FireTiger\" width=\"1000\" height=\"805\" srcset=\"https:\/\/roulementcasting.com\/wp-content\/uploads\/Gator_Tube_7_FireTiger.jpeg 1000w, https:\/\/roulementcasting.com\/wp-content\/uploads\/Gator_Tube_7_FireTiger-300x242.jpeg 300w, https:\/\/roulementcasting.com\/wp-content\/uploads\/Gator_Tube_7_FireTiger-768x618.jpeg 768w, https:\/\/roulementcasting.com\/wp-content\/uploads\/Gator_Tube_7_FireTiger-442x356.jpeg 442w, https:\/\/roulementcasting.com\/wp-content\/uploads\/Gator_Tube_7_FireTiger-600x483.jpeg 600w\" sizes=\"(max-width: 1000px) 100vw, 1000px\" \/><\/a><\/div>\n<div><\/div>\n<div>#Blaze Tiger<a href=\"http:\/\/roulementcasting.com\/en\/product_variation\/product-4880-variation\/gator_tube_7_blazetiger\/\" rel=\"attachment wp-att-4903\"><img loading=\"lazy\" decoding=\"async\" class=\"alignleft size-full wp-image-4903\" src=\"http:\/\/roulementcasting.com\/wp-content\/uploads\/Gator_Tube_7_BlazeTiger.jpg\" alt=\"Gator_Tube_7_BlazeTiger\" width=\"1000\" height=\"805\" srcset=\"https:\/\/roulementcasting.com\/wp-content\/uploads\/Gator_Tube_7_BlazeTiger.jpg 1000w, https:\/\/roulementcasting.com\/wp-content\/uploads\/Gator_Tube_7_BlazeTiger-300x242.jpg 300w, https:\/\/roulementcasting.com\/wp-content\/uploads\/Gator_Tube_7_BlazeTiger-768x618.jpg 768w, https:\/\/roulementcasting.com\/wp-content\/uploads\/Gator_Tube_7_BlazeTiger-442x356.jpg 442w, https:\/\/roulementcasting.com\/wp-content\/uploads\/Gator_Tube_7_BlazeTiger-600x483.jpg 600w\" sizes=\"(max-width: 1000px) 100vw, 1000px\" \/><\/a><\/div>","protected":false},"excerpt":{"rendered":"<p>Pack of 2 tubes<\/p>","protected":false},"featured_media":4925,"comment_status":"open","ping_status":"closed","template":"","meta":{"_acf_changed":false},"product_brand":[],"product_cat":[1865],"product_tag":[],"class_list":{"0":"post-4880","1":"product","2":"type-product","3":"status-publish","4":"has-post-thumbnail","6":"product_cat-non-classe","7":"product_shipping_class-colissimo","9":"first","10":"instock","11":"taxable","12":"shipping-taxable","13":"purchasable","14":"product-type-variable","15":"has-default-attributes"},"bundle_layout":"","bundled_by":[],"bundled_items":[],"acf":[],"_links":{"self":[{"href":"https:\/\/roulementcasting.com\/en\/wp-json\/wp\/v2\/product\/4880","targetHints":{"allow":["GET"]}}],"collection":[{"href":"https:\/\/roulementcasting.com\/en\/wp-json\/wp\/v2\/product"}],"about":[{"href":"https:\/\/roulementcasting.com\/en\/wp-json\/wp\/v2\/types\/product"}],"replies":[{"embeddable":true,"href":"https:\/\/roulementcasting.com\/en\/wp-json\/wp\/v2\/comments?post=4880"}],"version-history":[{"count":1,"href":"https:\/\/roulementcasting.com\/en\/wp-json\/wp\/v2\/product\/4880\/revisions"}],"predecessor-version":[{"id":25051,"href":"https:\/\/roulementcasting.com\/en\/wp-json\/wp\/v2\/product\/4880\/revisions\/25051"}],"wp:featuredmedia":[{"embeddable":true,"href":"https:\/\/roulementcasting.com\/en\/wp-json\/wp\/v2\/media\/4925"}],"wp:attachment":[{"href":"https:\/\/roulementcasting.com\/en\/wp-json\/wp\/v2\/media?parent=4880"}],"wp:term":[{"taxonomy":"product_brand","embeddable":true,"href":"https:\/\/roulementcasting.com\/en\/wp-json\/wp\/v2\/product_brand?post=4880"},{"taxonomy":"product_cat","embeddable":true,"href":"https:\/\/roulementcasting.com\/en\/wp-json\/wp\/v2\/product_cat?post=4880"},{"taxonomy":"product_tag","embeddable":true,"href":"https:\/\/roulementcasting.com\/en\/wp-json\/wp\/v2\/product_tag?post=4880"}],"curies":[{"name":"wp","href":"https:\/\/api.w.org\/{rel}","templated":true}]}}