{"id":483,"date":"2012-11-26T15:37:59","date_gmt":"2012-11-26T13:37:59","guid":{"rendered":"http:\/\/roulementcasting.com\/?post_type=product&#038;p=483"},"modified":"2025-12-08T19:00:56","modified_gmt":"2025-12-08T17:00:56","slug":"frein-carbontex-pour-abu-garcia","status":"publish","type":"product","link":"https:\/\/roulementcasting.com\/en\/product\/frein-carbontex-pour-abu-garcia\/","title":{"rendered":"Carbontex brake for Abu Garcia"},"content":{"rendered":"<p><strong><a href=\"\/en\/product\/carbontex-pour-abu-garcia-casting-c01\/\">Abu Garcia C#1<\/a>\u00a0<span style=\"color: #c0c0c0;\"><strong>(4 washers)<\/strong><\/span><\/strong><\/p>\n<p>\u2013 Revo Rocket<br \/>\n\u2013 Revo S<br \/>\n\u2013 Revo SX<br \/>\n\u2013 Revo STX<br \/>\n\u2013 Revo STX-HS<br \/>\n\u2013 Revo Inshore<br \/>\n\u2013 Revo Winch<br \/>\n\u2013 Revo Premier (2010 model only)<br \/>\n\u2013 Revo PowerCrank 5<br \/>\n\u2013 Revo3 SX<\/p>\n<p>&nbsp;<\/p>\n<p><strong><a href=\"\/en\/product\/carbontex-pour-abu-garcia-casting-c02\/\">Abu Garcia C#2<\/a>\u00a0<span style=\"color: #c0c0c0;\"><strong>(2 washers)<\/strong><\/span><\/strong><\/p>\n<p>\u2013 Revo Premier (except 2010; see C#1)<br \/>\n\u2013 Revo Skeet Reese<\/p>\n<p>&nbsp;<\/p>\n<p><strong><a href=\"\/en\/product\/carbontex-pour-abu-garcia-casting-c03\/\">Abu Garcia C#3<\/a>\u00a0<span style=\"color: #c0c0c0;\"><strong>(2 washers)<\/strong><\/span><\/strong><\/p>\n<p>\u2013 Revo Mgx<br \/>\n\u2013 Revo LT<\/p>\n<p><strong><a href=\"\/en\/product\/carbontex-pour-abu-garcia-casting-c04\/\">Abu Garcia C#4<\/a>\u00a0<span style=\"color: #c0c0c0;\"><strong>(4 washers)<\/strong><\/span><\/strong><\/p>\n<p>\u2013 4000 C3, 4000 C4<br \/>\n\u2013 5,000 C3, 5,000 C4<br \/>\n\u2013 6000 C3, 6000 C4<\/p>\n<p><strong><a href=\"\/en\/product\/carbontex-pour-abu-garcia-casting-c04\/\">Abu Garcia C#<\/a>5\u00a0<span style=\"color: #c0c0c0;\">(4 washers)<\/span><\/strong><\/p>\n<p>\u2013 Toro 50 (18-00, 18-01)<br \/>\n\u2013 Toro 60 (18-00, 18-01)<br \/>\n\u2013 Toro 50HS (18-00, 18-01)<br \/>\n\u2013 Toro 60HS (18-00, 18-01)<br \/>\n\u2013 Toro Winch 50 (19-00)<br \/>\n\u2013 Toro Winch 60 (19-00)<\/p>\n<p><strong><a href=\"\/en\/product\/carbontex-pour-abu-garcia-casting-c06\/\">Abu Garcia C#6<\/a>\u00a0<span style=\"color: #c0c0c0;\">(4 washers)<\/span><\/strong><\/p>\n<p>\u2013 Toro 50 (18-02)<br \/>\n\u2013 Toro 60 (18-02)<br \/>\n\u2013 Toro 50HS (18-02)<br \/>\n\u2013 Toro 60HS (18-02)<br \/>\n\u2013 Toro Winch 50 (19-01)<br \/>\n\u2013 Toro Winch 60 (19-01)<br \/>\n\u2013 Toro NACL 50<br \/>\n\u2013 Toro NACL 60<\/p>\n<p><strong><a href=\"\/en\/product\/carbontex-pour-abu-garcia-casting-c07\/\">Abu Garcia C#7<\/a>\u00a0<span style=\"color: #c0c0c0;\">(2 washers)<\/span><\/strong><\/p>\n<p>\u2013 Silver Max2 (21-01)<br \/>\n\u2013 Black Max2 (21-01)<br \/>\n\u2013 Pro Max2 (21-01)<br \/>\n\u2013 Orra SX<br \/>\n\u2013 Orra SX-HS<\/p>\n<p><strong><a href=\"\/en\/product\/carbontex-pour-abu-garcia-casting-c08\/\">Abu Garcia C#8<\/a>\u00a0<span style=\"color: #c0c0c0;\">(4 washers)<\/span><\/strong><\/p>\n<p>\u2013 5600BCX<br \/>\n\u2013 6600BCX<br \/>\n\u2013 Kalex 50<br \/>\n\u2013 Kalex 60<br \/>\n\u2013 SX5600<br \/>\n\u2013 5600STX<br \/>\n\u2013 6600STX<br \/>\n\u2013 5600SX<br \/>\n\u2013 6600SX<\/p>","protected":false},"excerpt":{"rendered":"<p>Les Carbontex sont des disques de freins nouvelle\u00a0g\u00e9n\u00e9ration\u00a0en fibre de carbone de tr\u00e8s grande qualit\u00e9. Ils offrent :<br \/>\n&#8211; Puissance in\u00e9gal\u00e9e<br \/>\n&#8211; Douceur et constance incomparable<br \/>\n&#8211; Tr\u00e8s grande\u00a0r\u00e9sistance\u00a0\u00e0 la chaleur<br \/>\n\u00c9prouv\u00e9s depuis des ann\u00e9es \u00e0 travers le monde et notamment pour les p\u00eaches\u00a0extr\u00eames\u00a0 les freins carbontex sont facile \u00e0 mettre en place et apportent un confort et une\u00a0s\u00e9r\u00e9nit\u00e9\u00a0lors des combats incomparables.<\/p>\n<p><em>Ils peuvent \u00eatre utilis\u00e9s secs mais pour un maximum de douceur il est conseill\u00e9 de l\u00e9g\u00e8rement les graisser avec la Graisse Cal\u2019s.<\/em><br \/>\n[rev_slider alias=\u00a0\u00bbslider-4&Prime;][\/rev_slider]<\/p>\n","protected":false},"featured_media":4399,"comment_status":"open","ping_status":"closed","template":"","meta":{"_acf_changed":false},"product_brand":[],"product_cat":[1865],"product_tag":[],"class_list":{"0":"post-483","1":"product","2":"type-product","3":"status-publish","4":"has-post-thumbnail","6":"product_cat-non-classe","7":"product_shipping_class-lettre-suivie","8":"pa_carbontex-abu-abu-garcia-c1","9":"pa_carbontex-abu-abu-garcia-c2","10":"pa_carbontex-abu-abu-garcia-c3","11":"pa_carbontex-abu-abu-garcia-c4","12":"pa_carbontex-abu-abu-garcia-c5","13":"pa_carbontex-abu-abu-garcia-c6","14":"pa_carbontex-abu-abu-garcia-c7","15":"pa_carbontex-abu-abu-garcia-c8","17":"first","18":"instock","19":"taxable","20":"shipping-taxable","21":"product-type-external"},"bundle_layout":"","bundled_by":[],"bundled_items":[],"acf":[],"_links":{"self":[{"href":"https:\/\/roulementcasting.com\/en\/wp-json\/wp\/v2\/product\/483","targetHints":{"allow":["GET"]}}],"collection":[{"href":"https:\/\/roulementcasting.com\/en\/wp-json\/wp\/v2\/product"}],"about":[{"href":"https:\/\/roulementcasting.com\/en\/wp-json\/wp\/v2\/types\/product"}],"replies":[{"embeddable":true,"href":"https:\/\/roulementcasting.com\/en\/wp-json\/wp\/v2\/comments?post=483"}],"version-history":[{"count":1,"href":"https:\/\/roulementcasting.com\/en\/wp-json\/wp\/v2\/product\/483\/revisions"}],"predecessor-version":[{"id":18188,"href":"https:\/\/roulementcasting.com\/en\/wp-json\/wp\/v2\/product\/483\/revisions\/18188"}],"wp:featuredmedia":[{"embeddable":true,"href":"https:\/\/roulementcasting.com\/en\/wp-json\/wp\/v2\/media\/4399"}],"wp:attachment":[{"href":"https:\/\/roulementcasting.com\/en\/wp-json\/wp\/v2\/media?parent=483"}],"wp:term":[{"taxonomy":"product_brand","embeddable":true,"href":"https:\/\/roulementcasting.com\/en\/wp-json\/wp\/v2\/product_brand?post=483"},{"taxonomy":"product_cat","embeddable":true,"href":"https:\/\/roulementcasting.com\/en\/wp-json\/wp\/v2\/product_cat?post=483"},{"taxonomy":"product_tag","embeddable":true,"href":"https:\/\/roulementcasting.com\/en\/wp-json\/wp\/v2\/product_tag?post=483"}],"curies":[{"name":"wp","href":"https:\/\/api.w.org\/{rel}","templated":true}]}}