{"id":4537,"date":"2015-01-20T16:01:25","date_gmt":"2015-01-20T14:01:25","guid":{"rendered":"http:\/\/roulementcasting.com\/?post_type=product&#038;p=4537"},"modified":"2025-12-15T18:28:56","modified_gmt":"2025-12-15T16:28:56","slug":"shimano-aldebaran-15","status":"publish","type":"product","link":"https:\/\/roulementcasting.com\/en\/product\/shimano-aldebaran-15\/","title":{"rendered":"Shimano 15&prime; Aldebaran"},"content":{"rendered":"<h2 style=\"text-align: center;\">Shimano\u00a0Aldebaran 15&prime;<\/h2>\n<p><img fetchpriority=\"high\" decoding=\"async\" class=\"size-full wp-image-4539 aligncenter\" src=\"http:\/\/roulementcasting.com\/wp-content\/uploads\/Aldebaran-2015-50.jpg\" alt=\"Aldebaran 2015 50\" width=\"488\" height=\"488\" srcset=\"https:\/\/roulementcasting.com\/wp-content\/uploads\/Aldebaran-2015-50.jpg 488w, https:\/\/roulementcasting.com\/wp-content\/uploads\/Aldebaran-2015-50-12x12.jpg 12w, https:\/\/roulementcasting.com\/wp-content\/uploads\/Aldebaran-2015-50-150x150.jpg 150w, https:\/\/roulementcasting.com\/wp-content\/uploads\/Aldebaran-2015-50-300x300.jpg 300w, https:\/\/roulementcasting.com\/wp-content\/uploads\/Aldebaran-2015-50-350x350.jpg 350w, https:\/\/roulementcasting.com\/wp-content\/uploads\/Aldebaran-2015-50-442x442.jpg 442w, https:\/\/roulementcasting.com\/wp-content\/uploads\/Aldebaran-2015-50-100x100.jpg 100w, https:\/\/roulementcasting.com\/wp-content\/uploads\/Aldebaran-2015-50-60x60.jpg 60w, https:\/\/roulementcasting.com\/wp-content\/uploads\/Aldebaran-2015-50-90x90.jpg 90w\" sizes=\"(max-width: 488px) 100vw, 488px\" \/><\/p>\n<p>&nbsp;<\/p>\n<p>&nbsp;<\/p>\n<p>La premi\u00e8re version de l&rsquo;Aldebaran, sortie en 2009, c&rsquo;est impos\u00e9e comme la r\u00e9f\u00e9rence pour les leurres l\u00e9gers, le Core 51 en est la version \u00ab\u00a0overseas\u00a0\u00bb. 6 ans apr\u00e8s Shimano Japon a revu pi\u00e8ce par pi\u00e8ce l&rsquo;Aldebaran pour amener les performances \u00e0 un autre niveau.\u00a0L&rsquo;utilisation du CI4+ permet de gagner 20gr par rapport \u00e0 la version 09&prime; pour atteindre le poids record de 135r. Le X-Ship g\u00e9n\u00e9ralis\u00e9 sur les nouvelles gammes Shimano depuis 2012 assure une grande douceur de r\u00e9cup\u00e9ration m\u00eame sous tension en maintenant les engrenages parfaitement align\u00e9s et soutenus par 2 roulements.<br \/>\nPour l&rsquo;adebaran 2015 les \u00e9quipes Shimano ce sont concentr\u00e9es sur la bobine. Elle adopte la nouvelle forme S3D et inaugure la toute derni\u00e8re technologie Shimano \u00ab\u00a0Silent Tune\u00a0\u00bb pour r\u00e9duire les vibrations parasites. Avec une bobine plus Sallow (moins profonde) que la bobine de l&rsquo;aldebaran 09&prime;, le mod\u00e8le 2015 devient encore plus performant sur les leurres l\u00e9gers.<\/p>\n<table class=\"custom-table\" summary=\"Sample Table\">\n<thead>\n<tr>\n<th style=\"text-align: center;\" scope=\"col\">Model<\/th>\n<th style=\"text-align: center;\" scope=\"col\">Crank<\/th>\n<th style=\"text-align: center;\" scope=\"col\">Ratio<\/th>\n<th style=\"text-align: center;\" scope=\"col\">Weight<\/th>\n<th style=\"text-align: center;\" scope=\"col\">Brake<\/th>\n<th style=\"text-align: center;\" scope=\"col\">Bearings<\/th>\n<th style=\"text-align: center;\" scope=\"col\">Capacity<\/th>\n<\/tr>\n<\/thead>\n<tbody>\n<tr>\n<td style=\"text-align: center;\">51<\/td>\n<td style=\"text-align: center;\">Left<\/td>\n<td>6.5:1 (65cm)<\/td>\n<td>135gr<\/td>\n<td style=\"text-align: center;\">4,5kg<\/td>\n<td style=\"text-align: center;\">9+1<\/td>\n<td>80m\/12Lb<\/td>\n<\/tr>\n<tr>\n<td style=\"text-align: center;\">50<\/td>\n<td style=\"text-align: center;\">Right<\/td>\n<td>6.5:1 (65cm)<\/td>\n<td>135gr<\/td>\n<td style=\"text-align: center;\">4,5kg<\/td>\n<td style=\"text-align: center;\">9+1<\/td>\n<td>80m\/12Lb<\/td>\n<\/tr>\n<\/tbody>\n<tbody>\n<tr>\n<td style=\"text-align: center;\">51 HG<\/td>\n<td style=\"text-align: center;\">Left<\/td>\n<td>7.4:1 (74cm)<\/td>\n<td>135gr<\/td>\n<td style=\"text-align: center;\">4,5kg<\/td>\n<td style=\"text-align: center;\">9+1<\/td>\n<td>80m\/12Lb<\/td>\n<\/tr>\n<tr>\n<td style=\"text-align: center;\">50\u00a0HG<\/td>\n<td style=\"text-align: center;\">Right<\/td>\n<td>7.4:1 (74cm)<\/td>\n<td>135gr<\/td>\n<td style=\"text-align: center;\">4,5kg<\/td>\n<td style=\"text-align: center;\">9+1<\/td>\n<td>80m\/12Lb<\/td>\n<\/tr>\n<\/tbody>\n<\/table>\n<h3>Silent Tune<\/h3>\n<p>L&rsquo;Aldebaran 2015 est le premier casting Shimano \u00e9quip\u00e9 de cette technologie. Des ressorts viennent appliquer une l\u00e9g\u00e8re pression sur les roulement de la bobine afin d&rsquo;\u00e9viter le jeu lorsque le frein de friction est desserr\u00e9. Les vibrations parasites sont r\u00e9duites et la stabilit\u00e9 de la bobine significativement accrue pour des lancers plus longs et fluides.<\/p>\n<p><img decoding=\"async\" class=\"size-full wp-image-4538 aligncenter\" src=\"http:\/\/roulementcasting.com\/wp-content\/uploads\/Shimano-ALD-Silent-Tune.jpg\" alt=\"Shimano ALD Silent Tune\" width=\"488\" height=\"488\" srcset=\"https:\/\/roulementcasting.com\/wp-content\/uploads\/Shimano-ALD-Silent-Tune.jpg 488w, https:\/\/roulementcasting.com\/wp-content\/uploads\/Shimano-ALD-Silent-Tune-12x12.jpg 12w, https:\/\/roulementcasting.com\/wp-content\/uploads\/Shimano-ALD-Silent-Tune-150x150.jpg 150w, https:\/\/roulementcasting.com\/wp-content\/uploads\/Shimano-ALD-Silent-Tune-300x300.jpg 300w, https:\/\/roulementcasting.com\/wp-content\/uploads\/Shimano-ALD-Silent-Tune-350x350.jpg 350w, https:\/\/roulementcasting.com\/wp-content\/uploads\/Shimano-ALD-Silent-Tune-442x442.jpg 442w, https:\/\/roulementcasting.com\/wp-content\/uploads\/Shimano-ALD-Silent-Tune-100x100.jpg 100w\" sizes=\"(max-width: 488px) 100vw, 488px\" \/><\/p>\n<h3>X-Ship<\/h3>\n<p>Le travail des \u00e9quipes Shimano en mati\u00e8re d\u2019engrenages est remarquable. Le Syst\u00e8me X-Ship offre une souplesse et une puissance incroyable gr\u00e2ce \u00e0 l\u2019ajout de deux roulement S-ARB aux extr\u00e9mit\u00e9s pour maintenir le pignon parfaitement dans l\u2019axe m\u00eame sous tr\u00e8s forte tension. L\u2019axe de la bobine ne vient plus toucher l\u2019interieur du pignon. Les pignons subissent moins de contraintes, la r\u00e9cup\u00e9ration est grandement am\u00e9lior\u00e9e et l\u2019usure des pignons r\u00e9duite<\/p>\n<p><img decoding=\"async\" class=\"size-full wp-image-1652 aligncenter\" src=\"http:\/\/roulementcasting.com\/wp-content\/uploads\/2013\/05\/Metanium-13-X-Ship.jpg\" alt=\"Metanium 13 X-Ship\" width=\"488\" height=\"488\" srcset=\"https:\/\/roulementcasting.com\/wp-content\/uploads\/2013\/05\/Metanium-13-X-Ship.jpg 488w, https:\/\/roulementcasting.com\/wp-content\/uploads\/2013\/05\/Metanium-13-X-Ship-12x12.jpg 12w, https:\/\/roulementcasting.com\/wp-content\/uploads\/2013\/05\/Metanium-13-X-Ship-150x150.jpg 150w, https:\/\/roulementcasting.com\/wp-content\/uploads\/2013\/05\/Metanium-13-X-Ship-300x300.jpg 300w, https:\/\/roulementcasting.com\/wp-content\/uploads\/2013\/05\/Metanium-13-X-Ship-350x350.jpg 350w, https:\/\/roulementcasting.com\/wp-content\/uploads\/2013\/05\/Metanium-13-X-Ship-442x442.jpg 442w, https:\/\/roulementcasting.com\/wp-content\/uploads\/2013\/05\/Metanium-13-X-Ship-100x100.jpg 100w\" sizes=\"(max-width: 488px) 100vw, 488px\" \/><\/p>\n<h3>Bobine S3D<\/h3>\n<p>La nouvelle bobine S3D qui \u00e9quipe les mod\u00e8les Shimano 2014 r\u00e9duit les vibrations parasite gr\u00e2ce \u00e0 sont nouveau design exclusif.<\/p>","protected":false},"excerpt":{"rendered":"<p>Sortie Japonaise<\/p>\n<p>&#8211; 50\/50HG : F\u00e9vrier 2015<br \/>\n&#8211; 51\/51HG : Avril 2015<\/p>","protected":false},"featured_media":4539,"comment_status":"open","ping_status":"closed","template":"","meta":{"_acf_changed":false},"product_brand":[1824],"product_cat":[1882],"product_tag":[],"class_list":{"0":"post-4537","1":"product","2":"type-product","3":"status-publish","4":"has-post-thumbnail","6":"product_brand-shimano","7":"product_cat-moulinet-archive","9":"first","10":"outofstock","11":"taxable","12":"shipping-taxable","13":"product-type-simple"},"bundle_layout":"","bundled_by":[],"bundled_items":[],"acf":[],"_links":{"self":[{"href":"https:\/\/roulementcasting.com\/en\/wp-json\/wp\/v2\/product\/4537","targetHints":{"allow":["GET"]}}],"collection":[{"href":"https:\/\/roulementcasting.com\/en\/wp-json\/wp\/v2\/product"}],"about":[{"href":"https:\/\/roulementcasting.com\/en\/wp-json\/wp\/v2\/types\/product"}],"replies":[{"embeddable":true,"href":"https:\/\/roulementcasting.com\/en\/wp-json\/wp\/v2\/comments?post=4537"}],"version-history":[{"count":1,"href":"https:\/\/roulementcasting.com\/en\/wp-json\/wp\/v2\/product\/4537\/revisions"}],"predecessor-version":[{"id":28384,"href":"https:\/\/roulementcasting.com\/en\/wp-json\/wp\/v2\/product\/4537\/revisions\/28384"}],"wp:featuredmedia":[{"embeddable":true,"href":"https:\/\/roulementcasting.com\/en\/wp-json\/wp\/v2\/media\/4539"}],"wp:attachment":[{"href":"https:\/\/roulementcasting.com\/en\/wp-json\/wp\/v2\/media?parent=4537"}],"wp:term":[{"taxonomy":"product_brand","embeddable":true,"href":"https:\/\/roulementcasting.com\/en\/wp-json\/wp\/v2\/product_brand?post=4537"},{"taxonomy":"product_cat","embeddable":true,"href":"https:\/\/roulementcasting.com\/en\/wp-json\/wp\/v2\/product_cat?post=4537"},{"taxonomy":"product_tag","embeddable":true,"href":"https:\/\/roulementcasting.com\/en\/wp-json\/wp\/v2\/product_tag?post=4537"}],"curies":[{"name":"wp","href":"https:\/\/api.w.org\/{rel}","templated":true}]}}