{"id":4498,"date":"2015-01-10T22:23:02","date_gmt":"2015-01-10T20:23:02","guid":{"rendered":"http:\/\/roulementcasting.com\/?post_type=product&#038;p=4498"},"modified":"2025-12-20T05:43:24","modified_gmt":"2025-12-20T03:43:24","slug":"rod-glove-protection-pour-canne-casting-big-stick","status":"publish","type":"product","link":"https:\/\/roulementcasting.com\/en\/product\/rod-glove-protection-pour-canne-casting-big-stick\/","title":{"rendered":"Rod Glove Protection for Big Stick Casting Rod"},"content":{"rendered":"<p><a href=\"http:\/\/roulementcasting.com\/wp-content\/uploads\/2013\/03\/Rod-Glove-Saver_Logo.png\"><img fetchpriority=\"high\" decoding=\"async\" class=\"aligncenter size-full wp-image-1345\" src=\"http:\/\/roulementcasting.com\/wp-content\/uploads\/2013\/03\/Rod-Glove-Saver_Logo.png\" alt=\"Rod-Glove-Saver_Logo\" width=\"600\" height=\"153\" srcset=\"https:\/\/roulementcasting.com\/wp-content\/uploads\/2013\/03\/Rod-Glove-Saver_Logo.png 600w, https:\/\/roulementcasting.com\/wp-content\/uploads\/2013\/03\/Rod-Glove-Saver_Logo-300x77.png 300w, https:\/\/roulementcasting.com\/wp-content\/uploads\/2013\/03\/Rod-Glove-Saver_Logo-442x113.png 442w\" sizes=\"(max-width: 600px) 100vw, 600px\" \/><\/a><\/p>\n<p>Now an essential item on every professional tour for storing and organising rods, VRX Rod Gloves are the best-designed protective sleeves on the market.<\/p>\n<p>Unlike other models on the market, the tip is sleeved to protect the guide and prevent snagging in rod cases, rod boxes and during transport.<\/p>\n<p><span style=\"line-height: 1.5;\">In developing the Rod Gloves, VRX has succeeded in determining the ideal lengths for casting rods after testing a wide range of rods from various manufacturers<\/span><\/p>\n<p><strong>The BIG STICK series has been specially designed for Musky rods measuring 8 feet and over<\/strong><\/p>\n<table class=\"custom-table\" summary=\"Sample Table\">\n<thead>\n<tr>\n<th style=\"text-align: center;\" scope=\"col\">Cane length (feet\/metres)<\/th>\n<th style=\"text-align: center;\" scope=\"col\">Rod glove recommended<\/th>\n<th style=\"text-align: center;\" scope=\"col\">Rod Glove length (feet\/metres)<\/th>\n<\/tr>\n<\/thead>\n<tbody>\n<tr>\n<td style=\"text-align: left;\">6\u2032 \/ 1.83 m<\/td>\n<td style=\"text-align: center;\">Shorty Casting<\/td>\n<td style=\"text-align: center;\">4\u20196\u2033 \/ 1.4 m<\/td>\n<\/tr>\n<tr>\n<td style=\"text-align: left;\">6\u20193\u2033 \/ 1.93 m<\/td>\n<td style=\"text-align: center;\">Shorty Casting<\/td>\n<td style=\"text-align: center;\">4\u20196\u2033 \/ 1.4 m<\/td>\n<\/tr>\n<tr>\n<td style=\"text-align: left;\">6\u20196\u2033 \/ 1.93 m<\/td>\n<td style=\"text-align: center;\">Standard Casting<\/td>\n<td style=\"text-align: center;\">5\u20193\u2033 \/ 1.62 m<\/td>\n<\/tr>\n<tr>\n<td style=\"text-align: left;\">6\u20199\u2033 \/ 1.93 m<\/td>\n<td style=\"text-align: center;\">Standard Casting<\/td>\n<td style=\"text-align: center;\">5\u20193\u2033 \/ 1.62 m<\/td>\n<\/tr>\n<tr>\n<td style=\"text-align: left;\">7&#x27; \/ 1.93 m<\/td>\n<td style=\"text-align: center;\">Standard Casting<\/td>\n<td style=\"text-align: center;\">5\u20193\u2033 \/ 1.62 m<\/td>\n<\/tr>\n<tr>\n<td style=\"text-align: left;\">7\u20192\u2033 \/ 1.93 m<\/td>\n<td style=\"text-align: center;\">Standard Casting<\/td>\n<td style=\"text-align: center;\">5\u20193\u2033 \/ 1.62 m<\/td>\n<\/tr>\n<tr>\n<td style=\"text-align: left;\">7\u20194\u2033 \/ 1.93 m<\/td>\n<td style=\"text-align: center;\">Standard Casting<\/td>\n<td style=\"text-align: center;\">5\u20193\u2033 \/ 1.62 m<\/td>\n<\/tr>\n<tr>\n<td style=\"text-align: left;\">7\u20194\u2033 \/ 1.93 m<\/td>\n<td style=\"text-align: center;\">Casting XL<\/td>\n<td style=\"text-align: center;\">6\u2032 \/ 1.83 m<\/td>\n<\/tr>\n<tr>\n<td style=\"text-align: left;\">7\u20196\u2033 \/ 1.93 m<\/td>\n<td style=\"text-align: center;\">Standard Casting<\/td>\n<td style=\"text-align: center;\">5\u20193\u2033 \/ 1.62 m<\/td>\n<\/tr>\n<tr>\n<td style=\"text-align: left;\">7\u20196\u2033 \/ 1.93 m<\/td>\n<td style=\"text-align: center;\">Casting XL<\/td>\n<td style=\"text-align: center;\">6\u2032 \/ 1.83 m<\/td>\n<\/tr>\n<tr>\n<td style=\"text-align: left;\">7\u20197\u2033+ \/ 1.93 m and over<\/td>\n<td style=\"text-align: center;\">Casting XL<\/td>\n<td style=\"text-align: center;\">6\u2032 \/ 1.83 m<\/td>\n<\/tr>\n<tr>\n<td style=\"text-align: left;\">8\u2033 and over<\/td>\n<td style=\"text-align: center;\">Big Stick Casting<\/td>\n<td style=\"text-align: center;\">7\u2032 \/ 2.13 m<\/td>\n<\/tr>\n<\/tbody>\n<\/table>\n<p>&nbsp;<\/p>\n<p>&nbsp;<\/p>","protected":false},"excerpt":{"rendered":"<p>Devenues indispensables sur tous les circuits pro pour ranger et organiser les cannes, les Rod Gloves de VRX sont les chaussettes de protection les mieux pens\u00e9es du march\u00e9. Contrairement \u00e0 d&rsquo;autres mod\u00e8les pr\u00e9sents sur le march\u00e9 le bout est sleev\u00e9 afin de pr\u00e9server l&rsquo;anneau de t\u00eate et \u00e9viter tout accros dans les Rod Case, les [&hellip;]<\/p>\n","protected":false},"featured_media":4502,"comment_status":"open","ping_status":"closed","template":"","meta":{"_acf_changed":false},"product_brand":[1827],"product_cat":[1821,282],"product_tag":[],"class_list":{"0":"post-4498","1":"product","2":"type-product","3":"status-publish","4":"has-post-thumbnail","6":"product_brand-vrx-rod-glove","7":"product_cat-mesh","8":"product_cat-protection-pour-canne","9":"product_shipping_class-colissimo","10":"pa_rod-glove-casting-black-big-stick-series","11":"pa_rod-glove-casting-red-big-stick-series","12":"pa_rod-glove-casting-red-spyder-big-stick-series","14":"first","15":"instock","16":"taxable","17":"shipping-taxable","18":"purchasable","19":"product-type-variable"},"bundle_layout":"","bundled_by":[],"bundled_items":[],"acf":[],"_links":{"self":[{"href":"https:\/\/roulementcasting.com\/en\/wp-json\/wp\/v2\/product\/4498","targetHints":{"allow":["GET"]}}],"collection":[{"href":"https:\/\/roulementcasting.com\/en\/wp-json\/wp\/v2\/product"}],"about":[{"href":"https:\/\/roulementcasting.com\/en\/wp-json\/wp\/v2\/types\/product"}],"replies":[{"embeddable":true,"href":"https:\/\/roulementcasting.com\/en\/wp-json\/wp\/v2\/comments?post=4498"}],"version-history":[{"count":1,"href":"https:\/\/roulementcasting.com\/en\/wp-json\/wp\/v2\/product\/4498\/revisions"}],"predecessor-version":[{"id":28770,"href":"https:\/\/roulementcasting.com\/en\/wp-json\/wp\/v2\/product\/4498\/revisions\/28770"}],"wp:featuredmedia":[{"embeddable":true,"href":"https:\/\/roulementcasting.com\/en\/wp-json\/wp\/v2\/media\/4502"}],"wp:attachment":[{"href":"https:\/\/roulementcasting.com\/en\/wp-json\/wp\/v2\/media?parent=4498"}],"wp:term":[{"taxonomy":"product_brand","embeddable":true,"href":"https:\/\/roulementcasting.com\/en\/wp-json\/wp\/v2\/product_brand?post=4498"},{"taxonomy":"product_cat","embeddable":true,"href":"https:\/\/roulementcasting.com\/en\/wp-json\/wp\/v2\/product_cat?post=4498"},{"taxonomy":"product_tag","embeddable":true,"href":"https:\/\/roulementcasting.com\/en\/wp-json\/wp\/v2\/product_tag?post=4498"}],"curies":[{"name":"wp","href":"https:\/\/api.w.org\/{rel}","templated":true}]}}