{"id":4198,"date":"2014-10-11T14:10:28","date_gmt":"2014-10-11T12:10:28","guid":{"rendered":"http:\/\/roulementcasting.com\/?post_type=product&#038;p=4198"},"modified":"2025-12-08T19:00:39","modified_gmt":"2025-12-08T17:00:39","slug":"frein-carbontex-pour-penn","status":"publish","type":"product","link":"https:\/\/roulementcasting.com\/en\/product\/frein-carbontex-pour-penn\/","title":{"rendered":"Carbontex Brake for PENN"},"content":{"rendered":"<h1 style=\"text-align: center;\">Spinning<\/h1>\n<p><strong><a href=\"https:\/\/roulementcasting.com\/en\/product\/carbontex-pour-penn-spinning-s01\/\">PENN S #1<\/a>\u00a0<span style=\"color: #c0c0c0;\"><strong>(3 washers)<\/strong><\/span><\/strong><\/p>\n<p>\u2013 Fierce 3000<br \/>\n\u2013 Fierce 4000<br \/>\n\u2013 Battle 3000<br \/>\n\u2013 Battle 4000<br \/>\n\u2013 Sargus 3000<br \/>\n\u2013 Sargus 4000<br \/>\n\u2013 Pursuit 3000<br \/>\n\u2013 Pursuit 4000<\/p>\n<p><strong><a href=\"https:\/\/roulementcasting.com\/en\/product\/carbontex-pour-penn-spinning-s02\/\">PENN S #2<\/a>\u00a0<span style=\"color: #c0c0c0;\">(5 washers)<\/span><\/strong><\/p>\n<p>\u2013 Fierce 5000<br \/>\n\u2013 Fierce 6000<br \/>\n\u2013 Battle 5000<br \/>\n\u2013 Battle 6000<br \/>\n\u2013 Sargus 5000<br \/>\n\u2013 Sargus 6000<br \/>\n\u2013 Pursuit 5000<br \/>\n\u2013 Pursuit 6000<\/p>\n<p><strong><a href=\"https:\/\/roulementcasting.com\/en\/product\/carbontex-pour-penn-spinning-s03\/\">PENN S #3<\/a>\u00a0<span style=\"color: #c0c0c0;\">(5 washers)<\/span><\/strong><\/p>\n<p>\u2013 Fierce 7000<br \/>\n\u2013 Fierce 8000<br \/>\n\u2013 Battle 7000<br \/>\n\u2013 Battle 8000<br \/>\n\u2013 Sargus 7000<br \/>\n\u2013 Sargus 8000<br \/>\n\u2013 Pursuit 7000<br \/>\n\u2013 Pursuit 8000<\/p>\n<p><strong><a href=\"https:\/\/roulementcasting.com\/en\/product\/carbontex-pour-penn-spinning-s04\/\">PENN S #4<\/a>\u00a0<span style=\"color: #c0c0c0;\">(3 washers)<\/span><\/strong><\/p>\n<p>\u2013 SS7500<br \/>\n\u2013 SS8500<br \/>\n\u2013 SS750<br \/>\n\u2013 SS850<br \/>\n\u2013 704Z<br \/>\n\u2013 705Z<br \/>\n\u2013 706Z<\/p>","protected":false},"excerpt":{"rendered":"<p>Les Carbontex sont des disques de freins nouvelle\u00a0g\u00e9n\u00e9ration\u00a0en fibre de carbone de tr\u00e8s grande qualit\u00e9. Ils offrent :<br \/>\n&#8211; Puissance in\u00e9gal\u00e9e<br \/>\n&#8211; Douceur et constance incomparable<br \/>\n&#8211; Tr\u00e8s grande\u00a0r\u00e9sistance\u00a0\u00e0 la chaleur<br \/>\n\u00c9prouv\u00e9s depuis des ann\u00e9es \u00e0 travers le monde et notamment pour les p\u00eaches\u00a0extr\u00eames\u00a0 les freins carbontex sont facile \u00e0 mettre en place et apportent un confort et une\u00a0s\u00e9r\u00e9nit\u00e9\u00a0lors des combats incomparables.<\/p>\n<p><em>Ils peuvent \u00eatre utilis\u00e9s secs mais pour un maximum de douceur il est conseill\u00e9 de l\u00e9g\u00e8rement les graisser avec la Graisse Cal\u2019s.<\/em><br \/>\n[rev_slider alias=\u00a0\u00bbslider-4&Prime;][\/rev_slider]<\/p>\n","protected":false},"featured_media":4403,"comment_status":"open","ping_status":"closed","template":"","meta":{"_acf_changed":false},"product_brand":[],"product_cat":[1865],"product_tag":[],"class_list":{"0":"post-4198","1":"product","2":"type-product","3":"status-publish","4":"has-post-thumbnail","6":"product_cat-non-classe","7":"product_shipping_class-lettre-suivie","8":"pa_carbontex-penn-penn-s1","9":"pa_carbontex-penn-penn-s2","10":"pa_carbontex-penn-penn-s3","11":"pa_carbontex-penn-penn-s4","13":"first","14":"instock","15":"taxable","16":"shipping-taxable","17":"product-type-external"},"bundle_layout":"","bundled_by":[],"bundled_items":[],"acf":[],"_links":{"self":[{"href":"https:\/\/roulementcasting.com\/en\/wp-json\/wp\/v2\/product\/4198","targetHints":{"allow":["GET"]}}],"collection":[{"href":"https:\/\/roulementcasting.com\/en\/wp-json\/wp\/v2\/product"}],"about":[{"href":"https:\/\/roulementcasting.com\/en\/wp-json\/wp\/v2\/types\/product"}],"replies":[{"embeddable":true,"href":"https:\/\/roulementcasting.com\/en\/wp-json\/wp\/v2\/comments?post=4198"}],"version-history":[{"count":1,"href":"https:\/\/roulementcasting.com\/en\/wp-json\/wp\/v2\/product\/4198\/revisions"}],"predecessor-version":[{"id":21580,"href":"https:\/\/roulementcasting.com\/en\/wp-json\/wp\/v2\/product\/4198\/revisions\/21580"}],"wp:featuredmedia":[{"embeddable":true,"href":"https:\/\/roulementcasting.com\/en\/wp-json\/wp\/v2\/media\/4403"}],"wp:attachment":[{"href":"https:\/\/roulementcasting.com\/en\/wp-json\/wp\/v2\/media?parent=4198"}],"wp:term":[{"taxonomy":"product_brand","embeddable":true,"href":"https:\/\/roulementcasting.com\/en\/wp-json\/wp\/v2\/product_brand?post=4198"},{"taxonomy":"product_cat","embeddable":true,"href":"https:\/\/roulementcasting.com\/en\/wp-json\/wp\/v2\/product_cat?post=4198"},{"taxonomy":"product_tag","embeddable":true,"href":"https:\/\/roulementcasting.com\/en\/wp-json\/wp\/v2\/product_tag?post=4198"}],"curies":[{"name":"wp","href":"https:\/\/api.w.org\/{rel}","templated":true}]}}