{"id":3904,"date":"2014-10-01T21:06:40","date_gmt":"2014-10-01T19:06:40","guid":{"rendered":"http:\/\/roulementcasting.com\/?post_type=product&#038;p=3904"},"modified":"2025-12-08T19:00:39","modified_gmt":"2025-12-08T17:00:39","slug":"ygk-g-soul-wx8-25lb-pe15","status":"publish","type":"product","link":"https:\/\/roulementcasting.com\/en\/product\/ygk-g-soul-wx8-25lb-pe15\/","title":{"rendered":"YGK G-soul WX8 25LB &#8211; PE1,5"},"content":{"rendered":"<p>La tresse YGK est reconnue comme \u00e9tant l&rsquo;une des meilleures tresses du monde. Elle est compos\u00e9e en grande partie de la fibre Dyneema Ultra, la Dyneema la plus forte du monde. Id\u00e9ale pour l&rsquo;eau douce et la mer, la G Soul WX8 est d&rsquo;une douceur incroyable, comparable \u00e0 de la soie.<br \/>\nLa G-Soul WX8 est ce qu&rsquo;il ce fait de mieux actuellement et nous sommes fi\u00e8res de pouvoir vous la proposer \u00e0 un prix exceptionnel.<\/p>\n<p>Couleur : verte<\/p>\n<table class=\"custom-table\" summary=\"Sample Table\">\n<thead>\n<tr>\n<th style=\"text-align: center;\" scope=\"col\">PE<\/th>\n<th style=\"text-align: center;\" scope=\"col\">mm<\/th>\n<th style=\"text-align: center;\" scope=\"col\">LB<\/th>\n<\/tr>\n<\/thead>\n<tbody>\n<tr>\n<td style=\"text-align: center;\">1,5<\/td>\n<td style=\"text-align: center;\">20,5\/100<\/td>\n<td style=\"text-align: center;\">25<\/td>\n<\/tr>\n<\/tbody>\n<\/table>\n<p><a href=\"http:\/\/roulementcasting.com\/en\/boutique\/ygk-g-soul-wx8-25lb-pe15\/wx8_25lb_500px-3\/\" rel=\"attachment wp-att-8166\"><img fetchpriority=\"high\" decoding=\"async\" class=\"aligncenter size-full wp-image-8166\" src=\"http:\/\/roulementcasting.com\/wp-content\/uploads\/WX8_25LB_500px1.jpg\" alt=\"WX8_25LB_500px\" width=\"500\" height=\"500\" srcset=\"https:\/\/roulementcasting.com\/wp-content\/uploads\/WX8_25LB_500px1.jpg 500w, https:\/\/roulementcasting.com\/wp-content\/uploads\/WX8_25LB_500px1-12x12.jpg 12w, https:\/\/roulementcasting.com\/wp-content\/uploads\/WX8_25LB_500px1-150x150.jpg 150w, https:\/\/roulementcasting.com\/wp-content\/uploads\/WX8_25LB_500px1-300x300.jpg 300w, https:\/\/roulementcasting.com\/wp-content\/uploads\/WX8_25LB_500px1-350x350.jpg 350w, https:\/\/roulementcasting.com\/wp-content\/uploads\/WX8_25LB_500px1-442x442.jpg 442w, https:\/\/roulementcasting.com\/wp-content\/uploads\/WX8_25LB_500px1-100x100.jpg 100w, https:\/\/roulementcasting.com\/wp-content\/uploads\/WX8_25LB_500px1-60x60.jpg 60w, https:\/\/roulementcasting.com\/wp-content\/uploads\/WX8_25LB_500px1-90x90.jpg 90w\" sizes=\"(max-width: 500px) 100vw, 500px\" \/><\/a><\/p>","protected":false},"excerpt":{"rendered":"<p>La tresse YGK est reconnue comme \u00e9tant l&rsquo;une des meilleures tresses du monde. Elle est compos\u00e9e en grande partie de la fibre Dyneema Ultra, la Dyneema la plus forte du monde. Id\u00e9ale pour l&rsquo;eau douce et la mer, la G Soul WX8 est d&rsquo;une douceur incroyable, comparable \u00e0 de la soie. La G-Soul WX8 est [&hellip;]<\/p>\n","protected":false},"featured_media":8166,"comment_status":"open","ping_status":"closed","template":"","meta":{"_acf_changed":false},"product_brand":[],"product_cat":[658],"product_tag":[],"class_list":{"0":"post-3904","1":"product","2":"type-product","3":"status-publish","4":"has-post-thumbnail","6":"product_cat-tresse-nylon","7":"product_shipping_class-lettre-suivie","9":"first","10":"outofstock","11":"sale","12":"taxable","13":"shipping-taxable","14":"purchasable","15":"product-type-simple"},"bundle_layout":"","bundled_by":[],"bundled_items":[],"acf":[],"_links":{"self":[{"href":"https:\/\/roulementcasting.com\/en\/wp-json\/wp\/v2\/product\/3904","targetHints":{"allow":["GET"]}}],"collection":[{"href":"https:\/\/roulementcasting.com\/en\/wp-json\/wp\/v2\/product"}],"about":[{"href":"https:\/\/roulementcasting.com\/en\/wp-json\/wp\/v2\/types\/product"}],"replies":[{"embeddable":true,"href":"https:\/\/roulementcasting.com\/en\/wp-json\/wp\/v2\/comments?post=3904"}],"version-history":[{"count":0,"href":"https:\/\/roulementcasting.com\/en\/wp-json\/wp\/v2\/product\/3904\/revisions"}],"wp:featuredmedia":[{"embeddable":true,"href":"https:\/\/roulementcasting.com\/en\/wp-json\/wp\/v2\/media\/8166"}],"wp:attachment":[{"href":"https:\/\/roulementcasting.com\/en\/wp-json\/wp\/v2\/media?parent=3904"}],"wp:term":[{"taxonomy":"product_brand","embeddable":true,"href":"https:\/\/roulementcasting.com\/en\/wp-json\/wp\/v2\/product_brand?post=3904"},{"taxonomy":"product_cat","embeddable":true,"href":"https:\/\/roulementcasting.com\/en\/wp-json\/wp\/v2\/product_cat?post=3904"},{"taxonomy":"product_tag","embeddable":true,"href":"https:\/\/roulementcasting.com\/en\/wp-json\/wp\/v2\/product_tag?post=3904"}],"curies":[{"name":"wp","href":"https:\/\/api.w.org\/{rel}","templated":true}]}}