{"id":371,"date":"2012-10-26T13:42:47","date_gmt":"2012-10-26T12:42:47","guid":{"rendered":"http:\/\/roulementcasting.com\/?post_type=product&#038;p=371"},"modified":"2026-04-02T01:54:46","modified_gmt":"2026-04-01T23:54:46","slug":"pack-10-roulements-a-la-demande","status":"publish","type":"product","link":"https:\/\/roulementcasting.com\/en\/product\/pack-10-roulements-a-la-demande\/","title":{"rendered":"Pack 10 roulements \u00e0 la demande"},"content":{"rendered":"<p>Contrairement aux offres pr\u00e9sentes sur le march\u00e9, roulementcasting.com est le seul qui vous permet de <strong>choisir\u00a0pr\u00e9cis\u00e9ment\u00a0chaque roulement<\/strong> qui composera votre Pack\u00a0pour un <strong>prix\u00a0imbattable<\/strong> de 119.95\u20ac soit une remise de 20%.<\/p>\n<p>Merci de nous contactez \u00e0 l&rsquo;adresse Contact@roulementcasting.com afin de pr\u00e9ciser les 5 moulinets que vous souhaitez \u00e9quiper<\/p>\n<p>&nbsp;<\/p>","protected":false},"excerpt":{"rendered":"<p>Contrairement aux offres pr\u00e9sentes sur le march\u00e9, roulementcasting.com est le seul qui vous permet de choisir\u00a0pr\u00e9cis\u00e9ment\u00a0chaque roulement qui composera votre Pack\u00a0pour un prix\u00a0imbattable de 119.95\u20ac soit une remise de 20%. Merci de nous contactez \u00e0 l&rsquo;adresse Contact@roulementcasting.com afin de pr\u00e9ciser les 5 moulinets que vous souhaitez \u00e9quiper &nbsp;<\/p>","protected":false},"featured_media":305,"comment_status":"open","ping_status":"closed","template":"","meta":{"_acf_changed":false},"product_brand":[1825],"product_cat":[97],"product_tag":[],"class_list":{"0":"post-371","1":"product","2":"type-product","3":"status-publish","4":"has-post-thumbnail","6":"product_brand-boca-bearings","7":"product_cat-roulements","8":"product_shipping_class-lettre-suivie","10":"first","11":"instock","12":"taxable","13":"shipping-taxable","14":"purchasable","15":"product-type-simple"},"bundle_layout":"","bundled_by":[],"bundled_items":[],"acf":[],"_links":{"self":[{"href":"https:\/\/roulementcasting.com\/en\/wp-json\/wp\/v2\/product\/371","targetHints":{"allow":["GET"]}}],"collection":[{"href":"https:\/\/roulementcasting.com\/en\/wp-json\/wp\/v2\/product"}],"about":[{"href":"https:\/\/roulementcasting.com\/en\/wp-json\/wp\/v2\/types\/product"}],"replies":[{"embeddable":true,"href":"https:\/\/roulementcasting.com\/en\/wp-json\/wp\/v2\/comments?post=371"}],"version-history":[{"count":1,"href":"https:\/\/roulementcasting.com\/en\/wp-json\/wp\/v2\/product\/371\/revisions"}],"predecessor-version":[{"id":30595,"href":"https:\/\/roulementcasting.com\/en\/wp-json\/wp\/v2\/product\/371\/revisions\/30595"}],"wp:featuredmedia":[{"embeddable":true,"href":"https:\/\/roulementcasting.com\/en\/wp-json\/wp\/v2\/media\/305"}],"wp:attachment":[{"href":"https:\/\/roulementcasting.com\/en\/wp-json\/wp\/v2\/media?parent=371"}],"wp:term":[{"taxonomy":"product_brand","embeddable":true,"href":"https:\/\/roulementcasting.com\/en\/wp-json\/wp\/v2\/product_brand?post=371"},{"taxonomy":"product_cat","embeddable":true,"href":"https:\/\/roulementcasting.com\/en\/wp-json\/wp\/v2\/product_cat?post=371"},{"taxonomy":"product_tag","embeddable":true,"href":"https:\/\/roulementcasting.com\/en\/wp-json\/wp\/v2\/product_tag?post=371"}],"curies":[{"name":"wp","href":"https:\/\/api.w.org\/{rel}","templated":true}]}}