{"id":3671,"date":"2014-09-29T15:53:33","date_gmt":"2014-09-29T13:53:33","guid":{"rendered":"http:\/\/roulementcasting.com\/?post_type=product&#038;p=3671"},"modified":"2026-04-02T02:05:34","modified_gmt":"2026-04-02T00:05:34","slug":"roulement-r3-abec7","status":"publish","type":"product","link":"https:\/\/roulementcasting.com\/en\/product\/roulement-r3-abec7\/","title":{"rendered":"R03 bearing \u2013 Hybrid Ceramic \u2013 ABEC 7 \u2013 ISO P4"},"content":{"rendered":"<section class=\"rc-product-desc\">\n<p class=\"rc-intro\">The <strong>ABEC7 hybrid ceramic bearings<\/strong> are designed to improve the responsiveness and smoothness of your reel. Thanks to the ceramic bearings, they reduce friction and enable faster, smoother rotation.<\/p>\n<div class=\"rc-grid-3\">\n<div class=\"rc-card\">\n<h3>Hybrid Ceramic<\/h3>\n<p>Ceramic balls (Si3N4) combined with 440C stainless steel bushings.<br \/>\nLess inertia and faster acceleration than a standard bearing.<\/p>\n<\/div>\n<div class=\"rc-card\">\n<h3>ABEC7 precision<\/h3>\n<p>High tolerances for stable rotation at high speeds.<br \/>\nAllows you to make the most of the spinning reel\u2019s potential.<\/p>\n<\/div>\n<div class=\"rc-card\">\n<h3>With seals<\/h3>\n<p>Protect against dirt whilst maintaining excellent freedom of movement.<br \/>\nA good balance between performance and protection.<\/p>\n<\/div>\n<\/div>\n<div class=\"rc-performance\">\n<h2>What this changes<\/h2>\n<ul>\n<li>Faster reel start-up<\/li>\n<li>A smoother, more consistent throw<\/li>\n<li>Reducing friction<\/li>\n<li>Less energy loss<\/li>\n<li>Better overall responsiveness<\/li>\n<\/ul>\n<\/div>\n<div class=\"rc-specs\">\n<h2>Construction<\/h2>\n<ul>\n<li>Si3N4 ceramic balls<\/li>\n<li>440C stainless steel<\/li>\n<li>ABEC7 precision<\/li>\n<li>Bearing with protective seals<\/li>\n<\/ul>\n<\/div>\n<div class=\"rc-usage\">\n<h2>Usage<\/h2>\n<p>Ideal for spool bearings in casting reels, particularly for performance-oriented or BFS setups.<\/p>\n<p>It is also suitable for improving the smooth running of certain internal bearings whilst maintaining good protection.<\/p>\n<\/div>\n<div class=\"rc-tip\">\n<h2>Setting<\/h2>\n<p>Use a <a href=\"\/en\/entretien-huiles-graisses\/#lowviscosity\">low-viscosity oil<\/a> to make the most of the speed. The seals help to minimise maintenance whilst maintaining a high level of performance.<\/p>\n<\/div>\n<p style=\"margin-top: 20px; font-size: 0.9rem; opacity: 0.8;\">A performance-focused choice to get the most out of your reel.<\/p>\n<\/section>","protected":false},"excerpt":{"rendered":"<p>Les roulements Hybrid Ceramic ABEC7 sont con\u00e7us pour am\u00e9liorer la r\u00e9activit\u00e9 et la fluidit\u00e9 de votre moulinet. Gr\u00e2ce aux billes c\u00e9ramique, ils r\u00e9duisent la friction et permettent une rotation plus rapide et plus stable. Hybrid Ceramic Billes en c\u00e9ramique (Si3N4) associ\u00e9es \u00e0 des bagues en acier inox 440C. Moins d\u2019inertie et une mont\u00e9e en r\u00e9gime [&hellip;]<\/p>\n","protected":false},"featured_media":30149,"comment_status":"closed","ping_status":"closed","template":"","meta":{"_acf_changed":false},"product_brand":[1825],"product_cat":[97],"product_tag":[],"class_list":{"0":"post-3671","1":"product","2":"type-product","3":"status-publish","4":"has-post-thumbnail","6":"product_brand-boca-bearings","7":"product_cat-roulements","8":"product_shipping_class-lettre-suivie","10":"first","11":"instock","12":"sale","13":"taxable","14":"shipping-taxable","15":"purchasable","16":"product-type-simple"},"bundle_layout":"","bundled_by":["21117","22776"],"bundled_items":[],"acf":[],"_links":{"self":[{"href":"https:\/\/roulementcasting.com\/en\/wp-json\/wp\/v2\/product\/3671","targetHints":{"allow":["GET"]}}],"collection":[{"href":"https:\/\/roulementcasting.com\/en\/wp-json\/wp\/v2\/product"}],"about":[{"href":"https:\/\/roulementcasting.com\/en\/wp-json\/wp\/v2\/types\/product"}],"replies":[{"embeddable":true,"href":"https:\/\/roulementcasting.com\/en\/wp-json\/wp\/v2\/comments?post=3671"}],"version-history":[{"count":3,"href":"https:\/\/roulementcasting.com\/en\/wp-json\/wp\/v2\/product\/3671\/revisions"}],"predecessor-version":[{"id":30232,"href":"https:\/\/roulementcasting.com\/en\/wp-json\/wp\/v2\/product\/3671\/revisions\/30232"}],"wp:featuredmedia":[{"embeddable":true,"href":"https:\/\/roulementcasting.com\/en\/wp-json\/wp\/v2\/media\/30149"}],"wp:attachment":[{"href":"https:\/\/roulementcasting.com\/en\/wp-json\/wp\/v2\/media?parent=3671"}],"wp:term":[{"taxonomy":"product_brand","embeddable":true,"href":"https:\/\/roulementcasting.com\/en\/wp-json\/wp\/v2\/product_brand?post=3671"},{"taxonomy":"product_cat","embeddable":true,"href":"https:\/\/roulementcasting.com\/en\/wp-json\/wp\/v2\/product_cat?post=3671"},{"taxonomy":"product_tag","embeddable":true,"href":"https:\/\/roulementcasting.com\/en\/wp-json\/wp\/v2\/product_tag?post=3671"}],"curies":[{"name":"wp","href":"https:\/\/api.w.org\/{rel}","templated":true}]}}