{"id":3060,"date":"2014-05-19T09:55:48","date_gmt":"2014-05-19T08:55:48","guid":{"rendered":"http:\/\/roulementcasting.com\/?post_type=product&#038;p=3060"},"modified":"2025-12-08T19:00:44","modified_gmt":"2025-12-08T17:00:44","slug":"bobine-avail-microcast-spool-mt1332r-13-metanium","status":"publish","type":"product","link":"https:\/\/roulementcasting.com\/en\/product\/bobine-avail-microcast-spool-mt1332r-13-metanium\/","title":{"rendered":"Avail Microcast Spool MT1332R for Metanium 13\u2032"},"content":{"rendered":"<p><a href=\"http:\/\/roulementcasting.com\/en\/boutique\/bobine-avail-microcast-spool-mt1332r-13-metanium\/metanium-13-mt1332\/\" rel=\"attachment wp-att-3064\"><img fetchpriority=\"high\" decoding=\"async\" class=\"aligncenter size-full wp-image-3064\" src=\"http:\/\/roulementcasting.com\/wp-content\/uploads\/Metanium-13-MT1332.jpg\" alt=\"Metanium 13-MT1332\" width=\"400\" height=\"400\" srcset=\"https:\/\/roulementcasting.com\/wp-content\/uploads\/Metanium-13-MT1332.jpg 400w, https:\/\/roulementcasting.com\/wp-content\/uploads\/Metanium-13-MT1332-100x100.jpg 100w, https:\/\/roulementcasting.com\/wp-content\/uploads\/Metanium-13-MT1332-150x150.jpg 150w, https:\/\/roulementcasting.com\/wp-content\/uploads\/Metanium-13-MT1332-300x300.jpg 300w, https:\/\/roulementcasting.com\/wp-content\/uploads\/Metanium-13-MT1332-350x350.jpg 350w\" sizes=\"(max-width: 400px) 100vw, 400px\" \/><\/a><\/p>\n<p>Compos\u00e9e de Duralium la bobine Avail MT1332R est con\u00e7u pour permettre de transformer les Metanium 13&prime; en moulinet Bait Finesse. Plus l\u00e9g\u00e8re que la bobine originale (9gr contre 10.3gr) elle est surtout tr\u00e8s peu profonde (Shallow) pour permettre un remplissage optimum avec des lignes l\u00e9g\u00e8re et ainsi gagner significativement en poids.<\/p>\n<p>Capacity:<br \/>\n50m &#8211; 12LBS<br \/>\n65m &#8211; 10LBS<br \/>\n75m &#8211; 8LBS<\/p>\n<p>Compatible with:<br \/>\nSHIMANO 13 Metanium<br \/>\nSHIMANO 13 Metanium HG<br \/>\nSHIMANO 13 Metanium XG<\/p>","protected":false},"excerpt":{"rendered":"<p>Includes:<br \/>\n1 MT1332R spool, colour: Red<br \/>\n1 SVS Infinity Puller<\/p>","protected":false},"featured_media":3063,"comment_status":"open","ping_status":"closed","template":"","meta":{"_acf_changed":false},"product_brand":[],"product_cat":[344],"product_tag":[],"class_list":{"0":"post-3060","1":"product","2":"type-product","3":"status-publish","4":"has-post-thumbnail","6":"product_cat-piece-de-rechange","7":"product_shipping_class-colissimo-avec-assurance","9":"first","10":"outofstock","11":"taxable","12":"shipping-taxable","13":"purchasable","14":"product-type-simple"},"bundle_layout":"","bundled_by":[],"bundled_items":[],"acf":[],"_links":{"self":[{"href":"https:\/\/roulementcasting.com\/en\/wp-json\/wp\/v2\/product\/3060","targetHints":{"allow":["GET"]}}],"collection":[{"href":"https:\/\/roulementcasting.com\/en\/wp-json\/wp\/v2\/product"}],"about":[{"href":"https:\/\/roulementcasting.com\/en\/wp-json\/wp\/v2\/types\/product"}],"replies":[{"embeddable":true,"href":"https:\/\/roulementcasting.com\/en\/wp-json\/wp\/v2\/comments?post=3060"}],"version-history":[{"count":0,"href":"https:\/\/roulementcasting.com\/en\/wp-json\/wp\/v2\/product\/3060\/revisions"}],"wp:featuredmedia":[{"embeddable":true,"href":"https:\/\/roulementcasting.com\/en\/wp-json\/wp\/v2\/media\/3063"}],"wp:attachment":[{"href":"https:\/\/roulementcasting.com\/en\/wp-json\/wp\/v2\/media?parent=3060"}],"wp:term":[{"taxonomy":"product_brand","embeddable":true,"href":"https:\/\/roulementcasting.com\/en\/wp-json\/wp\/v2\/product_brand?post=3060"},{"taxonomy":"product_cat","embeddable":true,"href":"https:\/\/roulementcasting.com\/en\/wp-json\/wp\/v2\/product_cat?post=3060"},{"taxonomy":"product_tag","embeddable":true,"href":"https:\/\/roulementcasting.com\/en\/wp-json\/wp\/v2\/product_tag?post=3060"}],"curies":[{"name":"wp","href":"https:\/\/api.w.org\/{rel}","templated":true}]}}