{"id":30246,"date":"2026-03-27T03:55:39","date_gmt":"2026-03-27T01:55:39","guid":{"rendered":"https:\/\/roulementcasting.com\/?post_type=product&#038;p=30246"},"modified":"2026-04-02T01:54:30","modified_gmt":"2026-04-01T23:54:30","slug":"kit-de-4-roulements-orange-seals-abec7-pour-poignee-knobs","status":"publish","type":"product","link":"https:\/\/roulementcasting.com\/en\/product\/kit-de-4-roulements-orange-seals-abec7-pour-poignee-knobs\/","title":{"rendered":"Set of 4 ORANGE Seals ABEC7 bearings for knobs"},"content":{"rendered":"<section class=\"rc-product-desc\">\n<p class=\"rc-intro\">Le <strong>Set of 4 ABEC7 Hybrid Ceramic Orange Seals bearings for casting reel handles <\/strong>directly improves the smoothness and responsiveness of the knobs. Thanks to the ceramic balls, it reduces friction whilst offering good corrosion resistance.<\/p>\n<div class=\"rc-grid-3\">\n<div class=\"rc-card\">\n<h3>Hybrid Ceramic<\/h3>\n<p>Ceramic balls (Si3N4) combined with 440C stainless steel bushings.<br \/>\nLess inertia and smoother rotation than a standard bearing.<\/p>\n<\/div>\n<div class=\"rc-card\">\n<h3>ABEC7 precision<\/h3>\n<p>High tolerances for fast, stable and smooth rotation.<br \/>\nSignificantly improves fluidity and responsiveness.<\/p>\n<\/div>\n<div class=\"rc-card\">\n<h3>Orange Seals<\/h3>\n<p>Non-contact seals that protect against contaminants whilst maintaining<br \/>\nvery low rotational resistance.<\/p>\n<\/div>\n<\/div>\n<div class=\"rc-performance\">\n<h2>What it offers<\/h2>\n<ul>\n<li>Smoother and faster knob rotation<\/li>\n<li>Greater comfort during recovery<\/li>\n<li>A more precise feel in the hand<\/li>\n<li>Less rotational resistance<\/li>\n<li>Immediate improvement in how you feel<\/li>\n<\/ul>\n<\/div>\n<div class=\"rc-specs\">\n<h2>Contents of the kit<\/h2>\n<ul>\n<li>4 Hybrid Ceramic Orange Seals ABEC7 bearings<\/li>\n<li>Si3N4 ceramic balls<\/li>\n<li>High-performance non-contact seals<\/li>\n<li>For casting reel handles<\/li>\n<\/ul>\n<\/div>\n<div class=\"rc-usage\">\n<h2>Compatibility<\/h2>\n<p>Compatible with <a href=\"https:\/\/roulementcasting.com\/en\/product-category\/poignees\/knobs-type-daiwa-s\/\"><strong>Daiwa S-type knobs<\/strong><\/a> et <a href=\"https:\/\/roulementcasting.com\/en\/product-category\/poignees\/knobs-shimano-type-a\/\"><strong>Shimano Type A<\/strong><\/a>.<\/p>\n<p>Ideal for improving the smoothness and responsiveness of the handles,<br \/>\nparticularly in performance-oriented setups.<\/p>\n<\/div>\n<div class=\"rc-tip\">\n<h2>Setting<\/h2>\n<p>A light coating of<br \/>\n<a href=\"\/en\/entretien-huiles-graisses\/#lowviscosity\">low-viscosity oil<\/a><br \/>\nallows you to make the most of its fluidity.<br \/>\nThe seals minimise maintenance whilst maintaining excellent performance.<\/p>\n<\/div>\n<p style=\"margin-top: 20px; font-size: 0.9rem; opacity: 0.8;\">A premium solution for a smoother, more precise grip.<\/p>\n<\/section>","protected":false},"excerpt":{"rendered":"<p>Le kit de 4 roulements Hybrid Ceramic Orange Seals ABEC7 pour poign\u00e9es de moulinet casting am\u00e9liore directement la fluidit\u00e9 et la r\u00e9activit\u00e9 des knobs. Gr\u00e2ce aux billes c\u00e9ramique, il r\u00e9duit la friction tout en offrant une bonne r\u00e9sistance \u00e0 la corrosion. Hybrid Ceramic Billes en c\u00e9ramique (Si3N4) associ\u00e9es \u00e0 des bagues en acier inox 440C. [&hellip;]<\/p>\n","protected":false},"featured_media":30151,"comment_status":"open","ping_status":"closed","template":"","meta":{"_acf_changed":false},"product_brand":[],"product_cat":[97,2050],"product_tag":[],"class_list":{"0":"post-30246","1":"product","2":"type-product","3":"status-publish","4":"has-post-thumbnail","6":"product_cat-roulements","7":"product_cat-pack","8":"product_shipping_class-lettre-suivie","10":"first","11":"instock","12":"sale","13":"taxable","14":"shipping-taxable","15":"purchasable","16":"product-type-bundle"},"bundle_layout":"default","bundled_by":[],"bundled_items":[{"bundled_item_id":878,"product_id":29722,"menu_order":0,"quantity_min":4,"quantity_max":4,"priced_individually":true,"shipped_individually":false,"override_title":false,"title":"","override_description":false,"description":"","optional":false,"hide_thumbnail":false,"discount":15,"override_variations":false,"allowed_variations":[],"override_default_variation_attributes":false,"default_variation_attributes":[],"single_product_visibility":"visible","cart_visibility":"visible","order_visibility":"visible","single_product_price_visibility":"visible","cart_price_visibility":"visible","order_price_visibility":"visible","stock_status":"in_stock"}],"acf":[],"_links":{"self":[{"href":"https:\/\/roulementcasting.com\/en\/wp-json\/wp\/v2\/product\/30246","targetHints":{"allow":["GET"]}}],"collection":[{"href":"https:\/\/roulementcasting.com\/en\/wp-json\/wp\/v2\/product"}],"about":[{"href":"https:\/\/roulementcasting.com\/en\/wp-json\/wp\/v2\/types\/product"}],"replies":[{"embeddable":true,"href":"https:\/\/roulementcasting.com\/en\/wp-json\/wp\/v2\/comments?post=30246"}],"version-history":[{"count":2,"href":"https:\/\/roulementcasting.com\/en\/wp-json\/wp\/v2\/product\/30246\/revisions"}],"predecessor-version":[{"id":30248,"href":"https:\/\/roulementcasting.com\/en\/wp-json\/wp\/v2\/product\/30246\/revisions\/30248"}],"wp:featuredmedia":[{"embeddable":true,"href":"https:\/\/roulementcasting.com\/en\/wp-json\/wp\/v2\/media\/30151"}],"wp:attachment":[{"href":"https:\/\/roulementcasting.com\/en\/wp-json\/wp\/v2\/media?parent=30246"}],"wp:term":[{"taxonomy":"product_brand","embeddable":true,"href":"https:\/\/roulementcasting.com\/en\/wp-json\/wp\/v2\/product_brand?post=30246"},{"taxonomy":"product_cat","embeddable":true,"href":"https:\/\/roulementcasting.com\/en\/wp-json\/wp\/v2\/product_cat?post=30246"},{"taxonomy":"product_tag","embeddable":true,"href":"https:\/\/roulementcasting.com\/en\/wp-json\/wp\/v2\/product_tag?post=30246"}],"curies":[{"name":"wp","href":"https:\/\/api.w.org\/{rel}","templated":true}]}}