{"id":29736,"date":"2026-03-17T09:19:22","date_gmt":"2026-03-17T07:19:22","guid":{"rendered":"https:\/\/roulementcasting.com\/produit\/roulement-r34-hybrid-ceramic-open-abec7\/"},"modified":"2026-04-02T01:54:31","modified_gmt":"2026-04-01T23:54:31","slug":"roulement-r34-hybrid-ceramic-open-abec7","status":"publish","type":"product","link":"https:\/\/roulementcasting.com\/en\/product\/roulement-r34-hybrid-ceramic-open-abec7\/","title":{"rendered":"R34 Bearing \u2013 Hybrid Ceramic OPEN \u2013 ABEC7"},"content":{"rendered":"<section class=\"rc-product-desc\">\n<p class=\"rc-intro\">The <strong>ABEC7 Open Hybrid Ceramic Bearings<\/strong> are designed to allow for the smoothest possible rotation. With no seals, they minimise start-up resistance and ensure the coil responds instantly.<\/p>\n<div class=\"rc-grid-3\">\n<div class=\"rc-card\">\n<h3>Hybrid Ceramic<\/h3>\n<p>Ceramic balls (Si3N4) combined with 440C stainless steel bushings.<br \/>\nLess inertia, less friction and smoother rotation.<\/p>\n<\/div>\n<div class=\"rc-card\">\n<h3>ABEC7 precision<\/h3>\n<p>High tolerances for stable rotation at high speeds.<br \/>\nIdeal for getting the most out of your spinning reel.<\/p>\n<\/div>\n<div class=\"rc-card\">\n<h3>Open version<\/h3>\n<p>Seamless construction to minimise resistance as much as possible. A design focused on pure performance, requiring more regular maintenance.<\/p>\n<\/div>\n<\/div>\n<div class=\"rc-performance\">\n<h2>What this changes<\/h2>\n<ul>\n<li>Faster reel start-up<\/li>\n<li>Improved responsiveness when casting<\/li>\n<li>Maximum fluidity by reducing resistance<\/li>\n<li>Less energy loss<\/li>\n<li>Less vibration<\/li>\n<\/ul>\n<\/div>\n<div class=\"rc-specs\">\n<h2>Construction<\/h2>\n<ul>\n<li>Si3N4 ceramic balls<\/li>\n<li>440C stainless steel<\/li>\n<li>ABEC7 precision<\/li>\n<li>Open version without seals<\/li>\n<\/ul>\n<\/div>\n<div class=\"rc-usage\">\n<h2>Usage<\/h2>\n<p>Ideal for spool bearings in casting reels, particularly in BFS models or performance-oriented setups. May also be suitable for certain internal applications where the primary aim is to maximise smoothness.<\/p>\n<p>This type of bearing is primarily intended for users who are looking for smoother operation and are prepared to carry out more frequent maintenance.<\/p>\n<\/div>\n<div class=\"rc-tip\">\n<h2>Setting<\/h2>\n<p>Use a <a href=\"\/en\/entretien-huiles-graisses\/#lowviscosity\">low-viscosity oil<\/a><br \/>\nto maximise speed. In the open version, cleaning and lubrication<br \/>\nRegular maintenance is recommended to ensure optimal performance.<\/p>\n<\/div>\n<p style=\"margin-top: 20px; font-size: 0.9rem; opacity: 0.8;\">Tested in real-world conditions on spinning and casting setups.<\/p>\n<\/section>","protected":false},"excerpt":{"rendered":"<p>Les roulements Hybrid Ceramic ABEC7 Open sont con\u00e7us pour offrir une rotation la plus libre possible. Sans joints, ils r\u00e9duisent au maximum la r\u00e9sistance au d\u00e9marrage et favorisent une r\u00e9activit\u00e9 imm\u00e9diate de la bobine. Hybrid Ceramic Billes en c\u00e9ramique (Si3N4) associ\u00e9es \u00e0 des bagues en acier inox 440C. Moins d\u2019inertie, moins de friction et une [&hellip;]<\/p>\n","protected":false},"featured_media":30171,"comment_status":"open","ping_status":"closed","template":"","meta":{"_acf_changed":false},"product_brand":[],"product_cat":[97],"product_tag":[],"class_list":{"0":"post-29736","1":"product","2":"type-product","3":"status-publish","4":"has-post-thumbnail","6":"product_cat-roulements","7":"product_shipping_class-lettre-suivie","9":"first","10":"instock","11":"taxable","12":"shipping-taxable","13":"purchasable","14":"product-type-simple"},"bundle_layout":"","bundled_by":["29956"],"bundled_items":[],"acf":[],"_links":{"self":[{"href":"https:\/\/roulementcasting.com\/en\/wp-json\/wp\/v2\/product\/29736","targetHints":{"allow":["GET"]}}],"collection":[{"href":"https:\/\/roulementcasting.com\/en\/wp-json\/wp\/v2\/product"}],"about":[{"href":"https:\/\/roulementcasting.com\/en\/wp-json\/wp\/v2\/types\/product"}],"replies":[{"embeddable":true,"href":"https:\/\/roulementcasting.com\/en\/wp-json\/wp\/v2\/comments?post=29736"}],"version-history":[{"count":5,"href":"https:\/\/roulementcasting.com\/en\/wp-json\/wp\/v2\/product\/29736\/revisions"}],"predecessor-version":[{"id":30179,"href":"https:\/\/roulementcasting.com\/en\/wp-json\/wp\/v2\/product\/29736\/revisions\/30179"}],"wp:featuredmedia":[{"embeddable":true,"href":"https:\/\/roulementcasting.com\/en\/wp-json\/wp\/v2\/media\/30171"}],"wp:attachment":[{"href":"https:\/\/roulementcasting.com\/en\/wp-json\/wp\/v2\/media?parent=29736"}],"wp:term":[{"taxonomy":"product_brand","embeddable":true,"href":"https:\/\/roulementcasting.com\/en\/wp-json\/wp\/v2\/product_brand?post=29736"},{"taxonomy":"product_cat","embeddable":true,"href":"https:\/\/roulementcasting.com\/en\/wp-json\/wp\/v2\/product_cat?post=29736"},{"taxonomy":"product_tag","embeddable":true,"href":"https:\/\/roulementcasting.com\/en\/wp-json\/wp\/v2\/product_tag?post=29736"}],"curies":[{"name":"wp","href":"https:\/\/api.w.org\/{rel}","templated":true}]}}