{"id":29725,"date":"2026-03-17T09:19:19","date_gmt":"2026-03-17T07:19:19","guid":{"rendered":"https:\/\/roulementcasting.com\/produit\/roulement-r07-hybrid-ceramic-abec5\/"},"modified":"2026-04-02T02:05:30","modified_gmt":"2026-04-02T00:05:30","slug":"roulement-r07-hybrid-ceramic-abec5","status":"publish","type":"product","link":"https:\/\/roulementcasting.com\/en\/product\/roulement-r07-hybrid-ceramic-abec5\/","title":{"rendered":"R07 Bearing \u2013 Hybrid Ceramic \u2013 ABEC5"},"content":{"rendered":"<section class=\"rc-product-desc\">\n<p class=\"rc-intro\">The <strong>ABEC5 hybrid ceramic bearings with non-contact stainless steel seals<\/strong> offer excellent flow properties whilst providing effective protection against impurities.<br \/>\nThe perfect balance between performance, reliability and ease of use.<\/p>\n<div class=\"rc-grid-3\">\n<div class=\"rc-card\">\n<h3>Hybrid Ceramic<\/h3>\n<p>Ceramic balls (Si3N4) combined with 440C stainless steel bushings.<br \/>\nLess friction and smoother rotation than a standard bearing.<\/p>\n<\/div>\n<div class=\"rc-card\">\n<h3>ABEC5 precision<\/h3>\n<p>Balanced tolerances for stable and smooth rotation.<br \/>\nA good balance between performance and durability.<\/p>\n<\/div>\n<div class=\"rc-card\">\n<h3>Non-contact seal<\/h3>\n<p>Stainless steel flange with no contact with the inner ring.<br \/>\nProtects against dirt whilst maintaining very low rotational resistance.<\/p>\n<\/div>\n<\/div>\n<div class=\"rc-performance\">\n<h2>What this changes<\/h2>\n<ul>\n<li>Smoother coil start-up<\/li>\n<li>A smooth, steady throw<\/li>\n<li>Very low rotational resistance<\/li>\n<li>Less energy loss<\/li>\n<li>Better protection than an open bearing<\/li>\n<\/ul>\n<\/div>\n<div class=\"rc-specs\">\n<h2>Construction<\/h2>\n<ul>\n<li>Si3N4 ceramic balls<\/li>\n<li>440C stainless steel<\/li>\n<li>ABEC5 precision<\/li>\n<li>Non-contact stainless steel seal<\/li>\n<\/ul>\n<\/div>\n<div class=\"rc-usage\">\n<h2>Usage<\/h2>\n<p>Ideal for spool bearings in casting reels, but also for improving overall smoothness in the internal bearings of spinning and casting reels.<\/p>\n<\/div>\n<div class=\"rc-tip\">\n<h2>Setting<\/h2>\n<p>Use a <a href=\"\/en\/entretien-huiles-graisses\/#lowviscosity\">low-viscosity oil<\/a><br \/>\nto improve speed.<br \/>\nThis configuration requires less maintenance than an open version,<br \/>\nwhilst maintaining excellent performance.<\/p>\n<\/div>\n<p style=\"margin-top: 20px; font-size: 0.9rem; opacity: 0.8;\">An excellent balance between flexibility, protection and durability.<\/p>\n<\/section>","protected":false},"excerpt":{"rendered":"<p>Les roulements Hybrid Ceramic ABEC5 avec joint stainless steel non-contact offrent une excellente fluidit\u00e9 tout en conservant une protection efficace contre les impuret\u00e9s. Un \u00e9quilibre id\u00e9al entre performance, fiabilit\u00e9 et facilit\u00e9 d\u2019utilisation. Hybrid Ceramic Billes en c\u00e9ramique (Si3N4) associ\u00e9es \u00e0 des bagues en acier inox 440C. Moins d\u2019inertie et une rotation plus fluide qu\u2019un roulement [&hellip;]<\/p>\n","protected":false},"featured_media":30149,"comment_status":"open","ping_status":"closed","template":"","meta":{"_acf_changed":false},"product_brand":[],"product_cat":[97],"product_tag":[],"class_list":{"0":"post-29725","1":"product","2":"type-product","3":"status-publish","4":"has-post-thumbnail","6":"product_cat-roulements","7":"product_shipping_class-lettre-suivie","9":"first","10":"instock","11":"sale","12":"taxable","13":"shipping-taxable","14":"purchasable","15":"product-type-simple"},"bundle_layout":"","bundled_by":["29945"],"bundled_items":[],"acf":[],"_links":{"self":[{"href":"https:\/\/roulementcasting.com\/en\/wp-json\/wp\/v2\/product\/29725","targetHints":{"allow":["GET"]}}],"collection":[{"href":"https:\/\/roulementcasting.com\/en\/wp-json\/wp\/v2\/product"}],"about":[{"href":"https:\/\/roulementcasting.com\/en\/wp-json\/wp\/v2\/types\/product"}],"replies":[{"embeddable":true,"href":"https:\/\/roulementcasting.com\/en\/wp-json\/wp\/v2\/comments?post=29725"}],"version-history":[{"count":3,"href":"https:\/\/roulementcasting.com\/en\/wp-json\/wp\/v2\/product\/29725\/revisions"}],"predecessor-version":[{"id":30291,"href":"https:\/\/roulementcasting.com\/en\/wp-json\/wp\/v2\/product\/29725\/revisions\/30291"}],"wp:featuredmedia":[{"embeddable":true,"href":"https:\/\/roulementcasting.com\/en\/wp-json\/wp\/v2\/media\/30149"}],"wp:attachment":[{"href":"https:\/\/roulementcasting.com\/en\/wp-json\/wp\/v2\/media?parent=29725"}],"wp:term":[{"taxonomy":"product_brand","embeddable":true,"href":"https:\/\/roulementcasting.com\/en\/wp-json\/wp\/v2\/product_brand?post=29725"},{"taxonomy":"product_cat","embeddable":true,"href":"https:\/\/roulementcasting.com\/en\/wp-json\/wp\/v2\/product_cat?post=29725"},{"taxonomy":"product_tag","embeddable":true,"href":"https:\/\/roulementcasting.com\/en\/wp-json\/wp\/v2\/product_tag?post=29725"}],"curies":[{"name":"wp","href":"https:\/\/api.w.org\/{rel}","templated":true}]}}