{"id":2895,"date":"2014-04-05T23:58:55","date_gmt":"2014-04-05T21:58:55","guid":{"rendered":"http:\/\/roulementcasting.com\/?post_type=product&#038;p=2895"},"modified":"2025-12-15T18:29:57","modified_gmt":"2025-12-15T16:29:57","slug":"abu-garcia-revo-ltx","status":"publish","type":"product","link":"https:\/\/roulementcasting.com\/en\/product\/abu-garcia-revo-ltx\/","title":{"rendered":"Abu Garcia Revo LTX"},"content":{"rendered":"<p>Le Revo LTX a \u00e9t\u00e9 con\u00e7u de A \u00e0 Z pour le Bait Finesse. La bobine Shallow associ\u00e9e au frein MagTrax sp\u00e9cialement optimis\u00e9 pour les leurres l\u00e9gers offrent parmi les meilleurs<span style=\"line-height: 1.5em;\">\u00a0performances d<\/span><span style=\"line-height: 1.5em;\">u march\u00e9 sur le Bait Finesse.<\/span><\/p>\n<p>&#8211; B\u00e2ti ultra l\u00e9ger monobloc X-Mag,<br \/>\n&#8211; Bobine shallow Infini II<br \/>\n&#8211; Engrenage en Aluminium de qualit\u00e9 A\u00e9ronautique<br \/>\n&#8211; Frein Carbone \u00a0\u00bb Carbon Matrix Drag\u00a0\u00bb<br \/>\n&#8211; 9 roulements HPCR + 1 roulement \u00e0 rouleaux<br \/>\n&#8211; MagTrax Brake system specialement mis au point pour des performances optimal sur les leurres l\u00e9ger<br \/>\n&#8211; Manivelle Carbone<br \/>\n&#8211; Poign\u00e9es EVA<\/p>\n<p><img fetchpriority=\"high\" decoding=\"async\" class=\"aligncenter size-full wp-image-2914\" src=\"http:\/\/roulementcasting.com\/wp-content\/uploads\/Revo-LTX-R.jpg\" alt=\"Revo LTX R\" width=\"800\" height=\"778\" srcset=\"https:\/\/roulementcasting.com\/wp-content\/uploads\/Revo-LTX-R.jpg 800w, https:\/\/roulementcasting.com\/wp-content\/uploads\/Revo-LTX-R-12x12.jpg 12w, https:\/\/roulementcasting.com\/wp-content\/uploads\/Revo-LTX-R-300x292.jpg 300w, https:\/\/roulementcasting.com\/wp-content\/uploads\/Revo-LTX-R-768x747.jpg 768w, https:\/\/roulementcasting.com\/wp-content\/uploads\/Revo-LTX-R-442x430.jpg 442w, https:\/\/roulementcasting.com\/wp-content\/uploads\/Revo-LTX-R-62x60.jpg 62w, https:\/\/roulementcasting.com\/wp-content\/uploads\/Revo-LTX-R-93x90.jpg 93w, https:\/\/roulementcasting.com\/wp-content\/uploads\/Revo-LTX-R-600x583.jpg 600w\" sizes=\"(max-width: 800px) 100vw, 800px\" \/> <img decoding=\"async\" class=\"aligncenter size-full wp-image-2913\" src=\"http:\/\/roulementcasting.com\/wp-content\/uploads\/Revo-LTX-7.jpg\" alt=\"Revo LTX 7\" width=\"800\" height=\"695\" srcset=\"https:\/\/roulementcasting.com\/wp-content\/uploads\/Revo-LTX-7.jpg 800w, https:\/\/roulementcasting.com\/wp-content\/uploads\/Revo-LTX-7-14x12.jpg 14w, https:\/\/roulementcasting.com\/wp-content\/uploads\/Revo-LTX-7-300x261.jpg 300w, https:\/\/roulementcasting.com\/wp-content\/uploads\/Revo-LTX-7-768x667.jpg 768w, https:\/\/roulementcasting.com\/wp-content\/uploads\/Revo-LTX-7-442x384.jpg 442w, https:\/\/roulementcasting.com\/wp-content\/uploads\/Revo-LTX-7-600x521.jpg 600w\" sizes=\"(max-width: 800px) 100vw, 800px\" \/> <img decoding=\"async\" class=\"aligncenter size-full wp-image-2912\" src=\"http:\/\/roulementcasting.com\/wp-content\/uploads\/Revo-LTX-6.jpg\" alt=\"Revo LTX 6\" width=\"800\" height=\"661\" srcset=\"https:\/\/roulementcasting.com\/wp-content\/uploads\/Revo-LTX-6.jpg 800w, https:\/\/roulementcasting.com\/wp-content\/uploads\/Revo-LTX-6-15x12.jpg 15w, https:\/\/roulementcasting.com\/wp-content\/uploads\/Revo-LTX-6-300x248.jpg 300w, https:\/\/roulementcasting.com\/wp-content\/uploads\/Revo-LTX-6-768x635.jpg 768w, https:\/\/roulementcasting.com\/wp-content\/uploads\/Revo-LTX-6-442x365.jpg 442w, https:\/\/roulementcasting.com\/wp-content\/uploads\/Revo-LTX-6-600x495.jpg 600w\" sizes=\"(max-width: 800px) 100vw, 800px\" \/> <img loading=\"lazy\" decoding=\"async\" class=\"aligncenter size-full wp-image-2911\" src=\"http:\/\/roulementcasting.com\/wp-content\/uploads\/Revo-LTX-5.jpg\" alt=\"Revo LTX 5\" width=\"800\" height=\"769\" srcset=\"https:\/\/roulementcasting.com\/wp-content\/uploads\/Revo-LTX-5.jpg 800w, https:\/\/roulementcasting.com\/wp-content\/uploads\/Revo-LTX-5-12x12.jpg 12w, https:\/\/roulementcasting.com\/wp-content\/uploads\/Revo-LTX-5-300x288.jpg 300w, https:\/\/roulementcasting.com\/wp-content\/uploads\/Revo-LTX-5-768x738.jpg 768w, https:\/\/roulementcasting.com\/wp-content\/uploads\/Revo-LTX-5-442x425.jpg 442w, https:\/\/roulementcasting.com\/wp-content\/uploads\/Revo-LTX-5-600x576.jpg 600w\" sizes=\"(max-width: 800px) 100vw, 800px\" \/> <img loading=\"lazy\" decoding=\"async\" class=\"aligncenter size-full wp-image-2910\" src=\"http:\/\/roulementcasting.com\/wp-content\/uploads\/Revo-LTX-4.jpg\" alt=\"Revo LTX 4\" width=\"800\" height=\"780\" srcset=\"https:\/\/roulementcasting.com\/wp-content\/uploads\/Revo-LTX-4.jpg 800w, https:\/\/roulementcasting.com\/wp-content\/uploads\/Revo-LTX-4-12x12.jpg 12w, https:\/\/roulementcasting.com\/wp-content\/uploads\/Revo-LTX-4-300x293.jpg 300w, https:\/\/roulementcasting.com\/wp-content\/uploads\/Revo-LTX-4-768x749.jpg 768w, https:\/\/roulementcasting.com\/wp-content\/uploads\/Revo-LTX-4-442x431.jpg 442w, https:\/\/roulementcasting.com\/wp-content\/uploads\/Revo-LTX-4-600x585.jpg 600w\" sizes=\"(max-width: 800px) 100vw, 800px\" \/> <img loading=\"lazy\" decoding=\"async\" class=\"aligncenter size-full wp-image-2909\" src=\"http:\/\/roulementcasting.com\/wp-content\/uploads\/Revo-LTX-3.jpg\" alt=\"Revo LTX 3\" width=\"800\" height=\"748\" srcset=\"https:\/\/roulementcasting.com\/wp-content\/uploads\/Revo-LTX-3.jpg 800w, https:\/\/roulementcasting.com\/wp-content\/uploads\/Revo-LTX-3-13x12.jpg 13w, https:\/\/roulementcasting.com\/wp-content\/uploads\/Revo-LTX-3-300x281.jpg 300w, https:\/\/roulementcasting.com\/wp-content\/uploads\/Revo-LTX-3-768x718.jpg 768w, https:\/\/roulementcasting.com\/wp-content\/uploads\/Revo-LTX-3-442x413.jpg 442w, https:\/\/roulementcasting.com\/wp-content\/uploads\/Revo-LTX-3-600x561.jpg 600w\" sizes=\"(max-width: 800px) 100vw, 800px\" \/> <img loading=\"lazy\" decoding=\"async\" class=\"aligncenter size-full wp-image-2908\" src=\"http:\/\/roulementcasting.com\/wp-content\/uploads\/Revo-LTX-2.jpg\" alt=\"Revo LTX 2\" width=\"800\" height=\"621\" srcset=\"https:\/\/roulementcasting.com\/wp-content\/uploads\/Revo-LTX-2.jpg 800w, https:\/\/roulementcasting.com\/wp-content\/uploads\/Revo-LTX-2-15x12.jpg 15w, https:\/\/roulementcasting.com\/wp-content\/uploads\/Revo-LTX-2-300x233.jpg 300w, https:\/\/roulementcasting.com\/wp-content\/uploads\/Revo-LTX-2-768x596.jpg 768w, https:\/\/roulementcasting.com\/wp-content\/uploads\/Revo-LTX-2-442x343.jpg 442w, https:\/\/roulementcasting.com\/wp-content\/uploads\/Revo-LTX-2-600x465.jpg 600w\" sizes=\"(max-width: 800px) 100vw, 800px\" \/> <img loading=\"lazy\" decoding=\"async\" class=\"aligncenter size-full wp-image-2907\" src=\"http:\/\/roulementcasting.com\/wp-content\/uploads\/Revo-LTX-1.jpg\" alt=\"Revo LTX 1\" width=\"800\" height=\"610\" srcset=\"https:\/\/roulementcasting.com\/wp-content\/uploads\/Revo-LTX-1.jpg 800w, https:\/\/roulementcasting.com\/wp-content\/uploads\/Revo-LTX-1-16x12.jpg 16w, https:\/\/roulementcasting.com\/wp-content\/uploads\/Revo-LTX-1-300x229.jpg 300w, https:\/\/roulementcasting.com\/wp-content\/uploads\/Revo-LTX-1-768x586.jpg 768w, https:\/\/roulementcasting.com\/wp-content\/uploads\/Revo-LTX-1-442x337.jpg 442w, https:\/\/roulementcasting.com\/wp-content\/uploads\/Revo-LTX-1-600x457.jpg 600w\" sizes=\"(max-width: 800px) 100vw, 800px\" \/><\/p>","protected":false},"excerpt":{"rendered":"<p>Le Revo LTX a \u00e9t\u00e9 con\u00e7u de A \u00e0 Z pour le Bait Finesse. La bobine Shallow associ\u00e9e au frein MagTrax sp\u00e9cialement optimis\u00e9 pour les leurres l\u00e9gers offrent parmi les meilleurs\u00a0performances du march\u00e9 sur le Bait Finesse. &#8211; B\u00e2ti ultra l\u00e9ger monobloc X-Mag, &#8211; Bobine shallow Infini II &#8211; Engrenage en Aluminium de qualit\u00e9 A\u00e9ronautique [&hellip;]<\/p>\n","protected":false},"featured_media":2914,"comment_status":"open","ping_status":"closed","template":"","meta":{"_acf_changed":false},"product_brand":[1875],"product_cat":[1882],"product_tag":[],"class_list":{"0":"post-2895","1":"product","2":"type-product","3":"status-publish","4":"has-post-thumbnail","6":"product_brand-abu-garcia","7":"product_cat-moulinet-archive","8":"product_shipping_class-colissimo-avec-assurance","9":"pa_revo-ltx-left-hand-manivelle-a-gauche-2","10":"pa_revo-ltx-right-hand-manivelle-a-droite-2","12":"first","13":"outofstock","14":"taxable","15":"shipping-taxable","16":"product-type-simple"},"bundle_layout":"","bundled_by":[],"bundled_items":[],"acf":[],"_links":{"self":[{"href":"https:\/\/roulementcasting.com\/en\/wp-json\/wp\/v2\/product\/2895","targetHints":{"allow":["GET"]}}],"collection":[{"href":"https:\/\/roulementcasting.com\/en\/wp-json\/wp\/v2\/product"}],"about":[{"href":"https:\/\/roulementcasting.com\/en\/wp-json\/wp\/v2\/types\/product"}],"replies":[{"embeddable":true,"href":"https:\/\/roulementcasting.com\/en\/wp-json\/wp\/v2\/comments?post=2895"}],"version-history":[{"count":1,"href":"https:\/\/roulementcasting.com\/en\/wp-json\/wp\/v2\/product\/2895\/revisions"}],"predecessor-version":[{"id":28389,"href":"https:\/\/roulementcasting.com\/en\/wp-json\/wp\/v2\/product\/2895\/revisions\/28389"}],"wp:featuredmedia":[{"embeddable":true,"href":"https:\/\/roulementcasting.com\/en\/wp-json\/wp\/v2\/media\/2914"}],"wp:attachment":[{"href":"https:\/\/roulementcasting.com\/en\/wp-json\/wp\/v2\/media?parent=2895"}],"wp:term":[{"taxonomy":"product_brand","embeddable":true,"href":"https:\/\/roulementcasting.com\/en\/wp-json\/wp\/v2\/product_brand?post=2895"},{"taxonomy":"product_cat","embeddable":true,"href":"https:\/\/roulementcasting.com\/en\/wp-json\/wp\/v2\/product_cat?post=2895"},{"taxonomy":"product_tag","embeddable":true,"href":"https:\/\/roulementcasting.com\/en\/wp-json\/wp\/v2\/product_tag?post=2895"}],"curies":[{"name":"wp","href":"https:\/\/api.w.org\/{rel}","templated":true}]}}