{"id":28821,"date":"2025-12-20T07:12:44","date_gmt":"2025-12-20T05:12:44","guid":{"rendered":"https:\/\/roulementcasting.com\/?post_type=product&#038;p=28821"},"modified":"2025-12-22T16:38:30","modified_gmt":"2025-12-22T14:38:30","slug":"rod-glove-nylon-casting-2-brins-rouge","status":"publish","type":"product","link":"https:\/\/roulementcasting.com\/en\/product\/rod-glove-nylon-casting-2-brins-rouge\/","title":{"rendered":"Rod Glove Nylon Casting 2-Strand \u2013 Red"},"content":{"rendered":"<p><a href=\"http:\/\/roulementcasting.com\/wp-content\/uploads\/2013\/03\/Rod-Glove-Saver_Logo.png\"><img fetchpriority=\"high\" decoding=\"async\" class=\"aligncenter size-full wp-image-1345\" src=\"http:\/\/roulementcasting.com\/wp-content\/uploads\/2013\/03\/Rod-Glove-Saver_Logo.png\" alt=\"Rod-Glove-Saver_Logo\" width=\"600\" height=\"153\" srcset=\"https:\/\/roulementcasting.com\/wp-content\/uploads\/2013\/03\/Rod-Glove-Saver_Logo.png 600w, https:\/\/roulementcasting.com\/wp-content\/uploads\/2013\/03\/Rod-Glove-Saver_Logo-300x77.png 300w, https:\/\/roulementcasting.com\/wp-content\/uploads\/2013\/03\/Rod-Glove-Saver_Logo-442x113.png 442w\" sizes=\"(max-width: 600px) 100vw, 600px\" \/><\/a><\/p>\n<p>Now an essential item on every professional tour for storing and organising rods, VRX Rod Gloves are the best-designed protective sleeves on the market.<\/p>\n<p>Unlike other models on the market, the tip is sleeved to protect the guide and prevent snagging in rod cases, rod boxes and during transport.<\/p>\n<p>&nbsp;<\/p>\n<p>Model for a two-piece casting rod<\/p>\n<p>&nbsp;<\/p>","protected":false},"excerpt":{"rendered":"<p>Devenues indispensables sur tous les circuits pro pour ranger et organiser les cannes, les Rod Gloves de VRX sont les chaussettes de protection les mieux pens\u00e9es du march\u00e9. Contrairement \u00e0 d&rsquo;autres mod\u00e8les pr\u00e9sents sur le march\u00e9 le bout est sleev\u00e9 afin de pr\u00e9server l&rsquo;anneau de t\u00eate et \u00e9viter tout accros dans les Rod Case, les [&hellip;]<\/p>\n","protected":false},"featured_media":28698,"comment_status":"open","ping_status":"closed","template":"","meta":{"_acf_changed":false},"product_brand":[1827],"product_cat":[1821,282],"product_tag":[1892],"class_list":{"0":"post-28821","1":"product","2":"type-product","3":"status-publish","4":"has-post-thumbnail","6":"product_brand-vrx-rod-glove","7":"product_cat-mesh","8":"product_cat-protection-pour-canne","9":"product_tag-2-brins-casting","10":"product_shipping_class-colissimo","12":"first","13":"instock","14":"taxable","15":"shipping-taxable","16":"purchasable","17":"product-type-simple"},"bundle_layout":"","bundled_by":[],"bundled_items":[],"acf":[],"_links":{"self":[{"href":"https:\/\/roulementcasting.com\/en\/wp-json\/wp\/v2\/product\/28821","targetHints":{"allow":["GET"]}}],"collection":[{"href":"https:\/\/roulementcasting.com\/en\/wp-json\/wp\/v2\/product"}],"about":[{"href":"https:\/\/roulementcasting.com\/en\/wp-json\/wp\/v2\/types\/product"}],"replies":[{"embeddable":true,"href":"https:\/\/roulementcasting.com\/en\/wp-json\/wp\/v2\/comments?post=28821"}],"version-history":[{"count":1,"href":"https:\/\/roulementcasting.com\/en\/wp-json\/wp\/v2\/product\/28821\/revisions"}],"predecessor-version":[{"id":28822,"href":"https:\/\/roulementcasting.com\/en\/wp-json\/wp\/v2\/product\/28821\/revisions\/28822"}],"wp:featuredmedia":[{"embeddable":true,"href":"https:\/\/roulementcasting.com\/en\/wp-json\/wp\/v2\/media\/28698"}],"wp:attachment":[{"href":"https:\/\/roulementcasting.com\/en\/wp-json\/wp\/v2\/media?parent=28821"}],"wp:term":[{"taxonomy":"product_brand","embeddable":true,"href":"https:\/\/roulementcasting.com\/en\/wp-json\/wp\/v2\/product_brand?post=28821"},{"taxonomy":"product_cat","embeddable":true,"href":"https:\/\/roulementcasting.com\/en\/wp-json\/wp\/v2\/product_cat?post=28821"},{"taxonomy":"product_tag","embeddable":true,"href":"https:\/\/roulementcasting.com\/en\/wp-json\/wp\/v2\/product_tag?post=28821"}],"curies":[{"name":"wp","href":"https:\/\/api.w.org\/{rel}","templated":true}]}}