{"id":28802,"date":"2025-12-20T06:25:28","date_gmt":"2025-12-20T04:25:28","guid":{"rendered":"https:\/\/roulementcasting.com\/?post_type=product&#038;p=28802"},"modified":"2025-12-22T16:40:15","modified_gmt":"2025-12-22T14:40:15","slug":"rod-glove-nylon-casting-micro-guide-xl-bleue","status":"publish","type":"product","link":"https:\/\/roulementcasting.com\/en\/product\/rod-glove-nylon-casting-micro-guide-xl-bleue\/","title":{"rendered":"Rod Glove Nylon Casting Micro Guide XL \u2013 Blue"},"content":{"rendered":"<p>&nbsp;<\/p>\n<p><a href=\"http:\/\/roulementcasting.com\/wp-content\/uploads\/2013\/03\/Rod-Glove-Saver_Logo.png\"><img fetchpriority=\"high\" decoding=\"async\" class=\"aligncenter size-full wp-image-1345\" src=\"http:\/\/roulementcasting.com\/wp-content\/uploads\/2013\/03\/Rod-Glove-Saver_Logo.png\" alt=\"Rod-Glove-Saver_Logo\" width=\"600\" height=\"153\" srcset=\"https:\/\/roulementcasting.com\/wp-content\/uploads\/2013\/03\/Rod-Glove-Saver_Logo.png 600w, https:\/\/roulementcasting.com\/wp-content\/uploads\/2013\/03\/Rod-Glove-Saver_Logo-300x77.png 300w, https:\/\/roulementcasting.com\/wp-content\/uploads\/2013\/03\/Rod-Glove-Saver_Logo-442x113.png 442w\" sizes=\"(max-width: 600px) 100vw, 600px\" \/><\/a><\/p>\n<p>Now an essential item on every professional tour for storing and organising rods, VRX Rod Gloves are the best-designed protective sleeves on the market.<\/p>\n<p>Unlike other models on the market, the tip is sleeved to protect the guide and prevent snagging in rod cases, rod boxes and during transport.<\/p>\n<p>In developing the Rod Gloves, VRX has succeeded in establishing the two ideal lengths for casting rods after testing a wide range of rods from various manufacturers<\/p>\n<p>The two sizes are<\/p>\n<p>\u2013 Std: Standard 5.25\u2033, ideal for rods measuring 6\u20195\u2033 to 7\u20195\u2033<br \/>\n\u2013 Xtra Long: Extra Long, ideal for rods measuring 7\u2032 to 8\u20195<\/p>\n<p><strong>This is the Micro Guide version. This version has very fine mesh to prevent the micro rings from passing through.<\/strong><\/p>\n<p>&nbsp;<\/p>","protected":false},"excerpt":{"rendered":"<p>&nbsp; Devenues indispensables sur tous les circuits pro pour ranger et organiser les cannes, les Rod Gloves de VRX sont les chaussettes de protection les mieux pens\u00e9es du march\u00e9. Contrairement \u00e0 d&rsquo;autres mod\u00e8les pr\u00e9sents sur le march\u00e9 le bout est sleev\u00e9 afin de pr\u00e9server l&rsquo;anneau de t\u00eate et \u00e9viter tout accros dans les Rod Case, [&hellip;]<\/p>\n","protected":false},"featured_media":28696,"comment_status":"open","ping_status":"closed","template":"","meta":{"_acf_changed":false},"product_brand":[1827],"product_cat":[1821,282],"product_tag":[1895],"class_list":{"0":"post-28802","1":"product","2":"type-product","3":"status-publish","4":"has-post-thumbnail","6":"product_brand-vrx-rod-glove","7":"product_cat-mesh","8":"product_cat-protection-pour-canne","9":"product_tag-nylon-casting-micro-guide-xl","10":"product_shipping_class-colissimo","12":"first","13":"instock","14":"sale","15":"taxable","16":"shipping-taxable","17":"purchasable","18":"product-type-simple"},"bundle_layout":"","bundled_by":[],"bundled_items":[],"acf":[],"_links":{"self":[{"href":"https:\/\/roulementcasting.com\/en\/wp-json\/wp\/v2\/product\/28802","targetHints":{"allow":["GET"]}}],"collection":[{"href":"https:\/\/roulementcasting.com\/en\/wp-json\/wp\/v2\/product"}],"about":[{"href":"https:\/\/roulementcasting.com\/en\/wp-json\/wp\/v2\/types\/product"}],"replies":[{"embeddable":true,"href":"https:\/\/roulementcasting.com\/en\/wp-json\/wp\/v2\/comments?post=28802"}],"version-history":[{"count":2,"href":"https:\/\/roulementcasting.com\/en\/wp-json\/wp\/v2\/product\/28802\/revisions"}],"predecessor-version":[{"id":28804,"href":"https:\/\/roulementcasting.com\/en\/wp-json\/wp\/v2\/product\/28802\/revisions\/28804"}],"wp:featuredmedia":[{"embeddable":true,"href":"https:\/\/roulementcasting.com\/en\/wp-json\/wp\/v2\/media\/28696"}],"wp:attachment":[{"href":"https:\/\/roulementcasting.com\/en\/wp-json\/wp\/v2\/media?parent=28802"}],"wp:term":[{"taxonomy":"product_brand","embeddable":true,"href":"https:\/\/roulementcasting.com\/en\/wp-json\/wp\/v2\/product_brand?post=28802"},{"taxonomy":"product_cat","embeddable":true,"href":"https:\/\/roulementcasting.com\/en\/wp-json\/wp\/v2\/product_cat?post=28802"},{"taxonomy":"product_tag","embeddable":true,"href":"https:\/\/roulementcasting.com\/en\/wp-json\/wp\/v2\/product_tag?post=28802"}],"curies":[{"name":"wp","href":"https:\/\/api.w.org\/{rel}","templated":true}]}}