{"id":28736,"date":"2025-12-20T04:51:32","date_gmt":"2025-12-20T02:51:32","guid":{"rendered":"https:\/\/roulementcasting.com\/?post_type=product&#038;p=28736"},"modified":"2025-12-22T16:44:39","modified_gmt":"2025-12-22T14:44:39","slug":"rod-glove-nylon-casting-std-gun-metal","status":"publish","type":"product","link":"https:\/\/roulementcasting.com\/en\/product\/rod-glove-nylon-casting-std-gun-metal\/","title":{"rendered":"Rod Glove Nylon Casting STD \u2013 Gun Metal"},"content":{"rendered":"<p><a href=\"http:\/\/roulementcasting.com\/wp-content\/uploads\/2013\/03\/Rod-Glove-Saver_Logo.png\"><img fetchpriority=\"high\" decoding=\"async\" class=\"aligncenter size-full wp-image-1345\" src=\"http:\/\/roulementcasting.com\/wp-content\/uploads\/2013\/03\/Rod-Glove-Saver_Logo.png\" alt=\"Rod-Glove-Saver_Logo\" width=\"600\" height=\"153\" srcset=\"https:\/\/roulementcasting.com\/wp-content\/uploads\/2013\/03\/Rod-Glove-Saver_Logo.png 600w, https:\/\/roulementcasting.com\/wp-content\/uploads\/2013\/03\/Rod-Glove-Saver_Logo-300x77.png 300w, https:\/\/roulementcasting.com\/wp-content\/uploads\/2013\/03\/Rod-Glove-Saver_Logo-442x113.png 442w\" sizes=\"(max-width: 600px) 100vw, 600px\" \/><\/a><\/p>\n<p>Now an essential item on every professional tour for storing and organising rods, VRX Rod Gloves are the best-designed protective sleeves on the market.<\/p>\n<p>Unlike other models on the market, the tip is sleeved to protect the guide and prevent snagging in rod cases, rod boxes and during transport.<\/p>\n<p><span style=\"line-height: 1.5;\">In developing the Rod Gloves, VRX has succeeded in determining the ideal lengths for casting rods after testing a wide range of rods from various manufacturers<\/span><\/p>\n<p>The 4 sizes are<\/p>\n<p>\u2013 Shorty: ideal for rods ranging from 6\u2032 to 6\u20196<br \/>\n\u2013 Std: Standard 5.25\u2033, ideal for rods ranging from 6\u20196\u2033 to 7\u20195\u2033<br \/>\n\u2013 Xtra Long: Extra Long, ideal for rods measuring 7\u2032 to 8\u20195<br \/>\n\u2013 <a title=\"Rod Glove Protection for Big Stick Casting Rod\" href=\"http:\/\/roulementcasting.com\/en\/product\/rod-glove-protection-pour-canne-casting-big-stick\/\">Big Stick<\/a> : For musky and big bait rods of 8 feet and over<\/p>\n<table class=\"custom-table\" summary=\"Sample Table\">\n<thead>\n<tr>\n<th style=\"text-align: center;\" scope=\"col\">Cane length (feet\/metres)<\/th>\n<th style=\"text-align: center;\" scope=\"col\">Rod glove recommended<\/th>\n<th style=\"text-align: center;\" scope=\"col\">Rod Glove length (feet\/metres)<\/th>\n<\/tr>\n<\/thead>\n<tbody>\n<tr>\n<td style=\"text-align: left;\">6\u2032 \/ 1.83 m<\/td>\n<td style=\"text-align: center;\">Shorty Casting<\/td>\n<td style=\"text-align: center;\">4\u20196\u2033 \/ 1.4 m<\/td>\n<\/tr>\n<tr>\n<td style=\"text-align: left;\">6\u20193\u2033 \/ 1.92 m<\/td>\n<td style=\"text-align: center;\">Shorty Casting<\/td>\n<td style=\"text-align: center;\">4\u20196\u2033 \/ 1.4 m<\/td>\n<\/tr>\n<tr>\n<td style=\"text-align: left;\">6\u20196\u2033 \/ 2m<\/td>\n<td style=\"text-align: center;\">Standard Casting<\/td>\n<td style=\"text-align: center;\">5\u20193\u2033 \/ 1.62 m<\/td>\n<\/tr>\n<tr>\n<td style=\"text-align: left;\">6\u20199\u2033 \/ 2.10 m<\/td>\n<td style=\"text-align: center;\">Standard Casting<\/td>\n<td style=\"text-align: center;\">5\u20193\u2033 \/ 1.62 m<\/td>\n<\/tr>\n<tr>\n<td style=\"text-align: left;\">7\u2032 \/ 2.13 m<\/td>\n<td style=\"text-align: center;\">Standard Casting<\/td>\n<td style=\"text-align: center;\">5\u20193\u2033 \/ 1.62 m<\/td>\n<\/tr>\n<tr>\n<td style=\"text-align: left;\">7\u20192\u2033 \/ 2.19 m<\/td>\n<td style=\"text-align: center;\">Standard Casting<\/td>\n<td style=\"text-align: center;\">5\u20193\u2033 \/ 1.62 m<\/td>\n<\/tr>\n<tr>\n<td style=\"text-align: left;\">7\u20194\u2033 \/ 2.25 m<\/td>\n<td style=\"text-align: center;\">Standard Casting<\/td>\n<td style=\"text-align: center;\">5\u20193\u2033 \/ 1.62 m<\/td>\n<\/tr>\n<tr>\n<td style=\"text-align: left;\">7\u20194\u2033 \/ 2.25 m<\/td>\n<td style=\"text-align: center;\">Casting XL<\/td>\n<td style=\"text-align: center;\">6\u2032 \/ 1.83 m<\/td>\n<\/tr>\n<tr>\n<td style=\"text-align: left;\">7\u20196\u2033 \/ 2.32 m<\/td>\n<td style=\"text-align: center;\">Standard Casting<\/td>\n<td style=\"text-align: center;\">5\u20193\u2033 \/ 1.62 m<\/td>\n<\/tr>\n<tr>\n<td style=\"text-align: left;\">7\u20196\u2033 \/ 2.32 m<\/td>\n<td style=\"text-align: center;\">Casting XL<\/td>\n<td style=\"text-align: center;\">6\u2032 \/ 1.83 m<\/td>\n<\/tr>\n<tr>\n<td style=\"text-align: left;\">7\u20197\u2033+ \/ 2.35 m and over<\/td>\n<td style=\"text-align: center;\">Casting XL<\/td>\n<td style=\"text-align: center;\">6\u2032 \/ 1.83 m<\/td>\n<\/tr>\n<tr>\n<td style=\"text-align: left;\">8\u2033 and over \/ 2.44 m and over<\/td>\n<td style=\"text-align: center;\">Big Stick Casting<\/td>\n<td style=\"text-align: center;\">7\u2032 \/ 2.13 m<\/td>\n<\/tr>\n<\/tbody>\n<\/table>\n<p>&nbsp;<\/p>\n<p>&nbsp;<\/p>","protected":false},"excerpt":{"rendered":"<p>Devenues indispensables sur tous les circuits pro pour ranger et organiser les cannes, les Rod Gloves de VRX sont les chaussettes de protection les mieux pens\u00e9es du march\u00e9. Contrairement \u00e0 d&rsquo;autres mod\u00e8les pr\u00e9sents sur le march\u00e9 le bout est sleev\u00e9 afin de pr\u00e9server l&rsquo;anneau de t\u00eate et \u00e9viter tout accros dans les Rod Case, les [&hellip;]<\/p>\n","protected":false},"featured_media":28697,"comment_status":"open","ping_status":"closed","template":"","meta":{"_acf_changed":false},"product_brand":[1827],"product_cat":[1821,282],"product_tag":[1886],"class_list":{"0":"post-28736","1":"product","2":"type-product","3":"status-publish","4":"has-post-thumbnail","6":"product_brand-vrx-rod-glove","7":"product_cat-mesh","8":"product_cat-protection-pour-canne","9":"product_tag-nylon-casting-std","10":"product_shipping_class-colissimo","12":"first","13":"instock","14":"sale","15":"taxable","16":"shipping-taxable","17":"purchasable","18":"product-type-simple"},"bundle_layout":"","bundled_by":[],"bundled_items":[],"acf":[],"_links":{"self":[{"href":"https:\/\/roulementcasting.com\/en\/wp-json\/wp\/v2\/product\/28736","targetHints":{"allow":["GET"]}}],"collection":[{"href":"https:\/\/roulementcasting.com\/en\/wp-json\/wp\/v2\/product"}],"about":[{"href":"https:\/\/roulementcasting.com\/en\/wp-json\/wp\/v2\/types\/product"}],"replies":[{"embeddable":true,"href":"https:\/\/roulementcasting.com\/en\/wp-json\/wp\/v2\/comments?post=28736"}],"version-history":[{"count":3,"href":"https:\/\/roulementcasting.com\/en\/wp-json\/wp\/v2\/product\/28736\/revisions"}],"predecessor-version":[{"id":28847,"href":"https:\/\/roulementcasting.com\/en\/wp-json\/wp\/v2\/product\/28736\/revisions\/28847"}],"wp:featuredmedia":[{"embeddable":true,"href":"https:\/\/roulementcasting.com\/en\/wp-json\/wp\/v2\/media\/28697"}],"wp:attachment":[{"href":"https:\/\/roulementcasting.com\/en\/wp-json\/wp\/v2\/media?parent=28736"}],"wp:term":[{"taxonomy":"product_brand","embeddable":true,"href":"https:\/\/roulementcasting.com\/en\/wp-json\/wp\/v2\/product_brand?post=28736"},{"taxonomy":"product_cat","embeddable":true,"href":"https:\/\/roulementcasting.com\/en\/wp-json\/wp\/v2\/product_cat?post=28736"},{"taxonomy":"product_tag","embeddable":true,"href":"https:\/\/roulementcasting.com\/en\/wp-json\/wp\/v2\/product_tag?post=28736"}],"curies":[{"name":"wp","href":"https:\/\/api.w.org\/{rel}","templated":true}]}}