{"id":2866,"date":"2014-03-31T16:00:00","date_gmt":"2014-03-31T14:00:00","guid":{"rendered":"http:\/\/roulementcasting.com\/boutique\/reel-glove-protection-pour-moulinet-spinning\/"},"modified":"2026-01-12T18:24:05","modified_gmt":"2026-01-12T16:24:05","slug":"reel-glove-protection-pour-moulinet-spinning","status":"publish","type":"product","link":"https:\/\/roulementcasting.com\/en\/product\/reel-glove-protection-pour-moulinet-spinning\/","title":{"rendered":"Reel Glove \u2013 Spinning Reel Protector"},"content":{"rendered":"<p><img fetchpriority=\"high\" decoding=\"async\" class=\"aligncenter size-full wp-image-1352\" src=\"http:\/\/roulementcasting.com\/wp-content\/uploads\/2013\/03\/Reel-Glove-Logo.png\" alt=\"Reel-Glove-Logo\" width=\"700\" height=\"179\" srcset=\"https:\/\/roulementcasting.com\/wp-content\/uploads\/2013\/03\/Reel-Glove-Logo.png 700w, https:\/\/roulementcasting.com\/wp-content\/uploads\/2013\/03\/Reel-Glove-Logo-300x77.png 300w, https:\/\/roulementcasting.com\/wp-content\/uploads\/2013\/03\/Reel-Glove-Logo-442x113.png 442w, https:\/\/roulementcasting.com\/wp-content\/uploads\/2013\/03\/Reel-Glove-Logo-600x153.png 600w\" sizes=\"(max-width: 700px) 100vw, 700px\" \/><\/p>\n<p>After testing several protective covers for reels, RoulementCasting.com has chosen to stock Reel Gloves due to their impeccable design and craftsmanship.<\/p>\n<p>\u2013 Sustainable<br \/>\n\u2013 Made from high-quality stretch neoprene<br \/>\n\u2013 Quick to set up, even when the reel is already mounted on the rod<\/p>\n<p>One size fits all, suitable for sizes 2500 and above<\/p>\n<p>&nbsp;<\/p>","protected":false},"excerpt":{"rendered":"<p>Apr\u00e8s avoir test\u00e9 plusieurs housses de protection pour moulinets, RoulementCasting.com a choisi\u00a0de distribuer les Reel Gloves pour leur conception et leur fabrication irr\u00e9prochables. &#8211; Durable &#8211; Fabriqu\u00e9 \u00e0 partir de n\u00e9opr\u00e8ne \u00e9tirable de haute qualit\u00e9 &#8211; Mise en place rapide m\u00eame si le moulinet est mont\u00e9 sur la canne Taille unique, convient pour les Tailles [&hellip;]<\/p>\n","protected":false},"featured_media":25341,"comment_status":"open","ping_status":"closed","template":"","meta":{"_acf_changed":false},"product_brand":[1827],"product_cat":[1837],"product_tag":[],"class_list":{"0":"post-2866","1":"product","2":"type-product","3":"status-publish","4":"has-post-thumbnail","6":"product_brand-vrx-rod-glove","7":"product_cat-protections-moulinets","8":"product_shipping_class-colissimo","10":"first","11":"instock","12":"sale","13":"featured","14":"taxable","15":"shipping-taxable","16":"purchasable","17":"product-type-simple"},"bundle_layout":"","bundled_by":[],"bundled_items":[],"acf":[],"_links":{"self":[{"href":"https:\/\/roulementcasting.com\/en\/wp-json\/wp\/v2\/product\/2866","targetHints":{"allow":["GET"]}}],"collection":[{"href":"https:\/\/roulementcasting.com\/en\/wp-json\/wp\/v2\/product"}],"about":[{"href":"https:\/\/roulementcasting.com\/en\/wp-json\/wp\/v2\/types\/product"}],"replies":[{"embeddable":true,"href":"https:\/\/roulementcasting.com\/en\/wp-json\/wp\/v2\/comments?post=2866"}],"version-history":[{"count":0,"href":"https:\/\/roulementcasting.com\/en\/wp-json\/wp\/v2\/product\/2866\/revisions"}],"wp:featuredmedia":[{"embeddable":true,"href":"https:\/\/roulementcasting.com\/en\/wp-json\/wp\/v2\/media\/25341"}],"wp:attachment":[{"href":"https:\/\/roulementcasting.com\/en\/wp-json\/wp\/v2\/media?parent=2866"}],"wp:term":[{"taxonomy":"product_brand","embeddable":true,"href":"https:\/\/roulementcasting.com\/en\/wp-json\/wp\/v2\/product_brand?post=2866"},{"taxonomy":"product_cat","embeddable":true,"href":"https:\/\/roulementcasting.com\/en\/wp-json\/wp\/v2\/product_cat?post=2866"},{"taxonomy":"product_tag","embeddable":true,"href":"https:\/\/roulementcasting.com\/en\/wp-json\/wp\/v2\/product_tag?post=2866"}],"curies":[{"name":"wp","href":"https:\/\/api.w.org\/{rel}","templated":true}]}}