{"id":28127,"date":"2025-12-08T14:16:29","date_gmt":"2025-12-08T12:16:29","guid":{"rendered":"https:\/\/roulementcasting.com\/?post_type=product&#038;p=28127"},"modified":"2026-04-07T07:30:28","modified_gmt":"2026-04-07T05:30:28","slug":"slp-works-graisse-maintenance-300","status":"publish","type":"product","link":"https:\/\/roulementcasting.com\/en\/product\/slp-works-graisse-maintenance-300\/","title":{"rendered":"SLP WORKS Maintenance Grease 300"},"content":{"rendered":"<p>This grease is used by the technical team at DAIWA Japan.<\/p>\n<p>It helps prevent corrosion and lubricate the parts of Daiwa casting reels, such as:<\/p>\n<ul>\n<li>Drive wheel &amp; pinion<\/li>\n<\/ul>\n<p>Regular use helps to extend the lifespan of Daiwa reels.<\/p>\n<p>Net weight: 10 g<\/p>\n<p>*DO NOT USE on brake discs, backstops or spool bearings<\/p>","protected":false},"excerpt":{"rendered":"<p>Cette graisse est utilis\u00e9e par le staff technique de DAIWA Japon. Elle permet de pr\u00e9venir la corrosion et lubrifier les pi\u00e8ces des moulinets Daiwa casting comme notamment : Roue de commande &amp; pinion Une application r\u00e9guli\u00e8re permet de prolonger la dur\u00e9e de vie des moulinets Daiwa. Contenance : 10 gr *NE PAS UTILISER pour les [&hellip;]<\/p>\n","protected":false},"featured_media":28128,"comment_status":"open","ping_status":"closed","template":"","meta":{"_acf_changed":false},"product_brand":[1828,1834],"product_cat":[1841],"product_tag":[],"class_list":{"0":"post-28127","1":"product","2":"type-product","3":"status-publish","4":"has-post-thumbnail","6":"product_brand-daiwa","7":"product_brand-slp-works","8":"product_cat-graisse","9":"product_shipping_class-colissimo","11":"first","12":"instock","13":"taxable","14":"shipping-taxable","15":"purchasable","16":"product-type-simple"},"bundle_layout":"","bundled_by":[],"bundled_items":[],"acf":[],"_links":{"self":[{"href":"https:\/\/roulementcasting.com\/en\/wp-json\/wp\/v2\/product\/28127","targetHints":{"allow":["GET"]}}],"collection":[{"href":"https:\/\/roulementcasting.com\/en\/wp-json\/wp\/v2\/product"}],"about":[{"href":"https:\/\/roulementcasting.com\/en\/wp-json\/wp\/v2\/types\/product"}],"replies":[{"embeddable":true,"href":"https:\/\/roulementcasting.com\/en\/wp-json\/wp\/v2\/comments?post=28127"}],"version-history":[{"count":1,"href":"https:\/\/roulementcasting.com\/en\/wp-json\/wp\/v2\/product\/28127\/revisions"}],"predecessor-version":[{"id":29336,"href":"https:\/\/roulementcasting.com\/en\/wp-json\/wp\/v2\/product\/28127\/revisions\/29336"}],"wp:featuredmedia":[{"embeddable":true,"href":"https:\/\/roulementcasting.com\/en\/wp-json\/wp\/v2\/media\/28128"}],"wp:attachment":[{"href":"https:\/\/roulementcasting.com\/en\/wp-json\/wp\/v2\/media?parent=28127"}],"wp:term":[{"taxonomy":"product_brand","embeddable":true,"href":"https:\/\/roulementcasting.com\/en\/wp-json\/wp\/v2\/product_brand?post=28127"},{"taxonomy":"product_cat","embeddable":true,"href":"https:\/\/roulementcasting.com\/en\/wp-json\/wp\/v2\/product_cat?post=28127"},{"taxonomy":"product_tag","embeddable":true,"href":"https:\/\/roulementcasting.com\/en\/wp-json\/wp\/v2\/product_tag?post=28127"}],"curies":[{"name":"wp","href":"https:\/\/api.w.org\/{rel}","templated":true}]}}