{"id":2796,"date":"2014-03-26T10:23:32","date_gmt":"2014-03-26T08:23:32","guid":{"rendered":"http:\/\/roulementcasting.com\/boutique\/daiwa-2014-ss-sv\/"},"modified":"2025-12-15T18:29:17","modified_gmt":"2025-12-15T16:29:17","slug":"daiwa-2014-ss-sv","status":"publish","type":"product","link":"https:\/\/roulementcasting.com\/en\/product\/daiwa-2014-ss-sv\/","title":{"rendered":"Daiwa SS SV"},"content":{"rendered":"<p style=\"text-align: center;\"><img fetchpriority=\"high\" decoding=\"async\" class=\"aligncenter wp-image-2799\" src=\"http:\/\/roulementcasting.com\/wp-content\/uploads\/ss-sv-Une.jpg\" alt=\"ss-sv Une\" width=\"760\" height=\"400\" srcset=\"https:\/\/roulementcasting.com\/wp-content\/uploads\/ss-sv-Une.jpg 950w, https:\/\/roulementcasting.com\/wp-content\/uploads\/ss-sv-Une-300x158.jpg 300w, https:\/\/roulementcasting.com\/wp-content\/uploads\/ss-sv-Une-768x404.jpg 768w, https:\/\/roulementcasting.com\/wp-content\/uploads\/ss-sv-Une-442x233.jpg 442w, https:\/\/roulementcasting.com\/wp-content\/uploads\/ss-sv-Une-600x315.jpg 600w\" sizes=\"(max-width: 760px) 100vw, 760px\" \/><\/p>\n<p><img decoding=\"async\" class=\"aligncenter size-full wp-image-2800\" src=\"http:\/\/roulementcasting.com\/wp-content\/uploads\/SS_SV_103_view.jpg\" alt=\"SS_SV_103_view\" width=\"720\" height=\"505\" srcset=\"https:\/\/roulementcasting.com\/wp-content\/uploads\/SS_SV_103_view.jpg 720w, https:\/\/roulementcasting.com\/wp-content\/uploads\/SS_SV_103_view-300x210.jpg 300w, https:\/\/roulementcasting.com\/wp-content\/uploads\/SS_SV_103_view-442x310.jpg 442w, https:\/\/roulementcasting.com\/wp-content\/uploads\/SS_SV_103_view-600x420.jpg 600w\" sizes=\"(max-width: 720px) 100vw, 720px\" \/><\/p>\n<p><img decoding=\"async\" class=\"aligncenter size-full wp-image-2801\" src=\"http:\/\/roulementcasting.com\/wp-content\/uploads\/SS_SV_103SH_view.jpg\" alt=\"SS_SV_103SH_view\" width=\"720\" height=\"206\" srcset=\"https:\/\/roulementcasting.com\/wp-content\/uploads\/SS_SV_103SH_view.jpg 720w, https:\/\/roulementcasting.com\/wp-content\/uploads\/SS_SV_103SH_view-300x86.jpg 300w, https:\/\/roulementcasting.com\/wp-content\/uploads\/SS_SV_103SH_view-442x126.jpg 442w, https:\/\/roulementcasting.com\/wp-content\/uploads\/SS_SV_103SH_view-600x171.jpg 600w\" sizes=\"(max-width: 720px) 100vw, 720px\" \/><\/p>\n<p>&nbsp;<\/p>\n<table class=\"custom-table\" summary=\"Sample Table\">\n<thead>\n<tr>\n<th style=\"text-align: center;\" scope=\"col\">Model<\/th>\n<th style=\"text-align: center;\" scope=\"col\">Crank<\/th>\n<th style=\"text-align: center;\" scope=\"col\">Ratio<\/th>\n<th style=\"text-align: center;\" scope=\"col\">Recovery<\/th>\n<th style=\"text-align: center;\" scope=\"col\">Weight<\/th>\n<th style=\"text-align: center;\" scope=\"col\">Brake<\/th>\n<th style=\"text-align: center;\" scope=\"col\">Bearings<\/th>\n<th style=\"text-align: center;\" scope=\"col\">Capacity<\/th>\n<\/tr>\n<\/thead>\n<tbody>\n<tr>\n<td style=\"text-align: left;\">SS SV 103<\/td>\n<td style=\"text-align: center;\">Right<\/td>\n<td style=\"text-align: center;\">5.3<\/td>\n<td style=\"text-align: center;\">56 cm<\/td>\n<td style=\"text-align: center;\">150g<\/td>\n<td style=\"text-align: center;\">4 kg<\/td>\n<td style=\"text-align: center;\">7+1<\/td>\n<td style=\"text-align: center;\">0.30 mm\/90 m<\/td>\n<\/tr>\n<tr>\n<td style=\"text-align: left;\">SS SV 103L<\/td>\n<td style=\"text-align: center;\">Left<\/td>\n<td style=\"text-align: center;\">5.3<\/td>\n<td style=\"text-align: center;\">56 cm<\/td>\n<td style=\"text-align: center;\">150g<\/td>\n<td style=\"text-align: center;\">4 kg<\/td>\n<td style=\"text-align: center;\">7+1<\/td>\n<td style=\"text-align: center;\">0.30 mm\/90 m<\/td>\n<\/tr>\n<tr>\n<td style=\"text-align: left;\">SS SV 103H<\/td>\n<td style=\"text-align: center;\">Right<\/td>\n<td style=\"text-align: center;\">6.3<\/td>\n<td style=\"text-align: center;\">67 cm<\/td>\n<td style=\"text-align: center;\">150g<\/td>\n<td style=\"text-align: center;\">4 kg<\/td>\n<td style=\"text-align: center;\">7+1<\/td>\n<td style=\"text-align: center;\">0.30 mm\/90 m<\/td>\n<\/tr>\n<tr>\n<td style=\"text-align: left;\">SS SV 103HL<\/td>\n<td style=\"text-align: center;\">Left<\/td>\n<td style=\"text-align: center;\">6.3<\/td>\n<td style=\"text-align: center;\">67 cm<\/td>\n<td style=\"text-align: center;\">150g<\/td>\n<td style=\"text-align: center;\">4 kg<\/td>\n<td style=\"text-align: center;\">7+1<\/td>\n<td style=\"text-align: center;\">0.30 mm\/90 m<\/td>\n<\/tr>\n<tr>\n<td style=\"text-align: left;\">SS SV 103SH<\/td>\n<td style=\"text-align: center;\">Right<\/td>\n<td style=\"text-align: center;\">7.1<\/td>\n<td style=\"text-align: center;\">75 cm<\/td>\n<td style=\"text-align: center;\">150g<\/td>\n<td style=\"text-align: center;\">4 kg<\/td>\n<td style=\"text-align: center;\">7+1<\/td>\n<td style=\"text-align: center;\">0.30 mm\/90 m<\/td>\n<\/tr>\n<tr>\n<td style=\"text-align: left;\">SS SV 103SHL<\/td>\n<td style=\"text-align: center;\">Left<\/td>\n<td style=\"text-align: center;\">7.1<\/td>\n<td style=\"text-align: center;\">75 cm<\/td>\n<td style=\"text-align: center;\">150g<\/td>\n<td style=\"text-align: center;\">4 kg<\/td>\n<td style=\"text-align: center;\">7+1<\/td>\n<td style=\"text-align: center;\">0.30 mm\/90 m<\/td>\n<\/tr>\n<\/tbody>\n<\/table>\n<p><strong>The SS SV models are the successors to the famous TD Z<\/strong>.<\/p>\n<ul>\n<li><strong>Air Brake System:<\/strong> \u00a0The AIR Brake system developed by Daiwa Japan makes it easier and quicker to spin the spool, whilst reducing the risk of line tangles.<\/li>\n<\/ul>\n<p><img loading=\"lazy\" decoding=\"async\" class=\"aligncenter size-full wp-image-2629\" src=\"http:\/\/roulementcasting.com\/wp-content\/uploads\/airbrake.jpg\" alt=\"airbrake\" width=\"200\" height=\"192\" \/><\/p>\n<ul>\n<li><strong>Spool SV<\/strong>: Crafted from high-grade Duralium, DAIWA\u2019s SV reel is one of the key components underpinning the performance of the SV series (T3SV, Steez SV, SS SV). Stiffer than magnesium, Duralium offers the best weight-to-performance ratio. SV reels offer great versatility.<\/li>\n<\/ul>\n<p><img loading=\"lazy\" decoding=\"async\" class=\"aligncenter size-full wp-image-2802\" src=\"http:\/\/roulementcasting.com\/wp-content\/uploads\/SSSV_spool.jpg\" alt=\"SSSV_spool\" width=\"230\" height=\"154\" \/><\/p>\n<ul>\n<li>\u00a0<strong>AIR METAL<\/strong> : The AIR metal frame provides the rigidity needed to prevent any distortion during playback.<\/li>\n<\/ul>\n<p><img loading=\"lazy\" decoding=\"async\" class=\"aligncenter size-full wp-image-2803\" src=\"http:\/\/roulementcasting.com\/wp-content\/uploads\/SSSV_sideplate.jpg\" alt=\"SSSV_sideplate\" width=\"230\" height=\"154\" \/><\/p>\n<ul>\n<li><strong>AIR Brake<\/strong> : The AIR Brake offers 20 different settings to suit all lures.<\/li>\n<\/ul>\n<p><img loading=\"lazy\" decoding=\"async\" class=\"aligncenter size-full wp-image-2632\" src=\"http:\/\/roulementcasting.com\/wp-content\/uploads\/SSAIR_BrakeDial.jpg\" alt=\"SSAIR_BrakeDial\" width=\"230\" height=\"154\" \/><\/p>\n<ul>\n<li><strong>UTD (Ultimate Tournament Drake) audio\u00a0<\/strong>: The SS SV uses carbon washers to deliver the best balance of smoothness and performance currently available on the market. The SS AIR will enable you to respond quickly to unexpected rushes.<\/li>\n<\/ul>\n<p><img loading=\"lazy\" decoding=\"async\" class=\"aligncenter size-full wp-image-2633\" src=\"http:\/\/roulementcasting.com\/wp-content\/uploads\/SSAIR_UTD.jpg\" alt=\"SSAIR_UTD\" width=\"230\" height=\"154\" \/><\/p>\n<ul>\n<li><strong>Crank Handle 80mm<\/strong><\/li>\n<\/ul>\n<p><img loading=\"lazy\" decoding=\"async\" class=\"aligncenter size-full wp-image-2804\" src=\"http:\/\/roulementcasting.com\/wp-content\/uploads\/SSSV_handle.jpg\" alt=\"SSSV_handle\" width=\"230\" height=\"154\" \/><\/p>\n<ul>\n<li><strong>Speed Shaft:<\/strong> When the reel is cast, it is completely disengaged from the pinion, resting solely on the two bearings to ensure smooth rotation.<\/li>\n<\/ul>\n<p><img loading=\"lazy\" decoding=\"async\" class=\"aligncenter size-full wp-image-2805\" src=\"http:\/\/roulementcasting.com\/wp-content\/uploads\/SSSV_speedshaft.jpg\" alt=\"SSSV_speedshaft\" width=\"230\" height=\"154\" \/><\/p>","protected":false},"excerpt":{"rendered":"<p>&nbsp; Mod\u00e8le Manivelle Ratio R\u00e9cup\u00e9ration Poids Frein Roulements Capacit\u00e9 SS SV 103 Droite 5.3 56cm 150gr 4kg 7+1 0.30mm\/90m SS SV 103L Gauche 5.3 56cm 150gr 4kg 7+1 0.30mm\/90m SS SV 103H Droite 6.3 67cm 150gr 4kg 7+1 0.30mm\/90m SS SV 103HL Gauche 6.3 67cm 150gr 4kg 7+1 0.30mm\/90m SS SV 103SH Droite 7.1 75cm [&hellip;]<\/p>\n","protected":false},"featured_media":21563,"comment_status":"open","ping_status":"closed","template":"","meta":{"_acf_changed":false},"product_brand":[],"product_cat":[1882],"product_tag":[],"class_list":{"0":"post-2796","1":"product","2":"type-product","3":"status-publish","4":"has-post-thumbnail","6":"product_cat-moulinet-archive","7":"pa_ss-sv-ss-sv-103","8":"pa_ss-sv-ss-sv-103h","9":"pa_ss-sv-ss-sv-103hl","10":"pa_ss-sv-ss-sv-103l","11":"pa_ss-sv-ss-sv-103sh","12":"pa_ss-sv-ss-sv-103shl","14":"first","15":"outofstock","16":"taxable","17":"shipping-taxable","18":"product-type-simple"},"bundle_layout":"","bundled_by":[],"bundled_items":[],"acf":[],"_links":{"self":[{"href":"https:\/\/roulementcasting.com\/en\/wp-json\/wp\/v2\/product\/2796","targetHints":{"allow":["GET"]}}],"collection":[{"href":"https:\/\/roulementcasting.com\/en\/wp-json\/wp\/v2\/product"}],"about":[{"href":"https:\/\/roulementcasting.com\/en\/wp-json\/wp\/v2\/types\/product"}],"replies":[{"embeddable":true,"href":"https:\/\/roulementcasting.com\/en\/wp-json\/wp\/v2\/comments?post=2796"}],"version-history":[{"count":2,"href":"https:\/\/roulementcasting.com\/en\/wp-json\/wp\/v2\/product\/2796\/revisions"}],"predecessor-version":[{"id":28390,"href":"https:\/\/roulementcasting.com\/en\/wp-json\/wp\/v2\/product\/2796\/revisions\/28390"}],"wp:featuredmedia":[{"embeddable":true,"href":"https:\/\/roulementcasting.com\/en\/wp-json\/wp\/v2\/media\/21563"}],"wp:attachment":[{"href":"https:\/\/roulementcasting.com\/en\/wp-json\/wp\/v2\/media?parent=2796"}],"wp:term":[{"taxonomy":"product_brand","embeddable":true,"href":"https:\/\/roulementcasting.com\/en\/wp-json\/wp\/v2\/product_brand?post=2796"},{"taxonomy":"product_cat","embeddable":true,"href":"https:\/\/roulementcasting.com\/en\/wp-json\/wp\/v2\/product_cat?post=2796"},{"taxonomy":"product_tag","embeddable":true,"href":"https:\/\/roulementcasting.com\/en\/wp-json\/wp\/v2\/product_tag?post=2796"}],"curies":[{"name":"wp","href":"https:\/\/api.w.org\/{rel}","templated":true}]}}