{"id":2645,"date":"2014-02-27T11:30:47","date_gmt":"2014-02-27T09:30:47","guid":{"rendered":"http:\/\/roulementcasting.com\/?post_type=product&#038;p=2645"},"modified":"2025-12-15T18:29:33","modified_gmt":"2025-12-15T16:29:33","slug":"abu-garcia-big-shooter-compact","status":"publish","type":"product","link":"https:\/\/roulementcasting.com\/en\/product\/abu-garcia-big-shooter-compact\/","title":{"rendered":"Abu Garcia Big Shooter Compact"},"content":{"rendered":"<table class=\"custom-table\" summary=\"Sample Table\">\n<thead>\n<tr>\n<th style=\"text-align: center;\" scope=\"col\">Model<\/th>\n<th style=\"text-align: center;\" scope=\"col\">Crank<\/th>\n<th style=\"text-align: center;\" scope=\"col\">Ratio<\/th>\n<th style=\"text-align: center;\" scope=\"col\">Recovery<\/th>\n<th style=\"text-align: center;\" scope=\"col\">Weight<\/th>\n<th style=\"text-align: center;\" scope=\"col\">Brake<\/th>\n<th style=\"text-align: center;\" scope=\"col\">Bearings<\/th>\n<th style=\"text-align: center;\" scope=\"col\">Capacity<\/th>\n<\/tr>\n<\/thead>\n<tbody>\n<tr>\n<td style=\"text-align: left;\">Right Hand<\/td>\n<td style=\"text-align: center;\">Right<\/td>\n<td style=\"text-align: center;\">8.0:1<\/td>\n<td style=\"text-align: center;\">83 cm<\/td>\n<td style=\"text-align: center;\">239gr<\/td>\n<td style=\"text-align: center;\">7 kg<\/td>\n<td style=\"text-align: center;\">7+1<\/td>\n<td style=\"text-align: center;\">0.37 mm\/100 m<\/td>\n<\/tr>\n<tr>\n<td style=\"text-align: left;\">Left Hand<\/td>\n<td style=\"text-align: center;\">Left<\/td>\n<td style=\"text-align: center;\">8.0:1<\/td>\n<td style=\"text-align: center;\">83 cm<\/td>\n<td style=\"text-align: center;\">239gr<\/td>\n<td style=\"text-align: center;\">7 kg<\/td>\n<td style=\"text-align: center;\">7+1<\/td>\n<td style=\"text-align: center;\">0.37 mm\/100 m<\/td>\n<\/tr>\n<\/tbody>\n<\/table>\n<p>Le Big Shooter Compact est le moulinet id\u00e9al pour ceux qui recherche un moulinet Big Bait dans un b\u00e2ti compact. Avec son b\u00e2ti en Aluminium, son rev\u00eatement titane et ses pignons surdimensionn\u00e9s en laiton, le Revo Big Shooter est le moulinet id\u00e9al pour sortir en force les poissons des obstacles, p\u00eacher avec des big bait et sur les c\u00f4tes. Il fait \u00e9galement merveille pour le Shad en traction dans les grands lacs ou sa vitesse de r\u00e9cup\u00e9ration permet de ne pas louper les attaques cannes hautes et sa robustesse permet d&rsquo;encaisser des leurres lourd sans souffrir.<\/p>\n<ul>\n<li><strong>Frein Magtrax II<\/strong> : Lancer des gros leurres dans des grand lacs, en mer et face \u00e0 un vent important n\u00e9cessite un frein puissant. Le Revo Big Shooter Compact est \u00e9quip\u00e9 du frein Magtrax II sp\u00e9cialement \u00e9tudi\u00e9 pour faire face \u00e0 ces situations<\/li>\n<\/ul>\n<p><img fetchpriority=\"high\" decoding=\"async\" class=\"alignnone\" src=\"http:\/\/roulementcasting.com\/wp-content\/uploads\/BigShooterCompact-Brake-e1393495388485.jpg\" alt=\"\" width=\"700\" height=\"467\" \/><\/p>\n<ul>\n<li><strong>Rev\u00eatement\u00a0Titane\u00a0<\/strong><\/li>\n<\/ul>\n<p style=\"text-align: center;\"><a href=\"http:\/\/roulementcasting.com\/en\/boutique\/abu-garcia-big-shooter-compact\/bigshootercompact-sideplate\/\" rel=\"attachment wp-att-2648\"><img decoding=\"async\" class=\"aligncenter wp-image-2648\" src=\"http:\/\/roulementcasting.com\/wp-content\/uploads\/BigShooterCompact-Sideplate.jpg\" alt=\"BigShooterCompact Sideplate\" width=\"700\" height=\"467\" srcset=\"https:\/\/roulementcasting.com\/wp-content\/uploads\/BigShooterCompact-Sideplate.jpg 1000w, https:\/\/roulementcasting.com\/wp-content\/uploads\/BigShooterCompact-Sideplate-300x200.jpg 300w, https:\/\/roulementcasting.com\/wp-content\/uploads\/BigShooterCompact-Sideplate-768x512.jpg 768w, https:\/\/roulementcasting.com\/wp-content\/uploads\/BigShooterCompact-Sideplate-442x295.jpg 442w, https:\/\/roulementcasting.com\/wp-content\/uploads\/BigShooterCompact-Sideplate-600x400.jpg 600w\" sizes=\"(max-width: 700px) 100vw, 700px\" \/><\/a><\/p>\n<ul>\n<li><strong>Manivelle Aluminium 95mm<\/strong> : La manivelle du Revo Big Shooter Compact est taill\u00e9e pour le combat. De forme Offset (Crank) elle fait 95mm de longueur et 4mm d&rsquo;\u00e9paisseur<\/li>\n<\/ul>\n<p style=\"text-align: center;\"><img decoding=\"async\" class=\"aligncenter wp-image-2649\" src=\"http:\/\/roulementcasting.com\/wp-content\/uploads\/BigShooterCompact-Handle2.jpg\" alt=\"BigShooterCompact Handle2\" width=\"700\" height=\"467\" srcset=\"https:\/\/roulementcasting.com\/wp-content\/uploads\/BigShooterCompact-Handle2.jpg 1000w, https:\/\/roulementcasting.com\/wp-content\/uploads\/BigShooterCompact-Handle2-300x200.jpg 300w, https:\/\/roulementcasting.com\/wp-content\/uploads\/BigShooterCompact-Handle2-768x512.jpg 768w, https:\/\/roulementcasting.com\/wp-content\/uploads\/BigShooterCompact-Handle2-442x295.jpg 442w, https:\/\/roulementcasting.com\/wp-content\/uploads\/BigShooterCompact-Handle2-600x400.jpg 600w\" sizes=\"(max-width: 700px) 100vw, 700px\" \/><\/p>\n<p style=\"text-align: center;\"><img loading=\"lazy\" decoding=\"async\" class=\"aligncenter wp-image-2654\" src=\"http:\/\/roulementcasting.com\/wp-content\/uploads\/BigShooterCompact-Handle-3.jpg\" alt=\"BigShooterCompact Handle 3\" width=\"700\" height=\"467\" srcset=\"https:\/\/roulementcasting.com\/wp-content\/uploads\/BigShooterCompact-Handle-3.jpg 1000w, https:\/\/roulementcasting.com\/wp-content\/uploads\/BigShooterCompact-Handle-3-300x200.jpg 300w, https:\/\/roulementcasting.com\/wp-content\/uploads\/BigShooterCompact-Handle-3-768x512.jpg 768w, https:\/\/roulementcasting.com\/wp-content\/uploads\/BigShooterCompact-Handle-3-442x295.jpg 442w, https:\/\/roulementcasting.com\/wp-content\/uploads\/BigShooterCompact-Handle-3-600x400.jpg 600w\" sizes=\"(max-width: 700px) 100vw, 700px\" \/><\/p>\n<ul>\n<li><strong>Poign\u00e9es (Knobs) EVA<\/strong> surdimensionn\u00e9es<\/li>\n<\/ul>\n<p style=\"text-align: center;\"><a href=\"http:\/\/roulementcasting.com\/en\/boutique\/abu-garcia-big-shooter-compact\/bigshootercompact-handle\/\" rel=\"attachment wp-att-2651\"><img loading=\"lazy\" decoding=\"async\" class=\"aligncenter wp-image-2651\" src=\"http:\/\/roulementcasting.com\/wp-content\/uploads\/BigShooterCompact-Handle.jpg\" alt=\"BigShooterCompact Handle\" width=\"700\" height=\"467\" srcset=\"https:\/\/roulementcasting.com\/wp-content\/uploads\/BigShooterCompact-Handle.jpg 1000w, https:\/\/roulementcasting.com\/wp-content\/uploads\/BigShooterCompact-Handle-300x200.jpg 300w, https:\/\/roulementcasting.com\/wp-content\/uploads\/BigShooterCompact-Handle-768x512.jpg 768w, https:\/\/roulementcasting.com\/wp-content\/uploads\/BigShooterCompact-Handle-442x295.jpg 442w, https:\/\/roulementcasting.com\/wp-content\/uploads\/BigShooterCompact-Handle-600x400.jpg 600w\" sizes=\"(max-width: 700px) 100vw, 700px\" \/><\/a><\/p>\n<ul>\n<li><strong>Engrenages surdimensionn\u00e9s en laiton<\/strong> pour une r\u00e9sistance et une puissance maximum face aux gros poissons<\/li>\n<\/ul>\n<p style=\"text-align: center;\"><a href=\"http:\/\/roulementcasting.com\/en\/boutique\/abu-garcia-big-shooter-compact\/bigshootercompact-engrenages\/\" rel=\"attachment wp-att-2652\"><img loading=\"lazy\" decoding=\"async\" class=\"aligncenter wp-image-2652\" src=\"http:\/\/roulementcasting.com\/wp-content\/uploads\/BigShooterCompact-Engrenages.jpg\" alt=\"BigShooterCompact Engrenages\" width=\"700\" height=\"467\" srcset=\"https:\/\/roulementcasting.com\/wp-content\/uploads\/BigShooterCompact-Engrenages.jpg 1000w, https:\/\/roulementcasting.com\/wp-content\/uploads\/BigShooterCompact-Engrenages-300x200.jpg 300w, https:\/\/roulementcasting.com\/wp-content\/uploads\/BigShooterCompact-Engrenages-768x512.jpg 768w, https:\/\/roulementcasting.com\/wp-content\/uploads\/BigShooterCompact-Engrenages-442x295.jpg 442w, https:\/\/roulementcasting.com\/wp-content\/uploads\/BigShooterCompact-Engrenages-600x400.jpg 600w\" sizes=\"(max-width: 700px) 100vw, 700px\" \/><\/a><\/p>\n<ul>\n<li><strong>Bobine \u00e0 forte capacit\u00e9<\/strong><\/li>\n<\/ul>\n<p style=\"text-align: left;\"><a href=\"http:\/\/roulementcasting.com\/en\/boutique\/abu-garcia-big-shooter-compact\/bigshootercompact-capacite\/\" rel=\"attachment wp-att-2653\"><img loading=\"lazy\" decoding=\"async\" class=\"aligncenter wp-image-2653\" src=\"http:\/\/roulementcasting.com\/wp-content\/uploads\/BigShooterCompact-Capacit\u00e9.jpg\" alt=\"BigShooterCompact Capacit\u00e9\" width=\"700\" height=\"467\" srcset=\"https:\/\/roulementcasting.com\/wp-content\/uploads\/BigShooterCompact-Capacit\u00e9.jpg 1000w, https:\/\/roulementcasting.com\/wp-content\/uploads\/BigShooterCompact-Capacit\u00e9-300x200.jpg 300w, https:\/\/roulementcasting.com\/wp-content\/uploads\/BigShooterCompact-Capacit\u00e9-768x512.jpg 768w, https:\/\/roulementcasting.com\/wp-content\/uploads\/BigShooterCompact-Capacit\u00e9-442x295.jpg 442w, https:\/\/roulementcasting.com\/wp-content\/uploads\/BigShooterCompact-Capacit\u00e9-600x400.jpg 600w\" sizes=\"(max-width: 700px) 100vw, 700px\" \/><\/a>Galerie<\/p>\n<p><a title=\"Big Shooter Compact #5 de RoulementCasting.com, sur Flickr\" href=\"https:\/\/www.flickr.com\/photos\/bjules\/14136333890\/\" target=\"_blank\" rel=\"noopener\"><img loading=\"lazy\" decoding=\"async\" src=\"https:\/\/farm6.staticflickr.com\/5509\/14136333890_f8134fb2c2_c.jpg\" alt=\"Big Shooter Compact #5\" width=\"800\" height=\"600\" \/><\/a><br \/>\n<a title=\"Big Shooter Compact #2 de RoulementCasting.com, sur Flickr\" href=\"https:\/\/www.flickr.com\/photos\/bjules\/14321148392\/\" target=\"_blank\" rel=\"noopener\"><img loading=\"lazy\" decoding=\"async\" src=\"https:\/\/farm6.staticflickr.com\/5159\/14321148392_75a3f49858_c.jpg\" alt=\"Big Shooter Compact #2\" width=\"800\" height=\"600\" \/><\/a><br \/>\n<a title=\"Big Shooter Compact #3 de RoulementCasting.com, sur Flickr\" href=\"https:\/\/www.flickr.com\/photos\/bjules\/14136403517\/\" target=\"_blank\" rel=\"noopener\"><img loading=\"lazy\" decoding=\"async\" src=\"https:\/\/farm6.staticflickr.com\/5479\/14136403517_afb4ee33f6_c.jpg\" alt=\"Big Shooter Compact #3\" width=\"800\" height=\"566\" \/><\/a><br \/>\n<a title=\"Big Shooter Compact #7 de RoulementCasting.com, sur Flickr\" href=\"https:\/\/www.flickr.com\/photos\/bjules\/14322273054\/\" target=\"_blank\" rel=\"noopener\"><img loading=\"lazy\" decoding=\"async\" src=\"https:\/\/farm6.staticflickr.com\/5075\/14322273054_6ea02cd0d8_c.jpg\" alt=\"Big Shooter Compact #7\" width=\"800\" height=\"600\" \/><\/a><br \/>\n<a title=\"Big Shooter Compact #1 de RoulementCasting.com, sur Flickr\" href=\"https:\/\/www.flickr.com\/photos\/bjules\/14136408537\/\" target=\"_blank\" rel=\"noopener\"><img loading=\"lazy\" decoding=\"async\" src=\"https:\/\/farm3.staticflickr.com\/2938\/14136408537_92524e50f2_c.jpg\" alt=\"Big Shooter Compact #1\" width=\"800\" height=\"652\" \/><\/a><br \/>\n<a title=\"Big Shooter Compact #6 de RoulementCasting.com, sur Flickr\" href=\"https:\/\/www.flickr.com\/photos\/bjules\/14322936705\/\" target=\"_blank\" rel=\"noopener\"><img loading=\"lazy\" decoding=\"async\" src=\"https:\/\/farm6.staticflickr.com\/5117\/14322936705_b4c020f5e5_c.jpg\" alt=\"Big Shooter Compact #6\" width=\"800\" height=\"624\" \/><\/a><\/p>","protected":false},"excerpt":{"rendered":"<p>Disponible sous 10jours ouvrables<\/p>","protected":false},"featured_media":2646,"comment_status":"open","ping_status":"closed","template":"","meta":{"_acf_changed":false},"product_brand":[1875],"product_cat":[1882],"product_tag":[],"class_list":{"0":"post-2645","1":"product","2":"type-product","3":"status-publish","4":"has-post-thumbnail","6":"product_brand-abu-garcia","7":"product_cat-moulinet-archive","8":"product_shipping_class-colissimo-avec-assurance","9":"pa_big-shooter-compact-left-hand-manivelle-a-gauche","10":"pa_big-shooter-compact-right-hand-manivelle-a-droite","12":"first","13":"outofstock","14":"taxable","15":"shipping-taxable","16":"product-type-variable"},"bundle_layout":"","bundled_by":[],"bundled_items":[],"acf":[],"_links":{"self":[{"href":"https:\/\/roulementcasting.com\/en\/wp-json\/wp\/v2\/product\/2645","targetHints":{"allow":["GET"]}}],"collection":[{"href":"https:\/\/roulementcasting.com\/en\/wp-json\/wp\/v2\/product"}],"about":[{"href":"https:\/\/roulementcasting.com\/en\/wp-json\/wp\/v2\/types\/product"}],"replies":[{"embeddable":true,"href":"https:\/\/roulementcasting.com\/en\/wp-json\/wp\/v2\/comments?post=2645"}],"version-history":[{"count":1,"href":"https:\/\/roulementcasting.com\/en\/wp-json\/wp\/v2\/product\/2645\/revisions"}],"predecessor-version":[{"id":28393,"href":"https:\/\/roulementcasting.com\/en\/wp-json\/wp\/v2\/product\/2645\/revisions\/28393"}],"wp:featuredmedia":[{"embeddable":true,"href":"https:\/\/roulementcasting.com\/en\/wp-json\/wp\/v2\/media\/2646"}],"wp:attachment":[{"href":"https:\/\/roulementcasting.com\/en\/wp-json\/wp\/v2\/media?parent=2645"}],"wp:term":[{"taxonomy":"product_brand","embeddable":true,"href":"https:\/\/roulementcasting.com\/en\/wp-json\/wp\/v2\/product_brand?post=2645"},{"taxonomy":"product_cat","embeddable":true,"href":"https:\/\/roulementcasting.com\/en\/wp-json\/wp\/v2\/product_cat?post=2645"},{"taxonomy":"product_tag","embeddable":true,"href":"https:\/\/roulementcasting.com\/en\/wp-json\/wp\/v2\/product_tag?post=2645"}],"curies":[{"name":"wp","href":"https:\/\/api.w.org\/{rel}","templated":true}]}}