{"id":2563,"date":"2014-02-10T15:47:29","date_gmt":"2014-02-10T13:47:29","guid":{"rendered":"http:\/\/roulementcasting.com\/?post_type=product&#038;p=2563"},"modified":"2025-12-15T18:30:21","modified_gmt":"2025-12-15T16:30:21","slug":"shimano-new-13-soare-ci4","status":"publish","type":"product","link":"https:\/\/roulementcasting.com\/en\/product\/shimano-new-13-soare-ci4\/","title":{"rendered":"Shimano 13&prime; Soare CI4+"},"content":{"rendered":"<table class=\"custom-table\" summary=\"Sample Table\">\n<thead>\n<tr>\n<th scope=\"col\">Model<\/th>\n<th scope=\"col\">Ratio<\/th>\n<th scope=\"col\">Recovery<\/th>\n<th scope=\"col\">Weight<\/th>\n<th scope=\"col\">Brake<\/th>\n<th scope=\"col\">Bearings<\/th>\n<th scope=\"col\">Nylon capacity<\/th>\n<th scope=\"col\">Braiding capacity<\/th>\n<\/tr>\n<\/thead>\n<tbody>\n<tr>\n<td>C2000PGSS<\/td>\n<td>4.03:1<\/td>\n<td style=\"text-align: center;\">57 cm<\/td>\n<td>160gr<\/td>\n<td style=\"text-align: center;\">3kg<\/td>\n<td style=\"text-align: center;\">8+1<\/td>\n<td>100m\/3Lbs<\/td>\n<td>100m\/0,148mm<\/td>\n<\/tr>\n<tr>\n<td>2000HGS<\/td>\n<td>6.0:1<\/td>\n<td style=\"text-align: center;\">81cm<\/td>\n<td>185gr<\/td>\n<td style=\"text-align: center;\">3kg<\/td>\n<td style=\"text-align: center;\">8+1<\/td>\n<td>100m\/4Lbs<\/td>\n<td>110m\/0,148mm<\/td>\n<\/tr>\n<\/tbody>\n<\/table>\n<p>La gamme Soare CI4+ est l&rsquo;autre perle de Shimano japan pour la truite et les p\u00eaches l\u00e9g\u00e8res tel que le rock fishing. Ils repr\u00e9sentent avec le Cardiff CI4+ le meilleur rapport prix\/performance pour la recherche de la truite dans la gamme Shimano Japon. 2 Ratio sont disponibles, avec un ratio exceptionnel de 81cm pour une taille 2000, le Soare CI4+ 2000HGS est le moulinet parfait pour p\u00eacher en descendant le courant.<\/p>\n<ul>\n<li><strong>CI4+<\/strong>\u00a0: Le b\u00e2ti est r\u00e9alis\u00e9 en CI4+, l&rsquo;\u00e9volution du Ci4, ce qui r\u00e9duit consid\u00e9rablement le poids du moulinet. Le b\u00e2ti est 50% plus rigide et la rotation est plus fluide.<\/li>\n<\/ul>\n<ul>\n<li><strong>Bobine AR-C<\/strong>\u00a0brevet\u00e9e avec l\u00e8vre en V qui assure un lancer plus long et plus pr\u00e9cis gr\u00e2ce \u00e0 des spires plus petites. La Bobine AR-C minimise le risque de perruques.<\/li>\n<\/ul>\n<ul>\n<li><strong>CF Gear<\/strong>\u00a0: Shimano utilise la meilleure qualit\u00e9 d&rsquo;Aluminium pour les engrenages afin d&rsquo;allier le meilleur rapport poids\/r\u00e9sistance.<\/li>\n<\/ul>\n<ul>\n<li><strong>X-SHIP\u00a0<\/strong>qui offre plus de puissance et limite l&rsquo;usure m\u00e9cannique en positionnant le pignon proche de l&rsquo;axe principal de la roue de commande surdimensionn\u00e9e. Le pignon est \u00e9galement support\u00e9 par deux roulements A-RB afin de stabilis\u00e9 le rotor et les engrenages du pignons et ainsi \u00e9viter toute perte de puissance.<\/li>\n<\/ul>\n<p><img fetchpriority=\"high\" decoding=\"async\" class=\"aligncenter\" src=\"http:\/\/roulementcasting.com\/wp-content\/uploads\/2013\/12\/Cardiff-XShip.jpg\" alt=\"Cardiff XShip\" width=\"448\" height=\"448\" \/><\/p>\n<ul>\n<li><strong>Rotor MagnumLite<\/strong>\u00a0en CI4+ comme sur le Shimano Vanquish afin de gagner en poids et en fluidit\u00e9 tout en offrant une solidit\u00e9 remarquable. Le rotor \u00e9tant plus l\u00e9ger il est entra\u00eener plus facilement avec moins d&rsquo;effort.<\/li>\n<\/ul>\n<figure style=\"width: 488px\" class=\"wp-caption aligncenter\"><img decoding=\"async\" style=\"font-size: 14px; line-height: 1.5em;\" src=\"http:\/\/roulementcasting.com\/wp-content\/uploads\/Rarenium-Magnumlite-Rotor2.jpg\" alt=\"Rarenium-Magnumlite-Rotor2\" width=\"488\" height=\"488\" \/><figcaption class=\"wp-caption-text\">A gauche : Rotor Magnum Lite<br \/>A droite : Rotor en CI4 classique<\/figcaption><\/figure>\n<ul>\n<li><strong>Maintenance facile<\/strong>\u00a0: Les \u00e9quipes Shimano Japon ont \u00e9galement pens\u00e9es \u00e0 l&rsquo;entretien du moulinet. Le Rarenium CI4+ est \u00e9quip\u00e9 de deux ouverture afin de facilit\u00e9 l&rsquo;introduction d&rsquo;huile dans les m\u00e9canismes internes. Une mani\u00e8re efficace de pr\u00e9server le fonctionnement optimal du moulinet<\/li>\n<\/ul>\n<p><img decoding=\"async\" class=\"aligncenter\" src=\"http:\/\/roulementcasting.com\/wp-content\/uploads\/Rarenium-easyMaintenance.jpg\" alt=\"Rarenium-easyMaintenance\" width=\"488\" height=\"488\" \/><\/p>\n<ul>\n<li><strong>One Piece Bail<\/strong>\u00a0: Le pick up en acier inoxydable est forg\u00e9 \u00e0 froid sans soudure. Son traitement sp\u00e9cial le rend tr\u00e8s r\u00e9sistant aux rayures. Totalement lisse, il n&rsquo;est pas abrasif m\u00eame apr\u00e8s plusieurs saison de p\u00eache avec de la tresse.<\/li>\n<\/ul>\n<p><img loading=\"lazy\" decoding=\"async\" class=\"aligncenter\" src=\"http:\/\/roulementcasting.com\/wp-content\/uploads\/PickupMonobloc.jpg\" alt=\"PickupMonobloc\" width=\"488\" height=\"488\" \/><\/p>\n<ul>\n<li><strong>Saltwater Ready<\/strong>\u00a0: Les Soare CI4+ peuvent \u00eatre utilis\u00e9s en mer et rinc\u00e9s \u00e0 l&rsquo;eau douce. Parfait pour le Rockfishing.<\/li>\n<\/ul>\n<ul>\n<li>Le frein du SOARE CI4+ a \u00e9t\u00e9 \u00e9galement l\u2019objet de toutes les attentions avec l\u2019ajout du \u00ab\u00a0<strong>Rigid Support Drag<\/strong>\u00ab\u00a0, le support rigide de frein \u00e9limine les vibrations et le jeu de la bobine m\u00eame avec le frein desserr\u00e9. Il en r\u00e9sulte une souplesse incroyable quel que soit l\u2019ajustement du frein.<\/li>\n<\/ul>","protected":false},"excerpt":{"rendered":"<h4><span style=\"line-height: 1.5em; font-size: 14px;\">Inclus : un reel stand Shimano<\/span><\/h4>\n<p>Il s&rsquo;agit du SOARE CI4+ et non du SOARE BB, le SOARE CI4+ est le haut de gamme de la s\u00e9rie avec un b\u00e2ti compl\u00e8tement en CI4+ contrairement \u00e0 la version BB ou seul le rotor est en CI4+.<\/p>","protected":false},"featured_media":2564,"comment_status":"open","ping_status":"closed","template":"","meta":{"_acf_changed":false},"product_brand":[1824],"product_cat":[1882],"product_tag":[],"class_list":{"0":"post-2563","1":"product","2":"type-product","3":"status-publish","4":"has-post-thumbnail","6":"product_brand-shimano","7":"product_cat-moulinet-archive","8":"product_shipping_class-colissimo-avec-assurance","9":"pa_soare-ci4plus-2000hgs","10":"pa_soare-ci4plus-c2000pgss","12":"first","13":"outofstock","14":"taxable","15":"shipping-taxable","16":"product-type-simple"},"bundle_layout":"","bundled_by":[],"bundled_items":[],"acf":[],"_links":{"self":[{"href":"https:\/\/roulementcasting.com\/en\/wp-json\/wp\/v2\/product\/2563","targetHints":{"allow":["GET"]}}],"collection":[{"href":"https:\/\/roulementcasting.com\/en\/wp-json\/wp\/v2\/product"}],"about":[{"href":"https:\/\/roulementcasting.com\/en\/wp-json\/wp\/v2\/types\/product"}],"replies":[{"embeddable":true,"href":"https:\/\/roulementcasting.com\/en\/wp-json\/wp\/v2\/comments?post=2563"}],"version-history":[{"count":1,"href":"https:\/\/roulementcasting.com\/en\/wp-json\/wp\/v2\/product\/2563\/revisions"}],"predecessor-version":[{"id":28397,"href":"https:\/\/roulementcasting.com\/en\/wp-json\/wp\/v2\/product\/2563\/revisions\/28397"}],"wp:featuredmedia":[{"embeddable":true,"href":"https:\/\/roulementcasting.com\/en\/wp-json\/wp\/v2\/media\/2564"}],"wp:attachment":[{"href":"https:\/\/roulementcasting.com\/en\/wp-json\/wp\/v2\/media?parent=2563"}],"wp:term":[{"taxonomy":"product_brand","embeddable":true,"href":"https:\/\/roulementcasting.com\/en\/wp-json\/wp\/v2\/product_brand?post=2563"},{"taxonomy":"product_cat","embeddable":true,"href":"https:\/\/roulementcasting.com\/en\/wp-json\/wp\/v2\/product_cat?post=2563"},{"taxonomy":"product_tag","embeddable":true,"href":"https:\/\/roulementcasting.com\/en\/wp-json\/wp\/v2\/product_tag?post=2563"}],"curies":[{"name":"wp","href":"https:\/\/api.w.org\/{rel}","templated":true}]}}