{"id":2539,"date":"2014-02-10T11:51:55","date_gmt":"2014-02-10T09:51:55","guid":{"rendered":"http:\/\/roulementcasting.com\/?post_type=product&#038;p=2539"},"modified":"2025-12-15T18:30:49","modified_gmt":"2025-12-15T16:30:49","slug":"shimano-new-complex-ci4","status":"publish","type":"product","link":"https:\/\/roulementcasting.com\/en\/product\/shimano-new-complex-ci4\/","title":{"rendered":"Shimano 13&prime; Complex CI4+"},"content":{"rendered":"<p>La s\u00e9rie Complex se situe au dessus de la gamme Rarenium et Stradic CI4+. Shimano Japon offre avec le Complex CI4+ une version am\u00e9lior\u00e9e de l&rsquo;excellent Complex CI4. Il offre toutes les derni\u00e8res technologie de Shimano Japon en mati\u00e8re de moulinet spinning. La gamme Complex CI4+ permet de choisir la taille 2500 la mieux adapt\u00e9e \u00e0 vos besoins en mati\u00e8re de ratio et de capacit\u00e9 en vous proposant 4 configurations diff\u00e9rentes selon votre utilisation.<\/p>\n<table class=\"custom-table\" summary=\"Sample Table\">\n<thead>\n<tr>\n<th style=\"text-align: center;\" scope=\"col\">Model<\/th>\n<th style=\"text-align: center;\" scope=\"col\">Ratio<\/th>\n<th style=\"text-align: center;\" scope=\"col\">Recovery<\/th>\n<th style=\"text-align: center;\" scope=\"col\">Weight<\/th>\n<th style=\"text-align: center;\" scope=\"col\">Brake<\/th>\n<th style=\"text-align: center;\" scope=\"col\">Bearings<\/th>\n<th style=\"text-align: center;\" scope=\"col\">Nylon capacity<\/th>\n<th style=\"text-align: center;\" scope=\"col\">Braiding capacity<\/th>\n<\/tr>\n<\/thead>\n<tbody>\n<tr>\n<td style=\"text-align: left;\">2500S F4<\/td>\n<td style=\"text-align: center;\">5.0:1<\/td>\n<td style=\"text-align: center;\">73cm<\/td>\n<td style=\"text-align: center;\">195gr<\/td>\n<td style=\"text-align: center;\">4 kg<\/td>\n<td style=\"text-align: center;\">9+1<\/td>\n<td>110m\/4Lbs<\/td>\n<td>110m\/0,148mm<\/td>\n<\/tr>\n<tr>\n<td style=\"text-align: left;\">2500S F6<\/td>\n<td style=\"text-align: center;\">5.0:1<\/td>\n<td style=\"text-align: center;\">73cm<\/td>\n<td style=\"text-align: center;\">190gr<\/td>\n<td style=\"text-align: center;\">4 kg<\/td>\n<td style=\"text-align: center;\">9+1<\/td>\n<td>110m\/6Lbs<\/td>\n<td>200m\/0,148mm<\/td>\n<\/tr>\n<tr>\n<td style=\"text-align: left;\">2500HGS F4<\/td>\n<td style=\"text-align: center;\">6.0:1<\/td>\n<td style=\"text-align: center;\">88cm<\/td>\n<td style=\"text-align: center;\">195gr<\/td>\n<td style=\"text-align: center;\">4 kg<\/td>\n<td style=\"text-align: center;\">9+1<\/td>\n<td>110m\/4Lbs<\/td>\n<td>110m\/0,148mm<\/td>\n<\/tr>\n<tr>\n<td style=\"text-align: left;\">2500HGS F6<\/td>\n<td style=\"text-align: center;\">6.0:1<\/td>\n<td style=\"text-align: center;\">88cm<\/td>\n<td style=\"text-align: center;\">190gr<\/td>\n<td style=\"text-align: center;\">4 kg<\/td>\n<td style=\"text-align: center;\">9+1<\/td>\n<td>110m\/6Lbs<\/td>\n<td>200m\/0,148mm<\/td>\n<\/tr>\n<\/tbody>\n<\/table>\n<ul>\n<li><strong>X-SHIP\u00a0<\/strong>qui offre plus de puissance et limite l&rsquo;usure m\u00e9canique en positionnant le pignon proche de l&rsquo;axe principal de la roue de commande surdimensionn\u00e9e. Le pignon est \u00e9galement support\u00e9 par deux roulements A-RB afin de stabilis\u00e9 le rotor et les engrenages du pignons et ainsi \u00e9viter toute perte de puissance.<\/li>\n<\/ul>\n<p><img fetchpriority=\"high\" decoding=\"async\" class=\"aligncenter size-full wp-image-2156\" src=\"http:\/\/roulementcasting.com\/wp-content\/uploads\/2013\/12\/Cardiff-XShip.jpg\" alt=\"Cardiff XShip\" width=\"448\" height=\"448\" srcset=\"https:\/\/roulementcasting.com\/wp-content\/uploads\/2013\/12\/Cardiff-XShip.jpg 448w, https:\/\/roulementcasting.com\/wp-content\/uploads\/2013\/12\/Cardiff-XShip-12x12.jpg 12w, https:\/\/roulementcasting.com\/wp-content\/uploads\/2013\/12\/Cardiff-XShip-150x150.jpg 150w, https:\/\/roulementcasting.com\/wp-content\/uploads\/2013\/12\/Cardiff-XShip-300x300.jpg 300w, https:\/\/roulementcasting.com\/wp-content\/uploads\/2013\/12\/Cardiff-XShip-350x350.jpg 350w, https:\/\/roulementcasting.com\/wp-content\/uploads\/2013\/12\/Cardiff-XShip-442x442.jpg 442w, https:\/\/roulementcasting.com\/wp-content\/uploads\/2013\/12\/Cardiff-XShip-100x100.jpg 100w\" sizes=\"(max-width: 448px) 100vw, 448px\" \/><\/p>\n<ul>\n<li><strong>B\u00e2ti CI4+:\u00a0<\/strong>Le b\u00e2ti du nouveau Complex CI4+ est r\u00e9alis\u00e9 en CI4+, derni\u00e8re \u00e9volution du c\u00e9l\u00e8bre CI4, qui r\u00e9duit consid\u00e9rablement le poids du moulinet. Le b\u00e2ti est 50% plus rigide et la rotation est plus fluide.<\/li>\n<\/ul>\n<ul>\n<li><strong>Rotor MagnumLite<\/strong> en CI4+ : Le rotor Magnum Lite est le rotor le plus l\u00e9ger mis au point par Shimano. Ce qui permet une mise en rotation plus rapide sous une pression moindre qu&rsquo;un rotor classique. Le CI4+ permet, malgr\u00e9 le gain de poids, de conserver une r\u00e9sistance optimale.<\/li>\n<\/ul>\n<ul>\n<li><strong>Bobine AR-C<\/strong>\u00a0brevet\u00e9e avec l\u00e8vre en V qui assure un lancer plus long et plus pr\u00e9cis gr\u00e2ce \u00e0 des spires plus petites. La Bobine AR-C minimise le risque de perruques quel que soit la ligne utilis\u00e9e (Nylon, tresse ou fluorocarbon)<\/li>\n<\/ul>\n<ul>\n<li><strong>CF Gear<\/strong> : Shimano utilise la meilleure qualit\u00e9 d&rsquo;Aluminium pour les engrenages afin d&rsquo;allier le meilleur rapport poids\/r\u00e9sistance.<\/li>\n<\/ul>\n<ul>\n<li>\u00a0<strong>Rigid Support Drag :<\/strong>\u00a0le support rigide de frein \u00e9limine les vibrations et le jeu de la bobine m\u00eame avec le frein desserr\u00e9. Il en r\u00e9sulte une douceur incroyable quel que soit l\u2019ajustement du frein.<\/li>\n<\/ul>\n<ul>\n<li><strong>One Piece Bail<\/strong> : Le pick up en acier inoxydable est forg\u00e9 \u00e0 froid sans soudure. Son traitement sp\u00e9cial le rend tr\u00e8s r\u00e9sistant aux rayures.<\/li>\n<\/ul>\n<ul>\n<li><strong>Saltwater Ready<\/strong> : Les complex CI4+ peuvent \u00eatre utilis\u00e9s en mer et rinc\u00e9s \u00e0 l&rsquo;eau douce<\/li>\n<\/ul>","protected":false},"excerpt":{"rendered":"<p>La s\u00e9rie Complex se situe au dessus de la gamme Rarenium et Stradic CI4+. Shimano Japon offre avec le Complex CI4+ une version am\u00e9lior\u00e9e de l&rsquo;excellent Complex CI4. Il offre toutes les derni\u00e8res technologie de Shimano Japon en mati\u00e8re de moulinet spinning. La gamme Complex CI4+ permet de choisir la taille 2500 la mieux adapt\u00e9e [&hellip;]<\/p>\n","protected":false},"featured_media":2540,"comment_status":"open","ping_status":"closed","template":"","meta":{"_acf_changed":false},"product_brand":[1824],"product_cat":[1882],"product_tag":[],"class_list":{"0":"post-2539","1":"product","2":"type-product","3":"status-publish","4":"has-post-thumbnail","6":"product_brand-shimano","7":"product_cat-moulinet-archive","8":"product_shipping_class-colissimo-avec-assurance","9":"pa_complex-ci4plus-2500hgs-f4","10":"pa_complex-ci4plus-2500hgs-f6","11":"pa_complex-ci4plus-2500s-f4","12":"pa_complex-ci4plus-2500s-f6","14":"first","15":"outofstock","16":"taxable","17":"shipping-taxable","18":"product-type-simple"},"bundle_layout":"","bundled_by":[],"bundled_items":[],"acf":[],"_links":{"self":[{"href":"https:\/\/roulementcasting.com\/en\/wp-json\/wp\/v2\/product\/2539","targetHints":{"allow":["GET"]}}],"collection":[{"href":"https:\/\/roulementcasting.com\/en\/wp-json\/wp\/v2\/product"}],"about":[{"href":"https:\/\/roulementcasting.com\/en\/wp-json\/wp\/v2\/types\/product"}],"replies":[{"embeddable":true,"href":"https:\/\/roulementcasting.com\/en\/wp-json\/wp\/v2\/comments?post=2539"}],"version-history":[{"count":1,"href":"https:\/\/roulementcasting.com\/en\/wp-json\/wp\/v2\/product\/2539\/revisions"}],"predecessor-version":[{"id":28399,"href":"https:\/\/roulementcasting.com\/en\/wp-json\/wp\/v2\/product\/2539\/revisions\/28399"}],"wp:featuredmedia":[{"embeddable":true,"href":"https:\/\/roulementcasting.com\/en\/wp-json\/wp\/v2\/media\/2540"}],"wp:attachment":[{"href":"https:\/\/roulementcasting.com\/en\/wp-json\/wp\/v2\/media?parent=2539"}],"wp:term":[{"taxonomy":"product_brand","embeddable":true,"href":"https:\/\/roulementcasting.com\/en\/wp-json\/wp\/v2\/product_brand?post=2539"},{"taxonomy":"product_cat","embeddable":true,"href":"https:\/\/roulementcasting.com\/en\/wp-json\/wp\/v2\/product_cat?post=2539"},{"taxonomy":"product_tag","embeddable":true,"href":"https:\/\/roulementcasting.com\/en\/wp-json\/wp\/v2\/product_tag?post=2539"}],"curies":[{"name":"wp","href":"https:\/\/api.w.org\/{rel}","templated":true}]}}