{"id":2502,"date":"2014-02-07T11:06:48","date_gmt":"2014-02-07T09:06:48","guid":{"rendered":"http:\/\/roulementcasting.com\/?post_type=product&#038;p=2502"},"modified":"2025-12-15T18:28:32","modified_gmt":"2025-12-15T16:28:32","slug":"shimano-12-calcutta-version-japon-jdm","status":"publish","type":"product","link":"https:\/\/roulementcasting.com\/en\/product\/shimano-12-calcutta-version-japon-jdm\/","title":{"rendered":"Shimano 12-foot Calcutta (Japanese Domestic Market version)"},"content":{"rendered":"<table class=\"custom-table\" summary=\"Sample Table\">\n<thead>\n<tr>\n<th style=\"text-align: center;\" scope=\"col\">Model<\/th>\n<th style=\"text-align: center;\" scope=\"col\">Crank<\/th>\n<th style=\"text-align: center;\" scope=\"col\">SVS Easy Access<\/th>\n<th style=\"text-align: center;\" scope=\"col\">Ratio<\/th>\n<th style=\"text-align: center;\" scope=\"col\">Weight<\/th>\n<th style=\"text-align: center;\" scope=\"col\">Brake<\/th>\n<th style=\"text-align: center;\" scope=\"col\">Bearings<\/th>\n<th style=\"text-align: center;\" scope=\"col\">Capacity<\/th>\n<\/tr>\n<\/thead>\n<tbody>\n<tr>\n<td style=\"text-align: left;\">Calcutta 12\u2032 101<\/td>\n<td style=\"text-align: center;\">Left<\/td>\n<td style=\"text-align: center;\">Yes<\/td>\n<td style=\"text-align: center;\">5.9:1 (61 cm)<\/td>\n<td style=\"text-align: center;\">225g<\/td>\n<td style=\"text-align: center;\">4 kg<\/td>\n<td style=\"text-align: center;\">5+1<\/td>\n<td>140 m \/ 0.285 mm<\/td>\n<\/tr>\n<tr>\n<td style=\"text-align: left;\">Calcutta 12&#x27; 100<\/td>\n<td style=\"text-align: center;\">Right<\/td>\n<td style=\"text-align: center;\">Yes<\/td>\n<td style=\"text-align: center;\">5.9:1 (61 cm)<\/td>\n<td style=\"text-align: center;\">225g<\/td>\n<td style=\"text-align: center;\">4 kg<\/td>\n<td style=\"text-align: center;\">5+1<\/td>\n<td>140 m \/ 0.285 mm<\/td>\n<\/tr>\n<\/tbody>\n<tbody>\n<tr>\n<td style=\"text-align: left;\">Calcutta 12&#x27; 201<\/td>\n<td style=\"text-align: center;\">Left<\/td>\n<td style=\"text-align: center;\">Yes<\/td>\n<td style=\"text-align: center;\">5.7:1 (66 cm)<\/td>\n<td style=\"text-align: center;\">255g<\/td>\n<td style=\"text-align: center;\">5 kg<\/td>\n<td style=\"text-align: center;\">5+1<\/td>\n<td>180 m \/ 0.285 mm<\/td>\n<\/tr>\n<tr>\n<td style=\"text-align: left;\">Calcutta 12&#x27; 200<\/td>\n<td style=\"text-align: center;\">Right<\/td>\n<td style=\"text-align: center;\">Yes<\/td>\n<td style=\"text-align: center;\">5.7:1 (66 cm)<\/td>\n<td style=\"text-align: center;\">255g<\/td>\n<td style=\"text-align: center;\">5 kg<\/td>\n<td style=\"text-align: center;\">5+1<\/td>\n<td>180 m \/ 0.285 mm<\/td>\n<\/tr>\n<tr>\n<td style=\"text-align: left;\">Kolkata 13,301<\/td>\n<td style=\"text-align: center;\">Left<\/td>\n<td style=\"text-align: center;\">no<\/td>\n<td style=\"text-align: center;\">5.6:1 (75 cm)<\/td>\n<td style=\"text-align: center;\">325g<\/td>\n<td style=\"text-align: center;\">7 kg<\/td>\n<td style=\"text-align: center;\">4+1<\/td>\n<td>135 m \/ 0.405 mm<\/td>\n<\/tr>\n<tr>\n<td style=\"text-align: left;\">Kolkata 13,300<\/td>\n<td style=\"text-align: center;\">Right<\/td>\n<td style=\"text-align: center;\">no<\/td>\n<td style=\"text-align: center;\">5.6:1 (75 cm)<\/td>\n<td style=\"text-align: center;\">325g<\/td>\n<td style=\"text-align: center;\">7 kg<\/td>\n<td style=\"text-align: center;\">4+1<\/td>\n<td>135 m \/ 0.405 mm<\/td>\n<\/tr>\n<tr>\n<td style=\"text-align: left;\">Calcutta 13:40<\/td>\n<td style=\"text-align: center;\">Left<\/td>\n<td style=\"text-align: center;\">no<\/td>\n<td style=\"text-align: center;\">5.1:1 (68 cm)<\/td>\n<td style=\"text-align: center;\">335g<\/td>\n<td style=\"text-align: center;\">7 kg<\/td>\n<td style=\"text-align: center;\">4+1<\/td>\n<td>195 m \/ 0.405 mm<\/td>\n<\/tr>\n<tr>\n<td style=\"text-align: left;\">Kolkata 13,400<\/td>\n<td style=\"text-align: center;\">Right<\/td>\n<td style=\"text-align: center;\">no<\/td>\n<td style=\"text-align: center;\">5.1:1 (68 cm)<\/td>\n<td style=\"text-align: center;\">335g<\/td>\n<td style=\"text-align: center;\">7 kg<\/td>\n<td style=\"text-align: center;\">4+1<\/td>\n<td>195 m \/ 0.405 mm<\/td>\n<\/tr>\n<\/tbody>\n<\/table>\n<p align=\"left\"><strong>This is the JDM (Japan Domestic Market) version of the new Calcutta models, not the D series. Notably, on the 101 and 201 models, the JDM version offers easy access to the counterweights, unlike the D series, which requires the frame to be dismantled.<\/strong><\/p>\n<p align=\"left\">The new Calcutta offers incredible smoothness thanks to the X-Ship system. The main gear is supported by two S-ARB bearings, ensuring exceptional smoothness and power. It remains perfectly aligned even under heavy load. Gear wear is reduced and the power from the handle is transmitted without loss.<\/p>\n<p align=\"left\"><img fetchpriority=\"high\" decoding=\"async\" class=\"aligncenter size-full wp-image-2422\" src=\"http:\/\/roulementcasting.com\/wp-content\/uploads\/Conquest-X-ship.jpg\" alt=\"Conquest X-ship\" width=\"488\" height=\"488\" srcset=\"https:\/\/roulementcasting.com\/wp-content\/uploads\/Conquest-X-ship.jpg 488w, https:\/\/roulementcasting.com\/wp-content\/uploads\/Conquest-X-ship-100x100.jpg 100w, https:\/\/roulementcasting.com\/wp-content\/uploads\/Conquest-X-ship-150x150.jpg 150w, https:\/\/roulementcasting.com\/wp-content\/uploads\/Conquest-X-ship-300x300.jpg 300w, https:\/\/roulementcasting.com\/wp-content\/uploads\/Conquest-X-ship-350x350.jpg 350w, https:\/\/roulementcasting.com\/wp-content\/uploads\/Conquest-X-ship-442x442.jpg 442w\" sizes=\"(max-width: 488px) 100vw, 488px\" \/><\/p>\n<p align=\"left\">Its one-piece cold-machined aluminium body conceals a highly durable brass gear system. The work carried out by Shimano Japan on the ergonomics of the now asymmetrical body makes the Calcutta the most comfortable spinning reel to hold.<\/p>\n<p>\u00a0<img decoding=\"async\" class=\"aligncenter size-full wp-image-2505\" src=\"http:\/\/roulementcasting.com\/wp-content\/uploads\/Calcutta12-Scompact.jpg\" alt=\"Calcutta12-Scompact\" width=\"488\" height=\"488\" srcset=\"https:\/\/roulementcasting.com\/wp-content\/uploads\/Calcutta12-Scompact.jpg 488w, https:\/\/roulementcasting.com\/wp-content\/uploads\/Calcutta12-Scompact-100x100.jpg 100w, https:\/\/roulementcasting.com\/wp-content\/uploads\/Calcutta12-Scompact-150x150.jpg 150w, https:\/\/roulementcasting.com\/wp-content\/uploads\/Calcutta12-Scompact-300x300.jpg 300w, https:\/\/roulementcasting.com\/wp-content\/uploads\/Calcutta12-Scompact-350x350.jpg 350w, https:\/\/roulementcasting.com\/wp-content\/uploads\/Calcutta12-Scompact-442x442.jpg 442w\" sizes=\"(max-width: 488px) 100vw, 488px\" \/> <img decoding=\"async\" class=\"aligncenter size-full wp-image-2506\" src=\"http:\/\/roulementcasting.com\/wp-content\/uploads\/Calcutta12-Scompact1.jpg\" alt=\"Calcutta12-Scompact1\" width=\"488\" height=\"488\" srcset=\"https:\/\/roulementcasting.com\/wp-content\/uploads\/Calcutta12-Scompact1.jpg 488w, https:\/\/roulementcasting.com\/wp-content\/uploads\/Calcutta12-Scompact1-100x100.jpg 100w, https:\/\/roulementcasting.com\/wp-content\/uploads\/Calcutta12-Scompact1-150x150.jpg 150w, https:\/\/roulementcasting.com\/wp-content\/uploads\/Calcutta12-Scompact1-300x300.jpg 300w, https:\/\/roulementcasting.com\/wp-content\/uploads\/Calcutta12-Scompact1-350x350.jpg 350w, https:\/\/roulementcasting.com\/wp-content\/uploads\/Calcutta12-Scompact1-442x442.jpg 442w\" sizes=\"(max-width: 488px) 100vw, 488px\" \/> <img loading=\"lazy\" decoding=\"async\" class=\"aligncenter size-full wp-image-2507\" src=\"http:\/\/roulementcasting.com\/wp-content\/uploads\/Calcutta12-Scompact2.jpg\" alt=\"Calcutta12-Scompact2\" width=\"488\" height=\"488\" srcset=\"https:\/\/roulementcasting.com\/wp-content\/uploads\/Calcutta12-Scompact2.jpg 488w, https:\/\/roulementcasting.com\/wp-content\/uploads\/Calcutta12-Scompact2-100x100.jpg 100w, https:\/\/roulementcasting.com\/wp-content\/uploads\/Calcutta12-Scompact2-150x150.jpg 150w, https:\/\/roulementcasting.com\/wp-content\/uploads\/Calcutta12-Scompact2-300x300.jpg 300w, https:\/\/roulementcasting.com\/wp-content\/uploads\/Calcutta12-Scompact2-350x350.jpg 350w, https:\/\/roulementcasting.com\/wp-content\/uploads\/Calcutta12-Scompact2-442x442.jpg 442w\" sizes=\"(max-width: 488px) 100vw, 488px\" \/><\/p>\n<p align=\"left\"><span style=\"font-size: 14px; line-height: 1.5em;\">The new treatment\u00a0<\/span><span style=\"font-size: 14px; line-height: 1.5em;\">surface<\/span><span style=\"font-size: 14px; line-height: 1.5em;\">\u00a0Shimano&#x27;s exclusive technology offers twice the corrosion protection of other aluminium reels<\/span><\/p>\n<p align=\"left\"><img loading=\"lazy\" decoding=\"async\" class=\"aligncenter size-full wp-image-2504\" src=\"http:\/\/roulementcasting.com\/wp-content\/uploads\/Calcutta12-traitement.jpg\" alt=\"Calcutta12-traitement\" width=\"488\" height=\"488\" srcset=\"https:\/\/roulementcasting.com\/wp-content\/uploads\/Calcutta12-traitement.jpg 488w, https:\/\/roulementcasting.com\/wp-content\/uploads\/Calcutta12-traitement-100x100.jpg 100w, https:\/\/roulementcasting.com\/wp-content\/uploads\/Calcutta12-traitement-150x150.jpg 150w, https:\/\/roulementcasting.com\/wp-content\/uploads\/Calcutta12-traitement-300x300.jpg 300w, https:\/\/roulementcasting.com\/wp-content\/uploads\/Calcutta12-traitement-350x350.jpg 350w, https:\/\/roulementcasting.com\/wp-content\/uploads\/Calcutta12-traitement-442x442.jpg 442w\" sizes=\"(max-width: 488px) 100vw, 488px\" \/><\/p>\n<p align=\"left\"><span style=\"font-size: 14px; line-height: 1.5em;\">The brake star has been replaced by the X-drag to bring the crank closer to the frame and prevent any wobbling during retrieval.\u00a0<\/span><\/p>\n<p align=\"left\"><img loading=\"lazy\" decoding=\"async\" class=\"aligncenter size-full wp-image-2508\" src=\"http:\/\/roulementcasting.com\/wp-content\/uploads\/Calcutta12-X-Drag.jpg\" alt=\"Calcutta12-X-Drag\" width=\"488\" height=\"488\" srcset=\"https:\/\/roulementcasting.com\/wp-content\/uploads\/Calcutta12-X-Drag.jpg 488w, https:\/\/roulementcasting.com\/wp-content\/uploads\/Calcutta12-X-Drag-100x100.jpg 100w, https:\/\/roulementcasting.com\/wp-content\/uploads\/Calcutta12-X-Drag-150x150.jpg 150w, https:\/\/roulementcasting.com\/wp-content\/uploads\/Calcutta12-X-Drag-300x300.jpg 300w, https:\/\/roulementcasting.com\/wp-content\/uploads\/Calcutta12-X-Drag-350x350.jpg 350w, https:\/\/roulementcasting.com\/wp-content\/uploads\/Calcutta12-X-Drag-442x442.jpg 442w\" sizes=\"(max-width: 488px) 100vw, 488px\" \/><\/p>\n<p align=\"left\"><img loading=\"lazy\" decoding=\"async\" class=\"aligncenter size-full wp-image-2509\" src=\"http:\/\/roulementcasting.com\/wp-content\/uploads\/Calcutta12-X-Drag1.jpg\" alt=\"Calcutta12-X-Drag1\" width=\"488\" height=\"488\" srcset=\"https:\/\/roulementcasting.com\/wp-content\/uploads\/Calcutta12-X-Drag1.jpg 488w, https:\/\/roulementcasting.com\/wp-content\/uploads\/Calcutta12-X-Drag1-100x100.jpg 100w, https:\/\/roulementcasting.com\/wp-content\/uploads\/Calcutta12-X-Drag1-150x150.jpg 150w, https:\/\/roulementcasting.com\/wp-content\/uploads\/Calcutta12-X-Drag1-300x300.jpg 300w, https:\/\/roulementcasting.com\/wp-content\/uploads\/Calcutta12-X-Drag1-350x350.jpg 350w, https:\/\/roulementcasting.com\/wp-content\/uploads\/Calcutta12-X-Drag1-442x442.jpg 442w\" sizes=\"(max-width: 488px) 100vw, 488px\" \/><\/p>\n<p align=\"left\"><span style=\"font-family: Arial;\">\u00a0<\/span><\/p>","protected":false},"excerpt":{"rendered":"<p>Mod\u00e8le Manivelle SVS Acc\u00e8s facile Ratio Poids Frein Roulements Capacit\u00e9 Calcutta 12&prime; 101 Gauche Oui 5.9:1 (61cm) 225gr 4kg 5+1 140m\/0,285mm Calcutta 12&prime; 100 Droite Oui 5.9:1 (61cm) 225gr 4kg 5+1 140m\/0,285mm Calcutta 12&prime; 201 Gauche Oui 5.7:1 (66cm) 255gr 5kg 5+1 180m\/0,285mm Calcutta 12&prime; 200 Droite Oui 5.7:1 (66cm) 255gr 5kg 5+1 180m\/0,285mm Calcutta [&hellip;]<\/p>\n","protected":false},"featured_media":2510,"comment_status":"open","ping_status":"closed","template":"","meta":{"_acf_changed":false},"product_brand":[1824],"product_cat":[1882],"product_tag":[],"class_list":{"0":"post-2502","1":"product","2":"type-product","3":"status-publish","4":"has-post-thumbnail","6":"product_brand-shimano","7":"product_cat-moulinet-archive","8":"pa_calcutta-12-100","9":"pa_calcutta-12-101","10":"pa_calcutta-12-200","11":"pa_calcutta-12-201","12":"pa_calcutta-13-300","13":"pa_calcutta-13-301","14":"pa_calcutta-13-400","15":"pa_calcutta-13-401","17":"first","18":"outofstock","19":"taxable","20":"shipping-taxable","21":"product-type-simple"},"bundle_layout":"","bundled_by":[],"bundled_items":[],"acf":[],"_links":{"self":[{"href":"https:\/\/roulementcasting.com\/en\/wp-json\/wp\/v2\/product\/2502","targetHints":{"allow":["GET"]}}],"collection":[{"href":"https:\/\/roulementcasting.com\/en\/wp-json\/wp\/v2\/product"}],"about":[{"href":"https:\/\/roulementcasting.com\/en\/wp-json\/wp\/v2\/types\/product"}],"replies":[{"embeddable":true,"href":"https:\/\/roulementcasting.com\/en\/wp-json\/wp\/v2\/comments?post=2502"}],"version-history":[{"count":1,"href":"https:\/\/roulementcasting.com\/en\/wp-json\/wp\/v2\/product\/2502\/revisions"}],"predecessor-version":[{"id":28401,"href":"https:\/\/roulementcasting.com\/en\/wp-json\/wp\/v2\/product\/2502\/revisions\/28401"}],"wp:featuredmedia":[{"embeddable":true,"href":"https:\/\/roulementcasting.com\/en\/wp-json\/wp\/v2\/media\/2510"}],"wp:attachment":[{"href":"https:\/\/roulementcasting.com\/en\/wp-json\/wp\/v2\/media?parent=2502"}],"wp:term":[{"taxonomy":"product_brand","embeddable":true,"href":"https:\/\/roulementcasting.com\/en\/wp-json\/wp\/v2\/product_brand?post=2502"},{"taxonomy":"product_cat","embeddable":true,"href":"https:\/\/roulementcasting.com\/en\/wp-json\/wp\/v2\/product_cat?post=2502"},{"taxonomy":"product_tag","embeddable":true,"href":"https:\/\/roulementcasting.com\/en\/wp-json\/wp\/v2\/product_tag?post=2502"}],"curies":[{"name":"wp","href":"https:\/\/api.w.org\/{rel}","templated":true}]}}