{"id":2417,"date":"2014-01-31T15:05:45","date_gmt":"2014-01-31T13:05:45","guid":{"rendered":"http:\/\/roulementcasting.com\/?post_type=product&#038;p=2417"},"modified":"2025-12-15T18:28:23","modified_gmt":"2025-12-15T16:28:23","slug":"shimano-new-conquest","status":"publish","type":"product","link":"https:\/\/roulementcasting.com\/en\/product\/shimano-new-conquest\/","title":{"rendered":"Shimano 14\/15&prime; Conquest"},"content":{"rendered":"<table class=\"custom-table\" summary=\"Sample Table\">\n<thead>\n<tr>\n<th style=\"text-align: center;\" scope=\"col\">Model<\/th>\n<th style=\"text-align: center;\" scope=\"col\">Crank<\/th>\n<th style=\"text-align: center;\" scope=\"col\">Ratio<\/th>\n<th style=\"text-align: center;\" scope=\"col\">Weight<\/th>\n<th style=\"text-align: center;\" scope=\"col\">Brake<\/th>\n<th style=\"text-align: center;\" scope=\"col\">Bearings<\/th>\n<th style=\"text-align: center;\" scope=\"col\">Capacity<\/th>\n<\/tr>\n<\/thead>\n<tbody>\n<tr>\n<td style=\"text-align: left;\">101<\/td>\n<td style=\"text-align: center;\">Left<\/td>\n<td style=\"text-align: center;\">5.2:1 (59cm)<\/td>\n<td style=\"text-align: center;\">215gr<\/td>\n<td style=\"text-align: center;\">4 kg<\/td>\n<td style=\"text-align: center;\">12+1<\/td>\n<td>100m\/0,285mm<\/td>\n<\/tr>\n<tr>\n<td style=\"text-align: left;\">100<\/td>\n<td style=\"text-align: center;\">Right<\/td>\n<td style=\"text-align: center;\">5.2:1 (59cm)<\/td>\n<td style=\"text-align: center;\">215gr<\/td>\n<td style=\"text-align: center;\">4 kg<\/td>\n<td style=\"text-align: center;\">12+1<\/td>\n<td>100m\/0,285mm<\/td>\n<\/tr>\n<tr>\n<td style=\"text-align: left;\">101 HG<\/td>\n<td style=\"text-align: center;\">Left<\/td>\n<td style=\"text-align: center;\">6.8:1 (77cm)<\/td>\n<td style=\"text-align: center;\">220g<\/td>\n<td style=\"text-align: center;\">4 kg<\/td>\n<td style=\"text-align: center;\">12+1<\/td>\n<td>100m\/12Lb<\/td>\n<\/tr>\n<tr>\n<td style=\"text-align: left;\">100 HG<\/td>\n<td style=\"text-align: center;\">Right<\/td>\n<td style=\"text-align: center;\">6.8:1 (77cm)<\/td>\n<td style=\"text-align: center;\">220g<\/td>\n<td style=\"text-align: center;\">4 kg<\/td>\n<td style=\"text-align: center;\">12+1<\/td>\n<td>100m\/12Lb<\/td>\n<\/tr>\n<tr>\n<td style=\"text-align: left;\">201<\/td>\n<td style=\"text-align: center;\">Left<\/td>\n<td style=\"text-align: center;\">4.8:1 (60cm)<\/td>\n<td style=\"text-align: center;\">240gr<\/td>\n<td style=\"text-align: center;\">6kg<\/td>\n<td style=\"text-align: center;\">12+1<\/td>\n<td>130m\/0,33mm<\/td>\n<\/tr>\n<tr>\n<td style=\"text-align: left;\">200<\/td>\n<td style=\"text-align: center;\">Right<\/td>\n<td style=\"text-align: center;\">4.8:1 (60cm)<\/td>\n<td style=\"text-align: center;\">240gr<\/td>\n<td style=\"text-align: center;\">6kg<\/td>\n<td style=\"text-align: center;\">12+1<\/td>\n<td>130m\/0,33mm<\/td>\n<\/tr>\n<tr>\n<td style=\"text-align: left;\">201 HG<\/td>\n<td style=\"text-align: center;\">Left<\/td>\n<td style=\"text-align: center;\">6.2:1 (78cm)<\/td>\n<td style=\"text-align: center;\">265gr<\/td>\n<td style=\"text-align: center;\">5 kg<\/td>\n<td style=\"text-align: center;\">12+1<\/td>\n<td>180m\/12Lb<\/td>\n<\/tr>\n<tr>\n<td style=\"text-align: left;\">200 HG<\/td>\n<td style=\"text-align: center;\">Right<\/td>\n<td style=\"text-align: center;\">6.2:1 (78cm)<\/td>\n<td style=\"text-align: center;\">265gr<\/td>\n<td style=\"text-align: center;\">5 kg<\/td>\n<td style=\"text-align: center;\">12+1<\/td>\n<td>180m\/12Lb<\/td>\n<\/tr>\n<tr>\n<td style=\"text-align: left;\">301<\/td>\n<td style=\"text-align: center;\">Left<\/td>\n<td style=\"text-align: center;\">5.6:1 (76cm)<\/td>\n<td style=\"text-align: center;\">325g<\/td>\n<td style=\"text-align: center;\">7 kg<\/td>\n<td style=\"text-align: center;\">12+1<\/td>\n<td>135m\/25Lb<\/td>\n<\/tr>\n<tr>\n<td style=\"text-align: left;\">300<\/td>\n<td style=\"text-align: center;\">Right<\/td>\n<td style=\"text-align: center;\">5.6:1 (76cm)<\/td>\n<td style=\"text-align: center;\">325g<\/td>\n<td style=\"text-align: center;\">7 kg<\/td>\n<td style=\"text-align: center;\">12+1<\/td>\n<td>135m\/25Lb<\/td>\n<\/tr>\n<tr>\n<td style=\"text-align: left;\">401<\/td>\n<td style=\"text-align: center;\">Left<\/td>\n<td style=\"text-align: center;\">5.6:1 (76cm)<\/td>\n<td style=\"text-align: center;\">330gr<\/td>\n<td style=\"text-align: center;\">7 kg<\/td>\n<td style=\"text-align: center;\">12+1<\/td>\n<td>200m\/25Lb<\/td>\n<\/tr>\n<tr>\n<td style=\"text-align: left;\">400<\/td>\n<td style=\"text-align: center;\">Right<\/td>\n<td style=\"text-align: center;\">5.6:1 (76cm)<\/td>\n<td style=\"text-align: center;\">330gr<\/td>\n<td style=\"text-align: center;\">7 kg<\/td>\n<td style=\"text-align: center;\">12+1<\/td>\n<td>200m\/25Lb<\/td>\n<\/tr>\n<\/tbody>\n<tfoot><\/tfoot>\n<\/table>\n<p>Les Conquest sont la quintessence de la gamme Calcutta. Cr\u00e9e en 2001, ils repr\u00e9sentent depuis 13ans ce qu&rsquo;il ce fait de mieux en mati\u00e8re de moulinet rond. Shimano japon a revisit\u00e9 son porte \u00e9tendard en 2014 en lui ajoutant toutes les derni\u00e8res technologies Shimano. Le b\u00e2ti est plus compact et l&rsquo;ergonomie retravaill\u00e9e, la pignonnerie enti\u00e8rement revue, une nouvelle bobine et le syst\u00e8me de frein SVS Infinity viennent compl\u00e9ter la liste des am\u00e9liorations. <iframe src=\"\/\/www.youtube.com\/embed\/RbnBITdZmFo\" width=\"560\" height=\"315\" frameborder=\"0\" allowfullscreen=\"allowfullscreen\"><\/iframe><\/p>\n<h3>B\u00e2ti S compact body<\/h3>\n<p>A l&rsquo;image de la gamme Calcutta 13 la serie Conquest voit sont b\u00e2ti totalement retravaill\u00e9 avec un corps beaucoup plus compact pour une position sur la canne am\u00e9lior\u00e9e et une prise en main parfaite. Le b\u00e2ti reprend le travail d&rsquo;orf\u00e8vre qui a fait la renomm\u00e9e des Conquest avec un b\u00e2ti en aluminium monobloc frais\u00e9 avec une pr\u00e9cision in\u00e9gal\u00e9e. La molette du syst\u00e8me SVS infinity a \u00e9t\u00e9 parfaitement int\u00e9gr\u00e9e \u00e0 la sideplate \u00e0 la mani\u00e8re d&rsquo;un syst\u00e8me DC. <img fetchpriority=\"high\" decoding=\"async\" class=\"aligncenter size-full wp-image-2425\" src=\"http:\/\/roulementcasting.com\/wp-content\/uploads\/24513_feature1.jpg\" alt=\"24513_feature1\" width=\"488\" height=\"488\" srcset=\"https:\/\/roulementcasting.com\/wp-content\/uploads\/24513_feature1.jpg 488w, https:\/\/roulementcasting.com\/wp-content\/uploads\/24513_feature1-12x12.jpg 12w, https:\/\/roulementcasting.com\/wp-content\/uploads\/24513_feature1-150x150.jpg 150w, https:\/\/roulementcasting.com\/wp-content\/uploads\/24513_feature1-300x300.jpg 300w, https:\/\/roulementcasting.com\/wp-content\/uploads\/24513_feature1-350x350.jpg 350w, https:\/\/roulementcasting.com\/wp-content\/uploads\/24513_feature1-442x442.jpg 442w, https:\/\/roulementcasting.com\/wp-content\/uploads\/24513_feature1-100x100.jpg 100w\" sizes=\"(max-width: 488px) 100vw, 488px\" \/><\/p>\n<figure id=\"attachment_2419\" aria-describedby=\"caption-attachment-2419\" style=\"width: 488px\" class=\"wp-caption aligncenter\"><img decoding=\"async\" class=\"wp-image-2419\" src=\"http:\/\/roulementcasting.com\/wp-content\/uploads\/Conquest-Conception.jpg\" alt=\"Conquest Conception\" width=\"488\" height=\"488\" srcset=\"https:\/\/roulementcasting.com\/wp-content\/uploads\/Conquest-Conception.jpg 488w, https:\/\/roulementcasting.com\/wp-content\/uploads\/Conquest-Conception-12x12.jpg 12w, https:\/\/roulementcasting.com\/wp-content\/uploads\/Conquest-Conception-150x150.jpg 150w, https:\/\/roulementcasting.com\/wp-content\/uploads\/Conquest-Conception-300x300.jpg 300w, https:\/\/roulementcasting.com\/wp-content\/uploads\/Conquest-Conception-350x350.jpg 350w, https:\/\/roulementcasting.com\/wp-content\/uploads\/Conquest-Conception-442x442.jpg 442w, https:\/\/roulementcasting.com\/wp-content\/uploads\/Conquest-Conception-100x100.jpg 100w\" sizes=\"(max-width: 488px) 100vw, 488px\" \/><figcaption id=\"caption-attachment-2419\" class=\"wp-caption-text\">La bobine a \u00e9t\u00e9 parfaitement centr\u00e9e.<\/figcaption><\/figure>\n<h2>Gears<\/h2>\n<h3>X-Ship<\/h3>\n<p>Le travail des \u00e9quipes Shimano en mati\u00e8re d&rsquo;engrenages est remarquable. Le Syst\u00e8me X-Ship offre une souplesse et une puissance incroyable gr\u00e2ce \u00e0 l&rsquo;ajout de deux roulement S-ARB aux extr\u00e9mit\u00e9s pour maintenir le pignon parfaitement dans l&rsquo;axe m\u00eame sous tr\u00e8s forte tension. L&rsquo;axe de la bobine ne vient plus toucher l&rsquo;interieur du pignon. Les pignons subissent moins de contraintes, la r\u00e9cup\u00e9ration est grandement am\u00e9lior\u00e9e et l&rsquo;usure des pignons r\u00e9duite <img decoding=\"async\" class=\"aligncenter size-full wp-image-2422\" src=\"http:\/\/roulementcasting.com\/wp-content\/uploads\/Conquest-X-ship.jpg\" alt=\"Conquest X-ship\" width=\"488\" height=\"488\" srcset=\"https:\/\/roulementcasting.com\/wp-content\/uploads\/Conquest-X-ship.jpg 488w, https:\/\/roulementcasting.com\/wp-content\/uploads\/Conquest-X-ship-12x12.jpg 12w, https:\/\/roulementcasting.com\/wp-content\/uploads\/Conquest-X-ship-150x150.jpg 150w, https:\/\/roulementcasting.com\/wp-content\/uploads\/Conquest-X-ship-300x300.jpg 300w, https:\/\/roulementcasting.com\/wp-content\/uploads\/Conquest-X-ship-350x350.jpg 350w, https:\/\/roulementcasting.com\/wp-content\/uploads\/Conquest-X-ship-442x442.jpg 442w, https:\/\/roulementcasting.com\/wp-content\/uploads\/Conquest-X-ship-100x100.jpg 100w\" sizes=\"(max-width: 488px) 100vw, 488px\" \/><\/p>\n<h3>Micro Module<\/h3>\n<p>La pignonnerie Micro dent\u00e9e prouve une nouvelle fois l&rsquo;avance de Shimano dans le domaine de l\u2019ing\u00e9nierie avec des pignons en laiton d\u2019une pr\u00e9cision in\u00e9gal\u00e9e. Le nombre de dents a \u00e9t\u00e9 sensiblement augment\u00e9 ce qui permet de r\u00e9duire de moiti\u00e9 les bruits et vibrations parasites en multipliant les point de contact tout en offrant une puissance et une douceur incomparables. <img loading=\"lazy\" decoding=\"async\" class=\"aligncenter size-full wp-image-2420\" src=\"http:\/\/roulementcasting.com\/wp-content\/uploads\/Conquest-Micro-module.jpg\" alt=\"Conquest Micro module\" width=\"488\" height=\"488\" srcset=\"https:\/\/roulementcasting.com\/wp-content\/uploads\/Conquest-Micro-module.jpg 488w, https:\/\/roulementcasting.com\/wp-content\/uploads\/Conquest-Micro-module-12x12.jpg 12w, https:\/\/roulementcasting.com\/wp-content\/uploads\/Conquest-Micro-module-150x150.jpg 150w, https:\/\/roulementcasting.com\/wp-content\/uploads\/Conquest-Micro-module-300x300.jpg 300w, https:\/\/roulementcasting.com\/wp-content\/uploads\/Conquest-Micro-module-350x350.jpg 350w, https:\/\/roulementcasting.com\/wp-content\/uploads\/Conquest-Micro-module-442x442.jpg 442w, https:\/\/roulementcasting.com\/wp-content\/uploads\/Conquest-Micro-module-100x100.jpg 100w\" sizes=\"(max-width: 488px) 100vw, 488px\" \/><\/p>\n<h3>SVS Infinity<\/h3>\n<p>Le SVS qui \u00e9quipe les moulinets Shimano est compos\u00e9 de 6 masselottes. Avec le SVS Infinity \u00a0Shimano r\u00e9volutionne sont syst\u00e8me de freinage. Le SVS Infinity permet de r\u00e9gler avec une pr\u00e9cision encore jamais atteinte les forces de frottements.\u00a0La molette ext\u00e9rieure permet de changer rapidement l\u2019inclinaison des masselottes afin de modifier les forces de frottement. <img loading=\"lazy\" decoding=\"async\" class=\"aligncenter size-full wp-image-2421\" src=\"http:\/\/roulementcasting.com\/wp-content\/uploads\/Conquest-SVS.jpg\" alt=\"Conquest SVS\" width=\"488\" height=\"488\" srcset=\"https:\/\/roulementcasting.com\/wp-content\/uploads\/Conquest-SVS.jpg 488w, https:\/\/roulementcasting.com\/wp-content\/uploads\/Conquest-SVS-12x12.jpg 12w, https:\/\/roulementcasting.com\/wp-content\/uploads\/Conquest-SVS-150x150.jpg 150w, https:\/\/roulementcasting.com\/wp-content\/uploads\/Conquest-SVS-300x300.jpg 300w, https:\/\/roulementcasting.com\/wp-content\/uploads\/Conquest-SVS-350x350.jpg 350w, https:\/\/roulementcasting.com\/wp-content\/uploads\/Conquest-SVS-442x442.jpg 442w, https:\/\/roulementcasting.com\/wp-content\/uploads\/Conquest-SVS-100x100.jpg 100w\" sizes=\"(max-width: 488px) 100vw, 488px\" \/> Le Sch\u00e9ma montre les diff\u00e9rents r\u00e9glages avec le SVS Infinity (\u00e0 gauche) en comparaison avec les 6 possibles avec le SVS traditionnel. La pr\u00e9cision des r\u00e9glages permet de s\u2019adapter aux mieux aux diff\u00e9rentes situations pour des distances de lanc\u00e9s in\u00e9galables avec le SVS traditionnel. <img loading=\"lazy\" decoding=\"async\" class=\"aligncenter size-full wp-image-1644\" src=\"http:\/\/roulementcasting.com\/wp-content\/uploads\/2013\/05\/Graphique.jpg\" alt=\"Graphique\" width=\"488\" height=\"488\" srcset=\"https:\/\/roulementcasting.com\/wp-content\/uploads\/2013\/05\/Graphique.jpg 488w, https:\/\/roulementcasting.com\/wp-content\/uploads\/2013\/05\/Graphique-12x12.jpg 12w, https:\/\/roulementcasting.com\/wp-content\/uploads\/2013\/05\/Graphique-150x150.jpg 150w, https:\/\/roulementcasting.com\/wp-content\/uploads\/2013\/05\/Graphique-300x300.jpg 300w, https:\/\/roulementcasting.com\/wp-content\/uploads\/2013\/05\/Graphique-350x350.jpg 350w, https:\/\/roulementcasting.com\/wp-content\/uploads\/2013\/05\/Graphique-442x442.jpg 442w, https:\/\/roulementcasting.com\/wp-content\/uploads\/2013\/05\/Graphique-100x100.jpg 100w\" sizes=\"(max-width: 488px) 100vw, 488px\" \/><\/p>\n<h3>Bobine S3D<\/h3>\n<p>La nouvelle bobine S3D qui \u00e9quipe les mod\u00e8les Shimano 2014 r\u00e9duit les vibrations parasite gr\u00e2ce \u00e0 sont nouveau design exclusif. <img loading=\"lazy\" decoding=\"async\" class=\"aligncenter size-full wp-image-2426\" src=\"http:\/\/roulementcasting.com\/wp-content\/uploads\/24514_feature1.jpg\" alt=\"24514_feature1\" width=\"488\" height=\"488\" srcset=\"https:\/\/roulementcasting.com\/wp-content\/uploads\/24514_feature1.jpg 488w, https:\/\/roulementcasting.com\/wp-content\/uploads\/24514_feature1-12x12.jpg 12w, https:\/\/roulementcasting.com\/wp-content\/uploads\/24514_feature1-150x150.jpg 150w, https:\/\/roulementcasting.com\/wp-content\/uploads\/24514_feature1-300x300.jpg 300w, https:\/\/roulementcasting.com\/wp-content\/uploads\/24514_feature1-350x350.jpg 350w, https:\/\/roulementcasting.com\/wp-content\/uploads\/24514_feature1-442x442.jpg 442w, https:\/\/roulementcasting.com\/wp-content\/uploads\/24514_feature1-100x100.jpg 100w\" sizes=\"(max-width: 488px) 100vw, 488px\" \/><\/p>","protected":false},"excerpt":{"rendered":"<p>Nouveaut\u00e9s 2015 :<\/p>\n<p>&#8211; Mod\u00e8le HG en taille 100 et 200<br \/>\n&#8211; Nouvelle Taille 300 et 400<\/p>\n<p>Date de sortie Japonaise :<br \/>\n300\/400 : Mars 2015<br \/>\n301\/401 : Avril 2015<\/p>","protected":false},"featured_media":2424,"comment_status":"open","ping_status":"closed","template":"","meta":{"_acf_changed":false},"product_brand":[1824],"product_cat":[1882],"product_tag":[],"class_list":{"0":"post-2417","1":"product","2":"type-product","3":"status-publish","4":"has-post-thumbnail","6":"product_brand-shimano","7":"product_cat-moulinet-archive","8":"pa_new-conquest-436","9":"pa_new-conquest-437","10":"pa_new-conquest-438","11":"pa_new-conquest-439","13":"first","14":"outofstock","15":"taxable","16":"shipping-taxable","17":"product-type-simple"},"bundle_layout":"","bundled_by":[],"bundled_items":[],"acf":[],"_links":{"self":[{"href":"https:\/\/roulementcasting.com\/en\/wp-json\/wp\/v2\/product\/2417","targetHints":{"allow":["GET"]}}],"collection":[{"href":"https:\/\/roulementcasting.com\/en\/wp-json\/wp\/v2\/product"}],"about":[{"href":"https:\/\/roulementcasting.com\/en\/wp-json\/wp\/v2\/types\/product"}],"replies":[{"embeddable":true,"href":"https:\/\/roulementcasting.com\/en\/wp-json\/wp\/v2\/comments?post=2417"}],"version-history":[{"count":1,"href":"https:\/\/roulementcasting.com\/en\/wp-json\/wp\/v2\/product\/2417\/revisions"}],"predecessor-version":[{"id":28402,"href":"https:\/\/roulementcasting.com\/en\/wp-json\/wp\/v2\/product\/2417\/revisions\/28402"}],"wp:featuredmedia":[{"embeddable":true,"href":"https:\/\/roulementcasting.com\/en\/wp-json\/wp\/v2\/media\/2424"}],"wp:attachment":[{"href":"https:\/\/roulementcasting.com\/en\/wp-json\/wp\/v2\/media?parent=2417"}],"wp:term":[{"taxonomy":"product_brand","embeddable":true,"href":"https:\/\/roulementcasting.com\/en\/wp-json\/wp\/v2\/product_brand?post=2417"},{"taxonomy":"product_cat","embeddable":true,"href":"https:\/\/roulementcasting.com\/en\/wp-json\/wp\/v2\/product_cat?post=2417"},{"taxonomy":"product_tag","embeddable":true,"href":"https:\/\/roulementcasting.com\/en\/wp-json\/wp\/v2\/product_tag?post=2417"}],"curies":[{"name":"wp","href":"https:\/\/api.w.org\/{rel}","templated":true}]}}