{"id":2309,"date":"2014-01-06T11:11:52","date_gmt":"2014-01-06T09:11:52","guid":{"rendered":"http:\/\/roulementcasting.com\/?post_type=product&#038;p=2309"},"modified":"2026-04-02T01:54:45","modified_gmt":"2026-04-01T23:54:45","slug":"hedgehog-roulements-kattobi-air-bfs","status":"publish","type":"product","link":"https:\/\/roulementcasting.com\/en\/product\/hedgehog-roulements-kattobi-air-bfs\/","title":{"rendered":"HedgeHog Roulements \u00ab\u00a0Kattobi\u00a0\u00bb AIR BFS"},"content":{"rendered":"<p><img fetchpriority=\"high\" decoding=\"async\" class=\"aligncenter size-full wp-image-2310\" src=\"\/wp-content\/uploads\/2014\/01\/HedgeHog-AIR-BFS-Une.jpg\" alt=\"HedgeHog AIR BFS Une\" width=\"600\" height=\"223\" srcset=\"https:\/\/roulementcasting.com\/wp-content\/uploads\/2014\/01\/HedgeHog-AIR-BFS-Une.jpg 600w, https:\/\/roulementcasting.com\/wp-content\/uploads\/2014\/01\/HedgeHog-AIR-BFS-Une-300x112.jpg 300w, https:\/\/roulementcasting.com\/wp-content\/uploads\/2014\/01\/HedgeHog-AIR-BFS-Une-442x164.jpg 442w\" sizes=\"(max-width: 600px) 100vw, 600px\" \/><\/p>\n<p>HedgeHog Studio a mis au point une nouvelle version de ses c\u00e9l\u00e8bres roulements AIR. Les AIR BFS ont pour vocation d&rsquo;offrir le meilleur rapport prix\/performance pour le Bait Finesse.<\/p>\n<p>Les roulements AIR BFS sont compos\u00e9s de super micro billes en acier inoxydable. La rotation est exceptionnelle et silencieuse.<\/p>\n<p><img decoding=\"async\" class=\"aligncenter size-full wp-image-1508\" src=\"\/wp-content\/uploads\/2013\/03\/Micro-billes-AIR.png\" alt=\"Micro-billes-AIR\" width=\"570\" height=\"315\" srcset=\"https:\/\/roulementcasting.com\/wp-content\/uploads\/2013\/03\/Micro-billes-AIR.png 570w, https:\/\/roulementcasting.com\/wp-content\/uploads\/2013\/03\/Micro-billes-AIR-300x166.png 300w, https:\/\/roulementcasting.com\/wp-content\/uploads\/2013\/03\/Micro-billes-AIR-442x244.png 442w\" sizes=\"(max-width: 570px) 100vw, 570px\" \/><\/p>\n<p>Le roulement est plac\u00e9 dans une cage en aluminium pour r\u00e9duire le poids et facilit\u00e9 l&rsquo;entretien.<\/p>\n<p><img decoding=\"async\" class=\"aligncenter size-full wp-image-2318\" src=\"\/wp-content\/uploads\/2014\/01\/AIR-BFS-Housing.jpg\" alt=\"AIR BFS Housing\" width=\"600\" height=\"450\" srcset=\"https:\/\/roulementcasting.com\/wp-content\/uploads\/2014\/01\/AIR-BFS-Housing.jpg 600w, https:\/\/roulementcasting.com\/wp-content\/uploads\/2014\/01\/AIR-BFS-Housing-300x225.jpg 300w, https:\/\/roulementcasting.com\/wp-content\/uploads\/2014\/01\/AIR-BFS-Housing-442x332.jpg 442w\" sizes=\"(max-width: 600px) 100vw, 600px\" \/><\/p>\n<p>ATTENTION : Les roulements\u00a0<span style=\"font-size: 13px; line-height: 19px;\">Kattobi\u00a0\u00bb\u00a0<\/span><span style=\"font-size: 13px; line-height: 19px;\">AIR BFS sont sp\u00e9cialement con\u00e7us pour le Bait Finesse et les p\u00eaches l\u00e9g\u00e8res. Il est d\u00e9conseill\u00e9 de les utilis\u00e9s pour les p\u00eaches lourdes ou sur des poids sup\u00e9rieurs \u00e0 1\/2 oz (14gr).<\/span><\/p>\n<p>[flat_button text=\u00a0\u00bb1030 AIR BFS &amp; 1030 AIR BFS\u00a0\u00bb title=\u00a0\u00bb1030 AIR BFS &amp; 1030 AIR BFS\u00a0\u00bb url=\u00a0\u00bb\/produit\/hedgehog-kattobi-air-bfs-kit-bobine-01\/\u00a0\u00bb padding=\u00a0\u00bb10px 20px\u00a0\u00bb bg_color=\u00a0\u00bbtransparent\u00a0\u00bb border_color=\u00a0\u00bb#ff5c00&Prime; border_width=\u00a0\u00bb1px\u00a0\u00bb text_color=\u00a0\u00bb#000000&Prime; text_size=\u00a0\u00bb16px\u00a0\u00bb align=\u00a0\u00bbleft\u00a0\u00bb target=\u00a0\u00bb_self\u00a0\u00bb]<\/p>\n<p>[flat_button text=\u00a0\u00bb1150 AIR BFS &amp; 1030 AIR BFS\u00a0\u00bb title=\u00a0\u00bb1150 AIR BFS &amp; 1030 AIR BFS\u00a0\u00bb url=\u00a0\u00bb\/produit\/hedgehog-kattobi-air-bfs-kit-bobine-02\/\u00a0\u00bb padding=\u00a0\u00bb10px 20px\u00a0\u00bb bg_color=\u00a0\u00bbtransparent\u00a0\u00bb border_color=\u00a0\u00bb#ff5c00&Prime; border_width=\u00a0\u00bb1px\u00a0\u00bb text_color=\u00a0\u00bb#000000&Prime; text_size=\u00a0\u00bb16px\u00a0\u00bb align=\u00a0\u00bbleft\u00a0\u00bb target=\u00a0\u00bb_self\u00a0\u00bb]<\/p>\n<p>[flat_button text=\u00a0\u00bb1150 AIR BFS &amp; 830 AIR BFS\u00a0\u00bb title=\u00a0\u00bb1150 AIR BFS &amp; 830 AIR BFS\u00a0\u00bb url=\u00a0\u00bb\/produit\/hedgehog-kattobi-air-bfs-kit-bobine-03\/\u00a0\u00bb padding=\u00a0\u00bb10px 20px\u00a0\u00bb bg_color=\u00a0\u00bbtransparent\u00a0\u00bb border_color=\u00a0\u00bb#ff5c00&Prime; border_width=\u00a0\u00bb1px\u00a0\u00bb text_color=\u00a0\u00bb#000000&Prime; text_size=\u00a0\u00bb16px\u00a0\u00bb align=\u00a0\u00bbleft\u00a0\u00bb target=\u00a0\u00bb_self\u00a0\u00bb]<\/p>\n<p>[flat_button text=\u00a0\u00bb1030 AIR BFS &amp; 830 AIR BFS\u00a0\u00bb title=\u00a0\u00bb1030 AIR BFS &amp; 830 AIR BFS\u00a0\u00bb url=\u00a0\u00bb\/produit\/hedgehog-kattobi-air-bfs-kit-bobine-06\/\u00a0\u00bb padding=\u00a0\u00bb10px 20px\u00a0\u00bb bg_color=\u00a0\u00bbtransparent\u00a0\u00bb border_color=\u00a0\u00bb#ff5c00&Prime; border_width=\u00a0\u00bb1px\u00a0\u00bb text_color=\u00a0\u00bb#000000&Prime; text_size=\u00a0\u00bb16px\u00a0\u00bb align=\u00a0\u00bbleft\u00a0\u00bb target=\u00a0\u00bb_self\u00a0\u00bb]<\/p>\n<p>[flat_button text=\u00a0\u00bb1030 AIR BFS &amp; 730 AIR BFS\u00a0\u00bb title=\u00a0\u00bb1030 AIR BFS &amp; 730 AIR BFS\u00a0\u00bb url=\u00a0\u00bb\/produit\/hedgehog-kattobi-air-bfs-kit-bobine-08\/\u00a0\u00bb padding=\u00a0\u00bb10px 20px\u00a0\u00bb bg_color=\u00a0\u00bbtransparent\u00a0\u00bb border_color=\u00a0\u00bb#ff5c00&Prime; border_width=\u00a0\u00bb1px\u00a0\u00bb text_color=\u00a0\u00bb#000000&Prime; text_size=\u00a0\u00bb16px\u00a0\u00bb align=\u00a0\u00bbleft\u00a0\u00bb target=\u00a0\u00bb_self\u00a0\u00bb]<\/p>\n<p>[flat_button text=\u00a0\u00bb730 AIR BFS &amp; 730 AIR BFS\u00a0\u00bb title=\u00a0\u00bb730 AIR BFS &amp; 730 AIR BFS\u00a0\u00bb url=\u00a0\u00bb\/produit\/hedgehog-kattobi-air-bfs-kit-bobine-10\/\u00a0\u00bb padding=\u00a0\u00bb10px 20px\u00a0\u00bb bg_color=\u00a0\u00bbtransparent\u00a0\u00bb border_color=\u00a0\u00bb#ff5c00&Prime; border_width=\u00a0\u00bb1px\u00a0\u00bb text_color=\u00a0\u00bb#000000&Prime; text_size=\u00a0\u00bb16px\u00a0\u00bb align=\u00a0\u00bbleft\u00a0\u00bb target=\u00a0\u00bb_self\u00a0\u00bb]<\/p>\n<p>[flat_button text=\u00a0\u00bb830 AIR BFS &amp; 830 AIR BFS\u00a0\u00bb title=\u00a0\u00bb830 AIR BFS &amp; 830 AIR BFS\u00a0\u00bb url=\u00a0\u00bb\/produit\/hedgehog-kattobi-air-bfs-kit-bobine-11\/\u00a0\u00bb padding=\u00a0\u00bb10px 20px\u00a0\u00bb bg_color=\u00a0\u00bbtransparent\u00a0\u00bb border_color=\u00a0\u00bb#ff5c00&Prime; border_width=\u00a0\u00bb1px\u00a0\u00bb text_color=\u00a0\u00bb#000000&Prime; text_size=\u00a0\u00bb16px\u00a0\u00bb align=\u00a0\u00bbleft\u00a0\u00bb target=\u00a0\u00bb_self\u00a0\u00bb]<\/p>\n<p>[flat_button text=\u00a0\u00bb1130 AIR BFS &amp; 1030 AIR BFS\u00a0\u00bb title=\u00a0\u00bb1130 AIR BFS &amp; 1030 AIR BFS\u00a0\u00bb url=\u00a0\u00bb\/produit\/hedgehog-kattobi-air-bfs-kit-bobine-12\/\u00a0\u00bb padding=\u00a0\u00bb10px 20px\u00a0\u00bb bg_color=\u00a0\u00bbtransparent\u00a0\u00bb border_color=\u00a0\u00bb#ff5c00&Prime; border_width=\u00a0\u00bb1px\u00a0\u00bb text_color=\u00a0\u00bb#000000&Prime; text_size=\u00a0\u00bb16px\u00a0\u00bb align=\u00a0\u00bbleft\u00a0\u00bb target=\u00a0\u00bb_self\u00a0\u00bb]<\/p>\n<p>[flat_button text=\u00a0\u00bb1130 AIR BFS &amp; 830 AIR BFS\u00a0\u00bb title=\u00a0\u00bb1130 AIR BFS &amp; 830 AIR BFS\u00a0\u00bb url=\u00a0\u00bb\/produit\/hedgehog-kattobi-air-bfs-kit-bobine-13\/\u00a0\u00bb padding=\u00a0\u00bb10px 20px\u00a0\u00bb bg_color=\u00a0\u00bbtransparent\u00a0\u00bb border_color=\u00a0\u00bb#ff5c00&Prime; border_width=\u00a0\u00bb1px\u00a0\u00bb text_color=\u00a0\u00bb#000000&Prime; text_size=\u00a0\u00bb16px\u00a0\u00bb align=\u00a0\u00bbleft\u00a0\u00bb target=\u00a0\u00bb_self\u00a0\u00bb]<\/p>\n<p>&nbsp;<\/p>\n","protected":false},"excerpt":{"rendered":"<p>[rev_slider alias=\u00a0\u00bbslider-4&Prime;][\/rev_slider]<\/p>\n","protected":false},"featured_media":2317,"comment_status":"open","ping_status":"closed","template":"","meta":{"_acf_changed":false},"product_brand":[1823],"product_cat":[97],"product_tag":[],"class_list":{"0":"post-2309","1":"product","2":"type-product","3":"status-publish","4":"has-post-thumbnail","6":"product_brand-hedgehog-studio","7":"product_cat-roulements","8":"product_shipping_class-lettre-suivie","9":"pa_air-bfs-kit-airbfs-1","10":"pa_air-bfs-kit-airbfs-2","11":"pa_air-bfs-kit-air-bfs-3","12":"pa_air-bfs-kit-airbfs-4","13":"pa_air-bfs-kit-airbfs-5","14":"pa_air-bfs-kit-airbfs-6","15":"pa_air-bfs-kit-air-bfs-7","16":"pa_air-bfs-kit-air-bfs-8","17":"pa_air-bfs-kit-air-bfs-9","19":"first","20":"instock","21":"taxable","22":"shipping-taxable","23":"product-type-external"},"bundle_layout":"","bundled_by":[],"bundled_items":[],"acf":[],"_links":{"self":[{"href":"https:\/\/roulementcasting.com\/en\/wp-json\/wp\/v2\/product\/2309","targetHints":{"allow":["GET"]}}],"collection":[{"href":"https:\/\/roulementcasting.com\/en\/wp-json\/wp\/v2\/product"}],"about":[{"href":"https:\/\/roulementcasting.com\/en\/wp-json\/wp\/v2\/types\/product"}],"replies":[{"embeddable":true,"href":"https:\/\/roulementcasting.com\/en\/wp-json\/wp\/v2\/comments?post=2309"}],"version-history":[{"count":2,"href":"https:\/\/roulementcasting.com\/en\/wp-json\/wp\/v2\/product\/2309\/revisions"}],"predecessor-version":[{"id":30590,"href":"https:\/\/roulementcasting.com\/en\/wp-json\/wp\/v2\/product\/2309\/revisions\/30590"}],"wp:featuredmedia":[{"embeddable":true,"href":"https:\/\/roulementcasting.com\/en\/wp-json\/wp\/v2\/media\/2317"}],"wp:attachment":[{"href":"https:\/\/roulementcasting.com\/en\/wp-json\/wp\/v2\/media?parent=2309"}],"wp:term":[{"taxonomy":"product_brand","embeddable":true,"href":"https:\/\/roulementcasting.com\/en\/wp-json\/wp\/v2\/product_brand?post=2309"},{"taxonomy":"product_cat","embeddable":true,"href":"https:\/\/roulementcasting.com\/en\/wp-json\/wp\/v2\/product_cat?post=2309"},{"taxonomy":"product_tag","embeddable":true,"href":"https:\/\/roulementcasting.com\/en\/wp-json\/wp\/v2\/product_tag?post=2309"}],"curies":[{"name":"wp","href":"https:\/\/api.w.org\/{rel}","templated":true}]}}