{"id":22608,"date":"2021-04-28T15:13:21","date_gmt":"2021-04-28T13:13:21","guid":{"rendered":"https:\/\/roulementcasting.com\/?post_type=product&#038;p=22608"},"modified":"2026-04-02T10:47:57","modified_gmt":"2026-04-02T08:47:57","slug":"slp-works-graisse-104-maintenance","status":"publish","type":"product","link":"https:\/\/roulementcasting.com\/en\/product\/slp-works-graisse-104-maintenance\/","title":{"rendered":"SLP WORKS Maintenance Grease 104"},"content":{"rendered":"<p>This grease is used by the technical team at DAIWA Japan.<\/p>\n<p>It helps prevent corrosion and lubricate the parts of Daiwa spinning and casting reels, such as:<\/p>\n<ul>\n<li>The ball bearings that support the gears<\/li>\n<li>Worm shafts for casting reels.<\/li>\n<li>Trigger mechanism for casting reels<\/li>\n<li>Friction brake button<\/li>\n<\/ul>\n<p>Regular use helps to extend the lifespan of Daiwa reels.<\/p>\n<p>Net weight: 10 g<\/p>\n<p>*DO NOT USE on brake discs, backstops or spool bearings<\/p>","protected":false},"excerpt":{"rendered":"<p>Cette graisse est utilis\u00e9e par le staff technique de DAIWA Japon. Elle permet de pr\u00e9venir la corrosion et lubrifier les pi\u00e8ces des moulinets Daiwa spinning et casting comme notamment : Les roulements \u00e0 billes qui supportent les engrenages Vis sans fin (Worm Shafts) des moulinets casting. M\u00e9canisme de g\u00e2chette des moulinets casting Bouton de frein [&hellip;]<\/p>\n","protected":false},"featured_media":28129,"comment_status":"open","ping_status":"closed","template":"","meta":{"_acf_changed":false},"product_brand":[1828,1834],"product_cat":[1841],"product_tag":[],"class_list":{"0":"post-22608","1":"product","2":"type-product","3":"status-publish","4":"has-post-thumbnail","6":"product_brand-daiwa","7":"product_brand-slp-works","8":"product_cat-graisse","9":"product_shipping_class-colissimo","11":"first","12":"instock","13":"taxable","14":"shipping-taxable","15":"purchasable","16":"product-type-simple"},"bundle_layout":"","bundled_by":[],"bundled_items":[],"acf":[],"_links":{"self":[{"href":"https:\/\/roulementcasting.com\/en\/wp-json\/wp\/v2\/product\/22608","targetHints":{"allow":["GET"]}}],"collection":[{"href":"https:\/\/roulementcasting.com\/en\/wp-json\/wp\/v2\/product"}],"about":[{"href":"https:\/\/roulementcasting.com\/en\/wp-json\/wp\/v2\/types\/product"}],"replies":[{"embeddable":true,"href":"https:\/\/roulementcasting.com\/en\/wp-json\/wp\/v2\/comments?post=22608"}],"version-history":[{"count":1,"href":"https:\/\/roulementcasting.com\/en\/wp-json\/wp\/v2\/product\/22608\/revisions"}],"predecessor-version":[{"id":29335,"href":"https:\/\/roulementcasting.com\/en\/wp-json\/wp\/v2\/product\/22608\/revisions\/29335"}],"wp:featuredmedia":[{"embeddable":true,"href":"https:\/\/roulementcasting.com\/en\/wp-json\/wp\/v2\/media\/28129"}],"wp:attachment":[{"href":"https:\/\/roulementcasting.com\/en\/wp-json\/wp\/v2\/media?parent=22608"}],"wp:term":[{"taxonomy":"product_brand","embeddable":true,"href":"https:\/\/roulementcasting.com\/en\/wp-json\/wp\/v2\/product_brand?post=22608"},{"taxonomy":"product_cat","embeddable":true,"href":"https:\/\/roulementcasting.com\/en\/wp-json\/wp\/v2\/product_cat?post=22608"},{"taxonomy":"product_tag","embeddable":true,"href":"https:\/\/roulementcasting.com\/en\/wp-json\/wp\/v2\/product_tag?post=22608"}],"curies":[{"name":"wp","href":"https:\/\/api.w.org\/{rel}","templated":true}]}}