{"id":22447,"date":"2021-04-07T17:09:55","date_gmt":"2021-04-07T15:09:55","guid":{"rendered":"https:\/\/roulementcasting.com\/?post_type=product&#038;p=22447"},"modified":"2026-04-02T02:05:31","modified_gmt":"2026-04-02T00:05:31","slug":"roulement-r56-hybrid-ceramic-boca-bearing","status":"publish","type":"product","link":"https:\/\/roulementcasting.com\/en\/product\/roulement-r56-hybrid-ceramic-boca-bearing\/","title":{"rendered":"R56 bearing \u2013 Hybrid Ceramic \u2013 ABEC 3 \u2013 ISO P6"},"content":{"rendered":"<section class=\"rc-product-desc\">\n<p class=\"rc-intro\">\n    The <strong>ABEC3 hybrid ceramic bearings<\/strong> help to improve<br \/>\n    Keep your reel running smoothly with a simple, effective and affordable solution.<br \/>\n    Thanks to the ceramic balls, they reduce friction whilst maintaining<br \/>\n    a good level of durability.\n  <\/p>\n<div class=\"rc-grid-3\">\n<div class=\"rc-card\">\n<h3>Hybrid Ceramic<\/h3>\n<p>\n        Ceramic balls (Si3N4) combined with 440C stainless steel bushings.<br \/>\n        Smoother rotation than a standard steel bearing.\n      <\/p>\n<\/p><\/div>\n<div class=\"rc-card\">\n<h3>ABEC3 precision<\/h3>\n<p>\n        Wider tolerances that promote robustness and tolerance<br \/>\n        rather than pure performance.\n      <\/p>\n<\/p><\/div>\n<div class=\"rc-card\">\n<h3>Easy to use<\/h3>\n<p>\n        A reliable and low-maintenance solution,<br \/>\n        suitable for regular use without any particular restrictions.\n      <\/p>\n<\/p><\/div>\n<\/p><\/div>\n<div class=\"rc-performance\">\n<h2>What this changes<\/h2>\n<ul>\n<li>Smoother rotation than a standard bearing<\/li>\n<li>Easier start-up of the coil<\/li>\n<li>Less overall resistance<\/li>\n<li>Smoother operation<\/li>\n<li>A simple and effective improvement<\/li>\n<\/ul><\/div>\n<div class=\"rc-specs\">\n<h2>Construction<\/h2>\n<ul>\n<li>Si3N4 ceramic balls<\/li>\n<li>440C stainless steel<\/li>\n<li>ABEC3 precision<\/li>\n<li>Simple and robust design<\/li>\n<\/ul><\/div>\n<div class=\"rc-usage\">\n<h2>Usage<\/h2>\n<p>\n      Suitable for spool bearings in casting or spinning reels,<br \/>\n      as well as the internal bearings to improve the reel\u2019s overall smoothness.\n    <\/p>\n<p>\n      Ideal for brushing up your skills or making your first improvements without having to look for<br \/>\n      extreme performance.\n    <\/p>\n<\/p><\/div>\n<div class=\"rc-tip\">\n<h2>Setting<\/h2>\n<p>\n      Use a <a href=\"\/en\/entretien-huiles-graisses\/#lowviscosity\">suitable oil<\/a><br \/>\n      depending on the intended use. Regular lubrication helps to maintain<br \/>\n      a smooth progression over time.\n    <\/p>\n<\/p><\/div>\n<p style=\"margin-top: 20px; font-size: 0.9rem; opacity: 0.8;\">\n    An affordable solution to improve the smooth running of your reel.\n  <\/p>\n<\/section>","protected":false},"excerpt":{"rendered":"<p>Les roulements Hybrid Ceramic ABEC3 permettent d\u2019am\u00e9liorer la fluidit\u00e9 de votre moulinet avec une solution simple, efficace et accessible. Gr\u00e2ce aux billes c\u00e9ramique, ils r\u00e9duisent la friction tout en conservant un bon niveau de robustesse. Hybrid Ceramic Billes en c\u00e9ramique (Si3N4) associ\u00e9es \u00e0 des bagues en acier inox 440C. Une rotation plus fluide qu\u2019un roulement [&hellip;]<\/p>\n","protected":false},"featured_media":30149,"comment_status":"closed","ping_status":"closed","template":"","meta":{"_acf_changed":false},"product_brand":[1825],"product_cat":[97],"product_tag":[],"class_list":{"0":"post-22447","1":"product","2":"type-product","3":"status-publish","4":"has-post-thumbnail","6":"product_brand-boca-bearings","7":"product_cat-roulements","8":"product_shipping_class-lettre-suivie","10":"first","11":"instock","12":"sale","13":"taxable","14":"shipping-taxable","15":"purchasable","16":"product-type-simple"},"bundle_layout":"","bundled_by":["22832"],"bundled_items":[],"acf":[],"_links":{"self":[{"href":"https:\/\/roulementcasting.com\/en\/wp-json\/wp\/v2\/product\/22447","targetHints":{"allow":["GET"]}}],"collection":[{"href":"https:\/\/roulementcasting.com\/en\/wp-json\/wp\/v2\/product"}],"about":[{"href":"https:\/\/roulementcasting.com\/en\/wp-json\/wp\/v2\/types\/product"}],"replies":[{"embeddable":true,"href":"https:\/\/roulementcasting.com\/en\/wp-json\/wp\/v2\/comments?post=22447"}],"version-history":[{"count":3,"href":"https:\/\/roulementcasting.com\/en\/wp-json\/wp\/v2\/product\/22447\/revisions"}],"predecessor-version":[{"id":30400,"href":"https:\/\/roulementcasting.com\/en\/wp-json\/wp\/v2\/product\/22447\/revisions\/30400"}],"wp:featuredmedia":[{"embeddable":true,"href":"https:\/\/roulementcasting.com\/en\/wp-json\/wp\/v2\/media\/30149"}],"wp:attachment":[{"href":"https:\/\/roulementcasting.com\/en\/wp-json\/wp\/v2\/media?parent=22447"}],"wp:term":[{"taxonomy":"product_brand","embeddable":true,"href":"https:\/\/roulementcasting.com\/en\/wp-json\/wp\/v2\/product_brand?post=22447"},{"taxonomy":"product_cat","embeddable":true,"href":"https:\/\/roulementcasting.com\/en\/wp-json\/wp\/v2\/product_cat?post=22447"},{"taxonomy":"product_tag","embeddable":true,"href":"https:\/\/roulementcasting.com\/en\/wp-json\/wp\/v2\/product_tag?post=22447"}],"curies":[{"name":"wp","href":"https:\/\/api.w.org\/{rel}","templated":true}]}}