{"id":22445,"date":"2021-04-07T17:07:18","date_gmt":"2021-04-07T15:07:18","guid":{"rendered":"https:\/\/roulementcasting.com\/?post_type=product&#038;p=22445"},"modified":"2026-04-02T02:05:31","modified_gmt":"2026-04-02T00:05:31","slug":"roulement-r54-hybrid-ceramic-abec5-boca-bearing","status":"publish","type":"product","link":"https:\/\/roulementcasting.com\/en\/product\/roulement-r54-hybrid-ceramic-abec5-boca-bearing\/","title":{"rendered":"R54 bearing \u2013 Hybrid Ceramic \u2013 ABEC 5 \u2013 ISO P5"},"content":{"rendered":"<section class=\"rc-product-desc\">\n<p class=\"rc-intro\">The <strong>ABEC5 hybrid ceramic bearings<\/strong> offer a clear improvement<br \/>\nthe smoothness of your reel, with a good balance between performance,<br \/>\nstability and sustainability.<\/p>\n<div class=\"rc-grid-3\">\n<div class=\"rc-card\">\n<h3>Hybrid Ceramic<\/h3>\n<p>Ceramic balls (Si3N4) combined with 440C stainless steel bushings.<br \/>\nLess friction and smoother rotation than a standard bearing.<\/p>\n<\/div>\n<div class=\"rc-card\">\n<h3>ABEC5 precision<\/h3>\n<p>Balanced tolerances for stable and smooth rotation.<br \/>\nA good balance between performance and durability.<\/p>\n<\/div>\n<div class=\"rc-card\">\n<h3>Open construction<\/h3>\n<p>Seamless to minimise drag as much as possible.<br \/>\nA simple design, focused on ease of use and maintenance.<\/p>\n<\/div>\n<\/div>\n<div class=\"rc-performance\">\n<h2>What this changes<\/h2>\n<ul>\n<li>Faster start-up of the reel<\/li>\n<li>A smoother, more consistent throw<\/li>\n<li>Less rotational resistance<\/li>\n<li>Less energy loss<\/li>\n<li>More consistent performance<\/li>\n<\/ul>\n<\/div>\n<div class=\"rc-specs\">\n<h2>Construction<\/h2>\n<ul>\n<li>Si3N4 ceramic balls<\/li>\n<li>440C stainless steel<\/li>\n<li>ABEC5 precision<\/li>\n<\/ul>\n<\/div>\n<div class=\"rc-usage\">\n<h2>Usage<\/h2>\n<p>Ideal for spool bearings in casting, but also for improving overall smoothness in certain internal bearings.<\/p>\n<p>Suitable for users looking for smoother rotation, whilst maintaining a good level of reliability.<\/p>\n<\/div>\n<div class=\"rc-tip\">\n<h2>Setting<\/h2>\n<p>Use a <a href=\"\/en\/entretien-huiles-graisses\/#lowviscosity\">low-viscosity oil<\/a> to maximise speed.<\/p>\n<\/div>\n<p style=\"margin-top: 20px; font-size: 0.9rem; opacity: 0.8;\">An effective balance between performance and ease of use.<\/p>\n<\/section>","protected":false},"excerpt":{"rendered":"<p>Les roulements Hybrid Ceramic ABEC5 offrent une am\u00e9lioration nette de la fluidit\u00e9 de votre moulinet, avec un bon \u00e9quilibre entre performance, stabilit\u00e9 et durabilit\u00e9. Hybrid Ceramic Billes en c\u00e9ramique (Si3N4) associ\u00e9es \u00e0 des bagues en acier inox 440C. Moins d\u2019inertie et une rotation plus fluide qu\u2019un roulement standard. Pr\u00e9cision ABEC5 Tol\u00e9rances \u00e9quilibr\u00e9es pour une rotation [&hellip;]<\/p>\n","protected":false},"featured_media":30149,"comment_status":"closed","ping_status":"closed","template":"","meta":{"_acf_changed":false},"product_brand":[1825],"product_cat":[97],"product_tag":[],"class_list":{"0":"post-22445","1":"product","2":"type-product","3":"status-publish","4":"has-post-thumbnail","6":"product_brand-boca-bearings","7":"product_cat-roulements","8":"product_shipping_class-lettre-suivie","10":"first","11":"instock","12":"sale","13":"taxable","14":"shipping-taxable","15":"purchasable","16":"product-type-simple"},"bundle_layout":"","bundled_by":["22803"],"bundled_items":[],"acf":[],"_links":{"self":[{"href":"https:\/\/roulementcasting.com\/en\/wp-json\/wp\/v2\/product\/22445","targetHints":{"allow":["GET"]}}],"collection":[{"href":"https:\/\/roulementcasting.com\/en\/wp-json\/wp\/v2\/product"}],"about":[{"href":"https:\/\/roulementcasting.com\/en\/wp-json\/wp\/v2\/types\/product"}],"replies":[{"embeddable":true,"href":"https:\/\/roulementcasting.com\/en\/wp-json\/wp\/v2\/comments?post=22445"}],"version-history":[{"count":5,"href":"https:\/\/roulementcasting.com\/en\/wp-json\/wp\/v2\/product\/22445\/revisions"}],"predecessor-version":[{"id":30252,"href":"https:\/\/roulementcasting.com\/en\/wp-json\/wp\/v2\/product\/22445\/revisions\/30252"}],"wp:featuredmedia":[{"embeddable":true,"href":"https:\/\/roulementcasting.com\/en\/wp-json\/wp\/v2\/media\/30149"}],"wp:attachment":[{"href":"https:\/\/roulementcasting.com\/en\/wp-json\/wp\/v2\/media?parent=22445"}],"wp:term":[{"taxonomy":"product_brand","embeddable":true,"href":"https:\/\/roulementcasting.com\/en\/wp-json\/wp\/v2\/product_brand?post=22445"},{"taxonomy":"product_cat","embeddable":true,"href":"https:\/\/roulementcasting.com\/en\/wp-json\/wp\/v2\/product_cat?post=22445"},{"taxonomy":"product_tag","embeddable":true,"href":"https:\/\/roulementcasting.com\/en\/wp-json\/wp\/v2\/product_tag?post=22445"}],"curies":[{"name":"wp","href":"https:\/\/api.w.org\/{rel}","templated":true}]}}