{"id":22174,"date":"2021-03-19T17:40:10","date_gmt":"2021-03-19T15:40:10","guid":{"rendered":"https:\/\/roulementcasting.com\/?post_type=product&#038;p=22174"},"modified":"2025-12-08T18:58:44","modified_gmt":"2025-12-08T16:58:44","slug":"daiwa-zillion-hd-tw-1520-crazy-cranker","status":"publish","type":"product","link":"https:\/\/roulementcasting.com\/en\/product\/daiwa-zillion-hd-tw-1520-crazy-cranker\/","title":{"rendered":"Daiwa ZILLION HD TW 1520L CRAZY CRANKER"},"content":{"rendered":"<p>The new Zillion TW HD series has been designed for heavy-duty fishing with big baits, deep cranks, spinners and more\u2026 The G1 Duralium Deep Groove spool (\u00d836mm) holds 100m of 20lb line. The reinforced aluminium sideplates provide greater rigidity to the frame, whilst the 100mm handle with POWER ROUND EVA knobs delivers increased power. Fitted with MAGSEALED and CRBB bearings, the HD TW series is ready for use at sea.<br \/>\nThe Crazy Cranker version is specially designed for lures that offer strong resistance, such as deep crankbaits and spinners.<\/p>\n<table class=\"custom-table\" summary=\"Sample Table\">\n<thead>\n<tr>\n<th style=\"text-align: center;\" scope=\"col\">Model<\/th>\n<th style=\"text-align: center;\" scope=\"col\">Crank<\/th>\n<th style=\"text-align: center;\" scope=\"col\">Ratio<\/th>\n<th style=\"text-align: center;\" scope=\"col\">Recovery<\/th>\n<th style=\"text-align: center;\" scope=\"col\">Weight<\/th>\n<th style=\"text-align: center;\" scope=\"col\">Brake<\/th>\n<th style=\"text-align: center;\" scope=\"col\">Bearings<\/th>\n<th style=\"text-align: center;\" scope=\"col\">Capacity<\/th>\n<\/tr>\n<\/thead>\n<tbody>\n<tr>\n<td style=\"text-align: left;\">1520L-CC<\/td>\n<td style=\"text-align: center;\">Left<\/td>\n<td style=\"text-align: center;\">5.5<\/td>\n<td style=\"text-align: center;\">61 cm<\/td>\n<td style=\"text-align: center;\">230g<\/td>\n<td style=\"text-align: center;\">7 kg<\/td>\n<td style=\"text-align: center;\">10+1<\/td>\n<td style=\"text-align: center;\">20lb\/100m<\/td>\n<\/tr>\n<\/tbody>\n<\/table>","protected":false},"excerpt":{"rendered":"<p>La nouvelle s\u00e9rie Zillion TW HD a \u00e9t\u00e9 con\u00e7ue pour les p\u00eaches fortes Big bait, Deep Crank, Spinner&#8230;&#8230; La bobine G1 Duralium Deep Groove \u00d836mm permet de mettre 100m de 20lb.Les sideplate en Aluminium renforc\u00e9 donne plus de rigidit\u00e9 au b\u00e2ti et la manivelle de 100mm avec poign\u00e9e knobs POWER ROUND EVA donne plus de [&hellip;]<\/p>\n","protected":false},"featured_media":22176,"comment_status":"open","ping_status":"closed","template":"","meta":{"_acf_changed":false},"product_brand":[],"product_cat":[1865],"product_tag":[],"class_list":{"0":"post-22174","1":"product","2":"type-product","3":"status-publish","4":"has-post-thumbnail","6":"product_cat-non-classe","8":"first","9":"outofstock","10":"taxable","11":"shipping-taxable","12":"product-type-simple"},"bundle_layout":"","bundled_by":[],"bundled_items":[],"acf":[],"_links":{"self":[{"href":"https:\/\/roulementcasting.com\/en\/wp-json\/wp\/v2\/product\/22174","targetHints":{"allow":["GET"]}}],"collection":[{"href":"https:\/\/roulementcasting.com\/en\/wp-json\/wp\/v2\/product"}],"about":[{"href":"https:\/\/roulementcasting.com\/en\/wp-json\/wp\/v2\/types\/product"}],"replies":[{"embeddable":true,"href":"https:\/\/roulementcasting.com\/en\/wp-json\/wp\/v2\/comments?post=22174"}],"version-history":[{"count":0,"href":"https:\/\/roulementcasting.com\/en\/wp-json\/wp\/v2\/product\/22174\/revisions"}],"wp:featuredmedia":[{"embeddable":true,"href":"https:\/\/roulementcasting.com\/en\/wp-json\/wp\/v2\/media\/22176"}],"wp:attachment":[{"href":"https:\/\/roulementcasting.com\/en\/wp-json\/wp\/v2\/media?parent=22174"}],"wp:term":[{"taxonomy":"product_brand","embeddable":true,"href":"https:\/\/roulementcasting.com\/en\/wp-json\/wp\/v2\/product_brand?post=22174"},{"taxonomy":"product_cat","embeddable":true,"href":"https:\/\/roulementcasting.com\/en\/wp-json\/wp\/v2\/product_cat?post=22174"},{"taxonomy":"product_tag","embeddable":true,"href":"https:\/\/roulementcasting.com\/en\/wp-json\/wp\/v2\/product_tag?post=22174"}],"curies":[{"name":"wp","href":"https:\/\/api.w.org\/{rel}","templated":true}]}}