{"id":2158,"date":"2013-12-14T17:35:29","date_gmt":"2013-12-14T15:35:29","guid":{"rendered":"http:\/\/roulementcasting.com\/?post_type=product&#038;p=2158"},"modified":"2025-12-15T18:27:48","modified_gmt":"2025-12-15T16:27:48","slug":"shimano-cardiff-ci4-2000hgs","status":"publish","type":"product","link":"https:\/\/roulementcasting.com\/en\/product\/shimano-cardiff-ci4-2000hgs\/","title":{"rendered":"Shimano Cardiff CI4+ 2000HGS"},"content":{"rendered":"<p><span style=\"line-height: 1.5em\">Dot\u00e9 de toutes les derni\u00e8res avanc\u00e9es de Shimano Japan, le Cardiff Ci4+ C2000HGS\u00a0est le moulinet truite par excellence avec un rapport qualit\u00e9\/prix imbattable. Il est r\u00e9alis\u00e9 en Ci4+ qui est l&rsquo;\u00e9volution du Ci4 ce qui r\u00e9duit consid\u00e9rablement le poids du moulinet. Le b\u00e2ti est 50% plus rigide et la rotation est plus fluide.<\/span><\/p>\n<ul>\n<li><strong>Bobine AR-C<\/strong> brevet\u00e9e avec l\u00e8vre en V qui assure un lancer plus long et plus pr\u00e9cis gr\u00e2ce \u00e0 des spires plus petites. La Bobine AR-C minimise le risque de perruques.<\/li>\n<\/ul>\n<p><img fetchpriority=\"high\" decoding=\"async\" class=\"aligncenter size-full wp-image-2157\" src=\"http:\/\/roulementcasting.com\/wp-content\/uploads\/2013\/12\/Cardiff-Bobine-AR-C.jpg\" alt=\"Cardiff Bobine AR-C\" width=\"488\" height=\"488\" srcset=\"https:\/\/roulementcasting.com\/wp-content\/uploads\/2013\/12\/Cardiff-Bobine-AR-C.jpg 488w, https:\/\/roulementcasting.com\/wp-content\/uploads\/2013\/12\/Cardiff-Bobine-AR-C-12x12.jpg 12w, https:\/\/roulementcasting.com\/wp-content\/uploads\/2013\/12\/Cardiff-Bobine-AR-C-150x150.jpg 150w, https:\/\/roulementcasting.com\/wp-content\/uploads\/2013\/12\/Cardiff-Bobine-AR-C-300x300.jpg 300w, https:\/\/roulementcasting.com\/wp-content\/uploads\/2013\/12\/Cardiff-Bobine-AR-C-350x350.jpg 350w, https:\/\/roulementcasting.com\/wp-content\/uploads\/2013\/12\/Cardiff-Bobine-AR-C-442x442.jpg 442w, https:\/\/roulementcasting.com\/wp-content\/uploads\/2013\/12\/Cardiff-Bobine-AR-C-100x100.jpg 100w, https:\/\/roulementcasting.com\/wp-content\/uploads\/2013\/12\/Cardiff-Bobine-AR-C-60x60.jpg 60w, https:\/\/roulementcasting.com\/wp-content\/uploads\/2013\/12\/Cardiff-Bobine-AR-C-90x90.jpg 90w\" sizes=\"(max-width: 488px) 100vw, 488px\" \/><\/p>\n<ul>\n<li><strong>X-SHIP\u00a0<\/strong>qui offre plus de puissance et limite l&rsquo;usure m\u00e9cannique en positionnant le pignon proche de l&rsquo;axe principal de la roue de commande surdimensionn\u00e9e. Le pignon est \u00e9galement support\u00e9 par deux roulements A-RB afin de stabilis\u00e9 le rotor et les engrenages du pignons et ainsi \u00e9viter toute perte de puissance.<\/li>\n<\/ul>\n<p><img decoding=\"async\" class=\"aligncenter size-full wp-image-2156\" src=\"http:\/\/roulementcasting.com\/wp-content\/uploads\/2013\/12\/Cardiff-XShip.jpg\" alt=\"Cardiff XShip\" width=\"448\" height=\"448\" srcset=\"https:\/\/roulementcasting.com\/wp-content\/uploads\/2013\/12\/Cardiff-XShip.jpg 448w, https:\/\/roulementcasting.com\/wp-content\/uploads\/2013\/12\/Cardiff-XShip-12x12.jpg 12w, https:\/\/roulementcasting.com\/wp-content\/uploads\/2013\/12\/Cardiff-XShip-150x150.jpg 150w, https:\/\/roulementcasting.com\/wp-content\/uploads\/2013\/12\/Cardiff-XShip-300x300.jpg 300w, https:\/\/roulementcasting.com\/wp-content\/uploads\/2013\/12\/Cardiff-XShip-350x350.jpg 350w, https:\/\/roulementcasting.com\/wp-content\/uploads\/2013\/12\/Cardiff-XShip-442x442.jpg 442w, https:\/\/roulementcasting.com\/wp-content\/uploads\/2013\/12\/Cardiff-XShip-100x100.jpg 100w\" sizes=\"(max-width: 448px) 100vw, 448px\" \/><\/p>\n<ul>\n<li>Rotor MagnumLite en Ci4+ comme sur le Shimano Vanquish afin de gagner en poids tout en offrant une solidit\u00e9 remarquable.<\/li>\n<\/ul>\n<p><img decoding=\"async\" class=\"aligncenter size-full wp-image-2155\" src=\"http:\/\/roulementcasting.com\/wp-content\/uploads\/2013\/12\/Cardiff-Rotor-magnumlite.jpg\" alt=\"Cardiff Rotor magnumlite\" width=\"488\" height=\"488\" srcset=\"https:\/\/roulementcasting.com\/wp-content\/uploads\/2013\/12\/Cardiff-Rotor-magnumlite.jpg 488w, https:\/\/roulementcasting.com\/wp-content\/uploads\/2013\/12\/Cardiff-Rotor-magnumlite-12x12.jpg 12w, https:\/\/roulementcasting.com\/wp-content\/uploads\/2013\/12\/Cardiff-Rotor-magnumlite-150x150.jpg 150w, https:\/\/roulementcasting.com\/wp-content\/uploads\/2013\/12\/Cardiff-Rotor-magnumlite-300x300.jpg 300w, https:\/\/roulementcasting.com\/wp-content\/uploads\/2013\/12\/Cardiff-Rotor-magnumlite-350x350.jpg 350w, https:\/\/roulementcasting.com\/wp-content\/uploads\/2013\/12\/Cardiff-Rotor-magnumlite-442x442.jpg 442w, https:\/\/roulementcasting.com\/wp-content\/uploads\/2013\/12\/Cardiff-Rotor-magnumlite-100x100.jpg 100w\" sizes=\"(max-width: 488px) 100vw, 488px\" \/><\/p>\n<ul>\n<li>Les \u00e9quipes Shimano Japon ont \u00e9galement pens\u00e9es \u00e0 l&rsquo;entretien du moulinet. Le Cardiff Ci4+ C2000HGS\u00a0est \u00e9quip\u00e9 de deux ouverture afin de facilit\u00e9 l&rsquo;introduction d&rsquo;huile dans les m\u00e9canismes internes. Une mani\u00e8re efficace de pr\u00e9server le fonctionnement optimal du moulinet<\/li>\n<\/ul>\n<p><img loading=\"lazy\" decoding=\"async\" class=\"aligncenter size-full wp-image-2152\" src=\"http:\/\/roulementcasting.com\/wp-content\/uploads\/2013\/12\/Cardiff-entretien.jpg\" alt=\"Cardiff entretien\" width=\"488\" height=\"488\" srcset=\"https:\/\/roulementcasting.com\/wp-content\/uploads\/2013\/12\/Cardiff-entretien.jpg 488w, https:\/\/roulementcasting.com\/wp-content\/uploads\/2013\/12\/Cardiff-entretien-12x12.jpg 12w, https:\/\/roulementcasting.com\/wp-content\/uploads\/2013\/12\/Cardiff-entretien-150x150.jpg 150w, https:\/\/roulementcasting.com\/wp-content\/uploads\/2013\/12\/Cardiff-entretien-300x300.jpg 300w, https:\/\/roulementcasting.com\/wp-content\/uploads\/2013\/12\/Cardiff-entretien-350x350.jpg 350w, https:\/\/roulementcasting.com\/wp-content\/uploads\/2013\/12\/Cardiff-entretien-442x442.jpg 442w, https:\/\/roulementcasting.com\/wp-content\/uploads\/2013\/12\/Cardiff-entretien-100x100.jpg 100w\" sizes=\"(max-width: 488px) 100vw, 488px\" \/><\/p>\n<ul>\n<li>Le Cardiff Ci4+ C2000HGS\u00a0se distingue \u00e9galement par son design. C&rsquo;est un des rares moulinets \u00e0 \u00eatre \u00e9quip\u00e9 de s\u00e9rie d&rsquo;une poign\u00e9e li\u00e8ge Yumeya de premi\u00e8re qualit\u00e9.<\/li>\n<\/ul>\n<p><img loading=\"lazy\" decoding=\"async\" class=\"aligncenter size-full wp-image-2153\" src=\"http:\/\/roulementcasting.com\/wp-content\/uploads\/2013\/12\/Cardiff-Knobs.jpg\" alt=\"Cardiff Knobs\" width=\"488\" height=\"488\" srcset=\"https:\/\/roulementcasting.com\/wp-content\/uploads\/2013\/12\/Cardiff-Knobs.jpg 488w, https:\/\/roulementcasting.com\/wp-content\/uploads\/2013\/12\/Cardiff-Knobs-12x12.jpg 12w, https:\/\/roulementcasting.com\/wp-content\/uploads\/2013\/12\/Cardiff-Knobs-150x150.jpg 150w, https:\/\/roulementcasting.com\/wp-content\/uploads\/2013\/12\/Cardiff-Knobs-300x300.jpg 300w, https:\/\/roulementcasting.com\/wp-content\/uploads\/2013\/12\/Cardiff-Knobs-350x350.jpg 350w, https:\/\/roulementcasting.com\/wp-content\/uploads\/2013\/12\/Cardiff-Knobs-442x442.jpg 442w, https:\/\/roulementcasting.com\/wp-content\/uploads\/2013\/12\/Cardiff-Knobs-100x100.jpg 100w\" sizes=\"(max-width: 488px) 100vw, 488px\" \/><\/p>\n<ul>\n<li>Le frein du Cardiff Ci4+ C2000HGS a \u00e9t\u00e9 \u00e9galement l&rsquo;objet de toutes les attentions avec l&rsquo;ajout du \u00ab\u00a0<strong>Rigid Support Drag<\/strong>\u00ab\u00a0, le support rigide de frein \u00e9limine les vibrations et le jeu de la bobine m\u00eame avec le frein desserr\u00e9. Il en r\u00e9sulte une souplesse incroyable quel que soit l&rsquo;ajustement du frein.<\/li>\n<\/ul>\n<p><img loading=\"lazy\" decoding=\"async\" class=\"aligncenter size-full wp-image-2154\" src=\"http:\/\/roulementcasting.com\/wp-content\/uploads\/2013\/12\/Cardiff-Rigid-support-drag.jpg\" alt=\"Cardiff Rigid support drag\" width=\"488\" height=\"488\" srcset=\"https:\/\/roulementcasting.com\/wp-content\/uploads\/2013\/12\/Cardiff-Rigid-support-drag.jpg 488w, https:\/\/roulementcasting.com\/wp-content\/uploads\/2013\/12\/Cardiff-Rigid-support-drag-12x12.jpg 12w, https:\/\/roulementcasting.com\/wp-content\/uploads\/2013\/12\/Cardiff-Rigid-support-drag-150x150.jpg 150w, https:\/\/roulementcasting.com\/wp-content\/uploads\/2013\/12\/Cardiff-Rigid-support-drag-300x300.jpg 300w, https:\/\/roulementcasting.com\/wp-content\/uploads\/2013\/12\/Cardiff-Rigid-support-drag-350x350.jpg 350w, https:\/\/roulementcasting.com\/wp-content\/uploads\/2013\/12\/Cardiff-Rigid-support-drag-442x442.jpg 442w, https:\/\/roulementcasting.com\/wp-content\/uploads\/2013\/12\/Cardiff-Rigid-support-drag-100x100.jpg 100w\" sizes=\"(max-width: 488px) 100vw, 488px\" \/><\/p>","protected":false},"excerpt":{"rendered":"<h4 style=\"text-align: left\"><span style=\"line-height: 1.5em\"><span style=\"line-height: 1.5em;font-size: 1em\">Mod\u00e8le : Cardiff Ci4+ C2000HGS<\/span><\/span><\/h4>\n<ul>\n<li>Ratio : 6.0:1 (79cm de r\u00e9cup\u00e9ration)<\/li>\n<li>Poids : 165gr<\/li>\n<li>Roulement : 8 S-ARB + 1 roulement \u00e0 rouleaux<\/li>\n<li>Capacit\u00e9 :\u00a02.5LB-140m, 3lb-100m ,4Lb-90m<\/li>\n<\/ul>","protected":false},"featured_media":2159,"comment_status":"closed","ping_status":"closed","template":"","meta":{"_acf_changed":false},"product_brand":[1824],"product_cat":[1882],"product_tag":[],"class_list":{"0":"post-2158","1":"product","2":"type-product","3":"status-publish","4":"has-post-thumbnail","6":"product_brand-shimano","7":"product_cat-moulinet-archive","8":"product_shipping_class-colissimo-avec-assurance","10":"first","11":"outofstock","12":"taxable","13":"shipping-taxable","14":"product-type-simple"},"bundle_layout":"","bundled_by":[],"bundled_items":[],"acf":[],"_links":{"self":[{"href":"https:\/\/roulementcasting.com\/en\/wp-json\/wp\/v2\/product\/2158","targetHints":{"allow":["GET"]}}],"collection":[{"href":"https:\/\/roulementcasting.com\/en\/wp-json\/wp\/v2\/product"}],"about":[{"href":"https:\/\/roulementcasting.com\/en\/wp-json\/wp\/v2\/types\/product"}],"replies":[{"embeddable":true,"href":"https:\/\/roulementcasting.com\/en\/wp-json\/wp\/v2\/comments?post=2158"}],"version-history":[{"count":1,"href":"https:\/\/roulementcasting.com\/en\/wp-json\/wp\/v2\/product\/2158\/revisions"}],"predecessor-version":[{"id":28406,"href":"https:\/\/roulementcasting.com\/en\/wp-json\/wp\/v2\/product\/2158\/revisions\/28406"}],"wp:featuredmedia":[{"embeddable":true,"href":"https:\/\/roulementcasting.com\/en\/wp-json\/wp\/v2\/media\/2159"}],"wp:attachment":[{"href":"https:\/\/roulementcasting.com\/en\/wp-json\/wp\/v2\/media?parent=2158"}],"wp:term":[{"taxonomy":"product_brand","embeddable":true,"href":"https:\/\/roulementcasting.com\/en\/wp-json\/wp\/v2\/product_brand?post=2158"},{"taxonomy":"product_cat","embeddable":true,"href":"https:\/\/roulementcasting.com\/en\/wp-json\/wp\/v2\/product_cat?post=2158"},{"taxonomy":"product_tag","embeddable":true,"href":"https:\/\/roulementcasting.com\/en\/wp-json\/wp\/v2\/product_tag?post=2158"}],"curies":[{"name":"wp","href":"https:\/\/api.w.org\/{rel}","templated":true}]}}