{"id":21557,"date":"2021-03-10T11:59:22","date_gmt":"2021-03-10T09:59:22","guid":{"rendered":"https:\/\/roulementcasting.com\/?post_type=product&#038;p=21557"},"modified":"2025-12-08T18:58:44","modified_gmt":"2025-12-08T16:58:44","slug":"shimano-18-antares-dc-md-monster-drive","status":"publish","type":"product","link":"https:\/\/roulementcasting.com\/en\/product\/shimano-18-antares-dc-md-monster-drive\/","title":{"rendered":"Shimano 18\u2032 ANTARES DC MD (MONSTER DRIVE)"},"content":{"rendered":"<p>&nbsp;<\/p>\n<p>&nbsp;<\/p>\n<p>&nbsp;<\/p>\n<p>&nbsp;<\/p>\n<table class=\"custom-table\" summary=\"Sample Table\">\n<thead>\n<tr>\n<th scope=\"col\">Model<\/th>\n<th scope=\"col\">Ratio<\/th>\n<th scope=\"col\">Recovery<\/th>\n<th scope=\"col\">Weight<\/th>\n<th scope=\"col\">Brake<\/th>\n<th scope=\"col\">Bearings<\/th>\n<th scope=\"col\">Nylon capacity<\/th>\n<\/tr>\n<\/thead>\n<tbody>\n<tr>\n<td>MD XG RIGHT<\/td>\n<td>7.8:1<\/td>\n<td style=\"text-align: center;\">93 cm<\/td>\n<td>235<\/td>\n<td style=\"text-align: center;\">6.0 kg<\/td>\n<td style=\"text-align: center;\">10+1<\/td>\n<td>120m\/16 lbs<\/td>\n<\/tr>\n<tr>\n<td>MD XG LEFT<\/td>\n<td>7.8:1<\/td>\n<td style=\"text-align: center;\">93 cm<\/td>\n<td>235<\/td>\n<td style=\"text-align: center;\">6.0 kg<\/td>\n<td style=\"text-align: center;\">10+1<\/td>\n<td>120m\/16 lbs<\/td>\n<\/tr>\n<\/tbody>\n<\/table>","protected":false},"excerpt":{"rendered":"<p>&nbsp; &nbsp; &nbsp; &nbsp; Mod\u00e8le Ratio R\u00e9cup\u00e9ration Poids Frein Roulements Capacit\u00e9 Nylon MD XG\u00a0RIGHT 7.8:1 93cm 235 6.0kg 10+1 120m\/16Lbs MD XG LEFT 7.8:1 93cm 235 6.0kg 10+1 120m\/16Lbs<\/p>","protected":false},"featured_media":21559,"comment_status":"open","ping_status":"closed","template":"","meta":{"_acf_changed":false},"product_brand":[1824],"product_cat":[1865],"product_tag":[],"class_list":{"0":"post-21557","1":"product","2":"type-product","3":"status-publish","4":"has-post-thumbnail","6":"product_brand-shimano","7":"product_cat-non-classe","9":"first","10":"instock","11":"taxable","12":"shipping-taxable","13":"product-type-simple"},"bundle_layout":"","bundled_by":[],"bundled_items":[],"acf":[],"_links":{"self":[{"href":"https:\/\/roulementcasting.com\/en\/wp-json\/wp\/v2\/product\/21557","targetHints":{"allow":["GET"]}}],"collection":[{"href":"https:\/\/roulementcasting.com\/en\/wp-json\/wp\/v2\/product"}],"about":[{"href":"https:\/\/roulementcasting.com\/en\/wp-json\/wp\/v2\/types\/product"}],"replies":[{"embeddable":true,"href":"https:\/\/roulementcasting.com\/en\/wp-json\/wp\/v2\/comments?post=21557"}],"version-history":[{"count":0,"href":"https:\/\/roulementcasting.com\/en\/wp-json\/wp\/v2\/product\/21557\/revisions"}],"wp:featuredmedia":[{"embeddable":true,"href":"https:\/\/roulementcasting.com\/en\/wp-json\/wp\/v2\/media\/21559"}],"wp:attachment":[{"href":"https:\/\/roulementcasting.com\/en\/wp-json\/wp\/v2\/media?parent=21557"}],"wp:term":[{"taxonomy":"product_brand","embeddable":true,"href":"https:\/\/roulementcasting.com\/en\/wp-json\/wp\/v2\/product_brand?post=21557"},{"taxonomy":"product_cat","embeddable":true,"href":"https:\/\/roulementcasting.com\/en\/wp-json\/wp\/v2\/product_cat?post=21557"},{"taxonomy":"product_tag","embeddable":true,"href":"https:\/\/roulementcasting.com\/en\/wp-json\/wp\/v2\/product_tag?post=21557"}],"curies":[{"name":"wp","href":"https:\/\/api.w.org\/{rel}","templated":true}]}}