{"id":21546,"date":"2021-03-10T11:37:02","date_gmt":"2021-03-10T09:37:02","guid":{"rendered":"https:\/\/roulementcasting.com\/?post_type=product&#038;p=21546"},"modified":"2025-12-08T18:58:45","modified_gmt":"2025-12-08T16:58:45","slug":"shimano-21-conquest","status":"publish","type":"product","link":"https:\/\/roulementcasting.com\/en\/product\/shimano-21-conquest\/","title":{"rendered":"Shimano 21-speed CONQUEST"},"content":{"rendered":"<p>&nbsp;<\/p>\n<p>&nbsp;<\/p>\n<p>&nbsp;<\/p>\n<table class=\"custom-table\" summary=\"Sample Table\">\n<thead>\n<tr>\n<th scope=\"col\">Model<\/th>\n<th scope=\"col\">Ratio<\/th>\n<th scope=\"col\">Recovery<\/th>\n<th scope=\"col\">Weight<\/th>\n<th scope=\"col\">Brake<\/th>\n<th scope=\"col\">Bearings<\/th>\n<th scope=\"col\">Nylon capacity<\/th>\n<\/tr>\n<\/thead>\n<tbody>\n<tr>\n<td>100 (Crank on the right)<\/td>\n<td>5.6:1<\/td>\n<td style=\"text-align: center;\">58 cm<\/td>\n<td>220g<\/td>\n<td style=\"text-align: center;\">4.5 kg<\/td>\n<td style=\"text-align: center;\">13+1<\/td>\n<td>100m\/12 lbs<\/td>\n<\/tr>\n<tr>\n<td>101 (Left-hand crank)<\/td>\n<td>5.6:1<\/td>\n<td style=\"text-align: center;\">58 cm<\/td>\n<td>220g<\/td>\n<td style=\"text-align: center;\">4.5 kg<\/td>\n<td style=\"text-align: center;\">13+1<\/td>\n<td>100m\/12 lbs<\/td>\n<\/tr>\n<tr>\n<td>100 HG (right-hand crank)<\/td>\n<td>7.4:1<\/td>\n<td style=\"text-align: center;\">77 cm<\/td>\n<td>220g<\/td>\n<td style=\"text-align: center;\">4.0 kg<\/td>\n<td style=\"text-align: center;\">13+1<\/td>\n<td>100m\/12 lbs<\/td>\n<\/tr>\n<tr>\n<td>101 Left (Left-hand crank)<\/td>\n<td>7.4:1<\/td>\n<td style=\"text-align: center;\">77 cm<\/td>\n<td>220g<\/td>\n<td style=\"text-align: center;\">4.0 kg<\/td>\n<td style=\"text-align: center;\">13+1<\/td>\n<td>100m\/12 lbs<\/td>\n<\/tr>\n<tr>\n<td>200 (Crank on the right)<\/td>\n<td>4.8:1<\/td>\n<td style=\"text-align: center;\">57 cm<\/td>\n<td>235<\/td>\n<td style=\"text-align: center;\">6.0 kg<\/td>\n<td style=\"text-align: center;\">13+1<\/td>\n<td>145m\/14lbs<\/td>\n<\/tr>\n<tr>\n<td>201 (Left-hand crank)<\/td>\n<td>4.8:1<\/td>\n<td style=\"text-align: center;\">57 cm<\/td>\n<td>235<\/td>\n<td style=\"text-align: center;\">6.0 kg<\/td>\n<td style=\"text-align: center;\">13+1<\/td>\n<td>145m\/14lbs<\/td>\n<\/tr>\n<tr>\n<td>200 HG (right-hand crank)<\/td>\n<td>6.5:1<\/td>\n<td style=\"text-align: center;\">78 cm<\/td>\n<td>240<\/td>\n<td style=\"text-align: center;\">6.0 kg<\/td>\n<td style=\"text-align: center;\">13+1<\/td>\n<td>145m\/14lbs<\/td>\n<\/tr>\n<tr>\n<td>201 HG (Left-hand crank)<\/td>\n<td>6.5:1<\/td>\n<td style=\"text-align: center;\">78 cm<\/td>\n<td>240<\/td>\n<td style=\"text-align: center;\">6.0 kg<\/td>\n<td style=\"text-align: center;\">13+1<\/td>\n<td>145m\/14lbs<\/td>\n<\/tr>\n<\/tbody>\n<\/table>","protected":false},"excerpt":{"rendered":"<p>&nbsp; &nbsp; &nbsp; Mod\u00e8le Ratio R\u00e9cup\u00e9ration Poids Frein Roulements Capacit\u00e9 Nylon 100(Manivelle \u00e0 droite) 5.6:1 58cm 220gr 4.5kg 13+1 100m\/12Lbs 101 (Manivelle \u00e0 gauche) 5.6:1 58cm 220gr 4.5kg 13+1 100m\/12Lbs 100 HG (Manivelle \u00e0 droite) 7.4:1 77cm 220gr 4,0kg 13+1 100m\/12Lbs 101 Left (Manivelle \u00e0 gauche) 7.4:1 77cm 220gr 4,0kg 13+1 100m\/12Lbs 200 (Manivelle \u00e0 [&hellip;]<\/p>\n","protected":false},"featured_media":21548,"comment_status":"open","ping_status":"closed","template":"","meta":{"_acf_changed":false},"product_brand":[1824],"product_cat":[1865],"product_tag":[],"class_list":{"0":"post-21546","1":"product","2":"type-product","3":"status-publish","4":"has-post-thumbnail","6":"product_brand-shimano","7":"product_cat-non-classe","9":"first","10":"instock","11":"taxable","12":"shipping-taxable","13":"product-type-simple"},"bundle_layout":"","bundled_by":[],"bundled_items":[],"acf":[],"_links":{"self":[{"href":"https:\/\/roulementcasting.com\/en\/wp-json\/wp\/v2\/product\/21546","targetHints":{"allow":["GET"]}}],"collection":[{"href":"https:\/\/roulementcasting.com\/en\/wp-json\/wp\/v2\/product"}],"about":[{"href":"https:\/\/roulementcasting.com\/en\/wp-json\/wp\/v2\/types\/product"}],"replies":[{"embeddable":true,"href":"https:\/\/roulementcasting.com\/en\/wp-json\/wp\/v2\/comments?post=21546"}],"version-history":[{"count":0,"href":"https:\/\/roulementcasting.com\/en\/wp-json\/wp\/v2\/product\/21546\/revisions"}],"wp:featuredmedia":[{"embeddable":true,"href":"https:\/\/roulementcasting.com\/en\/wp-json\/wp\/v2\/media\/21548"}],"wp:attachment":[{"href":"https:\/\/roulementcasting.com\/en\/wp-json\/wp\/v2\/media?parent=21546"}],"wp:term":[{"taxonomy":"product_brand","embeddable":true,"href":"https:\/\/roulementcasting.com\/en\/wp-json\/wp\/v2\/product_brand?post=21546"},{"taxonomy":"product_cat","embeddable":true,"href":"https:\/\/roulementcasting.com\/en\/wp-json\/wp\/v2\/product_cat?post=21546"},{"taxonomy":"product_tag","embeddable":true,"href":"https:\/\/roulementcasting.com\/en\/wp-json\/wp\/v2\/product_tag?post=21546"}],"curies":[{"name":"wp","href":"https:\/\/api.w.org\/{rel}","templated":true}]}}