{"id":21539,"date":"2021-03-10T11:13:43","date_gmt":"2021-03-10T09:13:43","guid":{"rendered":"https:\/\/roulementcasting.com\/?post_type=product&#038;p=21539"},"modified":"2025-12-08T18:58:45","modified_gmt":"2025-12-08T16:58:45","slug":"shimano-21-antares-dc","status":"publish","type":"product","link":"https:\/\/roulementcasting.com\/en\/product\/shimano-21-antares-dc\/","title":{"rendered":"Shimano 21-speed ANTARES DC"},"content":{"rendered":"<p>&nbsp;<\/p>\n<p>&nbsp;<\/p>\n<table class=\"custom-table\" summary=\"Sample Table\">\n<thead>\n<tr>\n<th scope=\"col\">Model<\/th>\n<th scope=\"col\">Ratio<\/th>\n<th scope=\"col\">Recovery<\/th>\n<th scope=\"col\">Weight<\/th>\n<th scope=\"col\">Brake<\/th>\n<th scope=\"col\">Bearings<\/th>\n<th scope=\"col\">Nylon capacity<\/th>\n<\/tr>\n<\/thead>\n<tbody>\n<tr>\n<td>Right (Crank on the right)<\/td>\n<td>5.6:1<\/td>\n<td style=\"text-align: center;\">65 cm<\/td>\n<td>220g<\/td>\n<td style=\"text-align: center;\">5.0 kg<\/td>\n<td style=\"text-align: center;\">11+1<\/td>\n<td>140m\/14 lbs<\/td>\n<\/tr>\n<tr>\n<td>Left (Left-hand crank)<\/td>\n<td>5.6:1<\/td>\n<td style=\"text-align: center;\">65 cm<\/td>\n<td>220g<\/td>\n<td style=\"text-align: center;\">5.0 kg<\/td>\n<td style=\"text-align: center;\">11+1<\/td>\n<td>140m\/14 lbs<\/td>\n<\/tr>\n<tr>\n<td>HG Right (Crank on the right)<\/td>\n<td>7.4:1<\/td>\n<td style=\"text-align: center;\">86 cm<\/td>\n<td>220g<\/td>\n<td style=\"text-align: center;\">5.0 kg<\/td>\n<td style=\"text-align: center;\">11+1<\/td>\n<td>140m\/14 lbs<\/td>\n<\/tr>\n<tr>\n<td>HG Left (Left-hand crank)<\/td>\n<td>7.4:1<\/td>\n<td style=\"text-align: center;\">86 cm<\/td>\n<td>220g<\/td>\n<td style=\"text-align: center;\">5.0 kg<\/td>\n<td style=\"text-align: center;\">11+1<\/td>\n<td>140m\/14 lbs<\/td>\n<\/tr>\n<tr>\n<td>XG Right (Right-hand crank))<\/td>\n<td>7.8:1<\/td>\n<td style=\"text-align: center;\">91 cm<\/td>\n<td>225g<\/td>\n<td style=\"text-align: center;\">5.0 kg<\/td>\n<td style=\"text-align: center;\">11+1<\/td>\n<td>140m\/14 lbs<\/td>\n<\/tr>\n<tr>\n<td>XG Left (Left-hand crank)<\/td>\n<td>7.8:1<\/td>\n<td style=\"text-align: center;\">91 cm<\/td>\n<td>225g<\/td>\n<td style=\"text-align: center;\">5.0 kg<\/td>\n<td style=\"text-align: center;\">11+1<\/td>\n<td>140m\/14 lbs<\/td>\n<\/tr>\n<\/tbody>\n<\/table>","protected":false},"excerpt":{"rendered":"<p>&nbsp; &nbsp; Mod\u00e8le Ratio R\u00e9cup\u00e9ration Poids Frein Roulements Capacit\u00e9 Nylon Right (Manivelle \u00e0 droite) 5.6:1 65cm 220gr 5,0kg 11+1 140m\/14Lbs Left (Manivelle \u00e0 gauche) 5.6:1 65cm 220gr 5,0kg 11+1 140m\/14Lbs HG Right (Manivelle \u00e0 droite) 7.4:1 86cm 220gr 5,0kg 11+1 140m\/14Lbs HG Left (Manivelle \u00e0 gauche) 7.4:1 86cm 220gr 5,0kg 11+1 140m\/14Lbs XG Right (Manivelle [&hellip;]<\/p>\n","protected":false},"featured_media":21540,"comment_status":"open","ping_status":"closed","template":"","meta":{"_acf_changed":false},"product_brand":[1824],"product_cat":[1865],"product_tag":[],"class_list":{"0":"post-21539","1":"product","2":"type-product","3":"status-publish","4":"has-post-thumbnail","6":"product_brand-shimano","7":"product_cat-non-classe","9":"first","10":"instock","11":"taxable","12":"shipping-taxable","13":"product-type-simple"},"bundle_layout":"","bundled_by":[],"bundled_items":[],"acf":[],"_links":{"self":[{"href":"https:\/\/roulementcasting.com\/en\/wp-json\/wp\/v2\/product\/21539","targetHints":{"allow":["GET"]}}],"collection":[{"href":"https:\/\/roulementcasting.com\/en\/wp-json\/wp\/v2\/product"}],"about":[{"href":"https:\/\/roulementcasting.com\/en\/wp-json\/wp\/v2\/types\/product"}],"replies":[{"embeddable":true,"href":"https:\/\/roulementcasting.com\/en\/wp-json\/wp\/v2\/comments?post=21539"}],"version-history":[{"count":0,"href":"https:\/\/roulementcasting.com\/en\/wp-json\/wp\/v2\/product\/21539\/revisions"}],"wp:featuredmedia":[{"embeddable":true,"href":"https:\/\/roulementcasting.com\/en\/wp-json\/wp\/v2\/media\/21540"}],"wp:attachment":[{"href":"https:\/\/roulementcasting.com\/en\/wp-json\/wp\/v2\/media?parent=21539"}],"wp:term":[{"taxonomy":"product_brand","embeddable":true,"href":"https:\/\/roulementcasting.com\/en\/wp-json\/wp\/v2\/product_brand?post=21539"},{"taxonomy":"product_cat","embeddable":true,"href":"https:\/\/roulementcasting.com\/en\/wp-json\/wp\/v2\/product_cat?post=21539"},{"taxonomy":"product_tag","embeddable":true,"href":"https:\/\/roulementcasting.com\/en\/wp-json\/wp\/v2\/product_tag?post=21539"}],"curies":[{"name":"wp","href":"https:\/\/api.w.org\/{rel}","templated":true}]}}