{"id":21423,"date":"2021-03-01T18:08:08","date_gmt":"2021-03-01T16:08:08","guid":{"rendered":"https:\/\/roulementcasting.com\/?post_type=product&#038;p=21423"},"modified":"2026-05-01T15:55:29","modified_gmt":"2026-05-01T13:55:29","slug":"huile-mf-sealed-pour-mag-sealed","status":"publish","type":"product","link":"https:\/\/roulementcasting.com\/en\/product\/huile-mf-sealed-pour-mag-sealed\/","title":{"rendered":"MF SEALED oil for MAG SEALED"},"content":{"rendered":"<p>MF SEALED oil is a MAG SEALED oil specially developed for DAIWA reels equipped with \u2018MAGSEALED\u2019 technology. The magnetic oil is a ferrofluid that seals the exposed parts of the reel. During maintenance or upon contact with other oils or greases, the original MAGSEALED oil can degrade and needs to be replaced. The unique formula of MF SEALED oil increases surface tension by raising the saturation of magnetic particles, providing better water protection and a longer service life.<\/p>\n<p><a href=\"\/en\/comment-utiliser-lhuile-magnetique-mf-sealed\/\">How do you use MAG SEALED oil?<\/a><\/p>\n<p>Vial of <strong>0.7 ml<\/strong><\/p>\n<p>Made in Korea<\/p>\n<p><em>This product cannot be shipped to R\u00e9union.<\/em><\/p>\n<p><img fetchpriority=\"high\" decoding=\"async\" class=\"aligncenter size-full wp-image-22390\" src=\"https:\/\/roulementcasting.com\/wp-content\/uploads\/MF_Sealed_une_2.jpg\" alt=\"\" width=\"1000\" height=\"747\" srcset=\"https:\/\/roulementcasting.com\/wp-content\/uploads\/MF_Sealed_une_2.jpg 1000w, https:\/\/roulementcasting.com\/wp-content\/uploads\/MF_Sealed_une_2-300x224.jpg 300w, https:\/\/roulementcasting.com\/wp-content\/uploads\/MF_Sealed_une_2-768x574.jpg 768w, https:\/\/roulementcasting.com\/wp-content\/uploads\/MF_Sealed_une_2-442x330.jpg 442w\" sizes=\"(max-width: 1000px) 100vw, 1000px\" \/><\/p>","protected":false},"excerpt":{"rendered":"<p>L&rsquo;huile MF SEALED est une huile MAG SEALED sp\u00e9cialement d\u00e9velopp\u00e9e pour les moulinets DAIWA \u00e9quip\u00e9s de la technologie \u00ab\u00a0MAGSEALED\u00a0\u00bb. L&rsquo;huile magn\u00e9tique est un ferrofluid qui permet de rendre \u00e9tanche les parties du moulinet expos\u00e9es. Lors des entretiens ou au contact d&rsquo;autres huiles\/graisses, l&rsquo;huile MAGSEALED d&rsquo;origine peut s&rsquo;alterer et n\u00e9cessite d&rsquo;\u00eatre renouvel\u00e9e. La formule unique de [&hellip;]<\/p>\n","protected":false},"featured_media":29168,"comment_status":"open","ping_status":"closed","template":"","meta":{"_acf_changed":false},"product_brand":[1833],"product_cat":[2057,1840,1839],"product_tag":[],"class_list":{"0":"post-21423","1":"product","2":"type-product","3":"status-publish","4":"has-post-thumbnail","6":"product_brand-magron","7":"product_cat-ferromagnetique","8":"product_cat-huiles","9":"product_cat-outils-entretien","10":"product_shipping_class-lettre-suivie-format-boite","12":"first","13":"instock","14":"taxable","15":"shipping-taxable","16":"purchasable","17":"product-type-simple"},"bundle_layout":"","bundled_by":[],"bundled_items":[],"acf":[],"_links":{"self":[{"href":"https:\/\/roulementcasting.com\/en\/wp-json\/wp\/v2\/product\/21423","targetHints":{"allow":["GET"]}}],"collection":[{"href":"https:\/\/roulementcasting.com\/en\/wp-json\/wp\/v2\/product"}],"about":[{"href":"https:\/\/roulementcasting.com\/en\/wp-json\/wp\/v2\/types\/product"}],"replies":[{"embeddable":true,"href":"https:\/\/roulementcasting.com\/en\/wp-json\/wp\/v2\/comments?post=21423"}],"version-history":[{"count":2,"href":"https:\/\/roulementcasting.com\/en\/wp-json\/wp\/v2\/product\/21423\/revisions"}],"predecessor-version":[{"id":29167,"href":"https:\/\/roulementcasting.com\/en\/wp-json\/wp\/v2\/product\/21423\/revisions\/29167"}],"wp:featuredmedia":[{"embeddable":true,"href":"https:\/\/roulementcasting.com\/en\/wp-json\/wp\/v2\/media\/29168"}],"wp:attachment":[{"href":"https:\/\/roulementcasting.com\/en\/wp-json\/wp\/v2\/media?parent=21423"}],"wp:term":[{"taxonomy":"product_brand","embeddable":true,"href":"https:\/\/roulementcasting.com\/en\/wp-json\/wp\/v2\/product_brand?post=21423"},{"taxonomy":"product_cat","embeddable":true,"href":"https:\/\/roulementcasting.com\/en\/wp-json\/wp\/v2\/product_cat?post=21423"},{"taxonomy":"product_tag","embeddable":true,"href":"https:\/\/roulementcasting.com\/en\/wp-json\/wp\/v2\/product_tag?post=21423"}],"curies":[{"name":"wp","href":"https:\/\/api.w.org\/{rel}","templated":true}]}}