{"id":2124,"date":"2013-12-10T18:14:44","date_gmt":"2013-12-10T16:14:44","guid":{"rendered":"http:\/\/roulementcasting.com\/?post_type=product&#038;p=2124"},"modified":"2025-12-15T18:27:39","modified_gmt":"2025-12-15T16:27:39","slug":"shimano-exsence-dc-left","status":"publish","type":"product","link":"https:\/\/roulementcasting.com\/en\/product\/shimano-exsence-dc-left\/","title":{"rendered":"Shimano 13&prime; Exsence DC"},"content":{"rendered":"<table class=\"custom-table\" summary=\"Sample Table\">\n<thead>\n<tr>\n<th style=\"text-align: center;\" scope=\"col\">Model<\/th>\n<th style=\"text-align: center;\" scope=\"col\">Crank<\/th>\n<th style=\"text-align: center;\" scope=\"col\">Ratio<\/th>\n<th style=\"text-align: center;\" scope=\"col\">Recovery<\/th>\n<th style=\"text-align: center;\" scope=\"col\">Weight<\/th>\n<th style=\"text-align: center;\" scope=\"col\">Brake<\/th>\n<th style=\"text-align: center;\" scope=\"col\">Bearings<\/th>\n<th style=\"text-align: center;\" scope=\"col\">Capacity<\/th>\n<\/tr>\n<\/thead>\n<tbody>\n<tr>\n<td style=\"text-align: left;\">Left Hand<\/td>\n<td style=\"text-align: center;\">Left<\/td>\n<td style=\"text-align: center;\">8.0:1<\/td>\n<td style=\"text-align: center;\">85cm<\/td>\n<td style=\"text-align: center;\">240gr<\/td>\n<td style=\"text-align: center;\">4,5kg<\/td>\n<td style=\"text-align: center;\">9+1<\/td>\n<td style=\"text-align: center;\">0,28mm\/100m<\/td>\n<\/tr>\n<\/tbody>\n<\/table>\n<p>Shimano Japon a cr\u00e9\u00e9 l&rsquo; Exsence iDC+ pour offrir les meilleures performances de lancer aux utilisateurs de tresse et de fluorocarbone. Il est \u00e9quip\u00e9 du syst\u00e8me DC le plus avanc\u00e9s \u00e0 l&rsquo;heure actuelle, le i-DC+ (intelligent Digital Control)<\/p>\n<p>R\u00e9sistant \u00e0 l&rsquo;eau de mer, le b\u00e2ti de l&rsquo;exsence DC est r\u00e9alis\u00e9 en aluminium pour une solidit\u00e9 maximum et un usage intensif. Cette robustesse est renforc\u00e9e par le X-Ship mis au point par Shimano, qui consiste a soutenir le pignon par deux roulements aux extr\u00e9mit\u00e9s afin de le maintenir parfaitement dans l&rsquo;axe m\u00eame lors de forte tension. Ainsi il n&rsquo;y a pas de perte de puissance, moins d&rsquo;usure m\u00e9canique et une douceur de r\u00e9cup\u00e9ration incomparable.<\/p>\n<figure id=\"attachment_1652\" aria-describedby=\"caption-attachment-1652\" style=\"width: 488px\" class=\"wp-caption aligncenter\"><img fetchpriority=\"high\" decoding=\"async\" class=\"size-full wp-image-1652\" src=\"http:\/\/roulementcasting.com\/wp-content\/uploads\/2013\/05\/Metanium-13-X-Ship.jpg\" alt=\"Metanium 13 X-Ship\" width=\"488\" height=\"488\" srcset=\"https:\/\/roulementcasting.com\/wp-content\/uploads\/2013\/05\/Metanium-13-X-Ship.jpg 488w, https:\/\/roulementcasting.com\/wp-content\/uploads\/2013\/05\/Metanium-13-X-Ship-100x100.jpg 100w, https:\/\/roulementcasting.com\/wp-content\/uploads\/2013\/05\/Metanium-13-X-Ship-150x150.jpg 150w, https:\/\/roulementcasting.com\/wp-content\/uploads\/2013\/05\/Metanium-13-X-Ship-300x300.jpg 300w, https:\/\/roulementcasting.com\/wp-content\/uploads\/2013\/05\/Metanium-13-X-Ship-350x350.jpg 350w, https:\/\/roulementcasting.com\/wp-content\/uploads\/2013\/05\/Metanium-13-X-Ship-442x442.jpg 442w\" sizes=\"(max-width: 488px) 100vw, 488px\" \/><figcaption id=\"caption-attachment-1652\" class=\"wp-caption-text\">X-Ship<\/figcaption><\/figure>\n<p>Le nouveau syst\u00e8me iDC+ exclusif offre 4 modes pour 7 r\u00e9glages possible :<\/p>\n<p>&#8211; Le mode \u00ab\u00a0PE\u00a0\u00bb \u00a0pour une utilisation avec de la tresse, r\u00e9glable sur 4 niveaux afin d&rsquo;ajuster au maximum le frein aux diff\u00e9rentes conditions.<\/p>\n<p>&#8211; Le mode \u00ab\u00a0F\u00a0\u00bb pour une utilisation avec du fluorocarbone<\/p>\n<p>&#8211; Le mode \u00ab\u00a0BB\u00a0\u00bb pour l&rsquo;utilisation de Big Bait<\/p>\n<p>&#8211; Le mode \u00ab\u00a0SP\u00a0\u00bb pour Special PE qui facilite grandement la p\u00eache de nuit en mer en offrant un frein puissant en fin de lancer afin d&rsquo;\u00e9viter toutes perruques du \u00e0 un manque de visibilit\u00e9.<\/p>\n<p><img decoding=\"async\" class=\"aligncenter size-full wp-image-2126\" src=\"http:\/\/roulementcasting.com\/wp-content\/uploads\/2013\/12\/EXSENCE-DC_ima1.jpg\" alt=\"EXSENCE-DC_ima1\" width=\"691\" height=\"268\" srcset=\"https:\/\/roulementcasting.com\/wp-content\/uploads\/2013\/12\/EXSENCE-DC_ima1.jpg 691w, https:\/\/roulementcasting.com\/wp-content\/uploads\/2013\/12\/EXSENCE-DC_ima1-300x116.jpg 300w, https:\/\/roulementcasting.com\/wp-content\/uploads\/2013\/12\/EXSENCE-DC_ima1-442x171.jpg 442w, https:\/\/roulementcasting.com\/wp-content\/uploads\/2013\/12\/EXSENCE-DC_ima1-600x232.jpg 600w\" sizes=\"(max-width: 691px) 100vw, 691px\" \/><\/p>\n<p>&nbsp;<\/p>\n<ul>\n<li style=\"list-style-type: none;\">\n<ul>\n<li style=\"list-style-type: none;\">\n<ul>\n<li style=\"list-style-type: none;\">\n<ul>\n<li style=\"list-style-type: none;\">\n<ul>\n<li>i-DC+ exclusif<\/li>\n<li>Ratio de 8.0:1<\/li>\n<li>Profil bas \u00a0pour une prise en main parfaite<\/li>\n<li>Roulement S-ARB pour une protection maximum contre la corrosion<\/li>\n<li>Bobine \u00ab\u00a0Super free design\u00a0\u00bb pour libert\u00e9 de rotation optimis\u00e9<\/li>\n<li>X-SHIP<\/li>\n<li>B\u00e2ti Aluminium<\/li>\n<li>Poids : 240 gr<\/li>\n<li>Roulements : 9+1<\/li>\n<li>Utilisation mer et eau douce<\/li>\n<li>Frein \u00e0 cliquetis \u00e0 la mani\u00e8re d&rsquo;un moulinet spinning<\/li>\n<li>Manivelle de 90mm<\/li>\n<\/ul>\n<\/li>\n<\/ul>\n<\/li>\n<\/ul>\n<\/li>\n<\/ul>\n<\/li>\n<\/ul>\n<p>&nbsp;<\/p>","protected":false},"excerpt":{"rendered":"<p>Mod\u00e8le Manivelle Ratio R\u00e9cup\u00e9ration Poids Frein Roulements Capacit\u00e9 Left Hand Gauche 8.0:1 85cm 240gr 4,5kg 9+1 0,28mm\/100m Shimano Japon a cr\u00e9\u00e9 l&rsquo; Exsence iDC+ pour offrir les meilleures performances de lancer aux utilisateurs de tresse et de fluorocarbone. Il est \u00e9quip\u00e9 du syst\u00e8me DC le plus avanc\u00e9s \u00e0 l&rsquo;heure actuelle, le i-DC+ (intelligent Digital Control) [&hellip;]<\/p>\n","protected":false},"featured_media":2125,"comment_status":"open","ping_status":"closed","template":"","meta":{"_acf_changed":false},"product_brand":[1824],"product_cat":[1882],"product_tag":[],"class_list":{"0":"post-2124","1":"product","2":"type-product","3":"status-publish","4":"has-post-thumbnail","6":"product_brand-shimano","7":"product_cat-moulinet-archive","8":"pa_exsence-dc-left-manivelle-a-gauche-3","9":"pa_exsence-dc-right-manivelle-a-droite-3","11":"first","12":"outofstock","13":"taxable","14":"shipping-taxable","15":"product-type-simple"},"bundle_layout":"","bundled_by":[],"bundled_items":[],"acf":[],"_links":{"self":[{"href":"https:\/\/roulementcasting.com\/en\/wp-json\/wp\/v2\/product\/2124","targetHints":{"allow":["GET"]}}],"collection":[{"href":"https:\/\/roulementcasting.com\/en\/wp-json\/wp\/v2\/product"}],"about":[{"href":"https:\/\/roulementcasting.com\/en\/wp-json\/wp\/v2\/types\/product"}],"replies":[{"embeddable":true,"href":"https:\/\/roulementcasting.com\/en\/wp-json\/wp\/v2\/comments?post=2124"}],"version-history":[{"count":1,"href":"https:\/\/roulementcasting.com\/en\/wp-json\/wp\/v2\/product\/2124\/revisions"}],"predecessor-version":[{"id":28408,"href":"https:\/\/roulementcasting.com\/en\/wp-json\/wp\/v2\/product\/2124\/revisions\/28408"}],"wp:featuredmedia":[{"embeddable":true,"href":"https:\/\/roulementcasting.com\/en\/wp-json\/wp\/v2\/media\/2125"}],"wp:attachment":[{"href":"https:\/\/roulementcasting.com\/en\/wp-json\/wp\/v2\/media?parent=2124"}],"wp:term":[{"taxonomy":"product_brand","embeddable":true,"href":"https:\/\/roulementcasting.com\/en\/wp-json\/wp\/v2\/product_brand?post=2124"},{"taxonomy":"product_cat","embeddable":true,"href":"https:\/\/roulementcasting.com\/en\/wp-json\/wp\/v2\/product_cat?post=2124"},{"taxonomy":"product_tag","embeddable":true,"href":"https:\/\/roulementcasting.com\/en\/wp-json\/wp\/v2\/product_tag?post=2124"}],"curies":[{"name":"wp","href":"https:\/\/api.w.org\/{rel}","templated":true}]}}