{"id":21099,"date":"2021-01-01T18:41:27","date_gmt":"2021-01-01T16:41:27","guid":{"rendered":"https:\/\/roulementcasting.com\/?post_type=product&#038;p=21099"},"modified":"2026-04-02T01:54:40","modified_gmt":"2026-04-01T23:54:40","slug":"boca-bearing-hybrid-ceramic-abec7-kit-bobine-01","status":"publish","type":"product","link":"https:\/\/roulementcasting.com\/en\/product\/boca-bearing-hybrid-ceramic-abec7-kit-bobine-01\/","title":{"rendered":"KIT#01 \u2013 Hybrid Ceramic ABEC7 \u2013 Casting Reel Bearings"},"content":{"rendered":"<section class=\"rc-product-desc\">\n<p class=\"rc-intro\">Le <strong>Set of 2 Hybrid Ceramic ABEC7 spool bearings for a casting reel <\/strong>offers very smooth rotation whilst providing effective protection against dirt and grime.<br \/>\nThanks to its ceramic balls and stainless steel guard, it enables a fast, smooth and controlled cast.<\/p>\n<div class=\"rc-grid-3\">\n<div class=\"rc-card\">\n<h3>Hybrid Ceramic ABEC7<\/h3>\n<p>Ceramic balls (Si3N4) combined with 440C stainless steel bushings.<br \/>\nLess inertia, quicker acceleration and excellent stability at high speeds.<\/p>\n<\/div>\n<div class=\"rc-card\">\n<h3>ABEC7 precision<\/h3>\n<p>High tolerances for fast, stable and smooth rotation.<br \/>\nIdeal for improving throwing performance.<\/p>\n<\/div>\n<div class=\"rc-card\">\n<h3>Stainless steel guard<\/h3>\n<p>A stainless steel flange that protects against contaminants whilst maintaining very low rotational resistance.<\/p>\n<\/div>\n<\/div>\n<div class=\"rc-performance\">\n<h2>What it offers<\/h2>\n<ul>\n<li>Faster reel start-up<\/li>\n<li>A smoother and longer throw<\/li>\n<li>Reduction of friction at high speeds<\/li>\n<li>Less energy loss<\/li>\n<li>An excellent balance between performance and protection<\/li>\n<\/ul>\n<\/div>\n<div class=\"rc-specs\">\n<h2>Contents of the kit<\/h2>\n<ul>\n<li>2 ABEC7 hybrid ceramic bearings<\/li>\n<li>Si3N4 ceramic balls<\/li>\n<li>440C stainless steel<\/li>\n<li>Stainless steel guard<\/li>\n<\/ul>\n<\/div>\n<div class=\"rc-usage\">\n<h2>Usage<\/h2>\n<p>Ideal for replacing the original bearings and improving casting performance on a casting reel.<\/p>\n<p>Suitable for both performance-oriented setups and general-purpose use with enhanced protection.<\/p>\n<\/div>\n<div class=\"rc-tip\">\n<h2>Setting<\/h2>\n<p>Use a <a href=\"\/en\/entretien-huiles-graisses\/#lowviscosity\">low-viscosity oil<\/a> to make the most of the speed.<br \/>\nThe stainless steel cover helps to minimise maintenance whilst maintaining a high level of performance.<\/p>\n<\/div>\n<p style=\"margin-top: 20px; font-size: 0.9rem; opacity: 0.8;\">A premium solution combining performance, reliability and protection.<\/p>\n<\/section>","protected":false},"excerpt":{"rendered":"<p>Le kit de 2 roulements de bobine Hybrid Ceramic ABEC7 pour moulinet casting offre une rotation tr\u00e8s fluide tout en conservant une protection efficace contre les impuret\u00e9s. Gr\u00e2ce aux billes c\u00e9ramique et \u00e0 sa protection inox, il permet d\u2019obtenir un lancer rapide, r\u00e9gulier et ma\u00eetris\u00e9. Hybrid Ceramic ABEC7 Billes en c\u00e9ramique (Si3N4) associ\u00e9es \u00e0 des [&hellip;]<\/p>\n","protected":false},"featured_media":21095,"comment_status":"open","ping_status":"closed","template":"","meta":{"_acf_changed":false},"product_brand":[1825],"product_cat":[2051],"product_tag":[],"class_list":{"0":"post-21099","1":"product","2":"type-product","3":"status-publish","4":"has-post-thumbnail","6":"product_brand-boca-bearings","7":"product_cat-roulements-de-bobine","8":"product_shipping_class-lettre-suivie","10":"first","11":"instock","12":"taxable","13":"shipping-taxable","14":"purchasable","15":"product-type-bundle"},"bundle_layout":"default","bundled_by":[],"bundled_items":[{"bundled_item_id":714,"product_id":3669,"menu_order":0,"quantity_min":2,"quantity_max":2,"priced_individually":false,"shipped_individually":false,"override_title":false,"title":"","override_description":false,"description":"","optional":false,"hide_thumbnail":false,"discount":"","override_variations":false,"allowed_variations":[],"override_default_variation_attributes":false,"default_variation_attributes":[],"single_product_visibility":"hidden","cart_visibility":"hidden","order_visibility":"visible","single_product_price_visibility":"visible","cart_price_visibility":"visible","order_price_visibility":"visible","stock_status":"in_stock"}],"acf":[],"_links":{"self":[{"href":"https:\/\/roulementcasting.com\/en\/wp-json\/wp\/v2\/product\/21099","targetHints":{"allow":["GET"]}}],"collection":[{"href":"https:\/\/roulementcasting.com\/en\/wp-json\/wp\/v2\/product"}],"about":[{"href":"https:\/\/roulementcasting.com\/en\/wp-json\/wp\/v2\/types\/product"}],"replies":[{"embeddable":true,"href":"https:\/\/roulementcasting.com\/en\/wp-json\/wp\/v2\/comments?post=21099"}],"version-history":[{"count":3,"href":"https:\/\/roulementcasting.com\/en\/wp-json\/wp\/v2\/product\/21099\/revisions"}],"predecessor-version":[{"id":30547,"href":"https:\/\/roulementcasting.com\/en\/wp-json\/wp\/v2\/product\/21099\/revisions\/30547"}],"wp:featuredmedia":[{"embeddable":true,"href":"https:\/\/roulementcasting.com\/en\/wp-json\/wp\/v2\/media\/21095"}],"wp:attachment":[{"href":"https:\/\/roulementcasting.com\/en\/wp-json\/wp\/v2\/media?parent=21099"}],"wp:term":[{"taxonomy":"product_brand","embeddable":true,"href":"https:\/\/roulementcasting.com\/en\/wp-json\/wp\/v2\/product_brand?post=21099"},{"taxonomy":"product_cat","embeddable":true,"href":"https:\/\/roulementcasting.com\/en\/wp-json\/wp\/v2\/product_cat?post=21099"},{"taxonomy":"product_tag","embeddable":true,"href":"https:\/\/roulementcasting.com\/en\/wp-json\/wp\/v2\/product_tag?post=21099"}],"curies":[{"name":"wp","href":"https:\/\/api.w.org\/{rel}","templated":true}]}}