{"id":21054,"date":"2020-12-21T19:18:14","date_gmt":"2020-12-21T17:18:14","guid":{"rendered":"https:\/\/roulementcasting.com\/?post_type=product&#038;p=21054"},"modified":"2025-12-08T18:58:47","modified_gmt":"2025-12-08T16:58:47","slug":"carbontex-pour-daiwa-casting-c13","status":"publish","type":"product","link":"https:\/\/roulementcasting.com\/en\/product\/carbontex-pour-daiwa-casting-c13\/","title":{"rendered":"Carbontex for Daiwa Casting C#13"},"content":{"rendered":"<p>Carbontex brake discs are a new generation of high-quality carbon fibre brake discs. They offer:<br \/>\n\u2013 Unrivalled power<br \/>\n\u2013 Unrivalled smoothness and consistency<br \/>\n\u2013 Extremely high heat resistance<br \/>\nTried and tested over many years across the globe, particularly in extreme fishing conditions, Carbontex brakes are easy to set up and provide unrivalled comfort and peace of mind during the fight.<\/p>\n<p><em>They can be used dry, but for maximum softness, it is advisable to lightly grease them with the <a href=\"https:\/\/roulementcasting.com\/en\/product\/cals-drag-grease\/\">Cal\u2019s Grease<\/a>.<\/em><\/p>\n<p>Made in the USA<\/p>","protected":false},"excerpt":{"rendered":"<p>Les Carbontex sont des disques de freins nouvelle\u00a0g\u00e9n\u00e9ration\u00a0en fibre de carbone de tr\u00e8s grande qualit\u00e9. Ils offrent : &#8211; Puissance in\u00e9gal\u00e9e &#8211; Douceur et constance incomparable &#8211; Tr\u00e8s grande\u00a0r\u00e9sistance\u00a0\u00e0 la chaleur \u00c9prouv\u00e9s depuis des ann\u00e9es \u00e0 travers le monde et notamment pour les p\u00eaches\u00a0extr\u00eames\u00a0 les freins carbontex sont facile \u00e0 mettre en place et apportent [&hellip;]<\/p>\n","protected":false},"featured_media":21055,"comment_status":"open","ping_status":"closed","template":"","meta":{"_acf_changed":false},"product_brand":[1830],"product_cat":[1838],"product_tag":[],"class_list":{"0":"post-21054","1":"product","2":"type-product","3":"status-publish","4":"has-post-thumbnail","6":"product_brand-carbontex","7":"product_cat-freins-carbone","8":"product_shipping_class-lettre-suivie","10":"first","11":"instock","12":"taxable","13":"shipping-taxable","14":"purchasable","15":"product-type-simple"},"bundle_layout":"","bundled_by":[],"bundled_items":[],"acf":[],"_links":{"self":[{"href":"https:\/\/roulementcasting.com\/en\/wp-json\/wp\/v2\/product\/21054","targetHints":{"allow":["GET"]}}],"collection":[{"href":"https:\/\/roulementcasting.com\/en\/wp-json\/wp\/v2\/product"}],"about":[{"href":"https:\/\/roulementcasting.com\/en\/wp-json\/wp\/v2\/types\/product"}],"replies":[{"embeddable":true,"href":"https:\/\/roulementcasting.com\/en\/wp-json\/wp\/v2\/comments?post=21054"}],"version-history":[{"count":0,"href":"https:\/\/roulementcasting.com\/en\/wp-json\/wp\/v2\/product\/21054\/revisions"}],"wp:featuredmedia":[{"embeddable":true,"href":"https:\/\/roulementcasting.com\/en\/wp-json\/wp\/v2\/media\/21055"}],"wp:attachment":[{"href":"https:\/\/roulementcasting.com\/en\/wp-json\/wp\/v2\/media?parent=21054"}],"wp:term":[{"taxonomy":"product_brand","embeddable":true,"href":"https:\/\/roulementcasting.com\/en\/wp-json\/wp\/v2\/product_brand?post=21054"},{"taxonomy":"product_cat","embeddable":true,"href":"https:\/\/roulementcasting.com\/en\/wp-json\/wp\/v2\/product_cat?post=21054"},{"taxonomy":"product_tag","embeddable":true,"href":"https:\/\/roulementcasting.com\/en\/wp-json\/wp\/v2\/product_tag?post=21054"}],"curies":[{"name":"wp","href":"https:\/\/api.w.org\/{rel}","templated":true}]}}