{"id":20917,"date":"2020-12-09T17:11:23","date_gmt":"2020-12-09T15:11:23","guid":{"rendered":"https:\/\/roulementcasting.com\/?post_type=product&#038;p=20917"},"modified":"2025-12-08T18:58:48","modified_gmt":"2025-12-08T16:58:48","slug":"hedgehog-studio-goupille-de-bobine-modele-2","status":"publish","type":"product","link":"https:\/\/roulementcasting.com\/en\/product\/hedgehog-studio-goupille-de-bobine-modele-2\/","title":{"rendered":"Hedgehog Studio Pin Model #2"},"content":{"rendered":"<p>The HedgeHog axle pin is a replacement for the original part. <\/p>\n<p><strong>&#8211; Mod\u00e8le #2<\/strong><\/p>\n<p>Pour l&rsquo;ensemble de la gamme <strong>Revo<\/strong> d&rsquo;Abu Garcia<\/p>\n<p>&nbsp;<\/p>\n<p>Pin sold individually<\/p>","protected":false},"excerpt":{"rendered":"<p>La goupille d&rsquo;axe HedgeHog permet de remplacer la pi\u00e8ce d&rsquo;origine. &#8211; Mod\u00e8le #2 Pour l&rsquo;ensemble de la gamme Revo d&rsquo;Abu Garcia &nbsp; Goupille vendue \u00e0 l&rsquo;unit\u00e9<\/p>","protected":false},"featured_media":1512,"comment_status":"open","ping_status":"closed","template":"","meta":{"_acf_changed":false},"product_brand":[1823],"product_cat":[344],"product_tag":[],"class_list":{"0":"post-20917","1":"product","2":"type-product","3":"status-publish","4":"has-post-thumbnail","6":"product_brand-hedgehog-studio","7":"product_cat-piece-de-rechange","8":"product_shipping_class-lettre-suivie","10":"first","11":"outofstock","12":"taxable","13":"shipping-taxable","14":"purchasable","15":"product-type-simple"},"bundle_layout":"","bundled_by":[],"bundled_items":[],"acf":[],"_links":{"self":[{"href":"https:\/\/roulementcasting.com\/en\/wp-json\/wp\/v2\/product\/20917","targetHints":{"allow":["GET"]}}],"collection":[{"href":"https:\/\/roulementcasting.com\/en\/wp-json\/wp\/v2\/product"}],"about":[{"href":"https:\/\/roulementcasting.com\/en\/wp-json\/wp\/v2\/types\/product"}],"replies":[{"embeddable":true,"href":"https:\/\/roulementcasting.com\/en\/wp-json\/wp\/v2\/comments?post=20917"}],"version-history":[{"count":0,"href":"https:\/\/roulementcasting.com\/en\/wp-json\/wp\/v2\/product\/20917\/revisions"}],"wp:featuredmedia":[{"embeddable":true,"href":"https:\/\/roulementcasting.com\/en\/wp-json\/wp\/v2\/media\/1512"}],"wp:attachment":[{"href":"https:\/\/roulementcasting.com\/en\/wp-json\/wp\/v2\/media?parent=20917"}],"wp:term":[{"taxonomy":"product_brand","embeddable":true,"href":"https:\/\/roulementcasting.com\/en\/wp-json\/wp\/v2\/product_brand?post=20917"},{"taxonomy":"product_cat","embeddable":true,"href":"https:\/\/roulementcasting.com\/en\/wp-json\/wp\/v2\/product_cat?post=20917"},{"taxonomy":"product_tag","embeddable":true,"href":"https:\/\/roulementcasting.com\/en\/wp-json\/wp\/v2\/product_tag?post=20917"}],"curies":[{"name":"wp","href":"https:\/\/api.w.org\/{rel}","templated":true}]}}