{"id":20762,"date":"2020-10-23T12:10:43","date_gmt":"2020-10-23T10:10:43","guid":{"rendered":"https:\/\/roulementcasting.com\/?post_type=product&#038;p=20762"},"modified":"2026-04-02T01:54:40","modified_gmt":"2026-04-01T23:54:40","slug":"hedgehog-kattobi-air-kit-bobine-03","status":"publish","type":"product","link":"https:\/\/roulementcasting.com\/en\/product\/hedgehog-kattobi-air-kit-bobine-03\/","title":{"rendered":"KIT#03 \u2013 Hedgehog AIR Ceramic \u2013 Reel Bearings"},"content":{"rendered":"<section class=\"rc-product-desc\">\n<p class=\"rc-intro\">The <strong>Hedgehog AIR Ceramic bearings<\/strong> are the gold standard in spinning systems for casting reels. Developed in Japan, they use ceramic micro-balls with a very small diameter to minimise friction and deliver extremely fast spinning performance.<\/p>\n<div class=\"rc-grid-3\">\n<div class=\"rc-card\">\n<h3>Ceramic microbeads<\/h3>\n<p>The smallest ceramic balls used in coil bearings, which reduce the contact area and optimise rotation.<\/p>\n<\/div>\n<div class=\"rc-card\">\n<h3>High-precision design<\/h3>\n<p>Use of <strong>8 marbles<\/strong> whereas most micro-ball bearings use only six, for greater stability and smoother rotation.<\/p>\n<\/div>\n<div class=\"rc-card\">\n<h3>One-piece structure<\/h3>\n<p>Integrated cage with a seamless protective cover.<br \/>\nA design that stiffens the assembly whilst maintaining a very free range of movement.<\/p>\n<\/div>\n<\/div>\n<div class=\"rc-performance\">\n<h2>What it offers<\/h2>\n<ul>\n<li>Ultra-fast reel start-up<\/li>\n<li>Minimisation of friction<\/li>\n<li>Extremely smooth rotation<\/li>\n<li>Excellent responsiveness to technical shots<\/li>\n<li>Significantly improved performance<\/li>\n<\/ul>\n<\/div>\n<div class=\"rc-specs\">\n<h2>Construction<\/h2>\n<ul>\n<li>High-precision ceramic microbeads<\/li>\n<li>High-rigidity monobloc structure<\/li>\n<li>Seamless integrated protection<\/li>\n<li>Open rear panel for easy maintenance<\/li>\n<\/ul>\n<\/div>\n<div class=\"rc-usage\">\n<h2>Usage<\/h2>\n<p>Designed for fishing situations requiring a very high level of responsiveness,<br \/>\nwith a range of approximately <strong>1 g to 28 g<\/strong>.<\/p>\n<p>Ideal for delicate techniques, whilst retaining its capacity<br \/>\nto run on more versatile configurations.<\/p>\n<\/div>\n<div class=\"rc-tip\">\n<h2>Setting<\/h2>\n<p>The bearings can be used dry for maximum performance.<br \/>\nFor smoother rotation and a longer service life,<br \/>\nThe use of a very low-viscosity oil is recommended.<\/p>\n<\/div>\n<div class=\"rc-tip\">\n<h2>Important<\/h2>\n<p>These reels are designed for light and technical fishing.<br \/>\nThey are not recommended for heavy fishing or for depths exceeding approximately <strong>28 g (1 oz)<\/strong>.<\/p>\n<\/div>\n<p style=\"margin-top: 20px; font-size: 0.9rem; opacity: 0.8;\">A benchmark in terms of rotation, designed to help you get the most out of your reel.<\/p>\n<\/section>","protected":false},"excerpt":{"rendered":"<p>Les roulements Hedgehog AIR Ceramic repr\u00e9sentent une r\u00e9f\u00e9rence en mati\u00e8re de rotation pour moulinet casting. D\u00e9velopp\u00e9s au Japon, ils utilisent des micro-billes c\u00e9ramique de tr\u00e8s petit diam\u00e8tre afin de r\u00e9duire au maximum les frictions et offrir une mise en rotation extr\u00eamement rapide. Micro-billes c\u00e9ramique Les plus petites billes c\u00e9ramique utilis\u00e9es sur des roulements de bobine, [&hellip;]<\/p>\n","protected":false},"featured_media":20763,"comment_status":"open","ping_status":"closed","template":"","meta":{"_acf_changed":false},"product_brand":[1823],"product_cat":[2051],"product_tag":[],"class_list":{"0":"post-20762","1":"product","2":"type-product","3":"status-publish","4":"has-post-thumbnail","6":"product_brand-hedgehog-studio","7":"product_cat-roulements-de-bobine","8":"product_shipping_class-lettre-suivie","10":"first","11":"instock","12":"taxable","13":"shipping-taxable","14":"purchasable","15":"product-type-simple"},"bundle_layout":"","bundled_by":[],"bundled_items":[],"acf":[],"_links":{"self":[{"href":"https:\/\/roulementcasting.com\/en\/wp-json\/wp\/v2\/product\/20762","targetHints":{"allow":["GET"]}}],"collection":[{"href":"https:\/\/roulementcasting.com\/en\/wp-json\/wp\/v2\/product"}],"about":[{"href":"https:\/\/roulementcasting.com\/en\/wp-json\/wp\/v2\/types\/product"}],"replies":[{"embeddable":true,"href":"https:\/\/roulementcasting.com\/en\/wp-json\/wp\/v2\/comments?post=20762"}],"version-history":[{"count":3,"href":"https:\/\/roulementcasting.com\/en\/wp-json\/wp\/v2\/product\/20762\/revisions"}],"predecessor-version":[{"id":30493,"href":"https:\/\/roulementcasting.com\/en\/wp-json\/wp\/v2\/product\/20762\/revisions\/30493"}],"wp:featuredmedia":[{"embeddable":true,"href":"https:\/\/roulementcasting.com\/en\/wp-json\/wp\/v2\/media\/20763"}],"wp:attachment":[{"href":"https:\/\/roulementcasting.com\/en\/wp-json\/wp\/v2\/media?parent=20762"}],"wp:term":[{"taxonomy":"product_brand","embeddable":true,"href":"https:\/\/roulementcasting.com\/en\/wp-json\/wp\/v2\/product_brand?post=20762"},{"taxonomy":"product_cat","embeddable":true,"href":"https:\/\/roulementcasting.com\/en\/wp-json\/wp\/v2\/product_cat?post=20762"},{"taxonomy":"product_tag","embeddable":true,"href":"https:\/\/roulementcasting.com\/en\/wp-json\/wp\/v2\/product_tag?post=20762"}],"curies":[{"name":"wp","href":"https:\/\/api.w.org\/{rel}","templated":true}]}}