{"id":20748,"date":"2020-10-21T13:33:55","date_gmt":"2020-10-21T11:33:55","guid":{"rendered":"https:\/\/roulementcasting.com\/?post_type=product&#038;p=20748"},"modified":"2026-04-02T01:54:40","modified_gmt":"2026-04-01T23:54:40","slug":"hedgehog-kattobi-air-bfs-kit-bobine-11","status":"publish","type":"product","link":"https:\/\/roulementcasting.com\/en\/product\/hedgehog-kattobi-air-bfs-kit-bobine-11\/","title":{"rendered":"KIT#11 \u2013 Hedgehog AIR BFS \u201cKattobi\u201d \u2013 Casting Reel Bearings"},"content":{"rendered":"<section class=\"rc-product-desc\">\n<p class=\"rc-intro\">The <strong>Hedgehog AIR BFS bearings<\/strong> are designed to optimise<br \/>\nperformance in light fishing. Developed specifically for bait finesse,<br \/>\nthey use very small stainless steel microbeads to provide<br \/>\nsmooth, quiet and extremely responsive rotation.<\/p>\n<div class=\"rc-grid-3\">\n<div class=\"rc-card\">\n<h3>High-precision stainless steel microbeads<\/h3>\n<p>Very small-diameter stainless steel balls,<br \/>\nenabling smooth, fast and exceptionally quiet rotation.<\/p>\n<\/div>\n<div class=\"rc-card\">\n<h3>BFS Specialisation<\/h3>\n<p>Designed for technical casting with light lures,<br \/>\nwith excellent control and very good responsiveness.<\/p>\n<\/div>\n<div class=\"rc-card\">\n<h3>Optimised AIR structure<\/h3>\n<p>Special Hedgehog design allowing for very smooth rotation<br \/>\nand simplified maintenance thanks to a modular design.<\/p>\n<\/div>\n<\/div>\n<div class=\"rc-performance\">\n<h2>What it offers<\/h2>\n<ul>\n<li>Extremely fast start-up of the reel<\/li>\n<li>Very smooth and quiet rotation<\/li>\n<li>Greater control over light lures<\/li>\n<li>Reduced throwing effort<\/li>\n<li>Immediate improvement in how it feels<\/li>\n<\/ul>\n<\/div>\n<div class=\"rc-specs\">\n<h2>Construction<\/h2>\n<ul>\n<li>High-precision stainless steel microbeads<\/li>\n<li>AIR structure with aluminium housing<\/li>\n<li>Removable bearing (for easier maintenance)<\/li>\n<li>Specially designed for casting reels<\/li>\n<\/ul>\n<\/div>\n<div class=\"rc-usage\">\n<h2>Usage<\/h2>\n<p>Ideal for light fishing with lures of around<br \/>\n<strong>1 g to 14 g<\/strong>.<\/p>\n<p>Designed for delicate techniques requiring precision,<br \/>\nmaximum control and responsiveness.<\/p>\n<p>Usage \u00a0<strong>freshwater<\/strong>.<br \/>\nFor marine environments, the Hybrid Ceramic versions<br \/>\nare more suitable due to their greater resistance to corrosion.<\/p>\n<\/div>\n<div class=\"rc-tip\">\n<h2>Important<\/h2>\n<p>These reels are designed for light fishing.<br \/>\nTheir use is not recommended on high-performance systems<br \/>\nor more than approximately <strong>14 g (1\/2 oz)<\/strong>.<\/p>\n<\/div>\n<div class=\"rc-tip\">\n<h2>Installation &amp; maintenance<\/h2>\n<p>The bearings can be replaced easily.<br \/>\nThe detachable design also makes it possible to replace only<br \/>\nthe internal micro-bearing, if necessary.<\/p>\n<\/div>\n<p style=\"margin-top: 20px; font-size: 0.9rem; opacity: 0.8;\">A solution designed for light fishing to maximise precision, control and feel.<\/p>\n<\/section>\n<p>&nbsp;<\/p>\n<p><img fetchpriority=\"high\" decoding=\"async\" class=\"aligncenter size-full wp-image-1508\" src=\"http:\/\/roulementcasting.com\/wp-content\/uploads\/2013\/03\/Micro-billes-AIR.png\" alt=\"Micro-billes-AIR\" width=\"570\" height=\"315\" srcset=\"https:\/\/roulementcasting.com\/wp-content\/uploads\/2013\/03\/Micro-billes-AIR.png 570w, https:\/\/roulementcasting.com\/wp-content\/uploads\/2013\/03\/Micro-billes-AIR-300x166.png 300w, https:\/\/roulementcasting.com\/wp-content\/uploads\/2013\/03\/Micro-billes-AIR-442x244.png 442w\" sizes=\"(max-width: 570px) 100vw, 570px\" \/><\/p>","protected":false},"excerpt":{"rendered":"<p>Les roulements Hedgehog AIR BFS sont con\u00e7us pour optimiser les performances en p\u00eache l\u00e9g\u00e8re. D\u00e9velopp\u00e9s sp\u00e9cifiquement pour le bait finesse, ils utilisent des micro-billes inox de tr\u00e8s petit diam\u00e8tre pour offrir une rotation fluide, silencieuse et extr\u00eamement r\u00e9active. Micro-billes inox haute pr\u00e9cision Billes en acier inoxydable de tr\u00e8s petit diam\u00e8tre, permettant une rotation fluide, rapide [&hellip;]<\/p>\n","protected":false},"featured_media":20749,"comment_status":"open","ping_status":"closed","template":"","meta":{"_acf_changed":false},"product_brand":[1823],"product_cat":[2051],"product_tag":[],"class_list":{"0":"post-20748","1":"product","2":"type-product","3":"status-publish","4":"has-post-thumbnail","6":"product_brand-hedgehog-studio","7":"product_cat-roulements-de-bobine","8":"product_shipping_class-lettre-suivie","10":"first","11":"instock","12":"taxable","13":"shipping-taxable","14":"purchasable","15":"product-type-simple"},"bundle_layout":"","bundled_by":[],"bundled_items":[],"acf":[],"_links":{"self":[{"href":"https:\/\/roulementcasting.com\/en\/wp-json\/wp\/v2\/product\/20748","targetHints":{"allow":["GET"]}}],"collection":[{"href":"https:\/\/roulementcasting.com\/en\/wp-json\/wp\/v2\/product"}],"about":[{"href":"https:\/\/roulementcasting.com\/en\/wp-json\/wp\/v2\/types\/product"}],"replies":[{"embeddable":true,"href":"https:\/\/roulementcasting.com\/en\/wp-json\/wp\/v2\/comments?post=20748"}],"version-history":[{"count":4,"href":"https:\/\/roulementcasting.com\/en\/wp-json\/wp\/v2\/product\/20748\/revisions"}],"predecessor-version":[{"id":30508,"href":"https:\/\/roulementcasting.com\/en\/wp-json\/wp\/v2\/product\/20748\/revisions\/30508"}],"wp:featuredmedia":[{"embeddable":true,"href":"https:\/\/roulementcasting.com\/en\/wp-json\/wp\/v2\/media\/20749"}],"wp:attachment":[{"href":"https:\/\/roulementcasting.com\/en\/wp-json\/wp\/v2\/media?parent=20748"}],"wp:term":[{"taxonomy":"product_brand","embeddable":true,"href":"https:\/\/roulementcasting.com\/en\/wp-json\/wp\/v2\/product_brand?post=20748"},{"taxonomy":"product_cat","embeddable":true,"href":"https:\/\/roulementcasting.com\/en\/wp-json\/wp\/v2\/product_cat?post=20748"},{"taxonomy":"product_tag","embeddable":true,"href":"https:\/\/roulementcasting.com\/en\/wp-json\/wp\/v2\/product_tag?post=20748"}],"curies":[{"name":"wp","href":"https:\/\/api.w.org\/{rel}","templated":true}]}}