{"id":20730,"date":"2020-10-21T12:30:15","date_gmt":"2020-10-21T10:30:15","guid":{"rendered":"https:\/\/roulementcasting.com\/?post_type=product&#038;p=20730"},"modified":"2026-04-02T01:54:41","modified_gmt":"2026-04-01T23:54:41","slug":"hedgehog-kattobi-air-hd-kit-bobine-10","status":"publish","type":"product","link":"https:\/\/roulementcasting.com\/en\/product\/hedgehog-kattobi-air-hd-kit-bobine-10\/","title":{"rendered":"KIT#10 \u2013 Hedgehog AIR HD Ceramic \u2013 Casting Reel Bearings"},"content":{"rendered":"<section class=\"rc-product-desc\">\n<p class=\"rc-intro\">The version <strong>HD (Heavy Duty) from AIR Ceramic<\/strong> is designed to offer<br \/>\nsmooth rotation whilst providing enhanced corrosion resistance.<br \/>\nIt rounds off the AIR range with a versatile model that can adapt<br \/>\nfor a wide variety of uses.<\/p>\n<div class=\"rc-grid-3\">\n<div class=\"rc-card\">\n<h3>Hybrid Ceramic<\/h3>\n<p>High-precision ceramic balls combined with an optimised structure<br \/>\nfor smooth and stable rotation.<\/p>\n<\/div>\n<div class=\"rc-card\">\n<h3>HRCB technology<\/h3>\n<p>Next-generation corrosion-resistant metal, up to 10 times stronger<br \/>\nthan standard stainless steel, ensuring excellent durability.<\/p>\n<\/div>\n<div class=\"rc-card\">\n<h3>HD (Heavy Duty) version<\/h3>\n<p>Designed to strike a balance between performance, durability and versatility,<br \/>\nacross a wide range of applications.<\/p>\n<\/div>\n<div class=\"rc-card\">\n<h3>Versatility<\/h3>\n<p>Designed to operate efficiently across a wide range of applications,<br \/>\nfrom lightweight setups to more demanding applications,<br \/>\nin both fresh and salt water. From 3g to over 200g.<\/p>\n<\/div>\n<\/div>\n<div class=\"rc-performance\">\n<h2>What it offers<\/h2>\n<ul>\n<li>Smooth and even rotation<\/li>\n<li>Excellent stability at high speeds<\/li>\n<li>Extremely high corrosion resistance<\/li>\n<li>Consistent performance over time<\/li>\n<li>Versatility across different configurations<\/li>\n<\/ul>\n<\/div>\n<div class=\"rc-specs\">\n<h2>Construction<\/h2>\n<ul>\n<li>High-precision ceramic balls<\/li>\n<li>HRCB corrosion-resistant metal structure<\/li>\n<li>Assembly and individual selection<\/li>\n<li>Optimised factory pre-lubrication<\/li>\n<\/ul>\n<\/div>\n<div class=\"rc-usage\">\n<h2>Usage<\/h2>\n<p>Designed to suit a wide range of applications,<br \/>\nfrom lightweight setups to more powerful configurations.<\/p>\n<p>A versatile bearing suitable for use in ML assemblies<br \/>\nonly set-ups designed for heavier fishing, such as big bait fishing.<\/p>\n<\/div>\n<div class=\"rc-tip\">\n<h2>Installation &amp; maintenance<\/h2>\n<p>The bearings are supplied ready for use with optimised lubrication.<br \/>\nNo pre-cleaning is required.<\/p>\n<p>After several uses, a drop of suitable oil will help to preserve<br \/>\ninitial performance.<\/p>\n<\/div>\n<p style=\"margin-top: 20px; font-size: 0.9rem; opacity: 0.8;\">An HD version designed to combine rotation, durability and maximum versatility.<\/p>\n<\/section>","protected":false},"excerpt":{"rendered":"<p>La version HD (Heavy Duty) des AIR Ceramic est con\u00e7ue pour offrir une rotation fluide tout en apportant une r\u00e9sistance accrue \u00e0 la corrosion. Elle compl\u00e8te la gamme AIR avec un mod\u00e8le polyvalent, capable de s\u2019adapter \u00e0 une large vari\u00e9t\u00e9 d\u2019utilisations. Hybrid Ceramic Billes en c\u00e9ramique de haute pr\u00e9cision associ\u00e9es \u00e0 une structure optimis\u00e9e pour [&hellip;]<\/p>\n","protected":false},"featured_media":20731,"comment_status":"open","ping_status":"closed","template":"","meta":{"_acf_changed":false},"product_brand":[1823],"product_cat":[2051],"product_tag":[],"class_list":{"0":"post-20730","1":"product","2":"type-product","3":"status-publish","4":"has-post-thumbnail","6":"product_brand-hedgehog-studio","7":"product_cat-roulements-de-bobine","8":"product_shipping_class-lettre-suivie","10":"first","11":"instock","12":"taxable","13":"shipping-taxable","14":"purchasable","15":"product-type-simple"},"bundle_layout":"","bundled_by":[],"bundled_items":[],"acf":[],"_links":{"self":[{"href":"https:\/\/roulementcasting.com\/en\/wp-json\/wp\/v2\/product\/20730","targetHints":{"allow":["GET"]}}],"collection":[{"href":"https:\/\/roulementcasting.com\/en\/wp-json\/wp\/v2\/product"}],"about":[{"href":"https:\/\/roulementcasting.com\/en\/wp-json\/wp\/v2\/types\/product"}],"replies":[{"embeddable":true,"href":"https:\/\/roulementcasting.com\/en\/wp-json\/wp\/v2\/comments?post=20730"}],"version-history":[{"count":4,"href":"https:\/\/roulementcasting.com\/en\/wp-json\/wp\/v2\/product\/20730\/revisions"}],"predecessor-version":[{"id":30510,"href":"https:\/\/roulementcasting.com\/en\/wp-json\/wp\/v2\/product\/20730\/revisions\/30510"}],"wp:featuredmedia":[{"embeddable":true,"href":"https:\/\/roulementcasting.com\/en\/wp-json\/wp\/v2\/media\/20731"}],"wp:attachment":[{"href":"https:\/\/roulementcasting.com\/en\/wp-json\/wp\/v2\/media?parent=20730"}],"wp:term":[{"taxonomy":"product_brand","embeddable":true,"href":"https:\/\/roulementcasting.com\/en\/wp-json\/wp\/v2\/product_brand?post=20730"},{"taxonomy":"product_cat","embeddable":true,"href":"https:\/\/roulementcasting.com\/en\/wp-json\/wp\/v2\/product_cat?post=20730"},{"taxonomy":"product_tag","embeddable":true,"href":"https:\/\/roulementcasting.com\/en\/wp-json\/wp\/v2\/product_tag?post=20730"}],"curies":[{"name":"wp","href":"https:\/\/api.w.org\/{rel}","templated":true}]}}