{"id":20710,"date":"2020-10-21T09:49:22","date_gmt":"2020-10-21T07:49:22","guid":{"rendered":"https:\/\/roulementcasting.com\/?post_type=product&#038;p=20710"},"modified":"2026-04-02T01:54:41","modified_gmt":"2026-04-01T23:54:41","slug":"boca-bearing-hybrid-ceramic-abec5-kit-bobine-02","status":"publish","type":"product","link":"https:\/\/roulementcasting.com\/en\/product\/boca-bearing-hybrid-ceramic-abec5-kit-bobine-02\/","title":{"rendered":"KIT#02 \u2013 Hybrid Ceramic ABEC5 \u2013 Casting Reel Bearings"},"content":{"rendered":"<section class=\"rc-product-desc\">\n<p class=\"rc-intro\">Le <strong>Set of 2 Hybrid Ceramic ABEC5 spool bearings for a casting reel <\/strong>offers an excellent balance between smoothness, stability and durability. Thanks to its ceramic balls, it enhances rotation whilst maintaining a consistent and easy-to-control feel.<\/p>\n<div class=\"rc-grid-3\">\n<div class=\"rc-card\">\n<h3>Hybrid Ceramic<\/h3>\n<p>Ceramic balls (Si3N4) combined with 440C stainless steel bushings.<br \/>\nLess friction and smoother rotation than a standard bearing.<\/p>\n<\/div>\n<div class=\"rc-card\">\n<h3>ABEC5 precision<\/h3>\n<p>Balanced tolerances for stable, smooth rotation, offering a good balance between performance and durability.<\/p>\n<\/div>\n<div class=\"rc-card\">\n<h3>Versatile configuration<\/h3>\n<p>Designed to offer smooth performance whilst maintaining stable and predictable handling when casting.<\/p>\n<\/div>\n<\/div>\n<div class=\"rc-performance\">\n<h2>What it offers<\/h2>\n<ul>\n<li>Smoother reel start-up<\/li>\n<li>A smooth, controlled throw<\/li>\n<li>Less rotational friction<\/li>\n<li>A good balance between performance and stability<\/li>\n<li>More user-friendly behaviour<\/li>\n<\/ul>\n<\/div>\n<div class=\"rc-specs\">\n<h2>Contents of the kit<\/h2>\n<ul>\n<li>2 ABEC5 hybrid ceramic bearings<\/li>\n<li>Si3N4 ceramic balls<\/li>\n<li>440C stainless steel<\/li>\n<li>Designed for casting reels<\/li>\n<\/ul>\n<\/div>\n<div class=\"rc-usage\">\n<h2>Usage<\/h2>\n<p>Ideal for replacing the original bearings and improving the overall smoothness of a casting reel.<\/p>\n<p>Ideal for a wide range of uses, offering good performance without compromising stability.<\/p>\n<\/div>\n<div class=\"rc-tip\">\n<h2>Setting<\/h2>\n<p>Use a <a href=\"\/en\/entretien-huiles-graisses\/#lowviscosity\">low-viscosity oil<\/a>\u00a0to optimise turnover.<br \/>\nLight lubrication helps maintain a good balance between speed and control.<\/p>\n<\/div>\n<p style=\"margin-top: 20px; font-size: 0.9rem; opacity: 0.8;\">A balanced solution for improving performance whilst maintaining optimum control.<\/p>\n<\/section>","protected":false},"excerpt":{"rendered":"<p>Le kit de 2 roulements de bobine Hybrid Ceramic ABEC5 pour moulinet casting offre un excellent compromis entre fluidit\u00e9, stabilit\u00e9 et durabilit\u00e9. Gr\u00e2ce aux billes c\u00e9ramique, il am\u00e9liore la rotation tout en conservant un comportement r\u00e9gulier et facile \u00e0 ma\u00eetriser. Hybrid Ceramic Billes en c\u00e9ramique (Si3N4) associ\u00e9es \u00e0 des bagues en acier inox 440C. Moins [&hellip;]<\/p>\n","protected":false},"featured_media":20711,"comment_status":"open","ping_status":"closed","template":"","meta":{"_acf_changed":false},"product_brand":[1825],"product_cat":[2051],"product_tag":[],"class_list":{"0":"post-20710","1":"product","2":"type-product","3":"status-publish","4":"has-post-thumbnail","6":"product_brand-boca-bearings","7":"product_cat-roulements-de-bobine","8":"product_shipping_class-lettre-suivie","10":"first","11":"instock","12":"taxable","13":"shipping-taxable","14":"purchasable","15":"product-type-bundle"},"bundle_layout":"default","bundled_by":[],"bundled_items":[{"bundled_item_id":707,"product_id":3697,"menu_order":0,"quantity_min":1,"quantity_max":1,"priced_individually":false,"shipped_individually":false,"override_title":false,"title":"","override_description":false,"description":"","optional":false,"hide_thumbnail":false,"discount":"","override_variations":false,"allowed_variations":[],"override_default_variation_attributes":false,"default_variation_attributes":[],"single_product_visibility":"hidden","cart_visibility":"hidden","order_visibility":"visible","single_product_price_visibility":"visible","cart_price_visibility":"visible","order_price_visibility":"visible","stock_status":"in_stock"},{"bundled_item_id":708,"product_id":3676,"menu_order":1,"quantity_min":1,"quantity_max":1,"priced_individually":false,"shipped_individually":false,"override_title":false,"title":"","override_description":false,"description":"","optional":false,"hide_thumbnail":false,"discount":"","override_variations":false,"allowed_variations":[],"override_default_variation_attributes":false,"default_variation_attributes":[],"single_product_visibility":"hidden","cart_visibility":"hidden","order_visibility":"visible","single_product_price_visibility":"visible","cart_price_visibility":"visible","order_price_visibility":"visible","stock_status":"in_stock"}],"acf":[],"_links":{"self":[{"href":"https:\/\/roulementcasting.com\/en\/wp-json\/wp\/v2\/product\/20710","targetHints":{"allow":["GET"]}}],"collection":[{"href":"https:\/\/roulementcasting.com\/en\/wp-json\/wp\/v2\/product"}],"about":[{"href":"https:\/\/roulementcasting.com\/en\/wp-json\/wp\/v2\/types\/product"}],"replies":[{"embeddable":true,"href":"https:\/\/roulementcasting.com\/en\/wp-json\/wp\/v2\/comments?post=20710"}],"version-history":[{"count":3,"href":"https:\/\/roulementcasting.com\/en\/wp-json\/wp\/v2\/product\/20710\/revisions"}],"predecessor-version":[{"id":30536,"href":"https:\/\/roulementcasting.com\/en\/wp-json\/wp\/v2\/product\/20710\/revisions\/30536"}],"wp:featuredmedia":[{"embeddable":true,"href":"https:\/\/roulementcasting.com\/en\/wp-json\/wp\/v2\/media\/20711"}],"wp:attachment":[{"href":"https:\/\/roulementcasting.com\/en\/wp-json\/wp\/v2\/media?parent=20710"}],"wp:term":[{"taxonomy":"product_brand","embeddable":true,"href":"https:\/\/roulementcasting.com\/en\/wp-json\/wp\/v2\/product_brand?post=20710"},{"taxonomy":"product_cat","embeddable":true,"href":"https:\/\/roulementcasting.com\/en\/wp-json\/wp\/v2\/product_cat?post=20710"},{"taxonomy":"product_tag","embeddable":true,"href":"https:\/\/roulementcasting.com\/en\/wp-json\/wp\/v2\/product_tag?post=20710"}],"curies":[{"name":"wp","href":"https:\/\/api.w.org\/{rel}","templated":true}]}}