{"id":20670,"date":"2020-10-20T14:49:09","date_gmt":"2020-10-20T12:49:09","guid":{"rendered":"https:\/\/roulementcasting.com\/?post_type=product&#038;p=20670"},"modified":"2026-04-05T13:09:33","modified_gmt":"2026-04-05T11:09:33","slug":"boca-bearing-orange-seal-kit-1","status":"publish","type":"product","link":"https:\/\/roulementcasting.com\/en\/product\/boca-bearing-orange-seal-kit-1\/","title":{"rendered":"KIT#01 \u2013 Hybrid Ceramic Orange Seals ABEC7 \u2013 Casting Reel Bearings"},"content":{"rendered":"<section class=\"rc-product-desc\">\n<p class=\"rc-intro\">Le <strong>Set of 2 Hybrid Ceramic ABEC7 Orange Seals spool bearings for a casting reel<\/strong><br \/>\nis designed to improve the responsiveness and smoothness of the reel.<br \/>\nThanks to its ceramic balls and ABEC7 precision, it reduces friction<br \/>\nand enables a cleaner, faster and more consistent throw.<\/p>\n<div class=\"rc-grid-3\">\n<div class=\"rc-card\">\n<h3>Hybrid Ceramic ABEC7<\/h3>\n<p>Ceramic balls (Si3N4) combined with 440C stainless steel bushings.<br \/>\nLess inertia, faster acceleration and more stable rotation at high speeds.<\/p>\n<\/div>\n<div class=\"rc-card\">\n<h3>Orange Seals<\/h3>\n<p>Non-contact seals that protect against contaminants whilst maintaining<br \/>\nvery low rotational resistance.<\/p>\n<\/div>\n<div class=\"rc-card\">\n<h3>Complete set (x2)<\/h3>\n<p>2 bearings included to fit the two key points on the spool<br \/>\non a casting reel.<\/p>\n<\/div>\n<\/div>\n<div class=\"rc-performance\">\n<h2>What it offers<\/h2>\n<ul>\n<li>Faster reel start-up<\/li>\n<li>A smoother, more consistent throw<\/li>\n<li>Reduction of friction at high speeds<\/li>\n<li>Better handling of light lures (BFS)<\/li>\n<li>An excellent balance between performance and protection<\/li>\n<\/ul>\n<\/div>\n<div class=\"rc-specs\">\n<h2>Contents of the kit<\/h2>\n<ul>\n<li>2 Hybrid Ceramic ABEC7 bearings with orange seals<\/li>\n<li>Si3N4 ceramic balls<\/li>\n<li>High-performance non-contact seals<\/li>\n<li>Designed for casting reels<\/li>\n<\/ul>\n<\/div>\n<div class=\"rc-usage\">\n<h2>Usage<\/h2>\n<p>Ideal for replacing original bearings and improving performance<br \/>\nto cast with a spinning reel.<\/p>\n<p>Particularly effective for performance-oriented configurations,<br \/>\nprecision lures or light lures.<\/p>\n<\/div>\n<div class=\"rc-tip\">\n<h2>Setting<\/h2>\n<p>Use a <a href=\"\/en\/entretien-huiles-graisses\/#lowviscosity\">low-viscosity oil<\/a><br \/>\nto maximise the rotational speed.<br \/>\nSeals help to minimise maintenance whilst maintaining a high level of performance.<\/p>\n<\/div>\n<p style=\"margin-top: 20px; font-size: 0.9rem; opacity: 0.8;\">A premium solution to help you get the most out of your casting reel.<\/p>\n<\/section>","protected":false},"excerpt":{"rendered":"<p>Le kit de 2 roulements de bobine Hybrid Ceramic ABEC7 Orange Seals pour moulinet casting est con\u00e7u pour am\u00e9liorer la r\u00e9activit\u00e9 et la fluidit\u00e9 de la bobine. Gr\u00e2ce aux billes c\u00e9ramique et \u00e0 la pr\u00e9cision ABEC7, il r\u00e9duit les frictions et permet un lancer plus propre, plus rapide et plus r\u00e9gulier. Hybrid Ceramic ABEC7 Billes [&hellip;]<\/p>\n","protected":false},"featured_media":20704,"comment_status":"open","ping_status":"closed","template":"","meta":{"_acf_changed":false},"product_brand":[1825],"product_cat":[2051],"product_tag":[],"class_list":{"0":"post-20670","1":"product","2":"type-product","3":"status-publish","4":"has-post-thumbnail","6":"product_brand-boca-bearings","7":"product_cat-roulements-de-bobine","8":"product_shipping_class-lettre-suivie","10":"first","11":"instock","12":"taxable","13":"shipping-taxable","14":"purchasable","15":"product-type-simple"},"bundle_layout":"","bundled_by":[],"bundled_items":[],"acf":[],"_links":{"self":[{"href":"https:\/\/roulementcasting.com\/en\/wp-json\/wp\/v2\/product\/20670","targetHints":{"allow":["GET"]}}],"collection":[{"href":"https:\/\/roulementcasting.com\/en\/wp-json\/wp\/v2\/product"}],"about":[{"href":"https:\/\/roulementcasting.com\/en\/wp-json\/wp\/v2\/types\/product"}],"replies":[{"embeddable":true,"href":"https:\/\/roulementcasting.com\/en\/wp-json\/wp\/v2\/comments?post=20670"}],"version-history":[{"count":6,"href":"https:\/\/roulementcasting.com\/en\/wp-json\/wp\/v2\/product\/20670\/revisions"}],"predecessor-version":[{"id":30521,"href":"https:\/\/roulementcasting.com\/en\/wp-json\/wp\/v2\/product\/20670\/revisions\/30521"}],"wp:featuredmedia":[{"embeddable":true,"href":"https:\/\/roulementcasting.com\/en\/wp-json\/wp\/v2\/media\/20704"}],"wp:attachment":[{"href":"https:\/\/roulementcasting.com\/en\/wp-json\/wp\/v2\/media?parent=20670"}],"wp:term":[{"taxonomy":"product_brand","embeddable":true,"href":"https:\/\/roulementcasting.com\/en\/wp-json\/wp\/v2\/product_brand?post=20670"},{"taxonomy":"product_cat","embeddable":true,"href":"https:\/\/roulementcasting.com\/en\/wp-json\/wp\/v2\/product_cat?post=20670"},{"taxonomy":"product_tag","embeddable":true,"href":"https:\/\/roulementcasting.com\/en\/wp-json\/wp\/v2\/product_tag?post=20670"}],"curies":[{"name":"wp","href":"https:\/\/api.w.org\/{rel}","templated":true}]}}