{"id":20662,"date":"2020-10-19T18:46:17","date_gmt":"2020-10-19T16:46:17","guid":{"rendered":"https:\/\/roulementcasting.com\/?post_type=product&#038;p=20662"},"modified":"2025-12-08T18:59:30","modified_gmt":"2025-12-08T16:59:30","slug":"frein-carbontex-pour-daiwa-traine","status":"publish","type":"product","link":"https:\/\/roulementcasting.com\/en\/product\/frein-carbontex-pour-daiwa-traine\/","title":{"rendered":"Carbontex brake for Daiwa Trolling"},"content":{"rendered":"<p>[flat_button text=\u00a0\u00bb<strong>Daiwa TC #01<\/strong>\u00a0\u00bb title=\u00a0\u00bbVoir le kit Daiwa TC#1&Prime; url=\u00a0\u00bb\/?p=20629&Prime; padding=\u00a0\u00bb10px 20px\u00a0\u00bb bg_color=\u00a0\u00bb#f2b118&Prime; border_color=\u00a0\u00bb#000000&Prime; border_width=\u00a0\u00bb1px\u00a0\u00bb text_color=\u00a0\u00bb#000000&Prime; text_size=\u00a0\u00bb14px\u00a0\u00bb align=\u00a0\u00bbleft\u00a0\u00bb target=\u00a0\u00bb_self\u00a0\u00bb]<br \/>\n<br \/>\nPour : Saltist 30T, 30TH, 40, 40H, 50, 50H<br \/>\n<br \/>\n[flat_button text=\u00a0\u00bb<strong>Daiwa TC #02<\/strong>\u00a0\u00bb title=\u00a0\u00bbVoir le kit Daiwa TC#2&Prime; url=\u00a0\u00bb\/?p=20631&Prime; padding=\u00a0\u00bb10px 20px\u00a0\u00bb bg_color=\u00a0\u00bb#f2b118&Prime; border_color=\u00a0\u00bb#000000&Prime; border_width=\u00a0\u00bb1px\u00a0\u00bb text_color=\u00a0\u00bb#000000&Prime; text_size=\u00a0\u00bb14px\u00a0\u00bb align=\u00a0\u00bbleft\u00a0\u00bb target=\u00a0\u00bb_self\u00a0\u00bb]<br \/>\n<br \/>\nPour : Saltiga 15, 20, 30, 30L<br \/>\n<br \/>\n[flat_button text=\u00a0\u00bb<strong>Daiwa TC #03<\/strong>\u00a0\u00bb title=\u00a0\u00bbVoir le kit Daiwa TC#3&Prime; url=\u00a0\u00bb\/?p=20633&Prime; padding=\u00a0\u00bb10px 20px\u00a0\u00bb bg_color=\u00a0\u00bb#f2b118&Prime; border_color=\u00a0\u00bb#000000&Prime; border_width=\u00a0\u00bb1px\u00a0\u00bb text_color=\u00a0\u00bb#000000&Prime; text_size=\u00a0\u00bb14px\u00a0\u00bb align=\u00a0\u00bbleft\u00a0\u00bb target=\u00a0\u00bb_self\u00a0\u00bb]<br \/>\n<br \/>\nPour : Saltiga 30T, 40, 50, 30TG, 40G, 50G<br \/>\n<br \/>\n[flat_button text=\u00a0\u00bb<strong>Daiwa TC #04<\/strong>\u00a0\u00bb title=\u00a0\u00bbVoir le kit Daiwa TC#4&Prime; url=\u00a0\u00bb\/?p=20635&Prime; padding=\u00a0\u00bb10px 20px\u00a0\u00bb bg_color=\u00a0\u00bb#f2b118&Prime; border_color=\u00a0\u00bb#000000&Prime; border_width=\u00a0\u00bb1px\u00a0\u00bb text_color=\u00a0\u00bb#000000&Prime; text_size=\u00a0\u00bb14px\u00a0\u00bb align=\u00a0\u00bbleft\u00a0\u00bb target=\u00a0\u00bb_self\u00a0\u00bb]<br \/>\n<br \/>\nPour : Saltiga Surf 30<br \/>\n<br \/>\n[flat_button text=\u00a0\u00bb<strong>Daiwa TC #05<\/strong>\u00a0\u00bb title=\u00a0\u00bbVoir le kit Daiwa TC#5&Prime; url=\u00a0\u00bb\/?p=20637&Prime; padding=\u00a0\u00bb10px 20px\u00a0\u00bb bg_color=\u00a0\u00bb#f2b118&Prime; border_color=\u00a0\u00bb#000000&Prime; border_width=\u00a0\u00bb1px\u00a0\u00bb text_color=\u00a0\u00bb#000000&Prime; text_size=\u00a0\u00bb14px\u00a0\u00bb align=\u00a0\u00bbleft\u00a0\u00bb target=\u00a0\u00bb_self\u00a0\u00bb]<br \/>\n<br \/>\nPour : Saltist 20H 30H,LW20HA, LW30HA, BG20H, BG30H, LW20H-C, LW30H-C<br \/>\nSeagate 20H 30H &#8211; Does not fit 2018 models<br \/>\n<br \/>\n[flat_button text=\u00a0\u00bb<strong>Daiwa TC #06<\/strong>\u00a0\u00bb title=\u00a0\u00bbVoir le kit Daiwa TC#06&Prime; url=\u00a0\u00bb\/?p=20639&Prime; padding=\u00a0\u00bb10px 20px\u00a0\u00bb bg_color=\u00a0\u00bb#f2b118&Prime; border_color=\u00a0\u00bb#000000&Prime; border_width=\u00a0\u00bb1px\u00a0\u00bb text_color=\u00a0\u00bb#000000&Prime; text_size=\u00a0\u00bb14px\u00a0\u00bb align=\u00a0\u00bbleft\u00a0\u00bb target=\u00a0\u00bb_self\u00a0\u00bb]<br \/>\n<br \/>\nPour : Saltist BG35H,BG40H, BG50H, LW40A, LW50A, LW40HA, LW50HA<br \/>\nSL57LC3B, Seagate LW50 LW60, 35H, 40H, 50H, SLSG57LC3B<br \/>\n<br \/>\n[flat_button text=\u00a0\u00bb<strong>Daiwa TC #07<\/strong>\u00a0\u00bb title=\u00a0\u00bbVoir le kit Daiwa TC#07&Prime; url=\u00a0\u00bb\/?p=20641&Prime; padding=\u00a0\u00bb10px 20px\u00a0\u00bb bg_color=\u00a0\u00bb#f2b118&Prime; border_color=\u00a0\u00bb#000000&Prime; border_width=\u00a0\u00bb1px\u00a0\u00bb text_color=\u00a0\u00bb#000000&Prime; text_size=\u00a0\u00bb14px\u00a0\u00bb align=\u00a0\u00bbleft\u00a0\u00bb target=\u00a0\u00bb_self\u00a0\u00bb]<br \/>\n<br \/>\nPour :SG27LC, SG47LC AD SLW20-30HL, 47LCBL,SG47LC3B<br \/>\nAD Plus 27LC, 27 LCW 47LC 17LC AD Plus 27LCB, LCBLW, 47LCB<br \/>\nSG17LCA, AD17Lci, 27LCi, 27LCiW, 47LCi<br \/>\nAD47LCi, 57LCi, 17LC, 27LC, 57LC Plus SG27LC3B, SG47LC3BW<br \/>\n<br \/>\n[flat_button text=\u00a0\u00bb<strong>Daiwa TC #08<\/strong>\u00a0\u00bb title=\u00a0\u00bbVoir le kit Daiwa TC#08&Prime; url=\u00a0\u00bb\/?p=20643&Prime; padding=\u00a0\u00bb10px 20px\u00a0\u00bb bg_color=\u00a0\u00bb#f2b118&Prime; border_color=\u00a0\u00bb#000000&Prime; border_width=\u00a0\u00bb1px\u00a0\u00bb text_color=\u00a0\u00bb#000000&Prime; text_size=\u00a0\u00bb14px\u00a0\u00bb align=\u00a0\u00bbleft\u00a0\u00bb target=\u00a0\u00bb_self\u00a0\u00bb]<br \/>\n<br \/>\nPour :\u00a0SL20\/30SHV<br \/>\nZ20SHW, X20SHV, X20SHA<br \/>\nZ30SHW, X30SHV, X30SHA<br \/>\n<br \/>\n[flat_button text=\u00a0\u00bb<strong>Daiwa TC #09<\/strong>\u00a0\u00bb title=\u00a0\u00bbVoir le kit Daiwa TC#09&Prime; url=\u00a0\u00bb\/?p=20645&Prime; padding=\u00a0\u00bb10px 20px\u00a0\u00bb bg_color=\u00a0\u00bb#f2b118&Prime; border_color=\u00a0\u00bb#000000&Prime; border_width=\u00a0\u00bb1px\u00a0\u00bb text_color=\u00a0\u00bb#000000&Prime; text_size=\u00a0\u00bb14px\u00a0\u00bb align=\u00a0\u00bbleft\u00a0\u00bb target=\u00a0\u00bb_self\u00a0\u00bb]<br \/>\n<br \/>\nPour :\u00a0SL50SH SG50H<br \/>\n<br \/>\n[flat_button text=\u00a0\u00bb<strong>Daiwa TC #10<\/strong>\u00a0\u00bb title=\u00a0\u00bbVoir le kit Daiwa TC#10&Prime; url=\u00a0\u00bb\/?p=20647&Prime; padding=\u00a0\u00bb10px 20px\u00a0\u00bb bg_color=\u00a0\u00bb#f2b118&Prime; border_color=\u00a0\u00bb#000000&Prime; border_width=\u00a0\u00bb1px\u00a0\u00bb text_color=\u00a0\u00bb#000000&Prime; text_size=\u00a0\u00bb14px\u00a0\u00bb align=\u00a0\u00bbleft\u00a0\u00bb target=\u00a0\u00bb_self\u00a0\u00bb]<br \/>\n<br \/>\nPour : SL20\/30SH<br \/>\n<br \/>\n[flat_button text=\u00a0\u00bb<strong>Daiwa TC #11<\/strong>\u00a0\u00bb title=\u00a0\u00bbVoir le kit Daiwa TC#11&Prime; url=\u00a0\u00bb\/?p=20649&Prime; padding=\u00a0\u00bb10px 20px\u00a0\u00bb bg_color=\u00a0\u00bb#f2b118&Prime; border_color=\u00a0\u00bb#000000&Prime; border_width=\u00a0\u00bb1px\u00a0\u00bb text_color=\u00a0\u00bb#000000&Prime; text_size=\u00a0\u00bb14px\u00a0\u00bb align=\u00a0\u00bbleft\u00a0\u00bb target=\u00a0\u00bb_self\u00a0\u00bb]<br \/>\n<br \/>\nPour : SLX40\/50SHA<br \/>\nSLX40HV, SLX40HC, X40SHA, X40SHV<br \/>\nSLX50HV, SLX50HC, X50SHA, X50SHV<br \/>\nGrandwave X40SHVK X50SHVK, Z40HW, Z50HW<br \/>\n<br \/>\n[flat_button text=\u00a0\u00bb<strong>Daiwa TC #12<\/strong>\u00a0\u00bb title=\u00a0\u00bbVoir le kit Daiwa TC#12&Prime; url=\u00a0\u00bb\/?p=20651&Prime; padding=\u00a0\u00bb10px 20px\u00a0\u00bb bg_color=\u00a0\u00bb#f2b118&Prime; border_color=\u00a0\u00bb#000000&Prime; border_width=\u00a0\u00bb1px\u00a0\u00bb text_color=\u00a0\u00bb#000000&Prime; text_size=\u00a0\u00bb14px\u00a0\u00bb align=\u00a0\u00bbleft\u00a0\u00bb target=\u00a0\u00bb_self\u00a0\u00bb]<br \/>\n<br \/>\nPour : 7H, SM2, SM2A, SM1A, 3RM, 4HM, 5HM, 6RM, 7M, SM25, 27SH, 6HM<br \/>\n<br \/>\n[flat_button text=\u00a0\u00bb<strong>Daiwa TC #13<\/strong>\u00a0\u00bb title=\u00a0\u00bbVoir le kit Daiwa TC#13&Prime; url=\u00a0\u00bb\/?p=20653&Prime; padding=\u00a0\u00bb10px 20px\u00a0\u00bb bg_color=\u00a0\u00bb#f2b118&Prime; border_color=\u00a0\u00bb#000000&Prime; border_width=\u00a0\u00bb1px\u00a0\u00bb text_color=\u00a0\u00bb#000000&Prime; text_size=\u00a0\u00bb14px\u00a0\u00bb align=\u00a0\u00bbleft\u00a0\u00bb target=\u00a0\u00bb_self\u00a0\u00bb]<br \/>\n<br \/>\nPour : 30H, 47H, SMF170, SL175H<br \/>\n<br \/>\n[flat_button text=\u00a0\u00bb<strong>Daiwa TC #14<\/strong>\u00a0\u00bb title=\u00a0\u00bbVoir le kit Daiwa TC#14&Prime; url=\u00a0\u00bb\/?p=20656&Prime; padding=\u00a0\u00bb10px 20px\u00a0\u00bb bg_color=\u00a0\u00bb#f2b118&Prime; border_color=\u00a0\u00bb#000000&Prime; border_width=\u00a0\u00bb1px\u00a0\u00bb text_color=\u00a0\u00bb#000000&Prime; text_size=\u00a0\u00bb14px\u00a0\u00bb align=\u00a0\u00bbleft\u00a0\u00bb target=\u00a0\u00bb_self\u00a0\u00bb]<br \/>\n<br \/>\nPour : 50H, 30SH, 300H, 350H, SMF170H, 47LC, SMF250, 47SH, SL250H, 300<br \/>\n<br \/>\n[flat_button text=\u00a0\u00bb<strong>Daiwa TC #15<\/strong>\u00a0\u00bb title=\u00a0\u00bbVoir le kit Daiwa TC#15&Prime; url=\u00a0\u00bb\/?p=20658&Prime; padding=\u00a0\u00bb10px 20px\u00a0\u00bb bg_color=\u00a0\u00bb#f2b118&Prime; border_color=\u00a0\u00bb#000000&Prime; border_width=\u00a0\u00bb1px\u00a0\u00bb text_color=\u00a0\u00bb#000000&Prime; text_size=\u00a0\u00bb14px\u00a0\u00bb align=\u00a0\u00bbleft\u00a0\u00bb target=\u00a0\u00bb_self\u00a0\u00bb]<br \/>\n<br \/>\nPour : Power Assist Tanacom 750, 1000 Tanacom Bull 750, 1000<br \/>\nSeaborg 750MT 1000MT<br \/>\n<br \/>\n[flat_button text=\u00a0\u00bb<strong>Daiwa TC #16<\/strong>\u00a0\u00bb title=\u00a0\u00bbVoir le kit Daiwa TC#16&Prime; url=\u00a0\u00bb\/?p=20660&Prime; padding=\u00a0\u00bb10px 20px\u00a0\u00bb bg_color=\u00a0\u00bb#f2b118&Prime; border_color=\u00a0\u00bb#000000&Prime; border_width=\u00a0\u00bb1px\u00a0\u00bb text_color=\u00a0\u00bb#000000&Prime; text_size=\u00a0\u00bb14px\u00a0\u00bb align=\u00a0\u00bbleft\u00a0\u00bb target=\u00a0\u00bb_self\u00a0\u00bb]<br \/>\n<br \/>\nPour : DAIWA 900H<\/p>\n","protected":false},"excerpt":{"rendered":"<p>Les Carbontex sont des disques de freins nouvelle\u00a0g\u00e9n\u00e9ration\u00a0en fibre de carbone de tr\u00e8s grande qualit\u00e9. Ils offrent :<br \/>\n&#8211; Puissance in\u00e9gal\u00e9e<br \/>\n&#8211; Douceur et constance incomparable<br \/>\n&#8211; Tr\u00e8s grande\u00a0r\u00e9sistance\u00a0\u00e0 la chaleur<br \/>\n\u00c9prouv\u00e9s depuis des ann\u00e9es \u00e0 travers le monde et notamment pour les p\u00eaches\u00a0extr\u00eames\u00a0 les freins carbontex sont facile \u00e0 mettre en place et apportent un confort et une\u00a0s\u00e9r\u00e9nit\u00e9\u00a0lors des combats incomparables.<\/p>\n<p><em>Ils peuvent \u00eatre utilis\u00e9s secs mais pour un maximum de douceur il est conseill\u00e9 de l\u00e9g\u00e8rement les graisser avec la <a href=\"https:\/\/roulementcasting.com\/produit\/cals-drag-grease\/\">Graisse Cal\u2019s<\/a>.<\/em><\/p>\n<p>Made in USA<br \/>\n[rev_slider alias=\u00a0\u00bbslider-4&Prime;][\/rev_slider]<\/p>\n","protected":false},"featured_media":20663,"comment_status":"open","ping_status":"closed","template":"","meta":{"_acf_changed":false},"product_brand":[1830],"product_cat":[1838],"product_tag":[],"class_list":{"0":"post-20662","1":"product","2":"type-product","3":"status-publish","4":"has-post-thumbnail","6":"product_brand-carbontex","7":"product_cat-freins-carbone","9":"first","10":"instock","11":"taxable","12":"shipping-taxable","13":"product-type-external"},"bundle_layout":"","bundled_by":[],"bundled_items":[],"acf":[],"_links":{"self":[{"href":"https:\/\/roulementcasting.com\/en\/wp-json\/wp\/v2\/product\/20662","targetHints":{"allow":["GET"]}}],"collection":[{"href":"https:\/\/roulementcasting.com\/en\/wp-json\/wp\/v2\/product"}],"about":[{"href":"https:\/\/roulementcasting.com\/en\/wp-json\/wp\/v2\/types\/product"}],"replies":[{"embeddable":true,"href":"https:\/\/roulementcasting.com\/en\/wp-json\/wp\/v2\/comments?post=20662"}],"version-history":[{"count":1,"href":"https:\/\/roulementcasting.com\/en\/wp-json\/wp\/v2\/product\/20662\/revisions"}],"predecessor-version":[{"id":20665,"href":"https:\/\/roulementcasting.com\/en\/wp-json\/wp\/v2\/product\/20662\/revisions\/20665"}],"wp:featuredmedia":[{"embeddable":true,"href":"https:\/\/roulementcasting.com\/en\/wp-json\/wp\/v2\/media\/20663"}],"wp:attachment":[{"href":"https:\/\/roulementcasting.com\/en\/wp-json\/wp\/v2\/media?parent=20662"}],"wp:term":[{"taxonomy":"product_brand","embeddable":true,"href":"https:\/\/roulementcasting.com\/en\/wp-json\/wp\/v2\/product_brand?post=20662"},{"taxonomy":"product_cat","embeddable":true,"href":"https:\/\/roulementcasting.com\/en\/wp-json\/wp\/v2\/product_cat?post=20662"},{"taxonomy":"product_tag","embeddable":true,"href":"https:\/\/roulementcasting.com\/en\/wp-json\/wp\/v2\/product_tag?post=20662"}],"curies":[{"name":"wp","href":"https:\/\/api.w.org\/{rel}","templated":true}]}}