{"id":19837,"date":"2020-04-30T18:52:02","date_gmt":"2020-04-30T16:52:02","guid":{"rendered":"https:\/\/roulementcasting.com\/?post_type=product&#038;p=19837"},"modified":"2026-04-02T02:05:32","modified_gmt":"2026-04-02T00:05:32","slug":"roulement-r41-inox-abec7","status":"publish","type":"product","link":"https:\/\/roulementcasting.com\/en\/product\/roulement-r41-inox-abec7\/","title":{"rendered":"R41 Stainless Steel OPEN Bearing \u2013 ABEC 5 \u2013 ISO P5"},"content":{"rendered":"<section class=\"rc-product-desc\">\n<p class=\"rc-intro\">The <strong>Stainless steel ABEC5 open bearings<\/strong> offer a noticeable improvement in the smoothness of your reel, striking a good balance between simplicity, reliability and performance. With no seals, they reduce rotational resistance whilst maintaining excellent durability.<\/p>\n<div class=\"rc-grid-3\">\n<div class=\"rc-card\">\n<h3>Stainless steel<\/h3>\n<p>Made from stainless steel to ensure high wear resistance<br \/>\nand long-term reliability.<\/p>\n<\/div>\n<div class=\"rc-card\">\n<h3>ABEC5 precision<\/h3>\n<p>Balanced tolerances for stable, smooth and appropriate rotation<br \/>\nfor most purposes.<\/p>\n<\/div>\n<div class=\"rc-card\">\n<h3>Open version<\/h3>\n<p>Seal-free to minimise rotational resistance.<br \/>\nA simple setup that ensures smooth operation, with regular maintenance recommended.<\/p>\n<\/div>\n<\/div>\n<div class=\"rc-performance\">\n<h2>What this changes<\/h2>\n<ul>\n<li>Smoother and more consistent rotation<\/li>\n<li>Smoother start-up of the coil<\/li>\n<li>Less rotational resistance<\/li>\n<li>Less vibration<\/li>\n<li>Overall improvement in performance<\/li>\n<\/ul>\n<\/div>\n<div class=\"rc-specs\">\n<h2>Construction<\/h2>\n<ul>\n<li>Stainless steel<\/li>\n<li>ABEC5 precision<\/li>\n<li>Open version without seals<\/li>\n<li>Reliable and durable design<\/li>\n<\/ul>\n<\/div>\n<div class=\"rc-usage\">\n<h2>Usage<\/h2>\n<p>Suitable for spool bearings as well as a wide range of internal applications in spinning and casting.<\/p>\n<p>Ideal for improving the smoothness of a reel whilst maintaining a high level of reliability and ease of maintenance.<\/p>\n<\/div>\n<div class=\"rc-tip\">\n<h2>Setting<\/h2>\n<p>Use a <a href=\"\/en\/entretien-huiles-graisses\/#lowviscosity\">suitable oil <\/a>depending on your requirements. In the open version, regular cleaning and lubrication help to maintain performance over time.<\/p>\n<\/div>\n<p style=\"margin-top: 20px; font-size: 0.9rem; opacity: 0.8;\">An excellent balance between performance, reliability and ease of use.<\/p>\n<\/section>","protected":false},"excerpt":{"rendered":"<p>Les roulements Stainless Steel ABEC5 Open offrent une am\u00e9lioration nette de la fluidit\u00e9 de votre moulinet, avec un bon \u00e9quilibre entre simplicit\u00e9, fiabilit\u00e9 et performance. Sans joints, ils r\u00e9duisent la r\u00e9sistance \u00e0 la rotation tout en conservant une excellente durabilit\u00e9. Acier inoxydable Con\u00e7us en acier inox pour garantir une bonne r\u00e9sistance \u00e0 l\u2019usure et une [&hellip;]<\/p>\n","protected":false},"featured_media":30171,"comment_status":"open","ping_status":"closed","template":"","meta":{"_acf_changed":false},"product_brand":[],"product_cat":[97],"product_tag":[],"class_list":{"0":"post-19837","1":"product","2":"type-product","3":"status-publish","4":"has-post-thumbnail","6":"product_cat-roulements","7":"product_shipping_class-lettre-suivie","9":"first","10":"instock","11":"sale","12":"taxable","13":"shipping-taxable","14":"purchasable","15":"product-type-simple"},"bundle_layout":"","bundled_by":[],"bundled_items":[],"acf":[],"_links":{"self":[{"href":"https:\/\/roulementcasting.com\/en\/wp-json\/wp\/v2\/product\/19837","targetHints":{"allow":["GET"]}}],"collection":[{"href":"https:\/\/roulementcasting.com\/en\/wp-json\/wp\/v2\/product"}],"about":[{"href":"https:\/\/roulementcasting.com\/en\/wp-json\/wp\/v2\/types\/product"}],"replies":[{"embeddable":true,"href":"https:\/\/roulementcasting.com\/en\/wp-json\/wp\/v2\/comments?post=19837"}],"version-history":[{"count":5,"href":"https:\/\/roulementcasting.com\/en\/wp-json\/wp\/v2\/product\/19837\/revisions"}],"predecessor-version":[{"id":30224,"href":"https:\/\/roulementcasting.com\/en\/wp-json\/wp\/v2\/product\/19837\/revisions\/30224"}],"wp:featuredmedia":[{"embeddable":true,"href":"https:\/\/roulementcasting.com\/en\/wp-json\/wp\/v2\/media\/30171"}],"wp:attachment":[{"href":"https:\/\/roulementcasting.com\/en\/wp-json\/wp\/v2\/media?parent=19837"}],"wp:term":[{"taxonomy":"product_brand","embeddable":true,"href":"https:\/\/roulementcasting.com\/en\/wp-json\/wp\/v2\/product_brand?post=19837"},{"taxonomy":"product_cat","embeddable":true,"href":"https:\/\/roulementcasting.com\/en\/wp-json\/wp\/v2\/product_cat?post=19837"},{"taxonomy":"product_tag","embeddable":true,"href":"https:\/\/roulementcasting.com\/en\/wp-json\/wp\/v2\/product_tag?post=19837"}],"curies":[{"name":"wp","href":"https:\/\/api.w.org\/{rel}","templated":true}]}}