{"id":19832,"date":"2020-04-30T18:24:33","date_gmt":"2020-04-30T16:24:33","guid":{"rendered":"https:\/\/roulementcasting.com\/?post_type=product&#038;p=19832"},"modified":"2026-04-02T02:05:32","modified_gmt":"2026-04-02T00:05:32","slug":"roulement-r36-abec5-boca-bearing-hybrid-ceramic","status":"publish","type":"product","link":"https:\/\/roulementcasting.com\/en\/product\/roulement-r36-abec5-boca-bearing-hybrid-ceramic\/","title":{"rendered":"R36 bearing \u2013 Hybrid Ceramic OPEN \u2013 ABEC 5 \u2013 ISO P5"},"content":{"rendered":"<section class=\"rc-product-desc\">\n<section class=\"rc-product-desc\">\n<section class=\"rc-product-desc\">\n<p class=\"rc-intro\">The <strong>ABEC5 Open Hybrid Ceramic Bearings<\/strong> are designed to offer extremely smooth rotation whilst maintaining a good balance between performance and durability. With no seals, they reduce start-up resistance and improve responsiveness.<\/p>\n<div class=\"rc-grid-3\">\n<div class=\"rc-card\">\n<h3>Hybrid Ceramic<\/h3>\n<p>Ceramic balls (Si3N4) combined with 440C stainless steel bushings.<br \/>\nLess inertia, less friction and smoother rotation than a standard bearing.<\/p>\n<\/div>\n<div class=\"rc-card\">\n<h3>ABEC5 precision<\/h3>\n<p>Balanced tolerances for stable and smooth rotation.<br \/>\nA good balance between performance and durability.<\/p>\n<\/div>\n<div class=\"rc-card\">\n<h3>Open version<\/h3>\n<p>Seamless to minimise drag as much as possible.<br \/>\nA setup designed for smooth operation, requiring more regular maintenance.<\/p>\n<\/div>\n<\/div>\n<div class=\"rc-performance\">\n<h2>What this changes<\/h2>\n<ul>\n<li>Faster reel start-up<\/li>\n<li>A smoother, more consistent throw<\/li>\n<li>Less rotational resistance<\/li>\n<li>Less energy loss<\/li>\n<li>More consistent performance<\/li>\n<\/ul>\n<\/div>\n<div class=\"rc-specs\">\n<h2>Construction<\/h2>\n<ul>\n<li>Si3N4 ceramic balls<\/li>\n<li>440C stainless steel<\/li>\n<li>ABEC5 precision<\/li>\n<li>Open version without seals<\/li>\n<\/ul>\n<\/div>\n<div class=\"rc-usage\">\n<h2>Usage<\/h2>\n<p>Ideal for spool bearings in casting,<br \/>\nparticularly in BFS or to improve performance on standard setups.<\/p>\n<p>Suitable for users looking for a smoother rotation,<br \/>\nwhilst maintaining a good level of tolerance and durability.<\/p>\n<\/div>\n<div class=\"rc-tip\">\n<h2>Setting<\/h2>\n<p>Use a <a href=\"\/en\/entretien-huiles-graisses\/#lowviscosity\">low-viscosity oil<\/a><br \/>\nto improve speed. In the open version, cleaning and lubrication<br \/>\nRegular maintenance is recommended to ensure long-term performance.<\/p>\n<\/div>\n<p style=\"margin-top: 20px; font-size: 0.9rem; opacity: 0.8;\">Tested in real-world conditions on spinning and casting setups.<\/p>\n<\/section>\n<\/section>\n<\/section>","protected":false},"excerpt":{"rendered":"<p>Les roulements Hybrid Ceramic ABEC5 Open sont con\u00e7us pour offrir une rotation tr\u00e8s libre tout en conservant un bon \u00e9quilibre entre performance et durabilit\u00e9. Sans joints, ils r\u00e9duisent la r\u00e9sistance au d\u00e9marrage et am\u00e9liorent la r\u00e9activit\u00e9. Hybrid Ceramic Billes en c\u00e9ramique (Si3N4) associ\u00e9es \u00e0 des bagues en acier inox 440C. Moins d\u2019inertie, moins de friction [&hellip;]<\/p>\n","protected":false},"featured_media":30171,"comment_status":"open","ping_status":"closed","template":"","meta":{"_acf_changed":false},"product_brand":[1825],"product_cat":[97],"product_tag":[],"class_list":{"0":"post-19832","1":"product","2":"type-product","3":"status-publish","4":"has-post-thumbnail","6":"product_brand-boca-bearings","7":"product_cat-roulements","8":"product_shipping_class-lettre-suivie","10":"first","11":"outofstock","12":"sale","13":"taxable","14":"shipping-taxable","15":"purchasable","16":"product-type-simple"},"bundle_layout":"","bundled_by":["22811"],"bundled_items":[],"acf":[],"_links":{"self":[{"href":"https:\/\/roulementcasting.com\/en\/wp-json\/wp\/v2\/product\/19832","targetHints":{"allow":["GET"]}}],"collection":[{"href":"https:\/\/roulementcasting.com\/en\/wp-json\/wp\/v2\/product"}],"about":[{"href":"https:\/\/roulementcasting.com\/en\/wp-json\/wp\/v2\/types\/product"}],"replies":[{"embeddable":true,"href":"https:\/\/roulementcasting.com\/en\/wp-json\/wp\/v2\/comments?post=19832"}],"version-history":[{"count":5,"href":"https:\/\/roulementcasting.com\/en\/wp-json\/wp\/v2\/product\/19832\/revisions"}],"predecessor-version":[{"id":30222,"href":"https:\/\/roulementcasting.com\/en\/wp-json\/wp\/v2\/product\/19832\/revisions\/30222"}],"wp:featuredmedia":[{"embeddable":true,"href":"https:\/\/roulementcasting.com\/en\/wp-json\/wp\/v2\/media\/30171"}],"wp:attachment":[{"href":"https:\/\/roulementcasting.com\/en\/wp-json\/wp\/v2\/media?parent=19832"}],"wp:term":[{"taxonomy":"product_brand","embeddable":true,"href":"https:\/\/roulementcasting.com\/en\/wp-json\/wp\/v2\/product_brand?post=19832"},{"taxonomy":"product_cat","embeddable":true,"href":"https:\/\/roulementcasting.com\/en\/wp-json\/wp\/v2\/product_cat?post=19832"},{"taxonomy":"product_tag","embeddable":true,"href":"https:\/\/roulementcasting.com\/en\/wp-json\/wp\/v2\/product_tag?post=19832"}],"curies":[{"name":"wp","href":"https:\/\/api.w.org\/{rel}","templated":true}]}}