{"id":19651,"date":"2020-03-31T15:50:45","date_gmt":"2020-03-31T13:50:45","guid":{"rendered":"https:\/\/roulementcasting.com\/?post_type=product&#038;p=19651"},"modified":"2025-12-08T18:59:49","modified_gmt":"2025-12-08T16:59:49","slug":"frein-carbontex-pour-shimano-traine-conventional","status":"publish","type":"product","link":"https:\/\/roulementcasting.com\/en\/product\/frein-carbontex-pour-shimano-traine-conventional\/","title":{"rendered":"Carbontex brake for Shimano Tra\u00eene"},"content":{"rendered":"<p><strong>Shimano TC #1<\/strong><br \/>\nTekota 300<\/p>\n<p><strong>Shimano TC #2<\/strong><br \/>\nTekota 700 800<\/p>\n<p><strong>Shimano TC #3<\/strong><br \/>\nTRINIDAD 16, 30, 30<\/p>\n<p><strong>Shimano TC #4<\/strong><br \/>\nTRINIDAD 40 &amp; 50<\/p>\n<p><strong>Shimano TC #5<\/strong><br \/>\nTRINIDAD 12.14<\/p>\n<p><strong>Shimano TC #6<\/strong><br \/>\nTLD STAR<\/p>\n<p><strong>Shimano TC #7<\/strong><br \/>\nTLD 5&amp;10<\/p>\n<p><strong>Shimano TC #8<\/strong><br \/>\nTLD 15<\/p>\n<p><strong>Shimano TC #9<\/strong><br \/>\nTLD 20&amp;25<\/p>\n<p><strong>Shimano TC #10<\/strong><br \/>\nTLD 20IIA 30IIA<\/p>\n<p><strong>Shimano TC #11<\/strong><br \/>\nTLD 50II 50IILRSA<\/p>\n<p><strong>Shimano TC #12<\/strong><br \/>\nTyrnos 8 &amp; 10<\/p>\n<p><strong>Shimano TC #13<\/strong><br \/>\nTyrnos 12 &amp; 16<\/p>\n<p><strong>Shimano TC #14<\/strong><br \/>\nTrinidad 16A, 20A, 30A<br \/>\nTranx 500HG\/PG<\/p>\n<p><strong>Shimano TC #15<\/strong><br \/>\nJigger 4000P 5000P<\/p>","protected":false},"excerpt":{"rendered":"<p>Les Carbontex sont des disques de freins nouvelle\u00a0g\u00e9n\u00e9ration\u00a0en fibre de carbone de tr\u00e8s grande qualit\u00e9. Ils offrent :<br \/>\n&#8211; Puissance in\u00e9gal\u00e9e<br \/>\n&#8211; Douceur et constance incomparable<br \/>\n&#8211; Tr\u00e8s grande\u00a0r\u00e9sistance\u00a0\u00e0 la chaleur<br \/>\n\u00c9prouv\u00e9s depuis des ann\u00e9es \u00e0 travers le monde et notamment pour les p\u00eaches\u00a0extr\u00eames\u00a0 les freins carbontex sont facile \u00e0 mettre en place et apportent un confort et une\u00a0s\u00e9r\u00e9nit\u00e9\u00a0lors des combats incomparables.<\/p>\n<p><em>Ils peuvent \u00eatre utilis\u00e9s secs mais pour un maximum de douceur il est conseill\u00e9 de l\u00e9g\u00e8rement les graisser avec la Graisse Cal\u2019s.<\/em><\/p>\n<p>[rev_slider alias=\u00a0\u00bbslider-4&Prime;][\/rev_slider]<\/p>\n","protected":false},"featured_media":19683,"comment_status":"open","ping_status":"closed","template":"","meta":{"_acf_changed":false},"product_brand":[],"product_cat":[1865],"product_tag":[],"class_list":{"0":"post-19651","1":"product","2":"type-product","3":"status-publish","4":"has-post-thumbnail","6":"product_cat-non-classe","7":"product_shipping_class-lettre-suivie","9":"first","10":"instock","11":"taxable","12":"shipping-taxable","13":"product-type-external"},"bundle_layout":"","bundled_by":[],"bundled_items":[],"acf":[],"_links":{"self":[{"href":"https:\/\/roulementcasting.com\/en\/wp-json\/wp\/v2\/product\/19651","targetHints":{"allow":["GET"]}}],"collection":[{"href":"https:\/\/roulementcasting.com\/en\/wp-json\/wp\/v2\/product"}],"about":[{"href":"https:\/\/roulementcasting.com\/en\/wp-json\/wp\/v2\/types\/product"}],"replies":[{"embeddable":true,"href":"https:\/\/roulementcasting.com\/en\/wp-json\/wp\/v2\/comments?post=19651"}],"version-history":[{"count":1,"href":"https:\/\/roulementcasting.com\/en\/wp-json\/wp\/v2\/product\/19651\/revisions"}],"predecessor-version":[{"id":20322,"href":"https:\/\/roulementcasting.com\/en\/wp-json\/wp\/v2\/product\/19651\/revisions\/20322"}],"wp:featuredmedia":[{"embeddable":true,"href":"https:\/\/roulementcasting.com\/en\/wp-json\/wp\/v2\/media\/19683"}],"wp:attachment":[{"href":"https:\/\/roulementcasting.com\/en\/wp-json\/wp\/v2\/media?parent=19651"}],"wp:term":[{"taxonomy":"product_brand","embeddable":true,"href":"https:\/\/roulementcasting.com\/en\/wp-json\/wp\/v2\/product_brand?post=19651"},{"taxonomy":"product_cat","embeddable":true,"href":"https:\/\/roulementcasting.com\/en\/wp-json\/wp\/v2\/product_cat?post=19651"},{"taxonomy":"product_tag","embeddable":true,"href":"https:\/\/roulementcasting.com\/en\/wp-json\/wp\/v2\/product_tag?post=19651"}],"curies":[{"name":"wp","href":"https:\/\/api.w.org\/{rel}","templated":true}]}}